{"id":31,"date":"2019-06-11T18:49:37","date_gmt":"2019-06-11T17:49:37","guid":{"rendered":"http:\/\/hebergement.u-psud.fr\/MineralogieGEOPS\/?page_id=31"},"modified":"2024-12-21T02:18:19","modified_gmt":"2024-12-21T01:18:19","slug":"microscopie-de-force-atomique","status":"publish","type":"page","link":"https:\/\/hebergement.universite-paris-saclay.fr\/MineralogieGEOPS\/?page_id=31","title":{"rendered":"Microscopie de Force Atomique"},"content":{"rendered":"\n<hr class=\"wp-block-separator has-alpha-channel-opacity\"\/>\n\n\n\n<p class=\"justify-text\">Le microscope de force atomique Dimension 3100 (Bruker) permet de cartographier la topographie de la surface d\u2019un \u00e9chantillon, ainsi que certaines propri\u00e9t\u00e9s physiques et m\u00e9caniques, avec des champs d\u2019observation allant de 30 \u00b5m \u00e0 quelques dizaines de nanom\u00e8tres.<\/p>\n\n\n<div class=\"wp-block-image\">\n<figure class=\"aligncenter size-full\"><a href=\"http:\/\/hebergement.universite-paris-saclay.fr\/MineralogieGEOPS\/wp-content\/uploads\/2024\/12\/s-l300-300x225-1.jpg\"><img decoding=\"async\" loading=\"lazy\" width=\"300\" height=\"225\" src=\"http:\/\/hebergement.universite-paris-saclay.fr\/MineralogieGEOPS\/wp-content\/uploads\/2024\/12\/s-l300-300x225-1.jpg\" alt=\"\" class=\"wp-image-281\"\/><\/a><\/figure><\/div>\n\n\n<p class=\"justify-text\">Plusieurs modes sont disponibles&nbsp;: tapping, contact, EFM, MFM.<br>Accessoires&nbsp;: cellule pour exp\u00e9rimentation en milieux liquides, caisson anti-vibrations, porte-\u00e9chantillon r\u00e9tro-\u00e9clair\u00e9 pour lames minces d\u2019\u00e9paisseur standard.<\/p>\n\n\n\n<ul class=\"justify-text\">\n<li>Mode Contact. La pointe reste en permanence au contact de l\u2019\u00e9chantillon au cours du balayage, la d\u00e9flexion verticale est maintenue constante et le d\u00e9placement en z du levier fournit donc une image directe de la topographie de la surface de l\u2019\u00e9chantillon (la d\u00e9flexion horizontale renseigne alors sur la friction entre la pointe et la surface). Ce mode offre aussi la possibilit\u00e9 de r\u00e9aliser des courbes ponctuelles d\u2019approche-retrait, qui permettent de d\u00e9terminer localement certaines propri\u00e9t\u00e9s (d\u00e9formations in\u00e9lastique et \u00e9lastique, force d\u2019adh\u00e9sion entre la pointe et la surface, etc.). Son principal inconv\u00e9nient est la d\u00e9gradation rapide des \u00e9chantillons\/pointes fragiles, et les artefacts qui en r\u00e9sultent.<\/li>\n\n\n\n<li>Mode Tapping. La pointe oscille \u00e0 fr\u00e9quence de r\u00e9sonance du microlevier, et n\u2019est donc plus qu\u2019en contact intermittent avec la surface. La topographie de l\u2019\u00e9chantillon peut donc \u00eatre imag\u00e9e avec un minimum de d\u00e9gradations&nbsp;; le retard de phase (signal d\u2019erreur), renseigne en outre sur les contrastes de visco\u00e9lasticit\u00e9.<\/li>\n\n\n\n<li>Mode MFM.&nbsp;La pointe, magn\u00e9tis\u00e9e, oscille \u00e0 fr\u00e9quence de r\u00e9sonnance du microlevier et balaye \u00e0 altitude constante (mode non-contact) la surface d\u2019un \u00e9chantillon magn\u00e9tique. Les modulations de fr\u00e9quences caus\u00e9es par les interactions magn\u00e9tiques pointe\/surfaces permettent alors de cartographier les variations de champs magn\u00e9tiques locaux.<\/li>\n<\/ul>\n\n\n\n<p class=\"justify-text\"><strong>Principe de l\u2019analyse&nbsp;:<\/strong><br>Un microscope de force atomique est essentiellement constitu\u00e9 d\u2019une pointe tr\u00e8s fine fix\u00e9e sous un bras de levier microm\u00e9trique&nbsp;; lorsque ce levier balaye la surface d\u2019un \u00e9chantillon, la mesure de sa d\u00e9flexion permet de cartographier la topographie de la surface et donne acc\u00e8s \u00e0 certaines de ses propri\u00e9t\u00e9s physiques et m\u00e9caniques.<\/p>\n\n\n\n<p class=\"justify-text\">R\u00e9solution lat\u00e9rale&nbsp;: elle d\u00e9pend de la nature de l\u2019\u00e9chantillon, du type\/rayon de courbure de la pointe.<\/p>\n","protected":false},"excerpt":{"rendered":"<p>Le microscope de force atomique Dimension 3100 (Bruker) permet de cartographier la topographie de la surface d\u2019un \u00e9chantillon, ainsi que certaines propri\u00e9t\u00e9s physiques et m\u00e9caniques, avec des champs d\u2019observation allant de 30 \u00b5m \u00e0 quelques dizaines de nanom\u00e8tres. Plusieurs modes sont disponibles&nbsp;: tapping, contact, EFM, MFM.Accessoires&nbsp;: cellule pour exp\u00e9rimentation en milieux liquides, caisson anti-vibrations, porte-\u00e9chantillon &hellip; <\/p>\n<p class=\"link-more\"><a href=\"https:\/\/hebergement.universite-paris-saclay.fr\/MineralogieGEOPS\/?page_id=31\" class=\"more-link\">Continuer la lecture<span class=\"screen-reader-text\"> de &laquo;&nbsp;Microscopie de Force Atomique&nbsp;&raquo;<\/span><\/a><\/p>\n","protected":false},"author":1,"featured_media":0,"parent":0,"menu_order":0,"comment_status":"closed","ping_status":"closed","template":"","meta":[],"_links":{"self":[{"href":"https:\/\/hebergement.universite-paris-saclay.fr\/MineralogieGEOPS\/index.php?rest_route=\/wp\/v2\/pages\/31"}],"collection":[{"href":"https:\/\/hebergement.universite-paris-saclay.fr\/MineralogieGEOPS\/index.php?rest_route=\/wp\/v2\/pages"}],"about":[{"href":"https:\/\/hebergement.universite-paris-saclay.fr\/MineralogieGEOPS\/index.php?rest_route=\/wp\/v2\/types\/page"}],"author":[{"embeddable":true,"href":"https:\/\/hebergement.universite-paris-saclay.fr\/MineralogieGEOPS\/index.php?rest_route=\/wp\/v2\/users\/1"}],"replies":[{"embeddable":true,"href":"https:\/\/hebergement.universite-paris-saclay.fr\/MineralogieGEOPS\/index.php?rest_route=%2Fwp%2Fv2%2Fcomments&post=31"}],"version-history":[{"count":14,"href":"https:\/\/hebergement.universite-paris-saclay.fr\/MineralogieGEOPS\/index.php?rest_route=\/wp\/v2\/pages\/31\/revisions"}],"predecessor-version":[{"id":496,"href":"https:\/\/hebergement.universite-paris-saclay.fr\/MineralogieGEOPS\/index.php?rest_route=\/wp\/v2\/pages\/31\/revisions\/496"}],"wp:attachment":[{"href":"https:\/\/hebergement.universite-paris-saclay.fr\/MineralogieGEOPS\/index.php?rest_route=%2Fwp%2Fv2%2Fmedia&parent=31"}],"curies":[{"name":"wp","href":"https:\/\/api.w.org\/{rel}","templated":true}]}}