{"id":41,"date":"2019-06-11T18:53:36","date_gmt":"2019-06-11T17:53:36","guid":{"rendered":"http:\/\/hebergement.u-psud.fr\/MineralogieGEOPS\/?page_id=41"},"modified":"2024-12-21T02:17:59","modified_gmt":"2024-12-21T01:17:59","slug":"granulometrie-laser","status":"publish","type":"page","link":"https:\/\/hebergement.universite-paris-saclay.fr\/MineralogieGEOPS\/?page_id=41","title":{"rendered":"Granulom\u00e9trie Laser"},"content":{"rendered":"\n<hr class=\"wp-block-separator has-alpha-channel-opacity\"\/>\n\n\n\n<p>La plateforme est \u00e9quip\u00e9e d\u2019un granulom\u00e8tre Mastersizer 3000 HYDRO-G, mesurant la taille des particules en suspension dans un dispersant (eau) par diffraction laser.&nbsp;<\/p>\n\n\n<div class=\"wp-block-image\">\n<figure class=\"aligncenter size-full is-resized\"><a href=\"http:\/\/hebergement.universite-paris-saclay.fr\/MineralogieGEOPS\/wp-content\/uploads\/2024\/12\/granulo.jpg\"><img decoding=\"async\" loading=\"lazy\" src=\"http:\/\/hebergement.universite-paris-saclay.fr\/MineralogieGEOPS\/wp-content\/uploads\/2024\/12\/granulo.jpg\" alt=\"\" class=\"wp-image-278\" width=\"338\" height=\"338\" srcset=\"https:\/\/hebergement.universite-paris-saclay.fr\/MineralogieGEOPS\/wp-content\/uploads\/2024\/12\/granulo.jpg 450w, https:\/\/hebergement.universite-paris-saclay.fr\/MineralogieGEOPS\/wp-content\/uploads\/2024\/12\/granulo-300x300.jpg 300w, https:\/\/hebergement.universite-paris-saclay.fr\/MineralogieGEOPS\/wp-content\/uploads\/2024\/12\/granulo-150x150.jpg 150w, https:\/\/hebergement.universite-paris-saclay.fr\/MineralogieGEOPS\/wp-content\/uploads\/2024\/12\/granulo-100x100.jpg 100w\" sizes=\"(max-width: 338px) 100vw, 338px\" \/><\/a><\/figure><\/div>\n\n\n<h4 class=\"wp-block-heading\">Principe de l\u2019analyse :<\/h4>\n\n\n\n<p>Cette technique consiste \u00e0 mesurer l\u2019intensit\u00e9 de la lumi\u00e8re diffus\u00e9e lors du passage d\u2019un faisceau laser \u00e0 travers un \u00e9chantillon de particules dispers\u00e9es. Cette donn\u00e9e est ensuite analys\u00e9e pour calculer la taille des particules qui ont cr\u00e9\u00e9 l\u2019image de diffraction, selon la th\u00e9orie de diffraction de Mie et de Fraunhofer.&nbsp;<\/p>\n\n\n\n<p>Le granulom\u00e8tre est constitu\u00e9 de trois \u00e9l\u00e9ments principaux&nbsp;:&nbsp;<\/p>\n\n\n\n<ul>\n<li>&nbsp;un banc optique&nbsp;: Un \u00e9chantillon dispers\u00e9 passe \u00e0 travers la zone de mesure du banc optique, o\u00f9 le faisceau laser \u00e9claire les particules. Ensuite, une s\u00e9rie de d\u00e9tecteurs mesure de fa\u00e7on pr\u00e9cise l\u2019intensit\u00e9 de la lumi\u00e8re diffus\u00e9e par les particules de l\u2019\u00e9chantillon sur une large gamme angulaire.<\/li>\n<\/ul>\n\n\n\n<ul>\n<li>&nbsp;Pr\u00e9parateurs d\u2019\u00e9chantillons&nbsp;(accessoires) : La dispersion de l\u2019\u00e9chantillon est contr\u00f4l\u00e9e par une s\u00e9rie d\u2019unit\u00e9s de dispersion s\u00e8che et en voie liquide. Celles-ci permettent de garantir que les particules soient envoy\u00e9es dans la zone de mesure du banc optique \u00e0 une concentration correcte et dans un \u00e9tat de dispersion stable et appropri\u00e9.<\/li>\n<\/ul>\n\n\n\n<ul>\n<li>Logiciel de l\u2019instrument&nbsp;: le logiciel du granulom\u00e8tre contr\u00f4le le syst\u00e8me durant la mesure et analyse les donn\u00e9es de diffusion pour calculer la distribution granulom\u00e9trique.&nbsp;<\/li>\n<\/ul>\n\n\n\n<p><strong>Analyses r\u00e9alis\u00e9es sur l\u2019instrument&nbsp;:<\/strong><\/p>\n\n\n\n<p>Analyses de la granulom\u00e8trie de particules dont la taille est comprise entre 0,02 et 2000 \u00b5m<\/p>\n\n\n\n<hr class=\"wp-block-separator has-css-opacity\"\/>\n\n\n\n<p class=\"justify-text\"><strong>Charte utilisateur : <\/strong><\/p>\n\n\n\n<p>En utilisant cet instrument, l\u2019utilisateur s\u2019engage \u00e0 respecter les principes g\u00e9n\u00e9raux de&nbsp;fair&nbsp;use\/re-use&nbsp;des donn\u00e9es (charte Data&nbsp;Re-use&nbsp;de l\u2019ERIC DARIAH). Concernant la propri\u00e9t\u00e9 intellectuelle des r\u00e9sultats obtenus sur des \u00e9chantillons confi\u00e9s \u00e0 la plateforme par un organisme acad\u00e9mique et n\u2019impliquant pas d\u2019activit\u00e9 inventive de sa part, celle-ci revient \u00e0 cet organisme. Les utilisateurs devront adh\u00e9rer aux termes de la DARIAH, notamment :<\/p>\n\n\n\n<ul class=\"justify-text\">\n<li>Format unique de citation lors de l\u2019utilisation de donn\u00e9es (article, livre ou colloques\/conf\u00e9rences), qui ne pourra \u00eatre r\u00e9alis\u00e9e qu\u2019avec l\u2019accord explicite de tous les participants \u00e0 ces travaux, et devra faire figurer la liste exhaustive des auteurs.&nbsp;<\/li>\n\n\n\n<li>Les donn\u00e9es produites seront mises \u00e0 disposition de la communaut\u00e9 scientifique, si elles n\u2019ont \u00e9t\u00e9 utilis\u00e9es apr\u00e8s 5 ans.<\/li>\n<\/ul>\n\n\n\n<hr class=\"wp-block-separator has-css-opacity\"\/>\n\n\n<div class=\"wp-block-image\">\n<figure class=\"aligncenter size-full\"><a href=\"http:\/\/hebergement.universite-paris-saclay.fr\/MineralogieGEOPS\/wp-content\/uploads\/2024\/12\/map.png\"><img decoding=\"async\" loading=\"lazy\" width=\"340\" height=\"342\" src=\"http:\/\/hebergement.universite-paris-saclay.fr\/MineralogieGEOPS\/wp-content\/uploads\/2024\/12\/map.png\" alt=\"\" class=\"wp-image-276\" srcset=\"https:\/\/hebergement.universite-paris-saclay.fr\/MineralogieGEOPS\/wp-content\/uploads\/2024\/12\/map.png 340w, https:\/\/hebergement.universite-paris-saclay.fr\/MineralogieGEOPS\/wp-content\/uploads\/2024\/12\/map-298x300.png 298w, https:\/\/hebergement.universite-paris-saclay.fr\/MineralogieGEOPS\/wp-content\/uploads\/2024\/12\/map-150x150.png 150w, https:\/\/hebergement.universite-paris-saclay.fr\/MineralogieGEOPS\/wp-content\/uploads\/2024\/12\/map-100x100.png 100w\" sizes=\"(max-width: 340px) 100vw, 340px\" \/><\/a><\/figure><\/div>\n\n\n<p><a href=\"https:\/\/www.pamir.fr\/projets-soutenus\/graal\/\">Cet instrument \u00e0 \u00e9t\u00e9&nbsp;co-financ\u00e9&nbsp;par la R\u00e9gion Ile-de-France dans le cadre du Domaine d\u2019int\u00e9r\u00eat majeur \u00ab Patrimoines naturels \u00bb&nbsp;<\/a><\/p>\n","protected":false},"excerpt":{"rendered":"<p>La plateforme est \u00e9quip\u00e9e d\u2019un granulom\u00e8tre Mastersizer 3000 HYDRO-G, mesurant la taille des particules en suspension dans un dispersant (eau) par diffraction laser.&nbsp; Principe de l\u2019analyse : Cette technique consiste \u00e0 mesurer l\u2019intensit\u00e9 de la lumi\u00e8re diffus\u00e9e lors du passage d\u2019un faisceau laser \u00e0 travers un \u00e9chantillon de particules dispers\u00e9es. Cette donn\u00e9e est ensuite analys\u00e9e &hellip; <\/p>\n<p class=\"link-more\"><a href=\"https:\/\/hebergement.universite-paris-saclay.fr\/MineralogieGEOPS\/?page_id=41\" class=\"more-link\">Continuer la lecture<span class=\"screen-reader-text\"> de &laquo;&nbsp;Granulom\u00e9trie Laser&nbsp;&raquo;<\/span><\/a><\/p>\n","protected":false},"author":1,"featured_media":0,"parent":0,"menu_order":0,"comment_status":"closed","ping_status":"closed","template":"","meta":[],"_links":{"self":[{"href":"https:\/\/hebergement.universite-paris-saclay.fr\/MineralogieGEOPS\/index.php?rest_route=\/wp\/v2\/pages\/41"}],"collection":[{"href":"https:\/\/hebergement.universite-paris-saclay.fr\/MineralogieGEOPS\/index.php?rest_route=\/wp\/v2\/pages"}],"about":[{"href":"https:\/\/hebergement.universite-paris-saclay.fr\/MineralogieGEOPS\/index.php?rest_route=\/wp\/v2\/types\/page"}],"author":[{"embeddable":true,"href":"https:\/\/hebergement.universite-paris-saclay.fr\/MineralogieGEOPS\/index.php?rest_route=\/wp\/v2\/users\/1"}],"replies":[{"embeddable":true,"href":"https:\/\/hebergement.universite-paris-saclay.fr\/MineralogieGEOPS\/index.php?rest_route=%2Fwp%2Fv2%2Fcomments&post=41"}],"version-history":[{"count":12,"href":"https:\/\/hebergement.universite-paris-saclay.fr\/MineralogieGEOPS\/index.php?rest_route=\/wp\/v2\/pages\/41\/revisions"}],"predecessor-version":[{"id":494,"href":"https:\/\/hebergement.universite-paris-saclay.fr\/MineralogieGEOPS\/index.php?rest_route=\/wp\/v2\/pages\/41\/revisions\/494"}],"wp:attachment":[{"href":"https:\/\/hebergement.universite-paris-saclay.fr\/MineralogieGEOPS\/index.php?rest_route=%2Fwp%2Fv2%2Fmedia&parent=41"}],"curies":[{"name":"wp","href":"https:\/\/api.w.org\/{rel}","templated":true}]}}