{"id":524,"date":"2024-12-21T16:15:13","date_gmt":"2024-12-21T15:15:13","guid":{"rendered":"https:\/\/hebergement.universite-paris-saclay.fr\/MineralogieGEOPS\/?page_id=524"},"modified":"2025-02-03T16:45:45","modified_gmt":"2025-02-03T15:45:45","slug":"prestation","status":"publish","type":"page","link":"https:\/\/hebergement.universite-paris-saclay.fr\/MineralogieGEOPS\/?page_id=524","title":{"rendered":"Prestations"},"content":{"rendered":"\n<p>Les \u00e9quipements suivants sont accessibles en prestation externe, acad\u00e9miques ou industrielles (sous r\u00e9serve de disponibilit\u00e9 et faisabilit\u00e9) :<\/p>\n\n\n\n<figure class=\"wp-block-table is-style-stripes has-small-font-size\"><table><thead><tr><th class=\"has-text-align-center\" data-align=\"center\">Instrument <\/th><th class=\"has-text-align-center\" data-align=\"center\">Analyse<\/th><th class=\"has-text-align-center\" data-align=\"center\"><strong>Tarif acad\u00e9mique<\/strong><\/th><th class=\"has-text-align-center\" data-align=\"center\"><strong>Tarif industriel<\/strong><\/th><\/tr><\/thead><tbody><tr><td class=\"has-text-align-center\" data-align=\"center\"><br>Microscope Electronique \u00e0 Balayage QUATTRO ESEM &amp; microanalyse EDS\/micro-XRF<\/td><td class=\"has-text-align-center\" data-align=\"center\">S\u00e9ance assist\u00e9e d&rsquo;un ing\u00e9nieur (1h)<\/td><td class=\"has-text-align-center\" data-align=\"center\">100 \u20ac<\/td><td class=\"has-text-align-center\" data-align=\"center\">150 \u20ac<\/td><\/tr><tr><td class=\"has-text-align-center\" data-align=\"center\">Imageur FTIR Spotlight 400 <\/td><td class=\"has-text-align-center\" data-align=\"center\">S\u00e9ance assist\u00e9e d&rsquo;un ing\u00e9nieur (1h)<\/td><td class=\"has-text-align-center\" data-align=\"center\">60 \u20ac<\/td><td class=\"has-text-align-center\" data-align=\"center\">120 \u20ac<\/td><\/tr><tr><td class=\"has-text-align-center\" data-align=\"center\">Spectrom\u00e8tre FTIR Frontier<\/td><td class=\"has-text-align-center\" data-align=\"center\">S\u00e9ance assist\u00e9e d&rsquo;un ing\u00e9nieur (1h)<\/td><td class=\"has-text-align-center\" data-align=\"center\">40 \u20ac<\/td><td class=\"has-text-align-center\" data-align=\"center\">80 \u20ac<\/td><\/tr><tr><td class=\"has-text-align-center\" data-align=\"center\">Microscope de Force Atomique D3100<\/td><td class=\"has-text-align-center\" data-align=\"center\">S\u00e9ance assist\u00e9e d&rsquo;un ing\u00e9nieur (1h)<\/td><td class=\"has-text-align-center\" data-align=\"center\">40 \u20ac<\/td><td class=\"has-text-align-center\" data-align=\"center\">80 \u20ac<\/td><\/tr><tr><td class=\"has-text-align-center\" data-align=\"center\">Microscope de Cathodoluminescence<\/td><td class=\"has-text-align-center\" data-align=\"center\">S\u00e9ance assist\u00e9e d&rsquo;un technicien (1h)<\/td><td class=\"has-text-align-center\" data-align=\"center\">15 \u20ac<\/td><td class=\"has-text-align-center\" data-align=\"center\">30 \u20ac<\/td><\/tr><tr><td class=\"has-text-align-center\" data-align=\"center\">Granulom\u00e8tre Malvern 3000<\/td><td class=\"has-text-align-center\" data-align=\"center\">Une analyse assist\u00e9e d&rsquo;un technicien<\/td><td class=\"has-text-align-center\" data-align=\"center\">15 \u20ac<\/td><td class=\"has-text-align-center\" data-align=\"center\">30 \u20ac<\/td><\/tr><tr><td class=\"has-text-align-center\" data-align=\"center\">Analyseur Thermogravim\u00e9trique TGA 4000<\/td><td class=\"has-text-align-center\" data-align=\"center\">S\u00e9ance assist\u00e9e d&rsquo;un technicien (1h)<\/td><td class=\"has-text-align-center\" data-align=\"center\">20 \u20ac<\/td><td class=\"has-text-align-center\" data-align=\"center\">50 \u20ac<\/td><\/tr><tr><td class=\"has-text-align-center\" data-align=\"center\">Diffractom\u00e8tre RX D8-Advance<\/td><td class=\"has-text-align-center\" data-align=\"center\">Une analyse de roche totale<\/td><td class=\"has-text-align-center\" data-align=\"center\">70 \u20ac<\/td><td class=\"has-text-align-center\" data-align=\"center\">100 \u20ac<\/td><\/tr><tr><td class=\"has-text-align-center\" data-align=\"center\">Diffractom\u00e8tre RX D8-Advance<\/td><td class=\"has-text-align-center\" data-align=\"center\">Une analyse de roche totale sur support Si<\/td><td class=\"has-text-align-center\" data-align=\"center\">80 \u20ac<\/td><td class=\"has-text-align-center\" data-align=\"center\">110 \u20ac<\/td><\/tr><tr><td class=\"has-text-align-center\" data-align=\"center\">Diffractom\u00e8tre RX D8-Advance<\/td><td class=\"has-text-align-center\" data-align=\"center\">Une analyse de la fraction argileuse<\/td><td class=\"has-text-align-center\" data-align=\"center\">70 \u20ac<\/td><td class=\"has-text-align-center\" data-align=\"center\">100 \u20ac<\/td><\/tr><tr><td class=\"has-text-align-center\" data-align=\"center\">Diffractom\u00e8tre RX D8-Advance<\/td><td class=\"has-text-align-center\" data-align=\"center\">S\u00e9ance de micro-diffraction  assist\u00e9e d&rsquo;un technicien (1h)<\/td><td class=\"has-text-align-center\" data-align=\"center\">80 \u20ac<\/td><td class=\"has-text-align-center\" data-align=\"center\">130 \u20ac<\/td><\/tr><tr><td class=\"has-text-align-center\" data-align=\"center\">Pr\u00e9paration Argiles<\/td><td class=\"has-text-align-center\" data-align=\"center\">Pr\u00e9paration d&rsquo;une lame pour analyse DRX<\/td><td class=\"has-text-align-center\" data-align=\"center\">60 \u20ac<\/td><td class=\"has-text-align-center\" data-align=\"center\">80 \u20ac<\/td><\/tr><\/tbody><\/table><figcaption class=\"wp-element-caption\">** Tarifs non contractuels : des remises sont syst\u00e9matiquement propos\u00e9e dans le cadre de collaborations scientifiques formelles ou informelles.<\/figcaption><\/figure>\n","protected":false},"excerpt":{"rendered":"<p>Les \u00e9quipements suivants sont accessibles en prestation externe, acad\u00e9miques ou industrielles (sous r\u00e9serve de disponibilit\u00e9 et faisabilit\u00e9) : Instrument Analyse Tarif acad\u00e9mique Tarif industriel Microscope Electronique \u00e0 Balayage QUATTRO ESEM &amp; microanalyse EDS\/micro-XRF S\u00e9ance assist\u00e9e d&rsquo;un ing\u00e9nieur (1h) 100 \u20ac 150 \u20ac Imageur FTIR Spotlight 400 S\u00e9ance assist\u00e9e d&rsquo;un ing\u00e9nieur (1h) 60 \u20ac 120 \u20ac &hellip; <\/p>\n<p class=\"link-more\"><a href=\"https:\/\/hebergement.universite-paris-saclay.fr\/MineralogieGEOPS\/?page_id=524\" class=\"more-link\">Continuer la lecture<span class=\"screen-reader-text\"> de &laquo;&nbsp;Prestations&nbsp;&raquo;<\/span><\/a><\/p>\n","protected":false},"author":1,"featured_media":0,"parent":0,"menu_order":0,"comment_status":"closed","ping_status":"closed","template":"","meta":[],"_links":{"self":[{"href":"https:\/\/hebergement.universite-paris-saclay.fr\/MineralogieGEOPS\/index.php?rest_route=\/wp\/v2\/pages\/524"}],"collection":[{"href":"https:\/\/hebergement.universite-paris-saclay.fr\/MineralogieGEOPS\/index.php?rest_route=\/wp\/v2\/pages"}],"about":[{"href":"https:\/\/hebergement.universite-paris-saclay.fr\/MineralogieGEOPS\/index.php?rest_route=\/wp\/v2\/types\/page"}],"author":[{"embeddable":true,"href":"https:\/\/hebergement.universite-paris-saclay.fr\/MineralogieGEOPS\/index.php?rest_route=\/wp\/v2\/users\/1"}],"replies":[{"embeddable":true,"href":"https:\/\/hebergement.universite-paris-saclay.fr\/MineralogieGEOPS\/index.php?rest_route=%2Fwp%2Fv2%2Fcomments&post=524"}],"version-history":[{"count":5,"href":"https:\/\/hebergement.universite-paris-saclay.fr\/MineralogieGEOPS\/index.php?rest_route=\/wp\/v2\/pages\/524\/revisions"}],"predecessor-version":[{"id":543,"href":"https:\/\/hebergement.universite-paris-saclay.fr\/MineralogieGEOPS\/index.php?rest_route=\/wp\/v2\/pages\/524\/revisions\/543"}],"wp:attachment":[{"href":"https:\/\/hebergement.universite-paris-saclay.fr\/MineralogieGEOPS\/index.php?rest_route=%2Fwp%2Fv2%2Fmedia&parent=524"}],"curies":[{"name":"wp","href":"https:\/\/api.w.org\/{rel}","templated":true}]}}