{"id":157,"date":"2020-10-02T17:40:00","date_gmt":"2020-10-02T16:40:00","guid":{"rendered":"https:\/\/hebergement.universite-paris-saclay.fr\/SEMFIB\/?page_id=157"},"modified":"2021-10-08T17:18:52","modified_gmt":"2021-10-08T16:18:52","slug":"test","status":"publish","type":"page","link":"https:\/\/hebergement.universite-paris-saclay.fr\/SEMFIB\/?page_id=157","title":{"rendered":"CONDITIONS D&rsquo;ACCES"},"content":{"rendered":"\n<p class=\"has-drop-cap justification_texte\">L\u2019acc\u00e8s au microscope est strictement r\u00e9serv\u00e9 aux utilisateurs habilit\u00e9s. Sont reconnus comme utilisateurs habilit\u00e9s, toute personne ayant au pr\u00e9alable suivi une formation \u00e0 l\u2019utilisation aupr\u00e8s de M. FORTUNA ou de M. DELBECQ afin d\u2019utiliser le microscope de fa\u00e7on autonome. L\u2019instrument \u00e9tant particuli\u00e8rement polyvalent, suivant la nature des travaux, il a 5 types d\u2019habilitations.&nbsp;<\/p>\n\n\n\n<div class=\"wp-block-columns\">\n<div class=\"wp-block-column\" style=\"flex-basis:25%\"><\/div>\n\n\n\n<div class=\"wp-block-column\" style=\"flex-basis:50%\">\n<ul class=\"has-small-font-size\"><li>&#8211; Utilisation SEM <\/li><li>&#8211; Utilisation FIB <\/li><li>&#8211; Analyse EDX <\/li><li>&#8211; Lithographie <\/li><li>&#8211; Micromanipulation <\/li><\/ul>\n<\/div>\n\n\n\n<div class=\"wp-block-column\" style=\"flex-basis:25%\"><\/div>\n<\/div>\n\n\n\n<p class=\"justification_texte\">Les personnes n&rsquo;ayant pas re\u00e7u de formation ne sont pas autoris\u00e9es \u00e0 travailler seules sur cette machine. Un utilisateur habilit\u00e9 ne pourra pas former \u00e0 son tour une autre personne, et n\u2019est pas autoris\u00e9 \u00e0 utiliser les fonctionnalit\u00e9s pour lesquels il n\u2019a pas l\u2019habilitation.&nbsp;<\/p>\n\n\n\n<p class=\"justification_texte\">Le microscope est accessible aux \u00e9quipes ext\u00e9rieures qui en font la demande en respectant les heures et tranches de travail pr\u00e9vues ci-dessous.<\/p>\n\n\n\n<p><strong><u>R\u00e9servation<\/u><\/strong><\/p>\n\n\n\n<p class=\"justification_texte\">Seuls les utilisateurs habilit\u00e9s et autonomes peuvent acc\u00e9der au microscope suivant les horaires conventionnels d\u2019utilisation, en se conformant STRICTEMENT aux r\u00e8gles d\u2019utilisation en vigueur.&nbsp;<\/p>\n\n\n\n<p class=\"justification_texte\">Les utilisateurs autonomes sont invit\u00e9s \u00e0 se pr\u00e9senter lors de la r\u00e9union de planning qui se tient une fois par mois afin de r\u00e9server des s\u00e9ances pour le mois suivant. En l\u2019absence de r\u00e9union, faire une demande au responsable de la plateforme&nbsp;&nbsp;pour les s\u00e9ances du mois suivant.<\/p>\n\n\n\n<p class=\"justification_texte\">Les personnes ext\u00e9rieures devront contacter M. F. FORTUNA pour r\u00e9server le microscope&nbsp;(01.69.15.52.06 ou par mail&nbsp;:&nbsp;<a><\/a><a>semfib.ismo@universite-paris-saclay.fr<\/a>). La r\u00e9servation du microscope est effectu\u00e9e au minimum pour une demi-journ\u00e9e .<\/p>\n\n\n\n<p class=\"justification_texte\">En cas d\u2019annulation, pr\u00e9venir les membres de la plateforme par mail si possible 48h \u00e0 l\u2019avance. Toute r\u00e9servation non annul\u00e9e 24h avant la date entra\u00eene la facturation int\u00e9grale de la s\u00e9ance r\u00e9serv\u00e9e.<strong><\/strong><\/p>\n\n\n\n<p><strong><u>Horaires<\/u><\/strong><\/p>\n\n\n\n<p>Les journ\u00e9es sont divis\u00e9es en deux s\u00e9ances de travail :&nbsp;<\/p>\n\n\n\n<p>Du lundi au vendredi de&nbsp;&nbsp;8h30-13h30\/13h30-18h30.<\/p>\n\n\n\n<p class=\"justification_texte\">L&rsquo;acc\u00e8s au microscope, pour les ext\u00e9rieurs n\u00e9cessitant une assistance, se fera sur rendez-vous suivant les disponibilit\u00e9s des membres de la plateforme.<\/p>\n\n\n\n<p>Toutes les informations concernant la plateforme sont r\u00e9unies dans la charte utilisateur disponible ci-dessous<\/p>\n\n\n\n<div class=\"wp-block-file\"><a href=\"https:\/\/hebergement.universite-paris-saclay.fr\/SEMFIB\/wp-content\/uploads\/2021\/10\/Charte-SEMFIB-2020.pdf\" target=\"_blank\" rel=\"noreferrer noopener\">Charte-SEMFIB-2020<\/a><a href=\"https:\/\/hebergement.universite-paris-saclay.fr\/SEMFIB\/wp-content\/uploads\/2021\/10\/Charte-SEMFIB-2020.pdf\" class=\"wp-block-file__button\" download>T\u00e9l\u00e9charger<\/a><\/div>\n\n\n\n<p><\/p>\n","protected":false},"excerpt":{"rendered":"<p>L\u2019acc\u00e8s au microscope est strictement r\u00e9serv\u00e9 aux utilisateurs habilit\u00e9s. Sont reconnus comme utilisateurs habilit\u00e9s, toute personne ayant au pr\u00e9alable suivi une formation \u00e0 l\u2019utilisation aupr\u00e8s de M. FORTUNA ou de M. DELBECQ afin d\u2019utiliser le microscope de fa\u00e7on autonome. L\u2019instrument \u00e9tant particuli\u00e8rement polyvalent, suivant la nature des travaux, il a 5 types d\u2019habilitations.&nbsp; &#8211; Utilisation [&hellip;]<\/p>\n","protected":false},"author":1,"featured_media":0,"parent":0,"menu_order":0,"comment_status":"closed","ping_status":"closed","template":"","meta":{"_vp_format_video_url":"","_vp_image_focal_point":[]},"_links":{"self":[{"href":"https:\/\/hebergement.universite-paris-saclay.fr\/SEMFIB\/index.php?rest_route=\/wp\/v2\/pages\/157"}],"collection":[{"href":"https:\/\/hebergement.universite-paris-saclay.fr\/SEMFIB\/index.php?rest_route=\/wp\/v2\/pages"}],"about":[{"href":"https:\/\/hebergement.universite-paris-saclay.fr\/SEMFIB\/index.php?rest_route=\/wp\/v2\/types\/page"}],"author":[{"embeddable":true,"href":"https:\/\/hebergement.universite-paris-saclay.fr\/SEMFIB\/index.php?rest_route=\/wp\/v2\/users\/1"}],"replies":[{"embeddable":true,"href":"https:\/\/hebergement.universite-paris-saclay.fr\/SEMFIB\/index.php?rest_route=%2Fwp%2Fv2%2Fcomments&post=157"}],"version-history":[{"count":5,"href":"https:\/\/hebergement.universite-paris-saclay.fr\/SEMFIB\/index.php?rest_route=\/wp\/v2\/pages\/157\/revisions"}],"predecessor-version":[{"id":312,"href":"https:\/\/hebergement.universite-paris-saclay.fr\/SEMFIB\/index.php?rest_route=\/wp\/v2\/pages\/157\/revisions\/312"}],"wp:attachment":[{"href":"https:\/\/hebergement.universite-paris-saclay.fr\/SEMFIB\/index.php?rest_route=%2Fwp%2Fv2%2Fmedia&parent=157"}],"curies":[{"name":"wp","href":"https:\/\/api.w.org\/{rel}","templated":true}]}}