{"id":10,"date":"2021-01-22T12:04:43","date_gmt":"2021-01-22T11:04:43","guid":{"rendered":"http:\/\/hebergement.universite-paris-saclay.fr\/UHDE\/?page_id=10"},"modified":"2024-03-21T14:16:19","modified_gmt":"2024-03-21T13:16:19","slug":"pour-une-universite-humaniste-democratique-et-ecologique","status":"publish","type":"page","link":"https:\/\/hebergement.universite-paris-saclay.fr\/UHDE\/","title":{"rendered":"Pour une Universit\u00e9 Humaniste, D\u00e9mocratique, et \u00c9cologique"},"content":{"rendered":"\n<p>Lors des <a href=\"http:\/\/hebergement.universite-paris-saclay.fr\/UHDE\/wp-content\/uploads\/2024\/03\/resume-resultat2024.pdf\">\u00e9lections de l&rsquo;universit\u00e9 Paris-Saclay<\/a> de Janvier-F\u00e9vrier  2024, des coll\u00e8gues syndiqu\u00e9\u00b7es \u00e0 la CGT (SES, SNTRS), \u00e0 la FSU (SNASUB, SNCS, SNESup) ainsi que des coll\u00e8gues sympathisant\u00b7es se sont rassembl\u00e9\u00b7es sur des <a href=\"http:\/\/hebergement.universite-paris-saclay.fr\/UHDE\/wp-content\/uploads\/2024\/01\/listes.pdf\">listes<\/a> UHDE (pour une Universit\u00e9 Humaniste, D\u00e9mocratique et \u00c9cologique) sur la base d&rsquo;une <a href=\"http:\/\/hebergement.universite-paris-saclay.fr\/UHDE\/wp-content\/uploads\/2024\/01\/pf-uhde.pdf\">profession de foi<\/a> et d&rsquo;un projet de sortie de l&rsquo;exp\u00e9rimentation diff\u00e9rent de celui de la pr\u00e9sidence sortante, un projet r\u00e9solument plus respectueux des collectifs de travail et fond\u00e9 sur un v\u00e9ritable bilan partag\u00e9.<br> Les listes UHDE comptent de nombreux <a href=\"http:\/\/hebergement.universite-paris-saclay.fr\/UHDE\/wp-content\/uploads\/2024\/03\/elus2024.pdf\">\u00e9lu\u00b7es dans les 3 conseils<\/a>.<\/p>\n\n\n\n<p>Suite \u00e0 ces \u00e9lections, les membres des listes UHDE se sont exprim\u00e9s \u00e0 travers un un premier <a href=\"http:\/\/hebergement.universite-paris-saclay.fr\/UHDE\/wp-content\/uploads\/2024\/02\/cp-24_02_05.pdf\">communiqu\u00e9 de presse<\/a> le 5 F\u00e9vrier et un deuxi\u00e8me <a href=\"http:\/\/hebergement.universite-paris-saclay.fr\/UHDE\/wp-content\/uploads\/2024\/03\/communiquePresse_ParisSaclay_28-02-2024.pdf\">communiqu\u00e9<\/a> le 28 F\u00e9vrier.<\/p>\n\n\n\n<p>Ce site a pour but d&rsquo;informer sur l&rsquo;activit\u00e9 des diff\u00e9rents conseils de l&rsquo;universit\u00e9 et les points de vue des \u00e9lus UHDE:<br>&#8211;<a href=\"http:\/\/hebergement.universite-paris-saclay.fr\/UHDE\/index.php\/conseil-dadministration\/\">Conseil d&rsquo;Administration<\/a><br>&#8211;<a href=\"http:\/\/hebergement.universite-paris-saclay.fr\/UHDE\/index.php\/commission-de-la-formation-et-de-la-vie-universitaire\/\">Commission de la Formation et de la Vie Universitaire<\/a><br>&#8211;<a href=\"http:\/\/hebergement.universite-paris-saclay.fr\/UHDE\/index.php\/commission-de-la-recherche\/\">Commission de la Recherche<\/a><\/p>\n\n\n\n<p>Vous y trouverez aussi des <a href=\"http:\/\/hebergement.universite-paris-saclay.fr\/UHDE\/index.php\/documents-et-points-de-vue\/\">documents et points de vue<\/a>.<\/p>\n","protected":false},"excerpt":{"rendered":"<p>Lors des \u00e9lections de l&rsquo;universit\u00e9 Paris-Saclay de Janvier-F\u00e9vrier 2024, des coll\u00e8gues syndiqu\u00e9\u00b7es \u00e0 la CGT (SES, SNTRS), \u00e0 la FSU (SNASUB, SNCS, SNESup) ainsi que des coll\u00e8gues sympathisant\u00b7es se sont rassembl\u00e9\u00b7es sur des listes UHDE (pour une Universit\u00e9 Humaniste, D\u00e9mocratique et \u00c9cologique) sur la base d&rsquo;une profession de foi et d&rsquo;un projet de sortie de &hellip; <\/p>\n<p class=\"link-more\"><a href=\"https:\/\/hebergement.universite-paris-saclay.fr\/UHDE\/\" class=\"more-link\">Continuer la lecture<span class=\"screen-reader-text\"> de &laquo;&nbsp;Pour une Universit\u00e9 Humaniste, D\u00e9mocratique, et \u00c9cologique&nbsp;&raquo;<\/span><\/a><\/p>\n","protected":false},"author":1,"featured_media":0,"parent":0,"menu_order":0,"comment_status":"closed","ping_status":"closed","template":"","meta":{"footnotes":""},"class_list":["post-10","page","type-page","status-publish","hentry"],"_links":{"self":[{"href":"https:\/\/hebergement.universite-paris-saclay.fr\/UHDE\/index.php\/wp-json\/wp\/v2\/pages\/10","targetHints":{"allow":["GET"]}}],"collection":[{"href":"https:\/\/hebergement.universite-paris-saclay.fr\/UHDE\/index.php\/wp-json\/wp\/v2\/pages"}],"about":[{"href":"https:\/\/hebergement.universite-paris-saclay.fr\/UHDE\/index.php\/wp-json\/wp\/v2\/types\/page"}],"author":[{"embeddable":true,"href":"https:\/\/hebergement.universite-paris-saclay.fr\/UHDE\/index.php\/wp-json\/wp\/v2\/users\/1"}],"replies":[{"embeddable":true,"href":"https:\/\/hebergement.universite-paris-saclay.fr\/UHDE\/index.php\/wp-json\/wp\/v2\/comments?post=10"}],"version-history":[{"count":15,"href":"https:\/\/hebergement.universite-paris-saclay.fr\/UHDE\/index.php\/wp-json\/wp\/v2\/pages\/10\/revisions"}],"predecessor-version":[{"id":548,"href":"https:\/\/hebergement.universite-paris-saclay.fr\/UHDE\/index.php\/wp-json\/wp\/v2\/pages\/10\/revisions\/548"}],"wp:attachment":[{"href":"https:\/\/hebergement.universite-paris-saclay.fr\/UHDE\/index.php\/wp-json\/wp\/v2\/media?parent=10"}],"curies":[{"name":"wp","href":"https:\/\/api.w.org\/{rel}","templated":true}]}}