{"id":152,"date":"2021-02-22T09:28:14","date_gmt":"2021-02-22T08:28:14","guid":{"rendered":"http:\/\/hebergement.universite-paris-saclay.fr\/UHDE\/?page_id=152"},"modified":"2023-11-11T08:38:15","modified_gmt":"2023-11-11T07:38:15","slug":"compte-rendus-des-conseil-de-leupc","status":"publish","type":"page","link":"https:\/\/hebergement.universite-paris-saclay.fr\/UHDE\/index.php\/compte-rendus-des-conseil-de-leupc\/","title":{"rendered":"Conseil de l&rsquo;EUPC"},"content":{"rendered":"\n<p>\u2022 Conseil du 11 F\u00e9vrier 2021<br>&#8211; Ordre du jour : proposition de personnalit\u00e9s ext\u00e9rieures<br>&#8211; <a rel=\"noreferrer noopener\" href=\"http:\/\/hebergement.universite-paris-saclay.fr\/UHDE\/wp-content\/uploads\/2021\/02\/Conseil_EUPC-20210211.pdf\" target=\"_blank\">Compte-rendu des \u00e9lus<\/a><\/p>\n\n\n\n<p>\u2022 Conseil du 4 Mars 2021<br>&#8211; Ordre du jour : \u00e9lection du directeur de l&rsquo;EUPC (1 candidature, P. Aubert)<br>&#8211; <a rel=\"noreferrer noopener\" href=\"http:\/\/hebergement.universite-paris-saclay.fr\/UHDE\/wp-content\/uploads\/2021\/03\/Conseil_EUPC_20210304.pdf\" target=\"_blank\">Compte-rendu des \u00e9lus<\/a><\/p>\n\n\n\n<p>\u2022 Conseil du 3 Juin 2021<br>&#8211; <a href=\"http:\/\/hebergement.universite-paris-saclay.fr\/UHDE\/wp-content\/uploads\/2021\/10\/proces-verbal-conseil-EUPSaclay-3-juin-2021.pdf\" target=\"_blank\" rel=\"noreferrer noopener\">Proc\u00e8s-Verbal<\/a><\/p>\n\n\n\n<p>Conseil du 7 Octobre 2021<br>&#8211; <a rel=\"noreferrer noopener\" href=\"http:\/\/hebergement.universite-paris-saclay.fr\/UHDE\/wp-content\/uploads\/2021\/10\/Convocation-et-ordre-du-jour-7-octobre-2021-1.pdf\" target=\"_blank\">Ordre du jour<\/a><br>&#8211; <a href=\"http:\/\/hebergement.universite-paris-saclay.fr\/UHDE\/wp-content\/uploads\/2022\/02\/proces-verbal-conseil-EUPSaclay-07-octobre-2021.pdf\" target=\"_blank\" rel=\"noreferrer noopener\">Proc\u00e8s-Verbal<\/a><\/p>\n\n\n\n<p>Conseil du 27 Janvier 2022<br>&#8211; <a rel=\"noreferrer noopener\" href=\"http:\/\/hebergement.universite-paris-saclay.fr\/UHDE\/wp-content\/uploads\/2022\/02\/Convocation-et-ordre-du-jour-du-Conseil-de-lEUPSaclay-du-27-janvier.pdf\" target=\"_blank\">Ordre du jour<\/a><br>&#8211; <a href=\"http:\/\/hebergement.universite-paris-saclay.fr\/UHDE\/wp-content\/uploads\/2022\/03\/Conseil-Ecole-27-janvier-2022.pdf\">Diaporama<\/a> pr\u00e9sent\u00e9 en s\u00e9ance<br>&#8211; <a href=\"http:\/\/hebergement.universite-paris-saclay.fr\/UHDE\/wp-content\/uploads\/2022\/05\/proces-verbal-conseil-EUPSaclay-du-27-janvier-2022.pdf\">PV<\/a><\/p>\n\n\n\n<p>Conseil du 21 Avril 2022<br>&#8211; <a href=\"http:\/\/hebergement.universite-paris-saclay.fr\/UHDE\/wp-content\/uploads\/2022\/05\/Convocation-et-ordre-du-jour-du-Conseil-de-lEUPSaclay-du-21-avril-VF.pdf\">Ordre du jour<\/a><br>&#8211; <a href=\"http:\/\/hebergement.universite-paris-saclay.fr\/UHDE\/wp-content\/uploads\/2022\/05\/Conseil-Ecole-21-avril-2022.pdf\">Diaporama<\/a> pr\u00e9sent\u00e9 en s\u00e9ance<br>&#8211; <a href=\"http:\/\/hebergement.universite-paris-saclay.fr\/UHDE\/wp-content\/uploads\/2022\/06\/proces-verbal-conseil-EUPSaclay-21-avril-2022.pdf\">PV<\/a><\/p>\n\n\n\n<p>Conseil du 23 Juin 2022<br>&#8211; <a href=\"http:\/\/hebergement.universite-paris-saclay.fr\/UHDE\/wp-content\/uploads\/2022\/06\/Convocation-et-Ordre-du-jour-Conseil-23-06-22-signe\u0301-PhG.pdf\">Ordre du jour<\/a><br>&#8211; <a href=\"http:\/\/hebergement.universite-paris-saclay.fr\/UHDE\/wp-content\/uploads\/2022\/06\/Conseil-Ecole-23-juin-2022.pdf\">Diaporama<\/a> pr\u00e9sent\u00e9 en s\u00e9ance<br>&#8211; <a href=\"http:\/\/hebergement.universite-paris-saclay.fr\/UHDE\/wp-content\/uploads\/2022\/10\/proces-verbal-conseil-EUPSaclay-du-23-juin-2022.pdf\">PV<\/a><\/p>\n\n\n\n<p>Conseil du 20 Octobre 2022<br>&#8211; <a href=\"http:\/\/hebergement.universite-paris-saclay.fr\/UHDE\/wp-content\/uploads\/2022\/10\/Convocation-et-ordre-du-jour-du-jeudi-20-oct.pdf\">Ordre du jour<\/a><br>&#8211; <a href=\"http:\/\/hebergement.universite-paris-saclay.fr\/UHDE\/wp-content\/uploads\/2022\/10\/Conseil-Ecole-20-octobre-2022-VF.pdf\">Diaporama<\/a> pr\u00e9sent\u00e9 en s\u00e9ance<\/p>\n\n\n\n<p>Conseil du 26 Janvier 2023<br>&#8211; <a href=\"http:\/\/hebergement.universite-paris-saclay.fr\/UHDE\/wp-content\/uploads\/2023\/01\/Convocation-et-ordre-du-jour-du-Conseil-de-lEUPSaclay-du-26-janvier.pdf\">Ordre du jour<\/a><br>&#8211; <a href=\"http:\/\/hebergement.universite-paris-saclay.fr\/UHDE\/wp-content\/uploads\/2023\/01\/Prez-CE-26-janvier-2023.pdf\">Diaporama<\/a> pr\u00e9sent\u00e9 en s\u00e9ance<br>&#8211; <a href=\"http:\/\/hebergement.universite-paris-saclay.fr\/UHDE\/wp-content\/uploads\/2023\/05\/1-proces-verbal-conseil-EUPSaclay-du-26-janvier-2023.pdf\">PV<\/a><\/p>\n\n\n\n<p>Conseil du 11 Mai 2023<br>&#8211; <a href=\"http:\/\/hebergement.universite-paris-saclay.fr\/UHDE\/wp-content\/uploads\/2023\/05\/Convocation-et-ordre-du-jour-pour-le-conseil-du-11-mai.pdf\">Ordre du jour<\/a><br>&#8211; <a href=\"http:\/\/hebergement.universite-paris-saclay.fr\/UHDE\/wp-content\/uploads\/2023\/05\/Prez-CE-11-mai-2023_VF.pdf\">Diaporama<\/a> pr\u00e9sent\u00e9 en s\u00e9ance<br>&#8211; <a href=\"http:\/\/hebergement.universite-paris-saclay.fr\/UHDE\/wp-content\/uploads\/2023\/05\/Conseil_EUPC_052023.pdf\">Notes tr\u00e8s succinctes<\/a> d&rsquo;un \u00e9lu<br>&#8211; <a href=\"http:\/\/hebergement.universite-paris-saclay.fr\/UHDE\/wp-content\/uploads\/2023\/06\/proces-verbal-conseil-EUPSaclay-du-11-mai-2023-VF.pdf\">PV<\/a><\/p>\n\n\n\n<p>Conseil du 6 Juillet 2023<br>&#8211; <a href=\"http:\/\/hebergement.universite-paris-saclay.fr\/UHDE\/wp-content\/uploads\/2023\/06\/Convocation-et-ordre-du-jour-6-juillet-2023.pdf\">Ordre du jour<\/a><br>&#8211; <a href=\"http:\/\/hebergement.universite-paris-saclay.fr\/UHDE\/wp-content\/uploads\/2023\/11\/proces-verbal-conseil-EUPSaclay-du-06-juillet-2023-VF.pdf\">PV<\/a><\/p>\n\n\n\n<p>Conseil du 5 Octobre 2023<br>&#8211; <a href=\"http:\/\/hebergement.universite-paris-saclay.fr\/UHDE\/wp-content\/uploads\/2023\/11\/ordre-du-jour-du-jeudi-5-octobre-2023.pdf\">Ordre du jour<\/a><br>&#8211; <a href=\"http:\/\/hebergement.universite-paris-saclay.fr\/UHDE\/wp-content\/uploads\/2023\/11\/Prez-CE-6-juillet-2023-VF.pdf\">Diaporama<\/a> pr\u00e9sent\u00e9 en s\u00e9ance<\/p>\n","protected":false},"excerpt":{"rendered":"<p>\u2022 Conseil du 11 F\u00e9vrier 2021&#8211; Ordre du jour : proposition de personnalit\u00e9s ext\u00e9rieures&#8211; Compte-rendu des \u00e9lus \u2022 Conseil du 4 Mars 2021&#8211; Ordre du jour : \u00e9lection du directeur de l&rsquo;EUPC (1 candidature, P. Aubert)&#8211; Compte-rendu des \u00e9lus \u2022 Conseil du 3 Juin 2021&#8211; Proc\u00e8s-Verbal Conseil du 7 Octobre 2021&#8211; Ordre du jour&#8211; Proc\u00e8s-Verbal &hellip; <\/p>\n<p class=\"link-more\"><a href=\"https:\/\/hebergement.universite-paris-saclay.fr\/UHDE\/index.php\/compte-rendus-des-conseil-de-leupc\/\" class=\"more-link\">Continuer la lecture<span class=\"screen-reader-text\"> de &laquo;&nbsp;Conseil de l&rsquo;EUPC&nbsp;&raquo;<\/span><\/a><\/p>\n","protected":false},"author":1,"featured_media":0,"parent":0,"menu_order":0,"comment_status":"closed","ping_status":"closed","template":"","meta":{"footnotes":""},"class_list":["post-152","page","type-page","status-publish","hentry"],"_links":{"self":[{"href":"https:\/\/hebergement.universite-paris-saclay.fr\/UHDE\/index.php\/wp-json\/wp\/v2\/pages\/152","targetHints":{"allow":["GET"]}}],"collection":[{"href":"https:\/\/hebergement.universite-paris-saclay.fr\/UHDE\/index.php\/wp-json\/wp\/v2\/pages"}],"about":[{"href":"https:\/\/hebergement.universite-paris-saclay.fr\/UHDE\/index.php\/wp-json\/wp\/v2\/types\/page"}],"author":[{"embeddable":true,"href":"https:\/\/hebergement.universite-paris-saclay.fr\/UHDE\/index.php\/wp-json\/wp\/v2\/users\/1"}],"replies":[{"embeddable":true,"href":"https:\/\/hebergement.universite-paris-saclay.fr\/UHDE\/index.php\/wp-json\/wp\/v2\/comments?post=152"}],"version-history":[{"count":22,"href":"https:\/\/hebergement.universite-paris-saclay.fr\/UHDE\/index.php\/wp-json\/wp\/v2\/pages\/152\/revisions"}],"predecessor-version":[{"id":451,"href":"https:\/\/hebergement.universite-paris-saclay.fr\/UHDE\/index.php\/wp-json\/wp\/v2\/pages\/152\/revisions\/451"}],"wp:attachment":[{"href":"https:\/\/hebergement.universite-paris-saclay.fr\/UHDE\/index.php\/wp-json\/wp\/v2\/media?parent=152"}],"curies":[{"name":"wp","href":"https:\/\/api.w.org\/{rel}","templated":true}]}}