{"id":181,"date":"2021-03-09T17:57:11","date_gmt":"2021-03-09T16:57:11","guid":{"rendered":"http:\/\/hebergement.universite-paris-saclay.fr\/UHDE\/?page_id=181"},"modified":"2021-03-09T17:57:11","modified_gmt":"2021-03-09T16:57:11","slug":"compte-rendus-gs-chimie","status":"publish","type":"page","link":"https:\/\/hebergement.universite-paris-saclay.fr\/UHDE\/index.php\/compte-rendus-gs-chimie\/","title":{"rendered":"Compte-rendus GS Chimie"},"content":{"rendered":"\n<p><a href=\"http:\/\/hebergement.universite-paris-saclay.fr\/UHDE\/wp-content\/uploads\/2021\/03\/composition-conseil-GS.pdf\" target=\"_blank\" rel=\"noreferrer noopener\">Composition du conseil<\/a><\/p>\n\n\n\n<p><a href=\"http:\/\/hebergement.universite-paris-saclay.fr\/UHDE\/wp-content\/uploads\/2021\/03\/GSCHIMIE-ReglementInterieur_2020-2021.pdf\" target=\"_blank\" rel=\"noreferrer noopener\">R\u00e8glement int\u00e9rieur de la GS Chimie<\/a><\/p>\n\n\n\n<p>\u2022 Conseil du 12 F\u00e9vrier 2021<br>&#8211; <a rel=\"noreferrer noopener\" href=\"http:\/\/hebergement.universite-paris-saclay.fr\/UHDE\/wp-content\/uploads\/2021\/03\/Conseil-GS-N5-12-02-2021.pdf\" target=\"_blank\">Diaporama<\/a> pr\u00e9sent\u00e9 en s\u00e9ance<br>&#8211; <a rel=\"noreferrer noopener\" href=\"http:\/\/hebergement.universite-paris-saclay.fr\/UHDE\/wp-content\/uploads\/2021\/03\/ConseilGraduate-School-N5.pdf\" target=\"_blank\">PV<\/a><\/p>\n\n\n\n<p>\u2022 Conseil du 5 mars 2021<br>&#8211; <a rel=\"noreferrer noopener\" href=\"http:\/\/hebergement.universite-paris-saclay.fr\/UHDE\/wp-content\/uploads\/2021\/03\/presentationsconseilN6.pdf\" target=\"_blank\">Diaporama<\/a> pr\u00e9sent\u00e9 en s\u00e9ance<br>&#8211; <a href=\"http:\/\/hebergement.universite-paris-saclay.fr\/UHDE\/wp-content\/uploads\/2021\/03\/GS_Chimie_050321.pdf\" target=\"_blank\" rel=\"noreferrer noopener\">Notes des \u00e9lus<\/a><br><\/p>\n","protected":false},"excerpt":{"rendered":"<p>Composition du conseil R\u00e8glement int\u00e9rieur de la GS Chimie \u2022 Conseil du 12 F\u00e9vrier 2021&#8211; Diaporama pr\u00e9sent\u00e9 en s\u00e9ance&#8211; PV \u2022 Conseil du 5 mars 2021&#8211; Diaporama pr\u00e9sent\u00e9 en s\u00e9ance&#8211; Notes des \u00e9lus<\/p>\n","protected":false},"author":1,"featured_media":0,"parent":0,"menu_order":0,"comment_status":"closed","ping_status":"closed","template":"","meta":{"footnotes":""},"class_list":["post-181","page","type-page","status-publish","hentry"],"_links":{"self":[{"href":"https:\/\/hebergement.universite-paris-saclay.fr\/UHDE\/index.php\/wp-json\/wp\/v2\/pages\/181","targetHints":{"allow":["GET"]}}],"collection":[{"href":"https:\/\/hebergement.universite-paris-saclay.fr\/UHDE\/index.php\/wp-json\/wp\/v2\/pages"}],"about":[{"href":"https:\/\/hebergement.universite-paris-saclay.fr\/UHDE\/index.php\/wp-json\/wp\/v2\/types\/page"}],"author":[{"embeddable":true,"href":"https:\/\/hebergement.universite-paris-saclay.fr\/UHDE\/index.php\/wp-json\/wp\/v2\/users\/1"}],"replies":[{"embeddable":true,"href":"https:\/\/hebergement.universite-paris-saclay.fr\/UHDE\/index.php\/wp-json\/wp\/v2\/comments?post=181"}],"version-history":[{"count":2,"href":"https:\/\/hebergement.universite-paris-saclay.fr\/UHDE\/index.php\/wp-json\/wp\/v2\/pages\/181\/revisions"}],"predecessor-version":[{"id":190,"href":"https:\/\/hebergement.universite-paris-saclay.fr\/UHDE\/index.php\/wp-json\/wp\/v2\/pages\/181\/revisions\/190"}],"wp:attachment":[{"href":"https:\/\/hebergement.universite-paris-saclay.fr\/UHDE\/index.php\/wp-json\/wp\/v2\/media?parent=181"}],"curies":[{"name":"wp","href":"https:\/\/api.w.org\/{rel}","templated":true}]}}