{"id":301,"date":"2022-03-08T09:24:39","date_gmt":"2022-03-08T08:24:39","guid":{"rendered":"http:\/\/hebergement.universite-paris-saclay.fr\/UHDE\/?page_id=301"},"modified":"2023-12-26T11:48:00","modified_gmt":"2023-12-26T10:48:00","slug":"commission-de-la-formation-et-de-la-vie-universitaire-2","status":"publish","type":"page","link":"https:\/\/hebergement.universite-paris-saclay.fr\/UHDE\/index.php\/commission-de-la-formation-et-de-la-vie-universitaire-2\/","title":{"rendered":"Commission de la Formation et de la Vie Universitaire"},"content":{"rendered":"\n<p><a href=\"http:\/\/hebergement.universite-paris-saclay.fr\/UHDE\/index.php\/commission-de-la-formation-et-de-la-vie-universitaire-annee-2020\/\">Archives 2020<\/a><\/p>\n\n\n\n<p><a href=\"http:\/\/hebergement.universite-paris-saclay.fr\/UHDE\/index.php\/commission-de-la-formation-et-de-la-vie-universitaire\/\">Archives 2021<\/a><\/p>\n\n\n\n<p><a href=\"http:\/\/hebergement.universite-paris-saclay.fr\/UHDE\/index.php\/commission-de-la-formation-et-de-la-vie-universitaire-annee-2022\/\">Archives 2022<\/a><\/p>\n\n\n\n<p> \u2022 CAC du 6 Mars 2023<br>&#8211; <a href=\"http:\/\/hebergement.universite-paris-saclay.fr\/UHDE\/wp-content\/uploads\/2023\/03\/009_CAC_Convocation-du-6-mars-2023_V2.pdf\">Ordre du jour<\/a><br>&#8211; <a href=\"http:\/\/hebergement.universite-paris-saclay.fr\/UHDE\/wp-content\/uploads\/2023\/03\/Motions_retraites.pdf\">Motions vot\u00e9es contre la r\u00e9forme des retraites<\/a><br>&#8211; <a href=\"http:\/\/hebergement.universite-paris-saclay.fr\/UHDE\/wp-content\/uploads\/2023\/03\/CAC_Univ_Saclay_23_03_06.pdf\">Diaporama montr\u00e9 en s\u00e9ance<\/a><br>&#8211; <a href=\"http:\/\/hebergement.universite-paris-saclay.fr\/UHDE\/wp-content\/uploads\/2023\/03\/CR_CAC_06_03_2023_final.pdf\">Notes des \u00e9lus<\/a><\/p>\n\n\n\n<p>\u2022 CFVU du 20 Mars 2023<br>&#8211; <a href=\"http:\/\/hebergement.universite-paris-saclay.fr\/UHDE\/wp-content\/uploads\/2023\/03\/CR_CFVU_20_03_2023.pdf\">Ordre du jour et notes des \u00e9lus<\/a><\/p>\n\n\n\n<p>\u2022 CAC du 3 Avril 2023<br>&#8211; <a href=\"http:\/\/hebergement.universite-paris-saclay.fr\/UHDE\/wp-content\/uploads\/2023\/03\/OdJ_CAC_030423.pdf\">Ordre du jour<\/a><\/p>\n\n\n\n<p>\u2022 CAC du 29 Juin 2023<br>&#8211; <a href=\"http:\/\/hebergement.universite-paris-saclay.fr\/UHDE\/wp-content\/uploads\/2023\/06\/CAC_290623OdJ_Votes.pdf\">Ordre du jour<\/a> (points mis au vote)<\/p>\n\n\n\n<p>\u2022 CFVU du 25 Septembre 2023<br>&#8211; <a href=\"http:\/\/hebergement.universite-paris-saclay.fr\/UHDE\/wp-content\/uploads\/2023\/09\/CFVU_Convocation25Sep23.pdf\">Ordre du jour<\/a><\/p>\n\n\n\n<p>\u2022 CFVU du 24D\u00e9cembre 2023<br>&#8211; <a href=\"http:\/\/hebergement.universite-paris-saclay.fr\/UHDE\/wp-content\/uploads\/2023\/12\/CR-CFVU-4Dec23.pdf\">Notes des \u00e9lus<\/a><\/p>\n","protected":false},"excerpt":{"rendered":"<p>Archives 2020 Archives 2021 Archives 2022 \u2022 CAC du 6 Mars 2023&#8211; Ordre du jour&#8211; Motions vot\u00e9es contre la r\u00e9forme des retraites&#8211; Diaporama montr\u00e9 en s\u00e9ance&#8211; Notes des \u00e9lus \u2022 CFVU du 20 Mars 2023&#8211; Ordre du jour et notes des \u00e9lus \u2022 CAC du 3 Avril 2023&#8211; Ordre du jour \u2022 CAC du 29 &hellip; <\/p>\n<p class=\"link-more\"><a href=\"https:\/\/hebergement.universite-paris-saclay.fr\/UHDE\/index.php\/commission-de-la-formation-et-de-la-vie-universitaire-2\/\" class=\"more-link\">Continuer la lecture<span class=\"screen-reader-text\"> de &laquo;&nbsp;Commission de la Formation et de la Vie Universitaire&nbsp;&raquo;<\/span><\/a><\/p>\n","protected":false},"author":1,"featured_media":0,"parent":0,"menu_order":0,"comment_status":"closed","ping_status":"closed","template":"","meta":{"footnotes":""},"class_list":["post-301","page","type-page","status-publish","hentry"],"_links":{"self":[{"href":"https:\/\/hebergement.universite-paris-saclay.fr\/UHDE\/index.php\/wp-json\/wp\/v2\/pages\/301","targetHints":{"allow":["GET"]}}],"collection":[{"href":"https:\/\/hebergement.universite-paris-saclay.fr\/UHDE\/index.php\/wp-json\/wp\/v2\/pages"}],"about":[{"href":"https:\/\/hebergement.universite-paris-saclay.fr\/UHDE\/index.php\/wp-json\/wp\/v2\/types\/page"}],"author":[{"embeddable":true,"href":"https:\/\/hebergement.universite-paris-saclay.fr\/UHDE\/index.php\/wp-json\/wp\/v2\/users\/1"}],"replies":[{"embeddable":true,"href":"https:\/\/hebergement.universite-paris-saclay.fr\/UHDE\/index.php\/wp-json\/wp\/v2\/comments?post=301"}],"version-history":[{"count":16,"href":"https:\/\/hebergement.universite-paris-saclay.fr\/UHDE\/index.php\/wp-json\/wp\/v2\/pages\/301\/revisions"}],"predecessor-version":[{"id":455,"href":"https:\/\/hebergement.universite-paris-saclay.fr\/UHDE\/index.php\/wp-json\/wp\/v2\/pages\/301\/revisions\/455"}],"wp:attachment":[{"href":"https:\/\/hebergement.universite-paris-saclay.fr\/UHDE\/index.php\/wp-json\/wp\/v2\/media?parent=301"}],"curies":[{"name":"wp","href":"https:\/\/api.w.org\/{rel}","templated":true}]}}