{"id":53,"date":"2021-01-22T13:01:57","date_gmt":"2021-01-22T12:01:57","guid":{"rendered":"http:\/\/hebergement.universite-paris-saclay.fr\/UHDE\/?page_id=53"},"modified":"2025-07-11T14:51:08","modified_gmt":"2025-07-11T12:51:08","slug":"documents-et-points-de-vue","status":"publish","type":"page","link":"https:\/\/hebergement.universite-paris-saclay.fr\/UHDE\/index.php\/documents-et-points-de-vue\/","title":{"rendered":"Documents et points de vue"},"content":{"rendered":"\n<p>&#8211; <a href=\"http:\/\/hebergement.universite-paris-saclay.fr\/UHDE\/wp-content\/uploads\/2025\/07\/proposition-statut-2025.pdf\">Proposition de statuts par les listes UHDE<\/a><\/p>\n\n\n\n<p>&#8211; <a href=\"http:\/\/hebergement.universite-paris-saclay.fr\/UHDE\/wp-content\/uploads\/2023\/01\/Motion-CPJ-redaction-definitive-votee-le-17062022.pdf\">Motion contre les CPJ<\/a> vot\u00e9e par le conseil de la facult\u00e9 Jean Monnet<\/p>\n\n\n\n<p>&#8211; <a href=\"https:\/\/lundi.am\/La-dualite-quantique-de-Macron\" target=\"_blank\" rel=\"noreferrer noopener\">La dualit\u00e9 quantique de Macron<\/a><\/p>\n\n\n\n<p>&#8211; <a href=\"https:\/\/universiteouverte.org\/2020\/05\/16\/autoritarisme-a-saclay\/\" target=\"_blank\" rel=\"noreferrer noopener\">Pour en savoir plus<\/a> sur l&rsquo;affaire de la suspension de J-P. Dubois (Mai 2020)<\/p>\n\n\n\n<p>&#8211; Billet \u00ab\u00a0<a href=\"https:\/\/blogs.mediapart.fr\/frederic-baudin\/blog\/150320\/la-democratie-est-ce-important-pour-luniversite-paris-saclay\">D\u00e9mocratie \u00e0 Paris-Saclay?<\/a>\u00ab\u00a0<\/p>\n\n\n\n<p>&#8211; Tribune \u00ab\u00a0<a href=\"https:\/\/www.liberation.fr\/debats\/2020\/02\/26\/l-obscurantisme-de-l-excellence_1779726\" target=\"_blank\" rel=\"noreferrer noopener\">L&rsquo;obscurantisme de l&rsquo;excellence<\/a>\u00ab\u00a0<\/p>\n\n\n\n<p>&#8211; Tribune \u00ab\u00a0<a href=\"https:\/\/www.liberation.fr\/debats\/2020\/02\/12\/une-reforme-a-l-encontre-des-attentes-des-chercheurs_1778182\" target=\"_blank\" rel=\"noreferrer noopener\">Une r\u00e9forme \u00e0 l&rsquo;encontre des attentes des chercheurs<\/a>\u00a0\u00bb (Lib\u00e9ration)<\/p>\n\n\n\n<p>&#8211; Billet \u00ab\u00a0<a href=\"https:\/\/blogs.mediapart.fr\/marcj\/blog\/100220\/rififi-l-universite-paris-saclay\" target=\"_blank\" rel=\"noreferrer noopener\">Du rififi \u00e0 l&rsquo;universit\u00e9 Paris-Saclay<\/a>\u00ab\u00a0<\/p>\n\n\n\n<p>&#8211; Billet \u00ab\u00a0<a href=\"https:\/\/blogs.mediapart.fr\/frederic-baudin\/blog\/200719\/quel-futur-pour-luniversite-paris-saclay\" target=\"_blank\" rel=\"noreferrer noopener\">Quel futur pour l&rsquo;universit\u00e9 Paris-Saclay ?<\/a>\u00ab\u00a0<\/p>\n\n\n\n<p>-Tribune \u00ab\u00a0<a href=\"http:\/\/hebergement.u-psud.fr\/fsu-psud\/Accueil_FSU_files\/Tribune%20et%20signatures%2011%20avril.pdf\" target=\"_blank\" rel=\"noreferrer noopener\">Pas en notre nom<\/a>\u00ab\u00a0<br><\/p>\n","protected":false},"excerpt":{"rendered":"<p>&#8211; Proposition de statuts par les listes UHDE &#8211; Motion contre les CPJ vot\u00e9e par le conseil de la facult\u00e9 Jean Monnet &#8211; La dualit\u00e9 quantique de Macron &#8211; Pour en savoir plus sur l&rsquo;affaire de la suspension de J-P. Dubois (Mai 2020) &#8211; Billet \u00ab\u00a0D\u00e9mocratie \u00e0 Paris-Saclay?\u00ab\u00a0 &#8211; Tribune \u00ab\u00a0L&rsquo;obscurantisme de l&rsquo;excellence\u00ab\u00a0 &#8211; Tribune &hellip; <\/p>\n<p class=\"link-more\"><a href=\"https:\/\/hebergement.universite-paris-saclay.fr\/UHDE\/index.php\/documents-et-points-de-vue\/\" class=\"more-link\">Continuer la lecture<span class=\"screen-reader-text\"> de &laquo;&nbsp;Documents et points de vue&nbsp;&raquo;<\/span><\/a><\/p>\n","protected":false},"author":1,"featured_media":0,"parent":0,"menu_order":0,"comment_status":"closed","ping_status":"closed","template":"","meta":{"footnotes":""},"class_list":["post-53","page","type-page","status-publish","hentry"],"_links":{"self":[{"href":"https:\/\/hebergement.universite-paris-saclay.fr\/UHDE\/index.php\/wp-json\/wp\/v2\/pages\/53","targetHints":{"allow":["GET"]}}],"collection":[{"href":"https:\/\/hebergement.universite-paris-saclay.fr\/UHDE\/index.php\/wp-json\/wp\/v2\/pages"}],"about":[{"href":"https:\/\/hebergement.universite-paris-saclay.fr\/UHDE\/index.php\/wp-json\/wp\/v2\/types\/page"}],"author":[{"embeddable":true,"href":"https:\/\/hebergement.universite-paris-saclay.fr\/UHDE\/index.php\/wp-json\/wp\/v2\/users\/1"}],"replies":[{"embeddable":true,"href":"https:\/\/hebergement.universite-paris-saclay.fr\/UHDE\/index.php\/wp-json\/wp\/v2\/comments?post=53"}],"version-history":[{"count":5,"href":"https:\/\/hebergement.universite-paris-saclay.fr\/UHDE\/index.php\/wp-json\/wp\/v2\/pages\/53\/revisions"}],"predecessor-version":[{"id":552,"href":"https:\/\/hebergement.universite-paris-saclay.fr\/UHDE\/index.php\/wp-json\/wp\/v2\/pages\/53\/revisions\/552"}],"wp:attachment":[{"href":"https:\/\/hebergement.universite-paris-saclay.fr\/UHDE\/index.php\/wp-json\/wp\/v2\/media?parent=53"}],"curies":[{"name":"wp","href":"https:\/\/api.w.org\/{rel}","templated":true}]}}