{"id":65,"date":"2021-01-23T16:46:42","date_gmt":"2021-01-23T15:46:42","guid":{"rendered":"http:\/\/hebergement.universite-paris-saclay.fr\/UHDE\/?page_id=65"},"modified":"2021-03-09T17:57:42","modified_gmt":"2021-03-09T16:57:42","slug":"graduate-schools","status":"publish","type":"page","link":"https:\/\/hebergement.universite-paris-saclay.fr\/UHDE\/index.php\/graduate-schools\/","title":{"rendered":"\u00ab\u00a0Graduate Schools\u00a0\u00bb"},"content":{"rendered":"\n<p>Fin Janvier 2021 ont eu lieu les \u00e9lections pour les conseils des \u00ab\u00a0Graduate Schools\u00a0\u00bb (GS). Des coll\u00e8gues se sont pr\u00e9sent\u00e9s sur des listes UHDE aux  GS Physique d&rsquo;une part et Chimie d&rsquo;autre part, s&rsquo;appuyant sur cette <a rel=\"noreferrer noopener\" href=\"http:\/\/hebergement.universite-paris-saclay.fr\/UHDE\/wp-content\/uploads\/2021\/01\/PF_2021GSPhysique_102-1.pdf\" target=\"_blank\">profession de foi<\/a>.<\/p>\n\n\n\n<p>Sont \u00e9lu(e)s:<\/p>\n\n\n\n<ul class=\"wp-block-list\"><li>\u00e0 la GS Chimie: Wutharat Chin;<\/li><li>\u00e0 la GS Physique: M\u00e9lanie Lebenthal, Laurence Pruvost, Bruno Viaris (axe PhOM); Christelle Bruni, Lydia Iconomidou-Fayard, Laurent Simard (axe P2I).<\/li><\/ul>\n\n\n\n<p><\/p>\n\n\n\n<p><a href=\"http:\/\/hebergement.universite-paris-saclay.fr\/UHDE\/index.php\/compte-rendus-gs-chimie\/\">Compte-rendus des conseils de la GS Chimie<\/a><\/p>\n\n\n\n<p><br><\/p>\n","protected":false},"excerpt":{"rendered":"<p>Fin Janvier 2021 ont eu lieu les \u00e9lections pour les conseils des \u00ab\u00a0Graduate Schools\u00a0\u00bb (GS). Des coll\u00e8gues se sont pr\u00e9sent\u00e9s sur des listes UHDE aux GS Physique d&rsquo;une part et Chimie d&rsquo;autre part, s&rsquo;appuyant sur cette profession de foi. Sont \u00e9lu(e)s: \u00e0 la GS Chimie: Wutharat Chin; \u00e0 la GS Physique: M\u00e9lanie Lebenthal, Laurence Pruvost, &hellip; <\/p>\n<p class=\"link-more\"><a href=\"https:\/\/hebergement.universite-paris-saclay.fr\/UHDE\/index.php\/graduate-schools\/\" class=\"more-link\">Continuer la lecture<span class=\"screen-reader-text\"> de &laquo;&nbsp;\u00ab\u00a0Graduate Schools\u00a0\u00bb&nbsp;&raquo;<\/span><\/a><\/p>\n","protected":false},"author":1,"featured_media":0,"parent":0,"menu_order":0,"comment_status":"closed","ping_status":"closed","template":"","meta":{"footnotes":""},"class_list":["post-65","page","type-page","status-publish","hentry"],"_links":{"self":[{"href":"https:\/\/hebergement.universite-paris-saclay.fr\/UHDE\/index.php\/wp-json\/wp\/v2\/pages\/65","targetHints":{"allow":["GET"]}}],"collection":[{"href":"https:\/\/hebergement.universite-paris-saclay.fr\/UHDE\/index.php\/wp-json\/wp\/v2\/pages"}],"about":[{"href":"https:\/\/hebergement.universite-paris-saclay.fr\/UHDE\/index.php\/wp-json\/wp\/v2\/types\/page"}],"author":[{"embeddable":true,"href":"https:\/\/hebergement.universite-paris-saclay.fr\/UHDE\/index.php\/wp-json\/wp\/v2\/users\/1"}],"replies":[{"embeddable":true,"href":"https:\/\/hebergement.universite-paris-saclay.fr\/UHDE\/index.php\/wp-json\/wp\/v2\/comments?post=65"}],"version-history":[{"count":11,"href":"https:\/\/hebergement.universite-paris-saclay.fr\/UHDE\/index.php\/wp-json\/wp\/v2\/pages\/65\/revisions"}],"predecessor-version":[{"id":191,"href":"https:\/\/hebergement.universite-paris-saclay.fr\/UHDE\/index.php\/wp-json\/wp\/v2\/pages\/65\/revisions\/191"}],"wp:attachment":[{"href":"https:\/\/hebergement.universite-paris-saclay.fr\/UHDE\/index.php\/wp-json\/wp\/v2\/media?parent=65"}],"curies":[{"name":"wp","href":"https:\/\/api.w.org\/{rel}","templated":true}]}}