{"id":66,"date":"2021-01-23T16:50:43","date_gmt":"2021-01-23T15:50:43","guid":{"rendered":"http:\/\/hebergement.universite-paris-saclay.fr\/UHDE\/?page_id=66"},"modified":"2021-02-22T09:30:42","modified_gmt":"2021-02-22T08:30:42","slug":"ecole-universitaire","status":"publish","type":"page","link":"https:\/\/hebergement.universite-paris-saclay.fr\/UHDE\/index.php\/ecole-universitaire\/","title":{"rendered":"\u00c9cole Universitaire"},"content":{"rendered":"\n<p>Fin Janvier 2021 ont eu lieu les \u00e9lections pour les conseils de l&rsquo;\u00c9cole Universitaire de Premier Cycle (EUPC). Des coll\u00e8gues se sont pr\u00e9sent\u00e9s sur des listes UHDE s&rsquo;appuyant sur cette <a rel=\"noreferrer noopener\" href=\"http:\/\/hebergement.universite-paris-saclay.fr\/UHDE\/wp-content\/uploads\/2021\/01\/PF_2021GSPhysique_102-1.pdf\" target=\"_blank\">profession de foi<\/a>.<\/p>\n\n\n\n<p>Sont \u00e9lus: Florence Alberge, Fr\u00e9d\u00e9ric Baudin, Fr\u00e9d\u00e9ric Coquelle, Andr\u00e9 Didier.<\/p>\n\n\n\n<p><a href=\"http:\/\/hebergement.universite-paris-saclay.fr\/UHDE\/index.php\/compte-rendus-des-conseil-de-leupc\/\">Compte-rendus des \u00e9lus<\/a><\/p>\n","protected":false},"excerpt":{"rendered":"<p>Fin Janvier 2021 ont eu lieu les \u00e9lections pour les conseils de l&rsquo;\u00c9cole Universitaire de Premier Cycle (EUPC). Des coll\u00e8gues se sont pr\u00e9sent\u00e9s sur des listes UHDE s&rsquo;appuyant sur cette profession de foi. Sont \u00e9lus: Florence Alberge, Fr\u00e9d\u00e9ric Baudin, Fr\u00e9d\u00e9ric Coquelle, Andr\u00e9 Didier. Compte-rendus des \u00e9lus<\/p>\n","protected":false},"author":1,"featured_media":0,"parent":0,"menu_order":0,"comment_status":"closed","ping_status":"closed","template":"","meta":{"footnotes":""},"class_list":["post-66","page","type-page","status-publish","hentry"],"_links":{"self":[{"href":"https:\/\/hebergement.universite-paris-saclay.fr\/UHDE\/index.php\/wp-json\/wp\/v2\/pages\/66","targetHints":{"allow":["GET"]}}],"collection":[{"href":"https:\/\/hebergement.universite-paris-saclay.fr\/UHDE\/index.php\/wp-json\/wp\/v2\/pages"}],"about":[{"href":"https:\/\/hebergement.universite-paris-saclay.fr\/UHDE\/index.php\/wp-json\/wp\/v2\/types\/page"}],"author":[{"embeddable":true,"href":"https:\/\/hebergement.universite-paris-saclay.fr\/UHDE\/index.php\/wp-json\/wp\/v2\/users\/1"}],"replies":[{"embeddable":true,"href":"https:\/\/hebergement.universite-paris-saclay.fr\/UHDE\/index.php\/wp-json\/wp\/v2\/comments?post=66"}],"version-history":[{"count":8,"href":"https:\/\/hebergement.universite-paris-saclay.fr\/UHDE\/index.php\/wp-json\/wp\/v2\/pages\/66\/revisions"}],"predecessor-version":[{"id":156,"href":"https:\/\/hebergement.universite-paris-saclay.fr\/UHDE\/index.php\/wp-json\/wp\/v2\/pages\/66\/revisions\/156"}],"wp:attachment":[{"href":"https:\/\/hebergement.universite-paris-saclay.fr\/UHDE\/index.php\/wp-json\/wp\/v2\/media?parent=66"}],"curies":[{"name":"wp","href":"https:\/\/api.w.org\/{rel}","templated":true}]}}