{"id":132,"date":"2012-04-18T10:24:55","date_gmt":"2012-04-18T10:24:55","guid":{"rendered":"http:\/\/hebergement.u-psud.fr\/brigaud\/?page_id=132"},"modified":"2021-12-22T14:58:54","modified_gmt":"2021-12-22T14:58:54","slug":"communications-posters","status":"publish","type":"page","link":"https:\/\/hebergement.universite-paris-saclay.fr\/brigaud\/colloques\/communications-posters\/","title":{"rendered":"Communications posters"},"content":{"rendered":"<h1>2021<\/h1>\n<p>Bienveignant, D., Bilau, A., Rolland, Y., Schwartz, S., Godeau, N., Guihou, A., Deschamps P., Louise Boschetti Mangenot, X., <strong>Brigaud<\/strong><strong>, B<\/strong>., Dumont, T., 2021. Structuration des massifs subalpins, datation de la mise en place par U-Pb sur calcite, 27<sup>\u00e8me<\/sup> r\u00e9union des Sciences de la Terre, Lyon, 1-5 Nov. 2021, p. 834 <a href=\"https:\/\/rst2020-lyon.sciencesconf.org\/360368\">https:\/\/rst2020-lyon.sciencesconf.org\/360368<\/a><\/p>\n<p>Thomas, H., <strong>Brigaud, B<\/strong>., Zeyen, H., Blaise, T., Andrieu, S., Catinat, M., Davaux, M., Antics, M., 2021. Facies, porosity and permeability prediction and 3-D geological static model in the Middle Jurassic geothermal reservoir of the Paris Basin by integration of well logs and geostatistical modelling, 12<sup>th<\/sup> European Geothermal PhD Days, 16-19<sup>th<\/sup> February 2021, Cergy-Paris University, France<\/p>\n<h1>2019<\/h1>\n<p>Peyrotty, G., <strong>Brigaud, B<\/strong>., Martini R., 2019. Microfacies, diagenesis and depositional setting of the Late Triassic mid-oceanic carbonates from Dalnegorsk area (Taukha terrane, Far Eastern Russia), Bathurst Meeting Mallorca 2019, 16th International Meeting of Carbonate Sedimentologists, p. 78-79 <code><a href=\"https:\/\/hebergement.universite-paris-saclay.fr\/brigaud\/?ddownload=2422\" title=\"T\u00e9l\u00e9chargement\" rel=\"nofollow\" class=\"ddownload-button button-blue id-2422 ext-pdf\">T\u00e9l\u00e9chargement<\/a><\/code><\/p>\n<h1>2017<\/h1>\n<p><strong>Brigaud, B<\/strong>., Bonifacie, M., Pagel, M., Calmels, D., Landrein, P., 2017. Evidence of an Early Cretaceous hydrothermal event in the Middle Jurassic limestones of the Paris Basin, 33th International Meeting of Sedimentology, Toulouse, 10-12 October 2017, p. 136 <code><a href=\"https:\/\/hebergement.universite-paris-saclay.fr\/brigaud\/?ddownload=2246\" title=\"T\u00e9l\u00e9chargement\" rel=\"nofollow\" class=\"ddownload-button button-blue id-2246 ext-pdf\">T\u00e9l\u00e9chargement<\/a><\/code><\/p>\n<h1>2015<\/h1>\n<p>Gigoux, M., N\u00e9grel, P., Guerrot, C., <strong>Brigaud, B<\/strong>., Delpech, G., Pagel, M., Aug\u00e9, T., 2015. \u03b444Ca of Stratabound Fluorite Deposits in Burgundy (France): Tracing Fluid Origin and\/or Fractionation Processes. <em><a href=\"http:\/\/dx.doi.org\/10.1016\/j.proeps.2015.07.031\" target=\"_blank\" rel=\"noopener noreferrer\">Procedia Earth and Planetary Science<\/a><\/em> 13, 129-133&nbsp;<code><a href=\"https:\/\/hebergement.universite-paris-saclay.fr\/brigaud\/?ddownload=1827\" title=\"T\u00e9l\u00e9chargement\" rel=\"nofollow\" class=\"ddownload-button button-blue id-1827 ext-pdf\">T\u00e9l\u00e9chargement<\/a><\/code><\/p>\n<h1>2014<\/h1>\n<p style=\"text-align: justify;\">Donnadieu, Y., G. Dromart, Y. Godderis, E. Puceat, Dera, G., Olivier, N., <strong>Brigaud B<\/strong>., Dumas, 2014. A mechanism for brief glacial episodes in the Mesozoic greenhouse. EGU General Assembly 2014. Geophysical Research Abstracts, Vol. 16, EGU2014-15752-1, 2014 [<a href=\"http:\/\/meetingorganizer.copernicus.org\/EGU2014\/EGU2014-15752-1.pdf\" target=\"_blank\" rel=\"noopener noreferrer\">PDF<\/a>]<\/p>\n<p style=\"text-align: justify;\">Rabourg, T., <strong>Brigaud, B<\/strong>. Andrieu, S. 2014. Origine et timing des processus diag\u00e9n\u00e9tiques des carbonates du C\u00e9nomanien moyen (Nord du Bassin aquitain): Impact sur les propri\u00e9t\u00e9s p\u00e9trographiques et de porosit\u00e9. Journ\u00e9e th\u00e9matique ASF. Diagen\u00e8se: avanc\u00e9es r\u00e9centes et prespectives. Orsay, 4 juillet 2014, Publication ASF n\u00b075, 88-101 <code><a href=\"https:\/\/hebergement.universite-paris-saclay.fr\/brigaud\/?ddownload=1687\" title=\"T\u00e9l\u00e9chargement\" rel=\"nofollow\" class=\"ddownload-button button-blue id-1687 ext-pdf\">T\u00e9l\u00e9chargement<\/a><\/code><\/p>\n<p style=\"text-align: justify;\">Saiag, J., <strong>Brigaud, B<\/strong>., Portier, E., Pagel, M., Desaubliaux, G., Bucherie, A. 2014. Sedimentological control of diagenetic processes of the tidal sandstones of the Upper Cape Hay Formation (Permian, Bonaparte Basin, Australia): Impact on reservoir properties. Journ\u00e9e th\u00e9matique ASF. Diagen\u00e8se: avanc\u00e9es r\u00e9centes et prespectives. Orsay, 4 juillet 2014, Publication ASF n\u00b075, 102-105 <code><a href=\"https:\/\/hebergement.universite-paris-saclay.fr\/brigaud\/?ddownload=1688\" title=\"T\u00e9l\u00e9chargement\" rel=\"nofollow\" class=\"ddownload-button button-blue id-1688 ext-pdf\">T\u00e9l\u00e9chargement<\/a><\/code><\/p>\n<h1>2013<\/h1>\n<p>Leibrandt, S., B\u00e9nard, A., <strong>Brigaud, B<\/strong>. 2013. Magma-sediment interactions in the Limagne trench (Massif Central, France): distinction between phreatomagmatic and stricto-sensu peperitic processes. European Geosciences Union, Vienna, Austria, 07 \u2013 12 April 2013 [<a href=\"http:\/\/meetingorganizer.copernicus.org\/EGU2013\/EGU2013-8402.pdf\" target=\"_blank\" rel=\"noopener noreferrer\">PDF<\/a>]<\/p>\n<h1>2012<\/h1>\n<p style=\"text-align: justify;\">Gigoux M., Delpech G., <strong>Brigaud B<\/strong>., Pagel M., Aug\u00e9 T., Chevremont P. 2012. Analyses g\u00e9ochimiques sur les cristaux de fluorine de Pierre-Perthuis par ablation laser coupl\u00e9e \u00e0 une ICP-MS. Poster, \u00e9cole th\u00e9matique CNRS \u00ab Ressources min\u00e9rales \u00bb, 1 au 3 f\u00e9vrier, Mines ParisTech, Paris.<\/p>\n<h1 style=\"text-align: justify;\">2008<\/h1>\n<p style=\"text-align: justify;\"><strong>Brigaud, B<\/strong>., Durlet, C., Vincent, B., Deconinck, J.-F., Thierry J. and Trouiller A. 2008. Contr\u00f4le climatique sur les faci\u00e8s et les profils de d\u00e9p\u00f4ts du Dogger de l&rsquo;Est du Bassin de Paris. 22\u00e8me R\u00e9union des Sciences de la Terre, Nancy, recueil des r\u00e9sum\u00e9s: p. 325. [<a href=\"http:\/\/hebergement.u-psud.fr\/brigaud\/wp-admin\/uploads\/2008_brigaud_-RSTnancy2.pdf\" target=\"_blank\" rel=\"noopener noreferrer\">PDF<\/a>]<\/p>\n<h1 style=\"text-align: justify;\">2007<\/h1>\n<p><strong>Brigaud, B<\/strong>., Durlet, C., Deconinck, J.-F., Vincent, B., Thierry, J. &amp; Trouiller, A. 2007. Origine des faibles perm\u00e9abilit\u00e9s des carbonates du Dogger de l\u2019Est du Bassin de Paris. 11e Congr\u00e8s fran\u00e7ais de s\u00e9dimentologie, Caen, Livre des r\u00e9sum\u00e9s: p. 45.<small>&nbsp; [<a href=\"http:\/\/hebergement.u-psud.fr\/brigaud\/wp-admin\/uploads\/2007_brigaud_ASFcaen.pdf\" target=\"_blank\" rel=\"noopener noreferrer\">PDF<\/a>]<br \/>\n<\/small><\/p>\n<p><strong>Brigaud, B<\/strong>., Pellenard, P., Puc\u00e9at, E. &amp; Vincent, B. 2007. Climatic control on Oxfordian-Kimmeridgian shallow-marine sedimentation: evidence by oyster shells oxygen isotopes and clay mineralogy from the eastern Paris basin (France), 25th International Association of Sedimentology meeting of sedimentology, Patras. Book of Abstacts: p. 212.<small> [<a href=\"http:\/\/hebergement.u-psud.fr\/brigaud\/wp-admin\/uploads\/2007_brigaud_IASpatras.pdf\" target=\"_blank\" rel=\"noopener noreferrer\">PDF<\/a>]<\/small><br \/>\n<small><\/small><\/p>\n<p><strong>Brigaud, B.<\/strong>, Puc\u00e9at, E., Pellenard, P., Vincent, B. &amp; Joachimski, M.M. 2007. Rapid climatic fluctuations and seasonality during the Upper Jurassic (Oxfordian-Lower Kimmeridgian) inferred from oyster shell 18O. European Geosciences Union, Vienne, Geophysical Research Abstracts, Vol. 9.<small> [<a href=\"http:\/\/hebergement.u-psud.fr\/brigaud\/wp-admin\/uploads\/2007_brigaud_EGUvienne.pdf\" target=\"_blank\" rel=\"noopener noreferrer\">PDF<\/a>]<\/small><\/p>\n<p style=\"text-align: justify;\">Pellenard, P., <strong>Brigaud, B<\/strong>., Deconinck, J.-F., Morales, C., Puceat, E. &amp; Vincent, B. 2007. Climatic and geodynamic control of middle\/upper Jurassic clayey sedimentation from north-wertern tethysian domains. 25th International Association of Sedimentology meeting of sedimentology, Patras. Book of Abstacts: p. 286. [<a href=\"http:\/\/hebergement.u-psud.fr\/brigaud\/wp-admin\/uploads\/2007_pellenard_IASpatras.pdf\" target=\"_blank\" rel=\"noopener noreferrer\">PDF<\/a>]<\/p>\n<h1 style=\"text-align: justify;\">2006<\/h1>\n<p>Deconinck, J.-F., Dommergues, J.-L., Ricardon, O., Baudin, F., <strong>Brigaud, B<\/strong>., Joachimski, M.M. &amp; Puc\u00e9at, E. 2006. Changement climatique enregistr\u00e9 au Pliensbachien sur la bordure Sud-Est du bassin de Paris. Apport de la min\u00e9ralogie des argiles et de la g\u00e9ochimie. 21\u00e8me R\u00e9union des Sciences de la Terre, Dijon. Joint Earth Sciences Meeting: p. 207. [<a href=\"http:\/\/hebergement.u-psud.fr\/brigaud\/wp-admin\/uploads\/deconinck_2006_RST.pdf\" target=\"_blank\" rel=\"noopener noreferrer\">PDF<\/a>]<\/p>\n<h2><small><a><small>&nbsp;<\/small><\/a><\/small><\/h2>\n<p>&nbsp;<\/p>\n","protected":false},"excerpt":{"rendered":"<p>2021 Bienveignant, D., Bilau, A., Rolland, Y., Schwartz, S., Godeau, N., Guihou, A., Deschamps P., Louise Boschetti Mangenot, X., Brigaud, B., Dumont, T., 2021. Structuration des massifs subalpins, datation de la mise en place par U-Pb sur calcite, 27\u00e8me r\u00e9union des Sciences de la Terre, Lyon, 1-5 Nov. 2021, p. 834 https:\/\/rst2020-lyon.sciencesconf.org\/360368 Thomas, H., Brigaud, [&hellip;]<\/p>\n","protected":false},"author":1,"featured_media":0,"parent":23,"menu_order":0,"comment_status":"closed","ping_status":"open","template":"","meta":{"ngg_post_thumbnail":0,"footnotes":""},"class_list":["post-132","page","type-page","status-publish","hentry","post-preview"],"yoast_head":"<!-- This site is optimized with the Yoast SEO plugin v26.7 - https:\/\/yoast.com\/wordpress\/plugins\/seo\/ -->\n<title>Communications posters - benjamin brigaud<\/title>\n<meta name=\"robots\" content=\"index, follow, max-snippet:-1, max-image-preview:large, max-video-preview:-1\" \/>\n<link rel=\"canonical\" href=\"https:\/\/hebergement.universite-paris-saclay.fr\/brigaud\/colloques\/communications-posters\/\" \/>\n<meta property=\"og:locale\" content=\"fr_FR\" \/>\n<meta property=\"og:type\" content=\"article\" \/>\n<meta property=\"og:title\" content=\"Communications posters - benjamin brigaud\" \/>\n<meta property=\"og:description\" content=\"2021 Bienveignant, D., Bilau, A., Rolland, Y., Schwartz, S., Godeau, N., Guihou, A., Deschamps P., Louise Boschetti Mangenot, X., Brigaud, B., Dumont, T., 2021. Structuration des massifs subalpins, datation de la mise en place par U-Pb sur calcite, 27\u00e8me r\u00e9union des Sciences de la Terre, Lyon, 1-5 Nov. 2021, p. 834 https:\/\/rst2020-lyon.sciencesconf.org\/360368 Thomas, H., Brigaud, [&hellip;]\" \/>\n<meta property=\"og:url\" content=\"https:\/\/hebergement.universite-paris-saclay.fr\/brigaud\/colloques\/communications-posters\/\" \/>\n<meta property=\"og:site_name\" content=\"benjamin brigaud\" \/>\n<meta property=\"article:modified_time\" content=\"2021-12-22T14:58:54+00:00\" \/>\n<meta name=\"twitter:card\" content=\"summary_large_image\" \/>\n<meta name=\"twitter:label1\" content=\"Dur\u00e9e de lecture estim\u00e9e\" \/>\n\t<meta name=\"twitter:data1\" content=\"4 minutes\" \/>\n<script type=\"application\/ld+json\" class=\"yoast-schema-graph\">{\"@context\":\"https:\/\/schema.org\",\"@graph\":[{\"@type\":\"WebPage\",\"@id\":\"https:\/\/hebergement.universite-paris-saclay.fr\/brigaud\/colloques\/communications-posters\/\",\"url\":\"https:\/\/hebergement.universite-paris-saclay.fr\/brigaud\/colloques\/communications-posters\/\",\"name\":\"Communications posters - benjamin brigaud\",\"isPartOf\":{\"@id\":\"https:\/\/hebergement.universite-paris-saclay.fr\/brigaud\/#website\"},\"datePublished\":\"2012-04-18T10:24:55+00:00\",\"dateModified\":\"2021-12-22T14:58:54+00:00\",\"breadcrumb\":{\"@id\":\"https:\/\/hebergement.universite-paris-saclay.fr\/brigaud\/colloques\/communications-posters\/#breadcrumb\"},\"inLanguage\":\"fr-FR\",\"potentialAction\":[{\"@type\":\"ReadAction\",\"target\":[\"https:\/\/hebergement.universite-paris-saclay.fr\/brigaud\/colloques\/communications-posters\/\"]}]},{\"@type\":\"BreadcrumbList\",\"@id\":\"https:\/\/hebergement.universite-paris-saclay.fr\/brigaud\/colloques\/communications-posters\/#breadcrumb\",\"itemListElement\":[{\"@type\":\"ListItem\",\"position\":1,\"name\":\"Accueil\",\"item\":\"https:\/\/hebergement.universite-paris-saclay.fr\/brigaud\/\"},{\"@type\":\"ListItem\",\"position\":2,\"name\":\"Colloques\",\"item\":\"https:\/\/hebergement.universite-paris-saclay.fr\/brigaud\/colloques\/\"},{\"@type\":\"ListItem\",\"position\":3,\"name\":\"Communications posters\"}]},{\"@type\":\"WebSite\",\"@id\":\"https:\/\/hebergement.universite-paris-saclay.fr\/brigaud\/#website\",\"url\":\"https:\/\/hebergement.universite-paris-saclay.fr\/brigaud\/\",\"name\":\"benjamin brigaud\",\"description\":\"s\u00e9dimentologue\",\"publisher\":{\"@id\":\"https:\/\/hebergement.universite-paris-saclay.fr\/brigaud\/#organization\"},\"potentialAction\":[{\"@type\":\"SearchAction\",\"target\":{\"@type\":\"EntryPoint\",\"urlTemplate\":\"https:\/\/hebergement.universite-paris-saclay.fr\/brigaud\/?s={search_term_string}\"},\"query-input\":{\"@type\":\"PropertyValueSpecification\",\"valueRequired\":true,\"valueName\":\"search_term_string\"}}],\"inLanguage\":\"fr-FR\"},{\"@type\":\"Organization\",\"@id\":\"https:\/\/hebergement.universite-paris-saclay.fr\/brigaud\/#organization\",\"name\":\"Universit\u00e9 Paris-Saclay\",\"url\":\"https:\/\/hebergement.universite-paris-saclay.fr\/brigaud\/\",\"logo\":{\"@type\":\"ImageObject\",\"inLanguage\":\"fr-FR\",\"@id\":\"https:\/\/hebergement.universite-paris-saclay.fr\/brigaud\/#\/schema\/logo\/image\/\",\"url\":\"http:\/\/hebergement.universite-paris-saclay.fr\/brigaud\/wp-admin\/uploads\/UPSACLAY-2020.png\",\"contentUrl\":\"http:\/\/hebergement.universite-paris-saclay.fr\/brigaud\/wp-admin\/uploads\/UPSACLAY-2020.png\",\"width\":178,\"height\":80,\"caption\":\"Universit\u00e9 Paris-Saclay\"},\"image\":{\"@id\":\"https:\/\/hebergement.universite-paris-saclay.fr\/brigaud\/#\/schema\/logo\/image\/\"}}]}<\/script>\n<!-- \/ Yoast SEO plugin. -->","yoast_head_json":{"title":"Communications posters - benjamin brigaud","robots":{"index":"index","follow":"follow","max-snippet":"max-snippet:-1","max-image-preview":"max-image-preview:large","max-video-preview":"max-video-preview:-1"},"canonical":"https:\/\/hebergement.universite-paris-saclay.fr\/brigaud\/colloques\/communications-posters\/","og_locale":"fr_FR","og_type":"article","og_title":"Communications posters - benjamin brigaud","og_description":"2021 Bienveignant, D., Bilau, A., Rolland, Y., Schwartz, S., Godeau, N., Guihou, A., Deschamps P., Louise Boschetti Mangenot, X., Brigaud, B., Dumont, T., 2021. Structuration des massifs subalpins, datation de la mise en place par U-Pb sur calcite, 27\u00e8me r\u00e9union des Sciences de la Terre, Lyon, 1-5 Nov. 2021, p. 834 https:\/\/rst2020-lyon.sciencesconf.org\/360368 Thomas, H., Brigaud, [&hellip;]","og_url":"https:\/\/hebergement.universite-paris-saclay.fr\/brigaud\/colloques\/communications-posters\/","og_site_name":"benjamin brigaud","article_modified_time":"2021-12-22T14:58:54+00:00","twitter_card":"summary_large_image","twitter_misc":{"Dur\u00e9e de lecture estim\u00e9e":"4 minutes"},"schema":{"@context":"https:\/\/schema.org","@graph":[{"@type":"WebPage","@id":"https:\/\/hebergement.universite-paris-saclay.fr\/brigaud\/colloques\/communications-posters\/","url":"https:\/\/hebergement.universite-paris-saclay.fr\/brigaud\/colloques\/communications-posters\/","name":"Communications posters - benjamin brigaud","isPartOf":{"@id":"https:\/\/hebergement.universite-paris-saclay.fr\/brigaud\/#website"},"datePublished":"2012-04-18T10:24:55+00:00","dateModified":"2021-12-22T14:58:54+00:00","breadcrumb":{"@id":"https:\/\/hebergement.universite-paris-saclay.fr\/brigaud\/colloques\/communications-posters\/#breadcrumb"},"inLanguage":"fr-FR","potentialAction":[{"@type":"ReadAction","target":["https:\/\/hebergement.universite-paris-saclay.fr\/brigaud\/colloques\/communications-posters\/"]}]},{"@type":"BreadcrumbList","@id":"https:\/\/hebergement.universite-paris-saclay.fr\/brigaud\/colloques\/communications-posters\/#breadcrumb","itemListElement":[{"@type":"ListItem","position":1,"name":"Accueil","item":"https:\/\/hebergement.universite-paris-saclay.fr\/brigaud\/"},{"@type":"ListItem","position":2,"name":"Colloques","item":"https:\/\/hebergement.universite-paris-saclay.fr\/brigaud\/colloques\/"},{"@type":"ListItem","position":3,"name":"Communications posters"}]},{"@type":"WebSite","@id":"https:\/\/hebergement.universite-paris-saclay.fr\/brigaud\/#website","url":"https:\/\/hebergement.universite-paris-saclay.fr\/brigaud\/","name":"benjamin brigaud","description":"s\u00e9dimentologue","publisher":{"@id":"https:\/\/hebergement.universite-paris-saclay.fr\/brigaud\/#organization"},"potentialAction":[{"@type":"SearchAction","target":{"@type":"EntryPoint","urlTemplate":"https:\/\/hebergement.universite-paris-saclay.fr\/brigaud\/?s={search_term_string}"},"query-input":{"@type":"PropertyValueSpecification","valueRequired":true,"valueName":"search_term_string"}}],"inLanguage":"fr-FR"},{"@type":"Organization","@id":"https:\/\/hebergement.universite-paris-saclay.fr\/brigaud\/#organization","name":"Universit\u00e9 Paris-Saclay","url":"https:\/\/hebergement.universite-paris-saclay.fr\/brigaud\/","logo":{"@type":"ImageObject","inLanguage":"fr-FR","@id":"https:\/\/hebergement.universite-paris-saclay.fr\/brigaud\/#\/schema\/logo\/image\/","url":"http:\/\/hebergement.universite-paris-saclay.fr\/brigaud\/wp-admin\/uploads\/UPSACLAY-2020.png","contentUrl":"http:\/\/hebergement.universite-paris-saclay.fr\/brigaud\/wp-admin\/uploads\/UPSACLAY-2020.png","width":178,"height":80,"caption":"Universit\u00e9 Paris-Saclay"},"image":{"@id":"https:\/\/hebergement.universite-paris-saclay.fr\/brigaud\/#\/schema\/logo\/image\/"}}]}},"_links":{"self":[{"href":"https:\/\/hebergement.universite-paris-saclay.fr\/brigaud\/wp-json\/wp\/v2\/pages\/132","targetHints":{"allow":["GET"]}}],"collection":[{"href":"https:\/\/hebergement.universite-paris-saclay.fr\/brigaud\/wp-json\/wp\/v2\/pages"}],"about":[{"href":"https:\/\/hebergement.universite-paris-saclay.fr\/brigaud\/wp-json\/wp\/v2\/types\/page"}],"author":[{"embeddable":true,"href":"https:\/\/hebergement.universite-paris-saclay.fr\/brigaud\/wp-json\/wp\/v2\/users\/1"}],"replies":[{"embeddable":true,"href":"https:\/\/hebergement.universite-paris-saclay.fr\/brigaud\/wp-json\/wp\/v2\/comments?post=132"}],"version-history":[{"count":29,"href":"https:\/\/hebergement.universite-paris-saclay.fr\/brigaud\/wp-json\/wp\/v2\/pages\/132\/revisions"}],"predecessor-version":[{"id":2998,"href":"https:\/\/hebergement.universite-paris-saclay.fr\/brigaud\/wp-json\/wp\/v2\/pages\/132\/revisions\/2998"}],"up":[{"embeddable":true,"href":"https:\/\/hebergement.universite-paris-saclay.fr\/brigaud\/wp-json\/wp\/v2\/pages\/23"}],"wp:attachment":[{"href":"https:\/\/hebergement.universite-paris-saclay.fr\/brigaud\/wp-json\/wp\/v2\/media?parent=132"}],"curies":[{"name":"wp","href":"https:\/\/api.w.org\/{rel}","templated":true}]}}