{"id":175,"date":"2012-04-18T12:25:41","date_gmt":"2012-04-18T12:25:41","guid":{"rendered":"http:\/\/hebergement.u-psud.fr\/brigaud\/?page_id=175"},"modified":"2025-04-30T10:42:26","modified_gmt":"2025-04-30T10:42:26","slug":"book-these","status":"publish","type":"page","link":"https:\/\/hebergement.universite-paris-saclay.fr\/brigaud\/publications\/book-these\/","title":{"rendered":"Th\u00e8se et Habilitation \u00e0 Diriger des Recherches"},"content":{"rendered":"<div class=\"wp-block-image\">\n<figure class=\"alignleft size-large is-resized\"><img loading=\"lazy\" decoding=\"async\" width=\"747\" height=\"973\" src=\"http:\/\/hebergement.universite-paris-saclay.fr\/brigaud\/wp-admin\/uploads\/Capture-d\u2019e\u0301cran-2020-05-01-a\u0300-18.40.01.png\" alt=\"\" class=\"wp-image-2643\" style=\"aspect-ratio:0.7679180887372014;object-fit:cover;width:250px\" srcset=\"https:\/\/hebergement.universite-paris-saclay.fr\/brigaud\/wp-admin\/uploads\/Capture-d\u2019e\u0301cran-2020-05-01-a\u0300-18.40.01.png 747w, https:\/\/hebergement.universite-paris-saclay.fr\/brigaud\/wp-admin\/uploads\/Capture-d\u2019e\u0301cran-2020-05-01-a\u0300-18.40.01-230x300.png 230w\" sizes=\"auto, (max-width: 747px) 100vw, 747px\" \/><\/figure>\n<\/div>\n\n\n<p><\/p>\n\n\n\n<p><\/p>\n\n\n\n<p><\/p>\n\n\n\n<p><\/p>\n\n\n\n<p><\/p>\n\n\n\n<p>Brigaud, B., 2018. Les s\u00e9diments marins et c\u00f4tiers de plate-forme&nbsp;: des environnements de d\u00e9p\u00f4t aux r\u00e9servoirs et gisements. Processus, propri\u00e9t\u00e9s et perspectives. Habilitation \u00e0 Diriger des Recherches, Universit\u00e9 Paris-Sud (Orsay), 498 p. <a href=\"https:\/\/tel.archives-ouvertes.fr\/tel-02546436\">https:\/\/tel.archives-ouvertes.fr\/tel-02546436<\/a><\/p>\n\n\n\n<hr class=\"wp-block-separator has-alpha-channel-opacity\"\/>\n\n\n\n<p><\/p>\n\n\n<div class=\"wp-block-image\">\n<figure class=\"alignleft is-resized\"><a href=\"http:\/\/tel.archives-ouvertes.fr\/index.php?halsid=297he3j93l68oo553grfitt3q6&amp;view_this_doc=tel-00503241&amp;version=1\" target=\"_blank\" rel=\"noopener noreferrer\"><img decoding=\"async\" src=\"http:\/\/hebergement.u-psud.fr\/brigaud\/wp-admin\/uploads\/cover_theseBB-211x300.jpg\" alt=\"\" style=\"width:250px\" title=\"Th\u008fse GUERY\"\/><\/a><\/figure>\n<\/div>\n\n\n<p>Brigaud, B., 2009. Influence du contexte s\u00e9dimentaire et de la diagen\u00e8se sur les propri\u00e9t\u00e9s p\u00e9trophysiques du Dogger calcaire de l&rsquo;Est du Bassin de Paris. Published PhD thesis, Universit\u00e9 de Bourgogne.<br>Collection les Rapports. Editions Andra n\u00b0 360-2, 342 p. <a rel=\"noopener noreferrer\" href=\"http:\/\/tel.archives-ouvertes.fr\/docs\/00\/50\/32\/41\/PDF\/These_Benjamin_Brigaud_V1.pdf\" target=\"_blank\">PDF<\/a><\/p>\n\n\n\n<p><em>Exemplaire papier \u00e9dit\u00e9 par l&rsquo;Andra disponible sur demande: benjamin.brigaud at universite-paris-saclay.fr<\/em><\/p>\n\n\n\n<p><\/p>\n","protected":false},"excerpt":{"rendered":"<p>Brigaud, B., 2018. Les s\u00e9diments marins et c\u00f4tiers de plate-forme&nbsp;: des environnements de d\u00e9p\u00f4t aux r\u00e9servoirs et gisements. Processus, propri\u00e9t\u00e9s et perspectives. Habilitation \u00e0 Diriger des Recherches, Universit\u00e9 Paris-Sud (Orsay), 498 p. https:\/\/tel.archives-ouvertes.fr\/tel-02546436 Brigaud, B., 2009. Influence du contexte s\u00e9dimentaire et de la diagen\u00e8se sur les propri\u00e9t\u00e9s p\u00e9trophysiques du Dogger calcaire de l&rsquo;Est du Bassin [&hellip;]<\/p>\n","protected":false},"author":1,"featured_media":0,"parent":18,"menu_order":6,"comment_status":"closed","ping_status":"open","template":"","meta":{"ngg_post_thumbnail":0,"footnotes":""},"class_list":["post-175","page","type-page","status-publish","hentry","post-preview"],"yoast_head":"<!-- This site is optimized with the Yoast SEO plugin v26.7 - https:\/\/yoast.com\/wordpress\/plugins\/seo\/ -->\n<title>Th\u00e8se et Habilitation \u00e0 Diriger des Recherches - benjamin brigaud<\/title>\n<meta name=\"robots\" content=\"index, follow, max-snippet:-1, max-image-preview:large, max-video-preview:-1\" \/>\n<link rel=\"canonical\" href=\"https:\/\/hebergement.universite-paris-saclay.fr\/brigaud\/publications\/book-these\/\" \/>\n<meta property=\"og:locale\" content=\"fr_FR\" \/>\n<meta property=\"og:type\" content=\"article\" \/>\n<meta property=\"og:title\" content=\"Th\u00e8se et Habilitation \u00e0 Diriger des Recherches - benjamin brigaud\" \/>\n<meta property=\"og:description\" content=\"Brigaud, B., 2018. Les s\u00e9diments marins et c\u00f4tiers de plate-forme&nbsp;: des environnements de d\u00e9p\u00f4t aux r\u00e9servoirs et gisements. Processus, propri\u00e9t\u00e9s et perspectives. Habilitation \u00e0 Diriger des Recherches, Universit\u00e9 Paris-Sud (Orsay), 498 p. https:\/\/tel.archives-ouvertes.fr\/tel-02546436 Brigaud, B., 2009. Influence du contexte s\u00e9dimentaire et de la diagen\u00e8se sur les propri\u00e9t\u00e9s p\u00e9trophysiques du Dogger calcaire de l&rsquo;Est du Bassin [&hellip;]\" \/>\n<meta property=\"og:url\" content=\"https:\/\/hebergement.universite-paris-saclay.fr\/brigaud\/publications\/book-these\/\" \/>\n<meta property=\"og:site_name\" content=\"benjamin brigaud\" \/>\n<meta property=\"article:modified_time\" content=\"2025-04-30T10:42:26+00:00\" \/>\n<meta property=\"og:image\" content=\"http:\/\/hebergement.u-psud.fr\/brigaud\/wp-admin\/uploads\/cover_theseBB-211x300.jpg\" \/>\n<meta name=\"twitter:card\" content=\"summary_large_image\" \/>\n<meta name=\"twitter:label1\" content=\"Dur\u00e9e de lecture estim\u00e9e\" \/>\n\t<meta name=\"twitter:data1\" content=\"1 minute\" \/>\n<script type=\"application\/ld+json\" class=\"yoast-schema-graph\">{\"@context\":\"https:\/\/schema.org\",\"@graph\":[{\"@type\":\"WebPage\",\"@id\":\"https:\/\/hebergement.universite-paris-saclay.fr\/brigaud\/publications\/book-these\/\",\"url\":\"https:\/\/hebergement.universite-paris-saclay.fr\/brigaud\/publications\/book-these\/\",\"name\":\"Th\u00e8se et Habilitation \u00e0 Diriger des Recherches - benjamin brigaud\",\"isPartOf\":{\"@id\":\"https:\/\/hebergement.universite-paris-saclay.fr\/brigaud\/#website\"},\"primaryImageOfPage\":{\"@id\":\"https:\/\/hebergement.universite-paris-saclay.fr\/brigaud\/publications\/book-these\/#primaryimage\"},\"image\":{\"@id\":\"https:\/\/hebergement.universite-paris-saclay.fr\/brigaud\/publications\/book-these\/#primaryimage\"},\"thumbnailUrl\":\"http:\/\/hebergement.u-psud.fr\/brigaud\/wp-admin\/uploads\/cover_theseBB-211x300.jpg\",\"datePublished\":\"2012-04-18T12:25:41+00:00\",\"dateModified\":\"2025-04-30T10:42:26+00:00\",\"breadcrumb\":{\"@id\":\"https:\/\/hebergement.universite-paris-saclay.fr\/brigaud\/publications\/book-these\/#breadcrumb\"},\"inLanguage\":\"fr-FR\",\"potentialAction\":[{\"@type\":\"ReadAction\",\"target\":[\"https:\/\/hebergement.universite-paris-saclay.fr\/brigaud\/publications\/book-these\/\"]}]},{\"@type\":\"ImageObject\",\"inLanguage\":\"fr-FR\",\"@id\":\"https:\/\/hebergement.universite-paris-saclay.fr\/brigaud\/publications\/book-these\/#primaryimage\",\"url\":\"http:\/\/hebergement.u-psud.fr\/brigaud\/wp-admin\/uploads\/cover_theseBB-211x300.jpg\",\"contentUrl\":\"http:\/\/hebergement.u-psud.fr\/brigaud\/wp-admin\/uploads\/cover_theseBB-211x300.jpg\"},{\"@type\":\"BreadcrumbList\",\"@id\":\"https:\/\/hebergement.universite-paris-saclay.fr\/brigaud\/publications\/book-these\/#breadcrumb\",\"itemListElement\":[{\"@type\":\"ListItem\",\"position\":1,\"name\":\"Accueil\",\"item\":\"https:\/\/hebergement.universite-paris-saclay.fr\/brigaud\/\"},{\"@type\":\"ListItem\",\"position\":2,\"name\":\"Publications\",\"item\":\"https:\/\/hebergement.universite-paris-saclay.fr\/brigaud\/publications\/\"},{\"@type\":\"ListItem\",\"position\":3,\"name\":\"Th\u00e8se et Habilitation \u00e0 Diriger des Recherches\"}]},{\"@type\":\"WebSite\",\"@id\":\"https:\/\/hebergement.universite-paris-saclay.fr\/brigaud\/#website\",\"url\":\"https:\/\/hebergement.universite-paris-saclay.fr\/brigaud\/\",\"name\":\"benjamin brigaud\",\"description\":\"s\u00e9dimentologue\",\"publisher\":{\"@id\":\"https:\/\/hebergement.universite-paris-saclay.fr\/brigaud\/#organization\"},\"potentialAction\":[{\"@type\":\"SearchAction\",\"target\":{\"@type\":\"EntryPoint\",\"urlTemplate\":\"https:\/\/hebergement.universite-paris-saclay.fr\/brigaud\/?s={search_term_string}\"},\"query-input\":{\"@type\":\"PropertyValueSpecification\",\"valueRequired\":true,\"valueName\":\"search_term_string\"}}],\"inLanguage\":\"fr-FR\"},{\"@type\":\"Organization\",\"@id\":\"https:\/\/hebergement.universite-paris-saclay.fr\/brigaud\/#organization\",\"name\":\"Universit\u00e9 Paris-Saclay\",\"url\":\"https:\/\/hebergement.universite-paris-saclay.fr\/brigaud\/\",\"logo\":{\"@type\":\"ImageObject\",\"inLanguage\":\"fr-FR\",\"@id\":\"https:\/\/hebergement.universite-paris-saclay.fr\/brigaud\/#\/schema\/logo\/image\/\",\"url\":\"http:\/\/hebergement.universite-paris-saclay.fr\/brigaud\/wp-admin\/uploads\/UPSACLAY-2020.png\",\"contentUrl\":\"http:\/\/hebergement.universite-paris-saclay.fr\/brigaud\/wp-admin\/uploads\/UPSACLAY-2020.png\",\"width\":178,\"height\":80,\"caption\":\"Universit\u00e9 Paris-Saclay\"},\"image\":{\"@id\":\"https:\/\/hebergement.universite-paris-saclay.fr\/brigaud\/#\/schema\/logo\/image\/\"}}]}<\/script>\n<!-- \/ Yoast SEO plugin. -->","yoast_head_json":{"title":"Th\u00e8se et Habilitation \u00e0 Diriger des Recherches - benjamin brigaud","robots":{"index":"index","follow":"follow","max-snippet":"max-snippet:-1","max-image-preview":"max-image-preview:large","max-video-preview":"max-video-preview:-1"},"canonical":"https:\/\/hebergement.universite-paris-saclay.fr\/brigaud\/publications\/book-these\/","og_locale":"fr_FR","og_type":"article","og_title":"Th\u00e8se et Habilitation \u00e0 Diriger des Recherches - benjamin brigaud","og_description":"Brigaud, B., 2018. Les s\u00e9diments marins et c\u00f4tiers de plate-forme&nbsp;: des environnements de d\u00e9p\u00f4t aux r\u00e9servoirs et gisements. Processus, propri\u00e9t\u00e9s et perspectives. Habilitation \u00e0 Diriger des Recherches, Universit\u00e9 Paris-Sud (Orsay), 498 p. https:\/\/tel.archives-ouvertes.fr\/tel-02546436 Brigaud, B., 2009. Influence du contexte s\u00e9dimentaire et de la diagen\u00e8se sur les propri\u00e9t\u00e9s p\u00e9trophysiques du Dogger calcaire de l&rsquo;Est du Bassin [&hellip;]","og_url":"https:\/\/hebergement.universite-paris-saclay.fr\/brigaud\/publications\/book-these\/","og_site_name":"benjamin brigaud","article_modified_time":"2025-04-30T10:42:26+00:00","og_image":[{"url":"http:\/\/hebergement.u-psud.fr\/brigaud\/wp-admin\/uploads\/cover_theseBB-211x300.jpg","type":"","width":"","height":""}],"twitter_card":"summary_large_image","twitter_misc":{"Dur\u00e9e de lecture estim\u00e9e":"1 minute"},"schema":{"@context":"https:\/\/schema.org","@graph":[{"@type":"WebPage","@id":"https:\/\/hebergement.universite-paris-saclay.fr\/brigaud\/publications\/book-these\/","url":"https:\/\/hebergement.universite-paris-saclay.fr\/brigaud\/publications\/book-these\/","name":"Th\u00e8se et Habilitation \u00e0 Diriger des Recherches - benjamin brigaud","isPartOf":{"@id":"https:\/\/hebergement.universite-paris-saclay.fr\/brigaud\/#website"},"primaryImageOfPage":{"@id":"https:\/\/hebergement.universite-paris-saclay.fr\/brigaud\/publications\/book-these\/#primaryimage"},"image":{"@id":"https:\/\/hebergement.universite-paris-saclay.fr\/brigaud\/publications\/book-these\/#primaryimage"},"thumbnailUrl":"http:\/\/hebergement.u-psud.fr\/brigaud\/wp-admin\/uploads\/cover_theseBB-211x300.jpg","datePublished":"2012-04-18T12:25:41+00:00","dateModified":"2025-04-30T10:42:26+00:00","breadcrumb":{"@id":"https:\/\/hebergement.universite-paris-saclay.fr\/brigaud\/publications\/book-these\/#breadcrumb"},"inLanguage":"fr-FR","potentialAction":[{"@type":"ReadAction","target":["https:\/\/hebergement.universite-paris-saclay.fr\/brigaud\/publications\/book-these\/"]}]},{"@type":"ImageObject","inLanguage":"fr-FR","@id":"https:\/\/hebergement.universite-paris-saclay.fr\/brigaud\/publications\/book-these\/#primaryimage","url":"http:\/\/hebergement.u-psud.fr\/brigaud\/wp-admin\/uploads\/cover_theseBB-211x300.jpg","contentUrl":"http:\/\/hebergement.u-psud.fr\/brigaud\/wp-admin\/uploads\/cover_theseBB-211x300.jpg"},{"@type":"BreadcrumbList","@id":"https:\/\/hebergement.universite-paris-saclay.fr\/brigaud\/publications\/book-these\/#breadcrumb","itemListElement":[{"@type":"ListItem","position":1,"name":"Accueil","item":"https:\/\/hebergement.universite-paris-saclay.fr\/brigaud\/"},{"@type":"ListItem","position":2,"name":"Publications","item":"https:\/\/hebergement.universite-paris-saclay.fr\/brigaud\/publications\/"},{"@type":"ListItem","position":3,"name":"Th\u00e8se et Habilitation \u00e0 Diriger des Recherches"}]},{"@type":"WebSite","@id":"https:\/\/hebergement.universite-paris-saclay.fr\/brigaud\/#website","url":"https:\/\/hebergement.universite-paris-saclay.fr\/brigaud\/","name":"benjamin brigaud","description":"s\u00e9dimentologue","publisher":{"@id":"https:\/\/hebergement.universite-paris-saclay.fr\/brigaud\/#organization"},"potentialAction":[{"@type":"SearchAction","target":{"@type":"EntryPoint","urlTemplate":"https:\/\/hebergement.universite-paris-saclay.fr\/brigaud\/?s={search_term_string}"},"query-input":{"@type":"PropertyValueSpecification","valueRequired":true,"valueName":"search_term_string"}}],"inLanguage":"fr-FR"},{"@type":"Organization","@id":"https:\/\/hebergement.universite-paris-saclay.fr\/brigaud\/#organization","name":"Universit\u00e9 Paris-Saclay","url":"https:\/\/hebergement.universite-paris-saclay.fr\/brigaud\/","logo":{"@type":"ImageObject","inLanguage":"fr-FR","@id":"https:\/\/hebergement.universite-paris-saclay.fr\/brigaud\/#\/schema\/logo\/image\/","url":"http:\/\/hebergement.universite-paris-saclay.fr\/brigaud\/wp-admin\/uploads\/UPSACLAY-2020.png","contentUrl":"http:\/\/hebergement.universite-paris-saclay.fr\/brigaud\/wp-admin\/uploads\/UPSACLAY-2020.png","width":178,"height":80,"caption":"Universit\u00e9 Paris-Saclay"},"image":{"@id":"https:\/\/hebergement.universite-paris-saclay.fr\/brigaud\/#\/schema\/logo\/image\/"}}]}},"_links":{"self":[{"href":"https:\/\/hebergement.universite-paris-saclay.fr\/brigaud\/wp-json\/wp\/v2\/pages\/175","targetHints":{"allow":["GET"]}}],"collection":[{"href":"https:\/\/hebergement.universite-paris-saclay.fr\/brigaud\/wp-json\/wp\/v2\/pages"}],"about":[{"href":"https:\/\/hebergement.universite-paris-saclay.fr\/brigaud\/wp-json\/wp\/v2\/types\/page"}],"author":[{"embeddable":true,"href":"https:\/\/hebergement.universite-paris-saclay.fr\/brigaud\/wp-json\/wp\/v2\/users\/1"}],"replies":[{"embeddable":true,"href":"https:\/\/hebergement.universite-paris-saclay.fr\/brigaud\/wp-json\/wp\/v2\/comments?post=175"}],"version-history":[{"count":15,"href":"https:\/\/hebergement.universite-paris-saclay.fr\/brigaud\/wp-json\/wp\/v2\/pages\/175\/revisions"}],"predecessor-version":[{"id":3417,"href":"https:\/\/hebergement.universite-paris-saclay.fr\/brigaud\/wp-json\/wp\/v2\/pages\/175\/revisions\/3417"}],"up":[{"embeddable":true,"href":"https:\/\/hebergement.universite-paris-saclay.fr\/brigaud\/wp-json\/wp\/v2\/pages\/18"}],"wp:attachment":[{"href":"https:\/\/hebergement.universite-paris-saclay.fr\/brigaud\/wp-json\/wp\/v2\/media?parent=175"}],"curies":[{"name":"wp","href":"https:\/\/api.w.org\/{rel}","templated":true}]}}