{"id":193,"date":"2012-04-18T12:45:01","date_gmt":"2012-04-18T12:45:01","guid":{"rendered":"http:\/\/hebergement.u-psud.fr\/brigaud\/?page_id=193"},"modified":"2025-04-30T10:36:28","modified_gmt":"2025-04-30T10:36:28","slug":"autres-publications","status":"publish","type":"page","link":"https:\/\/hebergement.universite-paris-saclay.fr\/brigaud\/publications\/autres-publications\/","title":{"rendered":"Articles dans des revues nationales"},"content":{"rendered":"\n<h2 class=\"wp-block-heading\">2014<\/h2>\n\n\n\n<p>Pellenard, P., <strong>Brigaud, B<\/strong>., Dera, G., Neige, P. 2014. Quoi de neuf au Jurassique en France ? <em>G\u00e9ologues<\/em>. 180: 53-59 <a href=\"http:\/\/hebergement.u-psud.fr\/brigaud\/wp-admin\/uploads\/Pellenard-et-al-Ge%CC%81ologues-2014-180-p53-a%CC%80-59.pdf\" target=\"_blank\" rel=\"noreferrer noopener\">PDF<\/a><\/p>\n\n\n\n<p><\/p>\n\n\n\n<hr class=\"wp-block-separator has-alpha-channel-opacity\"\/>\n\n\n\n<h2 class=\"wp-block-heading\">2009<\/h2>\n\n\n<div class=\"wp-block-image\">\n<figure class=\"alignleft is-resized\"><a href=\"http:\/\/hebergement.u-psud.fr\/brigaud\/publications\/cover_ubsciences\/\" target=\"_blank\" rel=\"noreferrer noopener\"><img loading=\"lazy\" decoding=\"async\" width=\"78\" height=\"97\" src=\"http:\/\/hebergement.u-psud.fr\/brigaud\/wp-admin\/uploads\/cover_uBsciences.png\" alt=\"\" class=\"wp-image-83\" style=\"width:80px;height:undefinedpx\"\/><\/a><\/figure>\n<\/div>\n\n\n<p><strong>Brigaud, B<\/strong>., Deconinck, J.-F., Durlet, C., Pellenard, P., Thierry, J., Trouiller, A. et Vincent, B., 2009.<br>Le stockage de d\u00e9chets radioactifs en couches g\u00e9ologiques profondes. <em>uB Sciences<\/em>. 4, 111-121 <a href=\"http:\/\/hebergement.u-psud.fr\/brigaud\/wp-admin\/uploads\/2009_Brigaud_uBsciences.pdf\" target=\"_blank\" rel=\"noopener noreferrer\">PDF<\/a><\/p>\n\n\n\n<p><\/p>\n\n\n\n<hr class=\"wp-block-separator has-alpha-channel-opacity\"\/>\n\n\n\n<h2 class=\"wp-block-heading\">2008<\/h2>\n\n\n<div class=\"wp-block-image\">\n<figure class=\"alignleft is-resized\"><a href=\"http:\/\/hebergement.u-psud.fr\/brigaud\/publications\/autres-publications\/cover_chvv-3\/\"><img loading=\"lazy\" decoding=\"async\" width=\"120\" height=\"180\" src=\"http:\/\/hebergement.u-psud.fr\/brigaud\/wp-admin\/uploads\/cover_CHVV2.jpg\" alt=\"\" class=\"wp-image-194\" style=\"width:80px;height:undefinedpx\"\/><\/a><\/figure>\n<\/div>\n\n\n<p>Garcia, J.-P., Petit, C., Quiquerez, A., Brenot, J. (collab), Combaud, A., (collab), <strong>Brigaud, B<\/strong>. (collab), Petrovic, M. (collab)., 2008. Donn\u00e9es nouvelles de datation des substrats du vignoble en C\u00f4te de Beaune et en C\u00f4te de Nuits : contribution \u00e0 l&rsquo;histoire longue des terroirs viticole. <em>Cahiers d&rsquo;histoire de la vigne et du vin<\/em>. 8, 5-11 <a href=\"http:\/\/hebergement.u-psud.fr\/brigaud\/wp-admin\/uploads\/2008_garcia_et_al-2_CHVV.pdf\" target=\"_blank\" rel=\"noopener noreferrer\">PDF<\/a><\/p>\n\n\n\n<hr class=\"wp-block-separator has-alpha-channel-opacity\"\/>\n\n\n\n<h2 class=\"wp-block-heading\">2006<\/h2>\n\n\n<div class=\"wp-block-image\">\n<figure class=\"alignleft\"><a href=\"http:\/\/hebergement.u-psud.fr\/brigaud\/publications\/autres-publications\/cover_bn-3\/\"><img loading=\"lazy\" decoding=\"async\" width=\"80\" height=\"117\" src=\"http:\/\/hebergement.u-psud.fr\/brigaud\/wp-admin\/uploads\/cover_BN2.jpg\" alt=\"\" class=\"wp-image-195\"\/><\/a><\/figure>\n<\/div>\n\n\n<p><strong>Brigaud, B<\/strong>., Gand, G. et Bonvalot, J., 2006.<br>Etude de deux formations carbonif\u00e8res du Morvan m\u00e9ridional dans le cadre de l&rsquo;orogen\u00e8se hercynienne. <em>Revue Scientifique Bourgogne-Nature<\/em>. 3, 37-54 <a href=\"http:\/\/hebergement.u-psud.fr\/brigaud\/wp-admin\/uploads\/2006_Brigaud_RevSciBourgogneNature.pdf\" target=\"_blank\" rel=\"noopener noreferrer\">PDF<\/a><\/p>\n","protected":false},"excerpt":{"rendered":"<p>2014 Pellenard, P., Brigaud, B., Dera, G., Neige, P. 2014. Quoi de neuf au Jurassique en France ? G\u00e9ologues. 180: 53-59 PDF 2009 Brigaud, B., Deconinck, J.-F., Durlet, C., Pellenard, P., Thierry, J., Trouiller, A. et Vincent, B., 2009.Le stockage de d\u00e9chets radioactifs en couches g\u00e9ologiques profondes. uB Sciences. 4, 111-121 PDF 2008 Garcia, J.-P., [&hellip;]<\/p>\n","protected":false},"author":1,"featured_media":0,"parent":18,"menu_order":2,"comment_status":"closed","ping_status":"open","template":"","meta":{"ngg_post_thumbnail":0,"footnotes":""},"class_list":["post-193","page","type-page","status-publish","hentry","post-preview"],"yoast_head":"<!-- This site is optimized with the Yoast SEO plugin v26.7 - https:\/\/yoast.com\/wordpress\/plugins\/seo\/ -->\n<title>Articles dans des revues nationales - benjamin brigaud<\/title>\n<meta name=\"robots\" content=\"index, follow, max-snippet:-1, max-image-preview:large, max-video-preview:-1\" \/>\n<link rel=\"canonical\" href=\"https:\/\/hebergement.universite-paris-saclay.fr\/brigaud\/publications\/autres-publications\/\" \/>\n<meta property=\"og:locale\" content=\"fr_FR\" \/>\n<meta property=\"og:type\" content=\"article\" \/>\n<meta property=\"og:title\" content=\"Articles dans des revues nationales - benjamin brigaud\" \/>\n<meta property=\"og:description\" content=\"2014 Pellenard, P., Brigaud, B., Dera, G., Neige, P. 2014. Quoi de neuf au Jurassique en France ? G\u00e9ologues. 180: 53-59 PDF 2009 Brigaud, B., Deconinck, J.-F., Durlet, C., Pellenard, P., Thierry, J., Trouiller, A. et Vincent, B., 2009.Le stockage de d\u00e9chets radioactifs en couches g\u00e9ologiques profondes. uB Sciences. 4, 111-121 PDF 2008 Garcia, J.-P., [&hellip;]\" \/>\n<meta property=\"og:url\" content=\"https:\/\/hebergement.universite-paris-saclay.fr\/brigaud\/publications\/autres-publications\/\" \/>\n<meta property=\"og:site_name\" content=\"benjamin brigaud\" \/>\n<meta property=\"article:modified_time\" content=\"2025-04-30T10:36:28+00:00\" \/>\n<meta property=\"og:image\" content=\"http:\/\/hebergement.u-psud.fr\/brigaud\/wp-admin\/uploads\/cover_uBsciences.png\" \/>\n<meta name=\"twitter:card\" content=\"summary_large_image\" \/>\n<script type=\"application\/ld+json\" class=\"yoast-schema-graph\">{\"@context\":\"https:\/\/schema.org\",\"@graph\":[{\"@type\":\"WebPage\",\"@id\":\"https:\/\/hebergement.universite-paris-saclay.fr\/brigaud\/publications\/autres-publications\/\",\"url\":\"https:\/\/hebergement.universite-paris-saclay.fr\/brigaud\/publications\/autres-publications\/\",\"name\":\"Articles dans des revues nationales - benjamin brigaud\",\"isPartOf\":{\"@id\":\"https:\/\/hebergement.universite-paris-saclay.fr\/brigaud\/#website\"},\"primaryImageOfPage\":{\"@id\":\"https:\/\/hebergement.universite-paris-saclay.fr\/brigaud\/publications\/autres-publications\/#primaryimage\"},\"image\":{\"@id\":\"https:\/\/hebergement.universite-paris-saclay.fr\/brigaud\/publications\/autres-publications\/#primaryimage\"},\"thumbnailUrl\":\"http:\/\/hebergement.u-psud.fr\/brigaud\/wp-admin\/uploads\/cover_uBsciences.png\",\"datePublished\":\"2012-04-18T12:45:01+00:00\",\"dateModified\":\"2025-04-30T10:36:28+00:00\",\"breadcrumb\":{\"@id\":\"https:\/\/hebergement.universite-paris-saclay.fr\/brigaud\/publications\/autres-publications\/#breadcrumb\"},\"inLanguage\":\"fr-FR\",\"potentialAction\":[{\"@type\":\"ReadAction\",\"target\":[\"https:\/\/hebergement.universite-paris-saclay.fr\/brigaud\/publications\/autres-publications\/\"]}]},{\"@type\":\"ImageObject\",\"inLanguage\":\"fr-FR\",\"@id\":\"https:\/\/hebergement.universite-paris-saclay.fr\/brigaud\/publications\/autres-publications\/#primaryimage\",\"url\":\"http:\/\/hebergement.u-psud.fr\/brigaud\/wp-admin\/uploads\/cover_uBsciences.png\",\"contentUrl\":\"http:\/\/hebergement.u-psud.fr\/brigaud\/wp-admin\/uploads\/cover_uBsciences.png\"},{\"@type\":\"BreadcrumbList\",\"@id\":\"https:\/\/hebergement.universite-paris-saclay.fr\/brigaud\/publications\/autres-publications\/#breadcrumb\",\"itemListElement\":[{\"@type\":\"ListItem\",\"position\":1,\"name\":\"Accueil\",\"item\":\"https:\/\/hebergement.universite-paris-saclay.fr\/brigaud\/\"},{\"@type\":\"ListItem\",\"position\":2,\"name\":\"Publications\",\"item\":\"https:\/\/hebergement.universite-paris-saclay.fr\/brigaud\/publications\/\"},{\"@type\":\"ListItem\",\"position\":3,\"name\":\"Articles dans des revues nationales\"}]},{\"@type\":\"WebSite\",\"@id\":\"https:\/\/hebergement.universite-paris-saclay.fr\/brigaud\/#website\",\"url\":\"https:\/\/hebergement.universite-paris-saclay.fr\/brigaud\/\",\"name\":\"benjamin brigaud\",\"description\":\"s\u00e9dimentologue\",\"publisher\":{\"@id\":\"https:\/\/hebergement.universite-paris-saclay.fr\/brigaud\/#organization\"},\"potentialAction\":[{\"@type\":\"SearchAction\",\"target\":{\"@type\":\"EntryPoint\",\"urlTemplate\":\"https:\/\/hebergement.universite-paris-saclay.fr\/brigaud\/?s={search_term_string}\"},\"query-input\":{\"@type\":\"PropertyValueSpecification\",\"valueRequired\":true,\"valueName\":\"search_term_string\"}}],\"inLanguage\":\"fr-FR\"},{\"@type\":\"Organization\",\"@id\":\"https:\/\/hebergement.universite-paris-saclay.fr\/brigaud\/#organization\",\"name\":\"Universit\u00e9 Paris-Saclay\",\"url\":\"https:\/\/hebergement.universite-paris-saclay.fr\/brigaud\/\",\"logo\":{\"@type\":\"ImageObject\",\"inLanguage\":\"fr-FR\",\"@id\":\"https:\/\/hebergement.universite-paris-saclay.fr\/brigaud\/#\/schema\/logo\/image\/\",\"url\":\"http:\/\/hebergement.universite-paris-saclay.fr\/brigaud\/wp-admin\/uploads\/UPSACLAY-2020.png\",\"contentUrl\":\"http:\/\/hebergement.universite-paris-saclay.fr\/brigaud\/wp-admin\/uploads\/UPSACLAY-2020.png\",\"width\":178,\"height\":80,\"caption\":\"Universit\u00e9 Paris-Saclay\"},\"image\":{\"@id\":\"https:\/\/hebergement.universite-paris-saclay.fr\/brigaud\/#\/schema\/logo\/image\/\"}}]}<\/script>\n<!-- \/ Yoast SEO plugin. -->","yoast_head_json":{"title":"Articles dans des revues nationales - benjamin brigaud","robots":{"index":"index","follow":"follow","max-snippet":"max-snippet:-1","max-image-preview":"max-image-preview:large","max-video-preview":"max-video-preview:-1"},"canonical":"https:\/\/hebergement.universite-paris-saclay.fr\/brigaud\/publications\/autres-publications\/","og_locale":"fr_FR","og_type":"article","og_title":"Articles dans des revues nationales - benjamin brigaud","og_description":"2014 Pellenard, P., Brigaud, B., Dera, G., Neige, P. 2014. Quoi de neuf au Jurassique en France ? G\u00e9ologues. 180: 53-59 PDF 2009 Brigaud, B., Deconinck, J.-F., Durlet, C., Pellenard, P., Thierry, J., Trouiller, A. et Vincent, B., 2009.Le stockage de d\u00e9chets radioactifs en couches g\u00e9ologiques profondes. uB Sciences. 4, 111-121 PDF 2008 Garcia, J.-P., [&hellip;]","og_url":"https:\/\/hebergement.universite-paris-saclay.fr\/brigaud\/publications\/autres-publications\/","og_site_name":"benjamin brigaud","article_modified_time":"2025-04-30T10:36:28+00:00","og_image":[{"url":"http:\/\/hebergement.u-psud.fr\/brigaud\/wp-admin\/uploads\/cover_uBsciences.png","type":"","width":"","height":""}],"twitter_card":"summary_large_image","schema":{"@context":"https:\/\/schema.org","@graph":[{"@type":"WebPage","@id":"https:\/\/hebergement.universite-paris-saclay.fr\/brigaud\/publications\/autres-publications\/","url":"https:\/\/hebergement.universite-paris-saclay.fr\/brigaud\/publications\/autres-publications\/","name":"Articles dans des revues nationales - benjamin brigaud","isPartOf":{"@id":"https:\/\/hebergement.universite-paris-saclay.fr\/brigaud\/#website"},"primaryImageOfPage":{"@id":"https:\/\/hebergement.universite-paris-saclay.fr\/brigaud\/publications\/autres-publications\/#primaryimage"},"image":{"@id":"https:\/\/hebergement.universite-paris-saclay.fr\/brigaud\/publications\/autres-publications\/#primaryimage"},"thumbnailUrl":"http:\/\/hebergement.u-psud.fr\/brigaud\/wp-admin\/uploads\/cover_uBsciences.png","datePublished":"2012-04-18T12:45:01+00:00","dateModified":"2025-04-30T10:36:28+00:00","breadcrumb":{"@id":"https:\/\/hebergement.universite-paris-saclay.fr\/brigaud\/publications\/autres-publications\/#breadcrumb"},"inLanguage":"fr-FR","potentialAction":[{"@type":"ReadAction","target":["https:\/\/hebergement.universite-paris-saclay.fr\/brigaud\/publications\/autres-publications\/"]}]},{"@type":"ImageObject","inLanguage":"fr-FR","@id":"https:\/\/hebergement.universite-paris-saclay.fr\/brigaud\/publications\/autres-publications\/#primaryimage","url":"http:\/\/hebergement.u-psud.fr\/brigaud\/wp-admin\/uploads\/cover_uBsciences.png","contentUrl":"http:\/\/hebergement.u-psud.fr\/brigaud\/wp-admin\/uploads\/cover_uBsciences.png"},{"@type":"BreadcrumbList","@id":"https:\/\/hebergement.universite-paris-saclay.fr\/brigaud\/publications\/autres-publications\/#breadcrumb","itemListElement":[{"@type":"ListItem","position":1,"name":"Accueil","item":"https:\/\/hebergement.universite-paris-saclay.fr\/brigaud\/"},{"@type":"ListItem","position":2,"name":"Publications","item":"https:\/\/hebergement.universite-paris-saclay.fr\/brigaud\/publications\/"},{"@type":"ListItem","position":3,"name":"Articles dans des revues nationales"}]},{"@type":"WebSite","@id":"https:\/\/hebergement.universite-paris-saclay.fr\/brigaud\/#website","url":"https:\/\/hebergement.universite-paris-saclay.fr\/brigaud\/","name":"benjamin brigaud","description":"s\u00e9dimentologue","publisher":{"@id":"https:\/\/hebergement.universite-paris-saclay.fr\/brigaud\/#organization"},"potentialAction":[{"@type":"SearchAction","target":{"@type":"EntryPoint","urlTemplate":"https:\/\/hebergement.universite-paris-saclay.fr\/brigaud\/?s={search_term_string}"},"query-input":{"@type":"PropertyValueSpecification","valueRequired":true,"valueName":"search_term_string"}}],"inLanguage":"fr-FR"},{"@type":"Organization","@id":"https:\/\/hebergement.universite-paris-saclay.fr\/brigaud\/#organization","name":"Universit\u00e9 Paris-Saclay","url":"https:\/\/hebergement.universite-paris-saclay.fr\/brigaud\/","logo":{"@type":"ImageObject","inLanguage":"fr-FR","@id":"https:\/\/hebergement.universite-paris-saclay.fr\/brigaud\/#\/schema\/logo\/image\/","url":"http:\/\/hebergement.universite-paris-saclay.fr\/brigaud\/wp-admin\/uploads\/UPSACLAY-2020.png","contentUrl":"http:\/\/hebergement.universite-paris-saclay.fr\/brigaud\/wp-admin\/uploads\/UPSACLAY-2020.png","width":178,"height":80,"caption":"Universit\u00e9 Paris-Saclay"},"image":{"@id":"https:\/\/hebergement.universite-paris-saclay.fr\/brigaud\/#\/schema\/logo\/image\/"}}]}},"_links":{"self":[{"href":"https:\/\/hebergement.universite-paris-saclay.fr\/brigaud\/wp-json\/wp\/v2\/pages\/193","targetHints":{"allow":["GET"]}}],"collection":[{"href":"https:\/\/hebergement.universite-paris-saclay.fr\/brigaud\/wp-json\/wp\/v2\/pages"}],"about":[{"href":"https:\/\/hebergement.universite-paris-saclay.fr\/brigaud\/wp-json\/wp\/v2\/types\/page"}],"author":[{"embeddable":true,"href":"https:\/\/hebergement.universite-paris-saclay.fr\/brigaud\/wp-json\/wp\/v2\/users\/1"}],"replies":[{"embeddable":true,"href":"https:\/\/hebergement.universite-paris-saclay.fr\/brigaud\/wp-json\/wp\/v2\/comments?post=193"}],"version-history":[{"count":41,"href":"https:\/\/hebergement.universite-paris-saclay.fr\/brigaud\/wp-json\/wp\/v2\/pages\/193\/revisions"}],"predecessor-version":[{"id":3406,"href":"https:\/\/hebergement.universite-paris-saclay.fr\/brigaud\/wp-json\/wp\/v2\/pages\/193\/revisions\/3406"}],"up":[{"embeddable":true,"href":"https:\/\/hebergement.universite-paris-saclay.fr\/brigaud\/wp-json\/wp\/v2\/pages\/18"}],"wp:attachment":[{"href":"https:\/\/hebergement.universite-paris-saclay.fr\/brigaud\/wp-json\/wp\/v2\/media?parent=193"}],"curies":[{"name":"wp","href":"https:\/\/api.w.org\/{rel}","templated":true}]}}