{"id":2205,"date":"2018-01-03T17:15:57","date_gmt":"2018-01-03T17:15:57","guid":{"rendered":"http:\/\/hebergement.u-psud.fr\/brigaud\/?page_id=2205"},"modified":"2023-08-19T14:24:43","modified_gmt":"2023-08-19T14:24:43","slug":"news-internationales","status":"publish","type":"page","link":"https:\/\/hebergement.universite-paris-saclay.fr\/brigaud\/media\/news-internationales\/","title":{"rendered":"News internationales"},"content":{"rendered":"<p><a href=\"http:\/\/hebergement.u-psud.fr\/brigaud\/wp-admin\/uploads\/Capture-d\u2019e\u0301cran-2018-01-03-a\u0300-18.35.10.png\"><img loading=\"lazy\" decoding=\"async\" class=\"alignleft size-full wp-image-2232\" src=\"http:\/\/hebergement.u-psud.fr\/brigaud\/wp-admin\/uploads\/Capture-d\u2019e\u0301cran-2018-01-03-a\u0300-18.35.10.png\" alt=\"\" width=\"2154\" height=\"580\" srcset=\"https:\/\/hebergement.universite-paris-saclay.fr\/brigaud\/wp-admin\/uploads\/Capture-d\u2019e\u0301cran-2018-01-03-a\u0300-18.35.10.png 2154w, https:\/\/hebergement.universite-paris-saclay.fr\/brigaud\/wp-admin\/uploads\/Capture-d\u2019e\u0301cran-2018-01-03-a\u0300-18.35.10-300x81.png 300w, https:\/\/hebergement.universite-paris-saclay.fr\/brigaud\/wp-admin\/uploads\/Capture-d\u2019e\u0301cran-2018-01-03-a\u0300-18.35.10-768x207.png 768w, https:\/\/hebergement.universite-paris-saclay.fr\/brigaud\/wp-admin\/uploads\/Capture-d\u2019e\u0301cran-2018-01-03-a\u0300-18.35.10-1024x276.png 1024w\" sizes=\"auto, (max-width: 2154px) 100vw, 2154px\" \/><\/a>Retrouvez l&rsquo;article dans le volume 92 num\u00e9ro 40 du 4 octobre 2011 dans EOS r\u00e9sumant l&rsquo;\u00e9tude de Yannick Donnadieu, Gilles Dromart, Yves Godd\u00e9ris, Emmanuelle Puc\u00e9at, <strong>Benjamin Brigaud<\/strong>, Guillaume Dera, Christophe Dumas, Nicolas Olivier intitul\u00e9e \u00ab\u00a0A mechanism for brief glacial episodes in the Mesozoic greenhouse\u00a0\u00bb parue dans la revue <em><a href=\"http:\/\/dx.doi.org\/10.1029\/2010PA002100\" target=\"_blank\" rel=\"noopener noreferrer\">Paleoceanography<\/a><\/em> n\u00b026, PA3212 [<a href=\"http:\/\/hebergement.u-psud.fr\/brigaud\/wp-admin\/uploads\/2010PA002100.pdf\" target=\"_blank\" rel=\"noopener noreferrer\">PDF<\/a>] en 2011.<\/p>\n<p><a href=\"http:\/\/hebergement.u-psud.fr\/brigaud\/wp-admin\/uploads\/Capture-d\u2019e\u0301cran-2018-01-03-a\u0300-19.11.00.png\"><img loading=\"lazy\" decoding=\"async\" class=\"wp-image-2234 aligncenter\" src=\"http:\/\/hebergement.u-psud.fr\/brigaud\/wp-admin\/uploads\/Capture-d\u2019e\u0301cran-2018-01-03-a\u0300-19.11.00.png\" alt=\"\" width=\"609\" height=\"515\" srcset=\"https:\/\/hebergement.universite-paris-saclay.fr\/brigaud\/wp-admin\/uploads\/Capture-d\u2019e\u0301cran-2018-01-03-a\u0300-19.11.00.png 1046w, https:\/\/hebergement.universite-paris-saclay.fr\/brigaud\/wp-admin\/uploads\/Capture-d\u2019e\u0301cran-2018-01-03-a\u0300-19.11.00-300x254.png 300w, https:\/\/hebergement.universite-paris-saclay.fr\/brigaud\/wp-admin\/uploads\/Capture-d\u2019e\u0301cran-2018-01-03-a\u0300-19.11.00-768x649.png 768w, https:\/\/hebergement.universite-paris-saclay.fr\/brigaud\/wp-admin\/uploads\/Capture-d\u2019e\u0301cran-2018-01-03-a\u0300-19.11.00-1024x865.png 1024w\" sizes=\"auto, (max-width: 609px) 100vw, 609px\" \/><\/a><\/p>\n<p style=\"text-align: center;\"><a href=\"http:\/\/hebergement.u-psud.fr\/brigaud\/wp-admin\/uploads\/Capture-d\u2019e\u0301cran-2018-01-03-a\u0300-19.11.00.png\"><a href=\"https:\/\/hebergement.universite-paris-saclay.fr\/brigaud\/?ddownload=2231\" title=\"T\u00e9l\u00e9chargement\" rel=\"nofollow\" class=\"ddownload-button button-blue id-2231 ext-pdf\">T\u00e9l\u00e9chargement<\/a><\/a><\/p>\n","protected":false},"excerpt":{"rendered":"<p>Retrouvez l&rsquo;article dans le volume 92 num\u00e9ro 40 du 4 octobre 2011 dans EOS r\u00e9sumant l&rsquo;\u00e9tude de Yannick Donnadieu, Gilles Dromart, Yves Godd\u00e9ris, Emmanuelle Puc\u00e9at, Benjamin Brigaud, Guillaume Dera, Christophe Dumas, Nicolas Olivier intitul\u00e9e \u00ab\u00a0A mechanism for brief glacial episodes in the Mesozoic greenhouse\u00a0\u00bb parue dans la revue Paleoceanography n\u00b026, PA3212 [PDF] en 2011.<\/p>\n","protected":false},"author":1,"featured_media":0,"parent":214,"menu_order":5,"comment_status":"closed","ping_status":"closed","template":"","meta":{"ngg_post_thumbnail":0,"footnotes":""},"class_list":["post-2205","page","type-page","status-publish","hentry","post-preview"],"yoast_head":"<!-- This site is optimized with the Yoast SEO plugin v26.7 - https:\/\/yoast.com\/wordpress\/plugins\/seo\/ -->\n<title>News internationales - benjamin brigaud<\/title>\n<meta name=\"robots\" content=\"index, follow, max-snippet:-1, max-image-preview:large, max-video-preview:-1\" \/>\n<link rel=\"canonical\" href=\"https:\/\/hebergement.universite-paris-saclay.fr\/brigaud\/media\/news-internationales\/\" \/>\n<meta property=\"og:locale\" content=\"fr_FR\" \/>\n<meta property=\"og:type\" content=\"article\" \/>\n<meta property=\"og:title\" content=\"News internationales - benjamin brigaud\" \/>\n<meta property=\"og:description\" content=\"Retrouvez l&rsquo;article dans le volume 92 num\u00e9ro 40 du 4 octobre 2011 dans EOS r\u00e9sumant l&rsquo;\u00e9tude de Yannick Donnadieu, Gilles Dromart, Yves Godd\u00e9ris, Emmanuelle Puc\u00e9at, Benjamin Brigaud, Guillaume Dera, Christophe Dumas, Nicolas Olivier intitul\u00e9e \u00ab\u00a0A mechanism for brief glacial episodes in the Mesozoic greenhouse\u00a0\u00bb parue dans la revue Paleoceanography n\u00b026, PA3212 [PDF] en 2011.\" \/>\n<meta property=\"og:url\" content=\"https:\/\/hebergement.universite-paris-saclay.fr\/brigaud\/media\/news-internationales\/\" \/>\n<meta property=\"og:site_name\" content=\"benjamin brigaud\" \/>\n<meta property=\"article:modified_time\" content=\"2023-08-19T14:24:43+00:00\" \/>\n<meta name=\"twitter:card\" content=\"summary_large_image\" \/>\n<meta name=\"twitter:label1\" content=\"Dur\u00e9e de lecture estim\u00e9e\" \/>\n\t<meta name=\"twitter:data1\" content=\"1 minute\" \/>\n<script type=\"application\/ld+json\" class=\"yoast-schema-graph\">{\"@context\":\"https:\/\/schema.org\",\"@graph\":[{\"@type\":\"WebPage\",\"@id\":\"https:\/\/hebergement.universite-paris-saclay.fr\/brigaud\/media\/news-internationales\/\",\"url\":\"https:\/\/hebergement.universite-paris-saclay.fr\/brigaud\/media\/news-internationales\/\",\"name\":\"News internationales - benjamin brigaud\",\"isPartOf\":{\"@id\":\"https:\/\/hebergement.universite-paris-saclay.fr\/brigaud\/#website\"},\"datePublished\":\"2018-01-03T17:15:57+00:00\",\"dateModified\":\"2023-08-19T14:24:43+00:00\",\"breadcrumb\":{\"@id\":\"https:\/\/hebergement.universite-paris-saclay.fr\/brigaud\/media\/news-internationales\/#breadcrumb\"},\"inLanguage\":\"fr-FR\",\"potentialAction\":[{\"@type\":\"ReadAction\",\"target\":[\"https:\/\/hebergement.universite-paris-saclay.fr\/brigaud\/media\/news-internationales\/\"]}]},{\"@type\":\"BreadcrumbList\",\"@id\":\"https:\/\/hebergement.universite-paris-saclay.fr\/brigaud\/media\/news-internationales\/#breadcrumb\",\"itemListElement\":[{\"@type\":\"ListItem\",\"position\":1,\"name\":\"Accueil\",\"item\":\"https:\/\/hebergement.universite-paris-saclay.fr\/brigaud\/\"},{\"@type\":\"ListItem\",\"position\":2,\"name\":\"M\u00e9dia\",\"item\":\"http:\/\/hebergement.universite-paris-saclay.fr\/brigaud\/media\/\"},{\"@type\":\"ListItem\",\"position\":3,\"name\":\"News internationales\"}]},{\"@type\":\"WebSite\",\"@id\":\"https:\/\/hebergement.universite-paris-saclay.fr\/brigaud\/#website\",\"url\":\"https:\/\/hebergement.universite-paris-saclay.fr\/brigaud\/\",\"name\":\"benjamin brigaud\",\"description\":\"s\u00e9dimentologue\",\"publisher\":{\"@id\":\"https:\/\/hebergement.universite-paris-saclay.fr\/brigaud\/#organization\"},\"potentialAction\":[{\"@type\":\"SearchAction\",\"target\":{\"@type\":\"EntryPoint\",\"urlTemplate\":\"https:\/\/hebergement.universite-paris-saclay.fr\/brigaud\/?s={search_term_string}\"},\"query-input\":{\"@type\":\"PropertyValueSpecification\",\"valueRequired\":true,\"valueName\":\"search_term_string\"}}],\"inLanguage\":\"fr-FR\"},{\"@type\":\"Organization\",\"@id\":\"https:\/\/hebergement.universite-paris-saclay.fr\/brigaud\/#organization\",\"name\":\"Universit\u00e9 Paris-Saclay\",\"url\":\"https:\/\/hebergement.universite-paris-saclay.fr\/brigaud\/\",\"logo\":{\"@type\":\"ImageObject\",\"inLanguage\":\"fr-FR\",\"@id\":\"https:\/\/hebergement.universite-paris-saclay.fr\/brigaud\/#\/schema\/logo\/image\/\",\"url\":\"http:\/\/hebergement.universite-paris-saclay.fr\/brigaud\/wp-admin\/uploads\/UPSACLAY-2020.png\",\"contentUrl\":\"http:\/\/hebergement.universite-paris-saclay.fr\/brigaud\/wp-admin\/uploads\/UPSACLAY-2020.png\",\"width\":178,\"height\":80,\"caption\":\"Universit\u00e9 Paris-Saclay\"},\"image\":{\"@id\":\"https:\/\/hebergement.universite-paris-saclay.fr\/brigaud\/#\/schema\/logo\/image\/\"}}]}<\/script>\n<!-- \/ Yoast SEO plugin. -->","yoast_head_json":{"title":"News internationales - benjamin brigaud","robots":{"index":"index","follow":"follow","max-snippet":"max-snippet:-1","max-image-preview":"max-image-preview:large","max-video-preview":"max-video-preview:-1"},"canonical":"https:\/\/hebergement.universite-paris-saclay.fr\/brigaud\/media\/news-internationales\/","og_locale":"fr_FR","og_type":"article","og_title":"News internationales - benjamin brigaud","og_description":"Retrouvez l&rsquo;article dans le volume 92 num\u00e9ro 40 du 4 octobre 2011 dans EOS r\u00e9sumant l&rsquo;\u00e9tude de Yannick Donnadieu, Gilles Dromart, Yves Godd\u00e9ris, Emmanuelle Puc\u00e9at, Benjamin Brigaud, Guillaume Dera, Christophe Dumas, Nicolas Olivier intitul\u00e9e \u00ab\u00a0A mechanism for brief glacial episodes in the Mesozoic greenhouse\u00a0\u00bb parue dans la revue Paleoceanography n\u00b026, PA3212 [PDF] en 2011.","og_url":"https:\/\/hebergement.universite-paris-saclay.fr\/brigaud\/media\/news-internationales\/","og_site_name":"benjamin brigaud","article_modified_time":"2023-08-19T14:24:43+00:00","twitter_card":"summary_large_image","twitter_misc":{"Dur\u00e9e de lecture estim\u00e9e":"1 minute"},"schema":{"@context":"https:\/\/schema.org","@graph":[{"@type":"WebPage","@id":"https:\/\/hebergement.universite-paris-saclay.fr\/brigaud\/media\/news-internationales\/","url":"https:\/\/hebergement.universite-paris-saclay.fr\/brigaud\/media\/news-internationales\/","name":"News internationales - benjamin brigaud","isPartOf":{"@id":"https:\/\/hebergement.universite-paris-saclay.fr\/brigaud\/#website"},"datePublished":"2018-01-03T17:15:57+00:00","dateModified":"2023-08-19T14:24:43+00:00","breadcrumb":{"@id":"https:\/\/hebergement.universite-paris-saclay.fr\/brigaud\/media\/news-internationales\/#breadcrumb"},"inLanguage":"fr-FR","potentialAction":[{"@type":"ReadAction","target":["https:\/\/hebergement.universite-paris-saclay.fr\/brigaud\/media\/news-internationales\/"]}]},{"@type":"BreadcrumbList","@id":"https:\/\/hebergement.universite-paris-saclay.fr\/brigaud\/media\/news-internationales\/#breadcrumb","itemListElement":[{"@type":"ListItem","position":1,"name":"Accueil","item":"https:\/\/hebergement.universite-paris-saclay.fr\/brigaud\/"},{"@type":"ListItem","position":2,"name":"M\u00e9dia","item":"http:\/\/hebergement.universite-paris-saclay.fr\/brigaud\/media\/"},{"@type":"ListItem","position":3,"name":"News internationales"}]},{"@type":"WebSite","@id":"https:\/\/hebergement.universite-paris-saclay.fr\/brigaud\/#website","url":"https:\/\/hebergement.universite-paris-saclay.fr\/brigaud\/","name":"benjamin brigaud","description":"s\u00e9dimentologue","publisher":{"@id":"https:\/\/hebergement.universite-paris-saclay.fr\/brigaud\/#organization"},"potentialAction":[{"@type":"SearchAction","target":{"@type":"EntryPoint","urlTemplate":"https:\/\/hebergement.universite-paris-saclay.fr\/brigaud\/?s={search_term_string}"},"query-input":{"@type":"PropertyValueSpecification","valueRequired":true,"valueName":"search_term_string"}}],"inLanguage":"fr-FR"},{"@type":"Organization","@id":"https:\/\/hebergement.universite-paris-saclay.fr\/brigaud\/#organization","name":"Universit\u00e9 Paris-Saclay","url":"https:\/\/hebergement.universite-paris-saclay.fr\/brigaud\/","logo":{"@type":"ImageObject","inLanguage":"fr-FR","@id":"https:\/\/hebergement.universite-paris-saclay.fr\/brigaud\/#\/schema\/logo\/image\/","url":"http:\/\/hebergement.universite-paris-saclay.fr\/brigaud\/wp-admin\/uploads\/UPSACLAY-2020.png","contentUrl":"http:\/\/hebergement.universite-paris-saclay.fr\/brigaud\/wp-admin\/uploads\/UPSACLAY-2020.png","width":178,"height":80,"caption":"Universit\u00e9 Paris-Saclay"},"image":{"@id":"https:\/\/hebergement.universite-paris-saclay.fr\/brigaud\/#\/schema\/logo\/image\/"}}]}},"_links":{"self":[{"href":"https:\/\/hebergement.universite-paris-saclay.fr\/brigaud\/wp-json\/wp\/v2\/pages\/2205","targetHints":{"allow":["GET"]}}],"collection":[{"href":"https:\/\/hebergement.universite-paris-saclay.fr\/brigaud\/wp-json\/wp\/v2\/pages"}],"about":[{"href":"https:\/\/hebergement.universite-paris-saclay.fr\/brigaud\/wp-json\/wp\/v2\/types\/page"}],"author":[{"embeddable":true,"href":"https:\/\/hebergement.universite-paris-saclay.fr\/brigaud\/wp-json\/wp\/v2\/users\/1"}],"replies":[{"embeddable":true,"href":"https:\/\/hebergement.universite-paris-saclay.fr\/brigaud\/wp-json\/wp\/v2\/comments?post=2205"}],"version-history":[{"count":4,"href":"https:\/\/hebergement.universite-paris-saclay.fr\/brigaud\/wp-json\/wp\/v2\/pages\/2205\/revisions"}],"predecessor-version":[{"id":2238,"href":"https:\/\/hebergement.universite-paris-saclay.fr\/brigaud\/wp-json\/wp\/v2\/pages\/2205\/revisions\/2238"}],"up":[{"embeddable":true,"href":"https:\/\/hebergement.universite-paris-saclay.fr\/brigaud\/wp-json\/wp\/v2\/pages\/214"}],"wp:attachment":[{"href":"https:\/\/hebergement.universite-paris-saclay.fr\/brigaud\/wp-json\/wp\/v2\/media?parent=2205"}],"curies":[{"name":"wp","href":"https:\/\/api.w.org\/{rel}","templated":true}]}}