{"id":2207,"date":"2018-01-03T17:17:15","date_gmt":"2018-01-03T17:17:15","guid":{"rendered":"http:\/\/hebergement.u-psud.fr\/brigaud\/?page_id=2207"},"modified":"2023-08-19T14:13:09","modified_gmt":"2023-08-19T14:13:09","slug":"news-andra","status":"publish","type":"page","link":"https:\/\/hebergement.universite-paris-saclay.fr\/brigaud\/media\/news-andra\/","title":{"rendered":"News Andra"},"content":{"rendered":"<p><a href=\"http:\/\/hebergement.u-psud.fr\/brigaud\/383\/\" target=\"_blank\" rel=\"noopener\"><img loading=\"lazy\" decoding=\"async\" class=\"alignleft wp-image-2271\" src=\"http:\/\/hebergement.u-psud.fr\/brigaud\/wp-admin\/uploads\/Capture-d\u2019e\u0301cran-2018-01-04-a\u0300-15.10.28.png\" alt=\"\" width=\"317\" height=\"214\" srcset=\"https:\/\/hebergement.universite-paris-saclay.fr\/brigaud\/wp-admin\/uploads\/Capture-d\u2019e\u0301cran-2018-01-04-a\u0300-15.10.28.png 874w, https:\/\/hebergement.universite-paris-saclay.fr\/brigaud\/wp-admin\/uploads\/Capture-d\u2019e\u0301cran-2018-01-04-a\u0300-15.10.28-300x203.png 300w, https:\/\/hebergement.universite-paris-saclay.fr\/brigaud\/wp-admin\/uploads\/Capture-d\u2019e\u0301cran-2018-01-04-a\u0300-15.10.28-768x518.png 768w\" sizes=\"auto, (max-width: 317px) 100vw, 317px\" \/><\/a><\/p>\n<p>Envie de faire une th\u00e8se ?<\/p>\n<p>Retrouvez mon t\u00e9moignage sur le d\u00e9roulement d&rsquo;une th\u00e8se dans le livret de l&rsquo;Andra intitul\u00e9 \u00ab\u00a02006-2009 4 ans de recherches scientifiques \u00e0 l&rsquo;Andra pour les projets de stockage\u00a0\u00bb:<\/p>\n<a href=\"https:\/\/hebergement.universite-paris-saclay.fr\/brigaud\/?ddownload=2212\" title=\"T\u00e9l\u00e9chargement\" rel=\"nofollow\" class=\"ddownload-button button-blue id-2212 ext-pdf\">T\u00e9l\u00e9chargement<\/a>\n<p>&nbsp;<\/p>\n<p>&nbsp;<\/p>\n<p>&nbsp;<\/p>\n<p>&nbsp;<\/p>\n<p><a href=\"http:\/\/hebergement.u-psud.fr\/brigaud\/371-10\/\" target=\"_blank\" rel=\"noopener\"><img loading=\"lazy\" decoding=\"async\" class=\"alignleft wp-image-2262\" src=\"http:\/\/hebergement.u-psud.fr\/brigaud\/wp-admin\/uploads\/Capture-d\u2019e\u0301cran-2018-01-04-a\u0300-14.40.27.png\" alt=\"\" width=\"328\" height=\"149\" srcset=\"https:\/\/hebergement.universite-paris-saclay.fr\/brigaud\/wp-admin\/uploads\/Capture-d\u2019e\u0301cran-2018-01-04-a\u0300-14.40.27.png 1944w, https:\/\/hebergement.universite-paris-saclay.fr\/brigaud\/wp-admin\/uploads\/Capture-d\u2019e\u0301cran-2018-01-04-a\u0300-14.40.27-300x136.png 300w, https:\/\/hebergement.universite-paris-saclay.fr\/brigaud\/wp-admin\/uploads\/Capture-d\u2019e\u0301cran-2018-01-04-a\u0300-14.40.27-768x348.png 768w, https:\/\/hebergement.universite-paris-saclay.fr\/brigaud\/wp-admin\/uploads\/Capture-d\u2019e\u0301cran-2018-01-04-a\u0300-14.40.27-1024x465.png 1024w\" sizes=\"auto, (max-width: 328px) 100vw, 328px\" \/><\/a>Retrouvez mon t\u00e9moignage dans le journal de l&rsquo;Andra N\u00b010 du printemps 2012 sur les recherches obtenues par l&rsquo;\u00e9tude du forage profond de Montier-sur-Saultx.<\/p>\n<a href=\"https:\/\/hebergement.universite-paris-saclay.fr\/brigaud\/?ddownload=2264\" title=\"T\u00e9l\u00e9chargement\" rel=\"nofollow\" class=\"ddownload-button button-blue id-2264 ext-pdf\">T\u00e9l\u00e9chargement<\/a>\n<p>&nbsp;<\/p>\n","protected":false},"excerpt":{"rendered":"<p>Envie de faire une th\u00e8se ? Retrouvez mon t\u00e9moignage sur le d\u00e9roulement d&rsquo;une th\u00e8se dans le livret de l&rsquo;Andra intitul\u00e9 \u00ab\u00a02006-2009 4 ans de recherches scientifiques \u00e0 l&rsquo;Andra pour les projets de stockage\u00a0\u00bb: &nbsp; &nbsp; &nbsp; &nbsp; Retrouvez mon t\u00e9moignage dans le journal de l&rsquo;Andra N\u00b010 du printemps 2012 sur les recherches obtenues par l&rsquo;\u00e9tude [&hellip;]<\/p>\n","protected":false},"author":1,"featured_media":0,"parent":214,"menu_order":4,"comment_status":"closed","ping_status":"closed","template":"","meta":{"ngg_post_thumbnail":0,"footnotes":""},"class_list":["post-2207","page","type-page","status-publish","hentry","post-preview"],"yoast_head":"<!-- This site is optimized with the Yoast SEO plugin v26.7 - https:\/\/yoast.com\/wordpress\/plugins\/seo\/ -->\n<title>News Andra - benjamin brigaud<\/title>\n<meta name=\"robots\" content=\"index, follow, max-snippet:-1, max-image-preview:large, max-video-preview:-1\" \/>\n<link rel=\"canonical\" href=\"https:\/\/hebergement.universite-paris-saclay.fr\/brigaud\/media\/news-andra\/\" \/>\n<meta property=\"og:locale\" content=\"fr_FR\" \/>\n<meta property=\"og:type\" content=\"article\" \/>\n<meta property=\"og:title\" content=\"News Andra - benjamin brigaud\" \/>\n<meta property=\"og:description\" content=\"Envie de faire une th\u00e8se ? Retrouvez mon t\u00e9moignage sur le d\u00e9roulement d&rsquo;une th\u00e8se dans le livret de l&rsquo;Andra intitul\u00e9 \u00ab\u00a02006-2009 4 ans de recherches scientifiques \u00e0 l&rsquo;Andra pour les projets de stockage\u00a0\u00bb: &nbsp; &nbsp; &nbsp; &nbsp; Retrouvez mon t\u00e9moignage dans le journal de l&rsquo;Andra N\u00b010 du printemps 2012 sur les recherches obtenues par l&rsquo;\u00e9tude [&hellip;]\" \/>\n<meta property=\"og:url\" content=\"https:\/\/hebergement.universite-paris-saclay.fr\/brigaud\/media\/news-andra\/\" \/>\n<meta property=\"og:site_name\" content=\"benjamin brigaud\" \/>\n<meta property=\"article:modified_time\" content=\"2023-08-19T14:13:09+00:00\" \/>\n<meta name=\"twitter:card\" content=\"summary_large_image\" \/>\n<script type=\"application\/ld+json\" class=\"yoast-schema-graph\">{\"@context\":\"https:\/\/schema.org\",\"@graph\":[{\"@type\":\"WebPage\",\"@id\":\"https:\/\/hebergement.universite-paris-saclay.fr\/brigaud\/media\/news-andra\/\",\"url\":\"https:\/\/hebergement.universite-paris-saclay.fr\/brigaud\/media\/news-andra\/\",\"name\":\"News Andra - benjamin brigaud\",\"isPartOf\":{\"@id\":\"https:\/\/hebergement.universite-paris-saclay.fr\/brigaud\/#website\"},\"datePublished\":\"2018-01-03T17:17:15+00:00\",\"dateModified\":\"2023-08-19T14:13:09+00:00\",\"breadcrumb\":{\"@id\":\"https:\/\/hebergement.universite-paris-saclay.fr\/brigaud\/media\/news-andra\/#breadcrumb\"},\"inLanguage\":\"fr-FR\",\"potentialAction\":[{\"@type\":\"ReadAction\",\"target\":[\"https:\/\/hebergement.universite-paris-saclay.fr\/brigaud\/media\/news-andra\/\"]}]},{\"@type\":\"BreadcrumbList\",\"@id\":\"https:\/\/hebergement.universite-paris-saclay.fr\/brigaud\/media\/news-andra\/#breadcrumb\",\"itemListElement\":[{\"@type\":\"ListItem\",\"position\":1,\"name\":\"Accueil\",\"item\":\"https:\/\/hebergement.universite-paris-saclay.fr\/brigaud\/\"},{\"@type\":\"ListItem\",\"position\":2,\"name\":\"M\u00e9dia\",\"item\":\"http:\/\/hebergement.universite-paris-saclay.fr\/brigaud\/media\/\"},{\"@type\":\"ListItem\",\"position\":3,\"name\":\"News Andra\"}]},{\"@type\":\"WebSite\",\"@id\":\"https:\/\/hebergement.universite-paris-saclay.fr\/brigaud\/#website\",\"url\":\"https:\/\/hebergement.universite-paris-saclay.fr\/brigaud\/\",\"name\":\"benjamin brigaud\",\"description\":\"s\u00e9dimentologue\",\"publisher\":{\"@id\":\"https:\/\/hebergement.universite-paris-saclay.fr\/brigaud\/#organization\"},\"potentialAction\":[{\"@type\":\"SearchAction\",\"target\":{\"@type\":\"EntryPoint\",\"urlTemplate\":\"https:\/\/hebergement.universite-paris-saclay.fr\/brigaud\/?s={search_term_string}\"},\"query-input\":{\"@type\":\"PropertyValueSpecification\",\"valueRequired\":true,\"valueName\":\"search_term_string\"}}],\"inLanguage\":\"fr-FR\"},{\"@type\":\"Organization\",\"@id\":\"https:\/\/hebergement.universite-paris-saclay.fr\/brigaud\/#organization\",\"name\":\"Universit\u00e9 Paris-Saclay\",\"url\":\"https:\/\/hebergement.universite-paris-saclay.fr\/brigaud\/\",\"logo\":{\"@type\":\"ImageObject\",\"inLanguage\":\"fr-FR\",\"@id\":\"https:\/\/hebergement.universite-paris-saclay.fr\/brigaud\/#\/schema\/logo\/image\/\",\"url\":\"http:\/\/hebergement.universite-paris-saclay.fr\/brigaud\/wp-admin\/uploads\/UPSACLAY-2020.png\",\"contentUrl\":\"http:\/\/hebergement.universite-paris-saclay.fr\/brigaud\/wp-admin\/uploads\/UPSACLAY-2020.png\",\"width\":178,\"height\":80,\"caption\":\"Universit\u00e9 Paris-Saclay\"},\"image\":{\"@id\":\"https:\/\/hebergement.universite-paris-saclay.fr\/brigaud\/#\/schema\/logo\/image\/\"}}]}<\/script>\n<!-- \/ Yoast SEO plugin. -->","yoast_head_json":{"title":"News Andra - benjamin brigaud","robots":{"index":"index","follow":"follow","max-snippet":"max-snippet:-1","max-image-preview":"max-image-preview:large","max-video-preview":"max-video-preview:-1"},"canonical":"https:\/\/hebergement.universite-paris-saclay.fr\/brigaud\/media\/news-andra\/","og_locale":"fr_FR","og_type":"article","og_title":"News Andra - benjamin brigaud","og_description":"Envie de faire une th\u00e8se ? Retrouvez mon t\u00e9moignage sur le d\u00e9roulement d&rsquo;une th\u00e8se dans le livret de l&rsquo;Andra intitul\u00e9 \u00ab\u00a02006-2009 4 ans de recherches scientifiques \u00e0 l&rsquo;Andra pour les projets de stockage\u00a0\u00bb: &nbsp; &nbsp; &nbsp; &nbsp; Retrouvez mon t\u00e9moignage dans le journal de l&rsquo;Andra N\u00b010 du printemps 2012 sur les recherches obtenues par l&rsquo;\u00e9tude [&hellip;]","og_url":"https:\/\/hebergement.universite-paris-saclay.fr\/brigaud\/media\/news-andra\/","og_site_name":"benjamin brigaud","article_modified_time":"2023-08-19T14:13:09+00:00","twitter_card":"summary_large_image","schema":{"@context":"https:\/\/schema.org","@graph":[{"@type":"WebPage","@id":"https:\/\/hebergement.universite-paris-saclay.fr\/brigaud\/media\/news-andra\/","url":"https:\/\/hebergement.universite-paris-saclay.fr\/brigaud\/media\/news-andra\/","name":"News Andra - benjamin brigaud","isPartOf":{"@id":"https:\/\/hebergement.universite-paris-saclay.fr\/brigaud\/#website"},"datePublished":"2018-01-03T17:17:15+00:00","dateModified":"2023-08-19T14:13:09+00:00","breadcrumb":{"@id":"https:\/\/hebergement.universite-paris-saclay.fr\/brigaud\/media\/news-andra\/#breadcrumb"},"inLanguage":"fr-FR","potentialAction":[{"@type":"ReadAction","target":["https:\/\/hebergement.universite-paris-saclay.fr\/brigaud\/media\/news-andra\/"]}]},{"@type":"BreadcrumbList","@id":"https:\/\/hebergement.universite-paris-saclay.fr\/brigaud\/media\/news-andra\/#breadcrumb","itemListElement":[{"@type":"ListItem","position":1,"name":"Accueil","item":"https:\/\/hebergement.universite-paris-saclay.fr\/brigaud\/"},{"@type":"ListItem","position":2,"name":"M\u00e9dia","item":"http:\/\/hebergement.universite-paris-saclay.fr\/brigaud\/media\/"},{"@type":"ListItem","position":3,"name":"News Andra"}]},{"@type":"WebSite","@id":"https:\/\/hebergement.universite-paris-saclay.fr\/brigaud\/#website","url":"https:\/\/hebergement.universite-paris-saclay.fr\/brigaud\/","name":"benjamin brigaud","description":"s\u00e9dimentologue","publisher":{"@id":"https:\/\/hebergement.universite-paris-saclay.fr\/brigaud\/#organization"},"potentialAction":[{"@type":"SearchAction","target":{"@type":"EntryPoint","urlTemplate":"https:\/\/hebergement.universite-paris-saclay.fr\/brigaud\/?s={search_term_string}"},"query-input":{"@type":"PropertyValueSpecification","valueRequired":true,"valueName":"search_term_string"}}],"inLanguage":"fr-FR"},{"@type":"Organization","@id":"https:\/\/hebergement.universite-paris-saclay.fr\/brigaud\/#organization","name":"Universit\u00e9 Paris-Saclay","url":"https:\/\/hebergement.universite-paris-saclay.fr\/brigaud\/","logo":{"@type":"ImageObject","inLanguage":"fr-FR","@id":"https:\/\/hebergement.universite-paris-saclay.fr\/brigaud\/#\/schema\/logo\/image\/","url":"http:\/\/hebergement.universite-paris-saclay.fr\/brigaud\/wp-admin\/uploads\/UPSACLAY-2020.png","contentUrl":"http:\/\/hebergement.universite-paris-saclay.fr\/brigaud\/wp-admin\/uploads\/UPSACLAY-2020.png","width":178,"height":80,"caption":"Universit\u00e9 Paris-Saclay"},"image":{"@id":"https:\/\/hebergement.universite-paris-saclay.fr\/brigaud\/#\/schema\/logo\/image\/"}}]}},"_links":{"self":[{"href":"https:\/\/hebergement.universite-paris-saclay.fr\/brigaud\/wp-json\/wp\/v2\/pages\/2207","targetHints":{"allow":["GET"]}}],"collection":[{"href":"https:\/\/hebergement.universite-paris-saclay.fr\/brigaud\/wp-json\/wp\/v2\/pages"}],"about":[{"href":"https:\/\/hebergement.universite-paris-saclay.fr\/brigaud\/wp-json\/wp\/v2\/types\/page"}],"author":[{"embeddable":true,"href":"https:\/\/hebergement.universite-paris-saclay.fr\/brigaud\/wp-json\/wp\/v2\/users\/1"}],"replies":[{"embeddable":true,"href":"https:\/\/hebergement.universite-paris-saclay.fr\/brigaud\/wp-json\/wp\/v2\/comments?post=2207"}],"version-history":[{"count":12,"href":"https:\/\/hebergement.universite-paris-saclay.fr\/brigaud\/wp-json\/wp\/v2\/pages\/2207\/revisions"}],"predecessor-version":[{"id":2275,"href":"https:\/\/hebergement.universite-paris-saclay.fr\/brigaud\/wp-json\/wp\/v2\/pages\/2207\/revisions\/2275"}],"up":[{"embeddable":true,"href":"https:\/\/hebergement.universite-paris-saclay.fr\/brigaud\/wp-json\/wp\/v2\/pages\/214"}],"wp:attachment":[{"href":"https:\/\/hebergement.universite-paris-saclay.fr\/brigaud\/wp-json\/wp\/v2\/media?parent=2207"}],"curies":[{"name":"wp","href":"https:\/\/api.w.org\/{rel}","templated":true}]}}