{"id":26,"date":"2012-04-16T21:49:04","date_gmt":"2012-04-16T21:49:04","guid":{"rendered":"http:\/\/hebergement.u-psud.fr\/brigaud\/?page_id=26"},"modified":"2018-01-03T18:00:58","modified_gmt":"2018-01-03T18:00:58","slug":"these","status":"publish","type":"page","link":"https:\/\/hebergement.universite-paris-saclay.fr\/brigaud\/recherche\/these\/","title":{"rendered":"Ma Th\u00e8se"},"content":{"rendered":"<h2>&nbsp;<\/h2>\n<h2><a href=\"http:\/\/tel.archives-ouvertes.fr\/docs\/00\/50\/32\/41\/PDF\/These_Benjamin_Brigaud_V1.pdf\"><img loading=\"lazy\" decoding=\"async\" class=\"alignleft\" title=\"Th\u008fse GUERY\" src=\"http:\/\/hebergement.u-psud.fr\/brigaud\/wp-admin\/uploads\/cover_theseBB-211x300.jpg\" alt=\"\" width=\"108\" height=\"154\"><\/a>Influence du contexte s\u00e9dimentaire et de la diagen\u00e8se sur les propri\u00e9t\u00e9s p\u00e9trophysiques du Dogger calcaire de l&rsquo;Est du Bassin de Paris<\/h2>\n<p>Th\u00e8se t\u00e9l\u00e9chargeable sur tel.archives-ouvertes.fr: <a href=\"http:\/\/tel.archives-ouvertes.fr\/docs\/00\/50\/32\/41\/PDF\/These_Benjamin_Brigaud_V1.pdf\" target=\"_blank\" rel=\"noopener\">PDF<\/a><\/p>\n<p>Th\u00e8se soutenue le 7 d\u00e9cembre 2009 \u00e0 l&rsquo;Universit\u00e9 de Bourgogne<\/p>\n<p>Directeurs de th\u00e8se : C. Durlet et J.-F. Deconninck<\/p>\n<p>Mots clefs: S\u00e9dimentologie, Diagen\u00e8se, G\u00e9ochimie min\u00e9rale, P\u00e9trophysique, Ondes acoustiques, Carbonate<\/p>\n<p style=\"text-align: justify;\">A l&rsquo;Est du Bassin de Paris, les carbonates du Dogger pr\u00e9sentent habituellement de faibles porosit\u00e9s et perm\u00e9abilit\u00e9s, en relation notamment avec une intense cimentation sparitique et d&rsquo;importants ph\u00e9nom\u00e8nes de pression-solution (stylolitisation). Il existe n\u00e9anmoins quelques exceptions \u00e0 cette tendance : des niveaux r\u00e9servoirs sont recens\u00e9s au toit de s\u00e9quences de d\u00e9p\u00f4t r\u00e9put\u00e9es \u00e9mersives. Pour comprendre ces exceptions, ce travail bas\u00e9 sur une \u00e9tude s\u00e9dimentologique, diag\u00e9n\u00e9tique, g\u00e9ochimique et p\u00e9trophysique, se propose d&rsquo;examiner les influences de la diagen\u00e8se pr\u00e9coce puis de la diagen\u00e8se tardive sur les propri\u00e9t\u00e9s r\u00e9servoirs dans ces carbonates.<\/p>\n<h2 style=\"text-align: left;\">S\u00e9dimentologie et architecture stratigraphique<\/h2>\n<p style=\"text-align: justify;\">L&rsquo;analyse s\u00e9dimentologique d&rsquo;un grand nombre de coupes et de 4 forages carott\u00e9s r\u00e9partis sur un profil Langres-Nancy, r\u00e9v\u00e8le 18 faci\u00e8s attribuables \u00e0 5 environnements de d\u00e9p\u00f4ts caract\u00e9ristiques d&rsquo;un profil de rampe carbonat\u00e9e. L&rsquo;interpr\u00e9tation g\u00e9om\u00e9trique et s\u00e9quentielle met en \u00e9vidence dix s\u00e9quences de d\u00e9p\u00f4t de 3\u00e8me ordre, pouvant \u00eatre regroup\u00e9es en 4 intervalles bios\u00e9dimentaires. Ces 4 intervalles sont marqu\u00e9s par des producteurs carbonat\u00e9s et par des morphologies de rampe diff\u00e9rents. Les \u03b418O et \u03b413C des fragments biog\u00e8nes et l&rsquo;\u00e9volution des cort\u00e8ges argileux sugg\u00e8rent que des changements environnementaux tels que la temp\u00e9rature, l&rsquo;humidit\u00e9 et la pCO2 ont, en partie, contr\u00f4l\u00e9 l&rsquo;existence de ces intervalles bio-s\u00e9dimentaires.<br \/>\nLes descriptions p\u00e9trographiques, g\u00e9om\u00e9triques et g\u00e9ochimiques des surfaces sommitales des s\u00e9quences de d\u00e9p\u00f4t montrent que 4 d&rsquo;entre elles (SB5, SB6, SB7 et SB8) sont \u00e9mersives, cons\u00e9quence de chutes eustatiques identifiables dans l&rsquo;ensemble du Bassin de Paris, uniquement durant le Bathonien. Les variations des pal\u00e9otemp\u00e9ratures dans le domaine NW t\u00e9thysien au cours du Dogger montrent que ces chutes eustatiques sont coh\u00e9rentes avec un possible contr\u00f4le glacio-eustatique pendant un intervalle sensiblement plus froid.<\/p>\n<p style=\"text-align: justify;\"><a href=\"http:\/\/hebergement.u-psud.fr\/brigaud\/wp-admin\/uploads\/Resume_sedimento.png\"><img loading=\"lazy\" decoding=\"async\" class=\"alignleft size-full wp-image-866\" src=\"http:\/\/hebergement.u-psud.fr\/brigaud\/wp-admin\/uploads\/Resume_sedimento.png\" alt=\"Resume_sedimento\" width=\"828\" height=\"462\" srcset=\"https:\/\/hebergement.universite-paris-saclay.fr\/brigaud\/wp-admin\/uploads\/Resume_sedimento.png 828w, https:\/\/hebergement.universite-paris-saclay.fr\/brigaud\/wp-admin\/uploads\/Resume_sedimento-300x167.png 300w\" sizes=\"auto, (max-width: 828px) 100vw, 828px\" \/><\/a><br \/>\n<em>Architecture stratigraphique des formations s\u00e9dimentaires du Jurassique moyen de l&rsquo;Est du Bassin de Paris (Brigaud et al., 2009, Sedimentary Geology)<br \/>\n<\/em><\/p>\n<h2 style=\"text-align: justify;\">Diagen\u00e8se et g\u00e9ochimie min\u00e9rale<\/h2>\n<p style=\"text-align: justify;\">Les analyses g\u00e9ochimiques sur les ciments pr\u00e9coces de certaines limites de s\u00e9quences \u00e9mersives mettent en \u00e9vidence une intrusion de fluides m\u00e9t\u00e9oriques cons\u00e9cutive \u00e0 des chutes eustatiques. Lors de ces \u00e9mersions, les eaux m\u00e9t\u00e9oriques ont \u00e9t\u00e9 \u00e0 l&rsquo;origine d&rsquo;une lithification et d&rsquo;une stabilisation min\u00e9ralogique pr\u00e9coce du s\u00e9diment carbonat\u00e9 sur une dizaine de m\u00e8tres maximum. Sous ces s\u00e9quences \u00e9mersives, ces ciments ont probablement rigidifi\u00e9 pr\u00e9cocement le contact entre les grains et ont ainsi contribu\u00e9 \u00e0 limiter la compaction m\u00e9canique et la stylolitisation lors de l&rsquo;enfouissement. De plus, le lessivage par des eaux m\u00e9t\u00e9oriques sous-satur\u00e9es en CaCO3 d&rsquo;un s\u00e9diment carbonat\u00e9 marin en min\u00e9ralogie instable (aragonaite et\/ou HMC High Magnesium Calcite) sont souvent responsables de la disparition (ou de la diminution) de ces phases instables au profit de la LMC (Low Magnesium Calcite, phase stable). Ces ph\u00e9nom\u00e8nes de transformations min\u00e9ralogiques pr\u00e9coces lors des \u00e9mersions bathoniennes ont probablement favoris\u00e9 la pr\u00e9servation de la porosit\u00e9 dans ces niveaux durant l&rsquo;enfouissement.<br \/>\nHuit phases min\u00e9rales m\u00e9sog\u00e9n\u00e9tiques comprenant 3 g\u00e9n\u00e9rations de calcite, de la pyrite, de la silice, 2 g\u00e9n\u00e9rations de dolomite et de la fluorine se sont succ\u00e9d\u00e9es depuis le Jurassique moyen. En moyenne 70 % du volume de ces ciments sont form\u00e9s par 2 zones successives de sparites de blocage (Bc1 et Bc2). Les analyses g\u00e9ochimiques r\u00e9alis\u00e9es sur les ciments de blocages form\u00e9s lors de la diagen\u00e8se d&rsquo;enfouissement montrent qu&rsquo;ils ont probablement pr\u00e9cipit\u00e9 \u00e0 partir d&rsquo;eaux m\u00e9t\u00e9oriques ayant circul\u00e9 pendant le Cr\u00e9tac\u00e9 inf\u00e9rieur, p\u00e9riode marqu\u00e9e par d&rsquo;intenses mouvements g\u00e9odynamiques sur les bordures du Bassin de Paris. Ces recharges en eaux m\u00e9t\u00e9oriques durant le Cr\u00e9tac\u00e9 semblent \u00eatre \u00e0 l&rsquo;origine du d\u00e9veloppement extensif des sparites de blocage dans l&rsquo;Est du Bassin de Paris.<\/p>\n<div style=\"text-align: justify;\"><a href=\"http:\/\/hebergement.u-psud.fr\/brigaud\/wp-admin\/uploads\/Resume_timing.jpg\"><img loading=\"lazy\" decoding=\"async\" src=\"http:\/\/hebergement.u-psud.fr\/brigaud\/wp-admin\/uploads\/Resume_timing.jpg\" alt=\"Resume_timing\" width=\"1415\" height=\"847\"><\/a><\/div>\n<div style=\"text-align: justify;\"><em>Chronologie relative des \u00e9v\u00e8nements diag\u00e9n\u00e9tiques dans les calcaires du Dogger du Bassin de Paris (Brigaud et al., 2009, Sedimentary Geology).<\/em><\/div>\n<h2>&nbsp;<\/h2>\n<h2 style=\"text-align: justify;\">P\u00e9trophysique<\/h2>\n<p style=\"text-align: justify;\">Les analyses p\u00e9trophysiques ont confirm\u00e9 les faibles porosit\u00e9s et perm\u00e9abilit\u00e9s g\u00e9n\u00e9rales de l&rsquo;Est du Bassin de Paris (\u03c6&lt;5% and k&lt;0.5mD). Toutefois, ces analyses p\u00e9trophysiques ont mis en exergue la pr\u00e9sence de deux niveaux poreux (Niveau Poreux 1 et Niveau Poreux 2) situ\u00e9s dans la partie sup\u00e9rieure du Dogger calcaire. D&rsquo;une dizaine de m\u00e8tres d&rsquo;\u00e9paisseur, ces niveaux poreux ont une porosit\u00e9 d\u00e9passant 15%. Leur perm\u00e9abilit\u00e9 est variable, elle est \u00e9lev\u00e9e (k=100-700mD) lorsque les niveaux sont macroporeux et correspondent \u00e0 des grainstones de shoals oolitiques, elle est faible (k=0,1-1mD) lorsque les faci\u00e8s sont boueux (d\u00e9p\u00f4ts de lagon prot\u00e9g\u00e9) et domin\u00e9s par de la microporosit\u00e9 inter-cristalline.<br \/>\nL&rsquo;analyse des propri\u00e9t\u00e9s acoustiques, i.e. vitesse des ondes P (Vp), et p\u00e9trographiques (texture, faci\u00e8s, et diagen\u00e8se) a permis d&rsquo;identifier les param\u00e8tres contr\u00f4lant les vitesses acoustiques dans cette s\u00e9rie carbonat\u00e9e. Les niveaux poreux 1 et 2 identifi\u00e9s dans le Dogger pr\u00e9sentent une signature acoustique diff\u00e9rente. Les Vp dans les mudstones\/wackestones microporeux (Np2) de lagon sont plus rapides que celles des grainstones macroporeux (Np1). Les \u00e9quations standard utilis\u00e9es pour pr\u00e9dire les porosit\u00e9s \u00e0 partir des Vp (\u00e9quations de Wyllie et de Raymer) se superposent avec les r\u00e9gressions lin\u00e9aires entre porosit\u00e9 (\u03c6) et Vp des \u00e9chantillons mudstones ou provenant d&rsquo;environnements de lagon. Toutefois, une variabilit\u00e9 importante des Vp pour une porosit\u00e9 donn\u00e9e dans les grainstones est d\u00e9tect\u00e9e. La pr\u00e9sence de ciment pr\u00e9coce dans les \u00e9chantillons semble contr\u00f4ler une grande partie de cette variabilit\u00e9. Les observations p\u00e9trographiques sugg\u00e8rent que les cimentations pr\u00e9coces diminue la vitesse de propagation des ondes P dans les faci\u00e8s grainstones.<\/p>\n<p style=\"text-align: justify;\"><a href=\"http:\/\/hebergement.u-psud.fr\/brigaud\/wp-admin\/uploads\/Resume_petrophy.jpg\"><img loading=\"lazy\" decoding=\"async\" class=\"alignleft size-full wp-image-865\" src=\"http:\/\/hebergement.u-psud.fr\/brigaud\/wp-admin\/uploads\/Resume_petrophy.jpg\" alt=\"Resume_petrophy\" width=\"2326\" height=\"1469\" srcset=\"https:\/\/hebergement.universite-paris-saclay.fr\/brigaud\/wp-admin\/uploads\/Resume_petrophy.jpg 2326w, https:\/\/hebergement.universite-paris-saclay.fr\/brigaud\/wp-admin\/uploads\/Resume_petrophy-300x189.jpg 300w, https:\/\/hebergement.universite-paris-saclay.fr\/brigaud\/wp-admin\/uploads\/Resume_petrophy-1024x646.jpg 1024w, https:\/\/hebergement.universite-paris-saclay.fr\/brigaud\/wp-admin\/uploads\/Resume_petrophy-900x568.jpg 900w\" sizes=\"auto, (max-width: 2326px) 100vw, 2326px\" \/><\/a><br \/>\n<em>Relation Vitesse acoustique (Vp) &#8211; Porosit\u00e9 dans les carbonates du Dogger du Bassin de Paris (Brigaud et al., 2010, Journal of Sedimentary Research).<\/em><\/p>\n<h1 style=\"text-align: justify;\">Origine des niveaux r\u00e9servoirs<\/h1>\n<p style=\"text-align: justify;\">L&rsquo;architecture stratigraphique issue de l&rsquo;\u00e9tude s\u00e9dimentologique permet de supposer que celle-ci a jou\u00e9 un r\u00f4le sur le positionnement des niveaux poreux au sommet du Dogger. En effet, le mod\u00e8le stratigraphique montre la pr\u00e9sence d&rsquo;un \u00e9cran imperm\u00e9able marneux positionn\u00e9 lat\u00e9ralement aux calcaires du sommet du Dogger. Cet \u00e9cran marneux a pu perturber ou emp\u00eacher les recharges en eaux m\u00e9t\u00e9oriques, pouvant expliquer le sous-d\u00e9veloppement des ciments de blocage dans ces niveaux poreux du sommet du Dogger.<br \/>\nL&rsquo;\u00e9tude int\u00e9gr\u00e9e s\u00e9dimentologique et diag\u00e9n\u00e9tique montre que l&rsquo;existence des niveaux poreux r\u00e9servoirs (NP1 et NP2) semble tributaire d&rsquo;une histoire s\u00e9dimento-diag\u00e9n\u00e9tique particuli\u00e8re qui peut \u00eatre r\u00e9sum\u00e9e en 3 actes :<br \/>\n(1) lithification et stabilisation min\u00e9ralogique pr\u00e9coce sous des surfaces d&rsquo;\u00e9mersion (SB7 et SB8), rendant le s\u00e9diment r\u00e9sistant aux ph\u00e9nom\u00e8nes de compaction et pression-solution ;<br \/>\n(2) faibles recharges m\u00e9t\u00e9oriques au Cr\u00e9tac\u00e9 en raison de l&rsquo;\u00e9cran lat\u00e9ral form\u00e9 par les Marnes \u00e0 Rhynchonelles (Bathonien), emp\u00eachant le d\u00e9veloppement de ciments de blocage dans le sommet du Dogger<br \/>\n(3) faibles recharges hydrothermales et cimentations associ\u00e9es durant l&rsquo;Oligoc\u00e8ne.<br \/>\nCes 3 facteurs ne se sont conjugu\u00e9s qu&rsquo;au niveau de NP1 et de NP2 (niveaux r\u00e9servoirs), sur une \u00e9paisseur cumul\u00e9e de moins de 20 m, \u00e0 comparer aux 210 m totalement compact\u00e9s et\/ou ciment\u00e9s formant le reste du Dogger (niveaux non-r\u00e9servoirs).<\/p>\n<p style=\"text-align: justify;\">&nbsp; <a href=\"http:\/\/hebergement.u-psud.fr\/brigaud\/wp-admin\/uploads\/Resume_these_paleocirculation.jpg\"><img loading=\"lazy\" decoding=\"async\" class=\"alignleft size-full wp-image-867\" src=\"http:\/\/hebergement.u-psud.fr\/brigaud\/wp-admin\/uploads\/Resume_these_paleocirculation.jpg\" alt=\"Resume_these_paleocirculation\" width=\"2321\" height=\"1140\" srcset=\"https:\/\/hebergement.universite-paris-saclay.fr\/brigaud\/wp-admin\/uploads\/Resume_these_paleocirculation.jpg 2321w, https:\/\/hebergement.universite-paris-saclay.fr\/brigaud\/wp-admin\/uploads\/Resume_these_paleocirculation-300x147.jpg 300w, https:\/\/hebergement.universite-paris-saclay.fr\/brigaud\/wp-admin\/uploads\/Resume_these_paleocirculation-1024x502.jpg 1024w, https:\/\/hebergement.universite-paris-saclay.fr\/brigaud\/wp-admin\/uploads\/Resume_these_paleocirculation-900x442.jpg 900w\" sizes=\"auto, (max-width: 2321px) 100vw, 2321px\" \/><\/a><br \/>\n<em>Paleo-circulations au Cr\u00e9tac\u00e9 inf\u00e9rieur, responsable d&rsquo;une min\u00e9ralisation calcitique de grande ampleur dans les calcaires jurassiques.<\/em><\/p>\n","protected":false},"excerpt":{"rendered":"<p>&nbsp; Influence du contexte s\u00e9dimentaire et de la diagen\u00e8se sur les propri\u00e9t\u00e9s p\u00e9trophysiques du Dogger calcaire de l&rsquo;Est du Bassin de Paris Th\u00e8se t\u00e9l\u00e9chargeable sur tel.archives-ouvertes.fr: PDF Th\u00e8se soutenue le 7 d\u00e9cembre 2009 \u00e0 l&rsquo;Universit\u00e9 de Bourgogne Directeurs de th\u00e8se : C. Durlet et J.-F. Deconninck Mots clefs: S\u00e9dimentologie, Diagen\u00e8se, G\u00e9ochimie min\u00e9rale, P\u00e9trophysique, Ondes acoustiques, [&hellip;]<\/p>\n","protected":false},"author":1,"featured_media":0,"parent":114,"menu_order":4,"comment_status":"closed","ping_status":"closed","template":"","meta":{"ngg_post_thumbnail":0,"footnotes":""},"class_list":["post-26","page","type-page","status-publish","hentry","post-preview"],"yoast_head":"<!-- This site is optimized with the Yoast SEO plugin v26.7 - https:\/\/yoast.com\/wordpress\/plugins\/seo\/ -->\n<title>Ma Th\u00e8se - benjamin brigaud<\/title>\n<meta name=\"robots\" content=\"index, follow, max-snippet:-1, max-image-preview:large, max-video-preview:-1\" \/>\n<link rel=\"canonical\" href=\"https:\/\/hebergement.universite-paris-saclay.fr\/brigaud\/recherche\/these\/\" \/>\n<meta property=\"og:locale\" content=\"fr_FR\" \/>\n<meta property=\"og:type\" content=\"article\" \/>\n<meta property=\"og:title\" content=\"Ma Th\u00e8se - benjamin brigaud\" \/>\n<meta property=\"og:description\" content=\"&nbsp; Influence du contexte s\u00e9dimentaire et de la diagen\u00e8se sur les propri\u00e9t\u00e9s p\u00e9trophysiques du Dogger calcaire de l&rsquo;Est du Bassin de Paris Th\u00e8se t\u00e9l\u00e9chargeable sur tel.archives-ouvertes.fr: PDF Th\u00e8se soutenue le 7 d\u00e9cembre 2009 \u00e0 l&rsquo;Universit\u00e9 de Bourgogne Directeurs de th\u00e8se : C. Durlet et J.-F. Deconninck Mots clefs: S\u00e9dimentologie, Diagen\u00e8se, G\u00e9ochimie min\u00e9rale, P\u00e9trophysique, Ondes acoustiques, [&hellip;]\" \/>\n<meta property=\"og:url\" content=\"https:\/\/hebergement.universite-paris-saclay.fr\/brigaud\/recherche\/these\/\" \/>\n<meta property=\"og:site_name\" content=\"benjamin brigaud\" \/>\n<meta property=\"article:modified_time\" content=\"2018-01-03T18:00:58+00:00\" \/>\n<meta property=\"og:image\" content=\"http:\/\/hebergement.u-psud.fr\/brigaud\/wp-admin\/uploads\/cover_theseBB-211x300.jpg\" \/>\n<meta name=\"twitter:card\" content=\"summary_large_image\" \/>\n<meta name=\"twitter:label1\" content=\"Dur\u00e9e de lecture estim\u00e9e\" \/>\n\t<meta name=\"twitter:data1\" content=\"7 minutes\" \/>\n<script type=\"application\/ld+json\" class=\"yoast-schema-graph\">{\"@context\":\"https:\/\/schema.org\",\"@graph\":[{\"@type\":\"WebPage\",\"@id\":\"https:\/\/hebergement.universite-paris-saclay.fr\/brigaud\/recherche\/these\/\",\"url\":\"https:\/\/hebergement.universite-paris-saclay.fr\/brigaud\/recherche\/these\/\",\"name\":\"Ma Th\u00e8se - benjamin brigaud\",\"isPartOf\":{\"@id\":\"https:\/\/hebergement.universite-paris-saclay.fr\/brigaud\/#website\"},\"primaryImageOfPage\":{\"@id\":\"https:\/\/hebergement.universite-paris-saclay.fr\/brigaud\/recherche\/these\/#primaryimage\"},\"image\":{\"@id\":\"https:\/\/hebergement.universite-paris-saclay.fr\/brigaud\/recherche\/these\/#primaryimage\"},\"thumbnailUrl\":\"http:\/\/hebergement.u-psud.fr\/brigaud\/wp-admin\/uploads\/cover_theseBB-211x300.jpg\",\"datePublished\":\"2012-04-16T21:49:04+00:00\",\"dateModified\":\"2018-01-03T18:00:58+00:00\",\"breadcrumb\":{\"@id\":\"https:\/\/hebergement.universite-paris-saclay.fr\/brigaud\/recherche\/these\/#breadcrumb\"},\"inLanguage\":\"fr-FR\",\"potentialAction\":[{\"@type\":\"ReadAction\",\"target\":[\"https:\/\/hebergement.universite-paris-saclay.fr\/brigaud\/recherche\/these\/\"]}]},{\"@type\":\"ImageObject\",\"inLanguage\":\"fr-FR\",\"@id\":\"https:\/\/hebergement.universite-paris-saclay.fr\/brigaud\/recherche\/these\/#primaryimage\",\"url\":\"http:\/\/hebergement.u-psud.fr\/brigaud\/wp-admin\/uploads\/cover_theseBB-211x300.jpg\",\"contentUrl\":\"http:\/\/hebergement.u-psud.fr\/brigaud\/wp-admin\/uploads\/cover_theseBB-211x300.jpg\"},{\"@type\":\"BreadcrumbList\",\"@id\":\"https:\/\/hebergement.universite-paris-saclay.fr\/brigaud\/recherche\/these\/#breadcrumb\",\"itemListElement\":[{\"@type\":\"ListItem\",\"position\":1,\"name\":\"Accueil\",\"item\":\"https:\/\/hebergement.universite-paris-saclay.fr\/brigaud\/\"},{\"@type\":\"ListItem\",\"position\":2,\"name\":\"Recherche\",\"item\":\"https:\/\/hebergement.universite-paris-saclay.fr\/brigaud\/recherche\/\"},{\"@type\":\"ListItem\",\"position\":3,\"name\":\"Ma Th\u00e8se\"}]},{\"@type\":\"WebSite\",\"@id\":\"https:\/\/hebergement.universite-paris-saclay.fr\/brigaud\/#website\",\"url\":\"https:\/\/hebergement.universite-paris-saclay.fr\/brigaud\/\",\"name\":\"benjamin brigaud\",\"description\":\"s\u00e9dimentologue\",\"publisher\":{\"@id\":\"https:\/\/hebergement.universite-paris-saclay.fr\/brigaud\/#organization\"},\"potentialAction\":[{\"@type\":\"SearchAction\",\"target\":{\"@type\":\"EntryPoint\",\"urlTemplate\":\"https:\/\/hebergement.universite-paris-saclay.fr\/brigaud\/?s={search_term_string}\"},\"query-input\":{\"@type\":\"PropertyValueSpecification\",\"valueRequired\":true,\"valueName\":\"search_term_string\"}}],\"inLanguage\":\"fr-FR\"},{\"@type\":\"Organization\",\"@id\":\"https:\/\/hebergement.universite-paris-saclay.fr\/brigaud\/#organization\",\"name\":\"Universit\u00e9 Paris-Saclay\",\"url\":\"https:\/\/hebergement.universite-paris-saclay.fr\/brigaud\/\",\"logo\":{\"@type\":\"ImageObject\",\"inLanguage\":\"fr-FR\",\"@id\":\"https:\/\/hebergement.universite-paris-saclay.fr\/brigaud\/#\/schema\/logo\/image\/\",\"url\":\"http:\/\/hebergement.universite-paris-saclay.fr\/brigaud\/wp-admin\/uploads\/UPSACLAY-2020.png\",\"contentUrl\":\"http:\/\/hebergement.universite-paris-saclay.fr\/brigaud\/wp-admin\/uploads\/UPSACLAY-2020.png\",\"width\":178,\"height\":80,\"caption\":\"Universit\u00e9 Paris-Saclay\"},\"image\":{\"@id\":\"https:\/\/hebergement.universite-paris-saclay.fr\/brigaud\/#\/schema\/logo\/image\/\"}}]}<\/script>\n<!-- \/ Yoast SEO plugin. -->","yoast_head_json":{"title":"Ma Th\u00e8se - benjamin brigaud","robots":{"index":"index","follow":"follow","max-snippet":"max-snippet:-1","max-image-preview":"max-image-preview:large","max-video-preview":"max-video-preview:-1"},"canonical":"https:\/\/hebergement.universite-paris-saclay.fr\/brigaud\/recherche\/these\/","og_locale":"fr_FR","og_type":"article","og_title":"Ma Th\u00e8se - benjamin brigaud","og_description":"&nbsp; Influence du contexte s\u00e9dimentaire et de la diagen\u00e8se sur les propri\u00e9t\u00e9s p\u00e9trophysiques du Dogger calcaire de l&rsquo;Est du Bassin de Paris Th\u00e8se t\u00e9l\u00e9chargeable sur tel.archives-ouvertes.fr: PDF Th\u00e8se soutenue le 7 d\u00e9cembre 2009 \u00e0 l&rsquo;Universit\u00e9 de Bourgogne Directeurs de th\u00e8se : C. Durlet et J.-F. Deconninck Mots clefs: S\u00e9dimentologie, Diagen\u00e8se, G\u00e9ochimie min\u00e9rale, P\u00e9trophysique, Ondes acoustiques, [&hellip;]","og_url":"https:\/\/hebergement.universite-paris-saclay.fr\/brigaud\/recherche\/these\/","og_site_name":"benjamin brigaud","article_modified_time":"2018-01-03T18:00:58+00:00","og_image":[{"url":"http:\/\/hebergement.u-psud.fr\/brigaud\/wp-admin\/uploads\/cover_theseBB-211x300.jpg","type":"","width":"","height":""}],"twitter_card":"summary_large_image","twitter_misc":{"Dur\u00e9e de lecture estim\u00e9e":"7 minutes"},"schema":{"@context":"https:\/\/schema.org","@graph":[{"@type":"WebPage","@id":"https:\/\/hebergement.universite-paris-saclay.fr\/brigaud\/recherche\/these\/","url":"https:\/\/hebergement.universite-paris-saclay.fr\/brigaud\/recherche\/these\/","name":"Ma Th\u00e8se - benjamin brigaud","isPartOf":{"@id":"https:\/\/hebergement.universite-paris-saclay.fr\/brigaud\/#website"},"primaryImageOfPage":{"@id":"https:\/\/hebergement.universite-paris-saclay.fr\/brigaud\/recherche\/these\/#primaryimage"},"image":{"@id":"https:\/\/hebergement.universite-paris-saclay.fr\/brigaud\/recherche\/these\/#primaryimage"},"thumbnailUrl":"http:\/\/hebergement.u-psud.fr\/brigaud\/wp-admin\/uploads\/cover_theseBB-211x300.jpg","datePublished":"2012-04-16T21:49:04+00:00","dateModified":"2018-01-03T18:00:58+00:00","breadcrumb":{"@id":"https:\/\/hebergement.universite-paris-saclay.fr\/brigaud\/recherche\/these\/#breadcrumb"},"inLanguage":"fr-FR","potentialAction":[{"@type":"ReadAction","target":["https:\/\/hebergement.universite-paris-saclay.fr\/brigaud\/recherche\/these\/"]}]},{"@type":"ImageObject","inLanguage":"fr-FR","@id":"https:\/\/hebergement.universite-paris-saclay.fr\/brigaud\/recherche\/these\/#primaryimage","url":"http:\/\/hebergement.u-psud.fr\/brigaud\/wp-admin\/uploads\/cover_theseBB-211x300.jpg","contentUrl":"http:\/\/hebergement.u-psud.fr\/brigaud\/wp-admin\/uploads\/cover_theseBB-211x300.jpg"},{"@type":"BreadcrumbList","@id":"https:\/\/hebergement.universite-paris-saclay.fr\/brigaud\/recherche\/these\/#breadcrumb","itemListElement":[{"@type":"ListItem","position":1,"name":"Accueil","item":"https:\/\/hebergement.universite-paris-saclay.fr\/brigaud\/"},{"@type":"ListItem","position":2,"name":"Recherche","item":"https:\/\/hebergement.universite-paris-saclay.fr\/brigaud\/recherche\/"},{"@type":"ListItem","position":3,"name":"Ma Th\u00e8se"}]},{"@type":"WebSite","@id":"https:\/\/hebergement.universite-paris-saclay.fr\/brigaud\/#website","url":"https:\/\/hebergement.universite-paris-saclay.fr\/brigaud\/","name":"benjamin brigaud","description":"s\u00e9dimentologue","publisher":{"@id":"https:\/\/hebergement.universite-paris-saclay.fr\/brigaud\/#organization"},"potentialAction":[{"@type":"SearchAction","target":{"@type":"EntryPoint","urlTemplate":"https:\/\/hebergement.universite-paris-saclay.fr\/brigaud\/?s={search_term_string}"},"query-input":{"@type":"PropertyValueSpecification","valueRequired":true,"valueName":"search_term_string"}}],"inLanguage":"fr-FR"},{"@type":"Organization","@id":"https:\/\/hebergement.universite-paris-saclay.fr\/brigaud\/#organization","name":"Universit\u00e9 Paris-Saclay","url":"https:\/\/hebergement.universite-paris-saclay.fr\/brigaud\/","logo":{"@type":"ImageObject","inLanguage":"fr-FR","@id":"https:\/\/hebergement.universite-paris-saclay.fr\/brigaud\/#\/schema\/logo\/image\/","url":"http:\/\/hebergement.universite-paris-saclay.fr\/brigaud\/wp-admin\/uploads\/UPSACLAY-2020.png","contentUrl":"http:\/\/hebergement.universite-paris-saclay.fr\/brigaud\/wp-admin\/uploads\/UPSACLAY-2020.png","width":178,"height":80,"caption":"Universit\u00e9 Paris-Saclay"},"image":{"@id":"https:\/\/hebergement.universite-paris-saclay.fr\/brigaud\/#\/schema\/logo\/image\/"}}]}},"_links":{"self":[{"href":"https:\/\/hebergement.universite-paris-saclay.fr\/brigaud\/wp-json\/wp\/v2\/pages\/26","targetHints":{"allow":["GET"]}}],"collection":[{"href":"https:\/\/hebergement.universite-paris-saclay.fr\/brigaud\/wp-json\/wp\/v2\/pages"}],"about":[{"href":"https:\/\/hebergement.universite-paris-saclay.fr\/brigaud\/wp-json\/wp\/v2\/types\/page"}],"author":[{"embeddable":true,"href":"https:\/\/hebergement.universite-paris-saclay.fr\/brigaud\/wp-json\/wp\/v2\/users\/1"}],"replies":[{"embeddable":true,"href":"https:\/\/hebergement.universite-paris-saclay.fr\/brigaud\/wp-json\/wp\/v2\/comments?post=26"}],"version-history":[{"count":13,"href":"https:\/\/hebergement.universite-paris-saclay.fr\/brigaud\/wp-json\/wp\/v2\/pages\/26\/revisions"}],"predecessor-version":[{"id":2228,"href":"https:\/\/hebergement.universite-paris-saclay.fr\/brigaud\/wp-json\/wp\/v2\/pages\/26\/revisions\/2228"}],"up":[{"embeddable":true,"href":"https:\/\/hebergement.universite-paris-saclay.fr\/brigaud\/wp-json\/wp\/v2\/pages\/114"}],"wp:attachment":[{"href":"https:\/\/hebergement.universite-paris-saclay.fr\/brigaud\/wp-json\/wp\/v2\/media?parent=26"}],"curies":[{"name":"wp","href":"https:\/\/api.w.org\/{rel}","templated":true}]}}