{"id":2782,"date":"2020-11-28T00:51:14","date_gmt":"2020-11-28T00:51:14","guid":{"rendered":"http:\/\/hebergement.universite-paris-saclay.fr\/brigaud\/?page_id=2782"},"modified":"2021-12-21T21:49:11","modified_gmt":"2021-12-21T21:49:11","slug":"2782-2","status":"publish","type":"page","link":"https:\/\/hebergement.universite-paris-saclay.fr\/brigaud\/en\/research\/2782-2\/","title":{"rendered":"RESEARCH PROJECTS &#038; GRANTS"},"content":{"rendered":"\n<p>My research aims to reconstruct the evolution of basins, from paleo-environments, paleoclimates to diagenetic processes. I link diagenetic processes with sedimentary facies and stratigraphic geometries to develop conceptual models for predicting reservoir quality of rocks. This research is based on an approach that involves the analysis of natural geobodies from field geology to petrographic or geochemical micro-characterization. I work on the characterisation, origin and spatio-temporal prediction of the chloritisation process in sandstones. I developed the in situ U-Pb dating of carbonates by laser ablation coupled with mass spectrometry in order to date the age of sedimentation and diagenetic processes. Within the framework of the UPGEO research project that I lead, funded by the French National Research Agency (ANR) and involving eight partners, I investigate how to optimise the use of geothermal reservoirs and how to develop new uses for sedimentary basins in the context of energy transition (geothermal energy, energy storage). The methodologies at the heart of this ANR project, carried out in collaboration with my mathematician colleagues, will enable the improvement of the upscaling of geological modelling between punctual laboratory analyses and their representation at the reservoir and basin scales. I am actually principal investigator of 6 research programs including a collaborative project funded by ANR and I currently supervise 6 PhD students on these research topics.<\/p>\n\n\n\n<h3 class=\"wp-block-heading\">Geothermics<\/h3>\n\n\n\n<p><strong>2020-2024<\/strong>&nbsp;&nbsp;&nbsp;&nbsp;&nbsp;&nbsp;&nbsp;&nbsp; <strong>Principal Investigator<\/strong> of the research project <strong>ANR<\/strong> <a href=\"http:\/\/hebergement.universite-paris-saclay.fr\/upgeo\/\">UPGEO<\/a> <em>UPscaling and heat simulations for improving the efficiency of deep GEOthermal energy<\/em> <a href=\"https:\/\/anr.fr\/Projet-ANR-19-CE05-0032\">ANR-19-CE05-0032-01<\/a><\/p>\n\n\n\n<p><strong>2021-2024<\/strong>&nbsp;&nbsp;&nbsp;&nbsp;&nbsp;&nbsp;&nbsp;&nbsp; <strong>Principal Investigator<\/strong> of the research project <em>Characterisation of reservoir heterogeneities and numerical hydrodynamic simulation in geothermal systems<\/em>. Association Nationale de Recherche Technologique (ANRT), thesis \u00ab\u00a0Convention industrielle de formation par la recherche\u00a0\u00bb Cifre n\u00b0 2021\/0773, collaboration contract<\/p>\n\n\n\n<p><strong>2019-2022<\/strong>&nbsp;&nbsp;&nbsp;&nbsp;&nbsp;&nbsp;&nbsp;&nbsp; <strong>Principal Investigator<\/strong> of project <strong>R\u00e9gion Ile-de-France<\/strong><strong> <\/strong>G\u00c9OMOD <em>Characterization of geothermal reservoir heterogeneities around Paris through the development of a hydro<\/em><em>-dynamic numerical modeling &#8211; <\/em><a href=\"https:\/\/www.iledefrance.fr\/recherche-paris-region-phd-soutient-30-doctorants-des-dim\">Paris Region PhD 2019<\/a> in collaboration with the company GEOFLUID, collaboration agreement n\u00b02019-0309<\/p>\n\n\n\n<p><strong>2021-2023<\/strong>&nbsp;&nbsp;&nbsp;&nbsp;&nbsp;&nbsp;&nbsp;&nbsp; <strong>Principal Investigator<\/strong> of collaboration agreement n\u00b02019-0164 with <strong>GEOFLUID Characterization of the heterogeneities of geothermal reservoirs in Ile-de-France through the development of a hydro-dynamic numerical model<\/strong><strong><em><\/em><\/strong><\/p>\n\n\n\n<p><strong>2018-2019<\/strong>&nbsp;&nbsp;&nbsp;&nbsp;&nbsp;&nbsp;&nbsp;&nbsp; <strong>Principal Investigator<\/strong> of project <strong>IDEX Paris <\/strong><strong>Saclay<\/strong><strong> <\/strong>(<a href=\"https:\/\/anr.fr\/ProjetIA-11-IDEX-0003\">ANR-11-IDEX-0003<\/a>) <em>Geothermal water circulation in heterogeneous aquifers<\/em><\/p>\n\n\n\n<h3 class=\"wp-block-heading\">Reservoir, diagenesis and U-Pb geochronology<\/h3>\n\n\n\n<p><strong>2019-2022<\/strong>&nbsp;&nbsp;&nbsp;&nbsp;&nbsp;&nbsp;&nbsp;&nbsp; <strong>Principal Investigator<\/strong> of project <strong>BRGM R\u00e9f\u00e9rentiel G\u00e9ologique de la France<\/strong><em> <\/em>n\u00b0<a href=\"http:\/\/rgf.brgm.fr\/\">2019-0157<\/a> <em>Characterization of reservoir heterogeneities in continental carbonates &#8211; Links between sedimentary facies, microstructural property, diagenesis and petrophysical response<\/em><\/p>\n\n\n\n<p><strong>2018-2021<\/strong>&nbsp;&nbsp;&nbsp;&nbsp;&nbsp;&nbsp;&nbsp;&nbsp; <strong>Principal Investigator<\/strong> of collaboration agreement n\u00b0P 2789 with <strong>BRGM Sedimentary facies, architecture and diagenetic evolution of the Middle and Upper Jurassic of the north-eastern edge of the Aquitaine Basin (Dordogne, Lot, Lot-et-Garonne): influence on the development of karst networks<\/strong><strong><em><\/em><\/strong><\/p>\n\n\n\n<p><strong>2015-2020<\/strong>&nbsp;&nbsp;&nbsp;&nbsp;&nbsp;&nbsp;&nbsp;&nbsp; <strong>Principal Investigator<\/strong> of collaboration agreement n\u00b0P04980 with <strong>ENGIE and NEPTUNE ENERGY&nbsp;: program <\/strong>CLAYCOAT : <em>CLAY COATings in shallow marine deposits to imp<\/em><em>rove reservoir quality prediction<\/em><\/p>\n\n\n\n<p><strong>2019<\/strong>&nbsp;&nbsp;&nbsp;&nbsp;&nbsp;&nbsp;&nbsp;&nbsp;&nbsp;&nbsp;&nbsp;&nbsp;&nbsp;&nbsp;&nbsp;&nbsp;&nbsp;&nbsp; <strong>Principal Investigator<\/strong> of research project <em>U-Pb dating of syn-sedimentary calcite cements: implications for knowledge of early diagenetic processes and radiometric calibration of Jurassic marine series<\/em>, <strong>TelluS INSU-CNRS<\/strong>, <strong>SYSTER<\/strong><\/p>\n","protected":false},"excerpt":{"rendered":"<p>My research aims to reconstruct the evolution of basins, from paleo-environments, paleoclimates to diagenetic processes. I link diagenetic processes with sedimentary facies and stratigraphic geometries to develop conceptual models for predicting reservoir quality of rocks. This research is based on an approach that involves the analysis of natural geobodies from field geology to petrographic or [&hellip;]<\/p>\n","protected":false},"author":1,"featured_media":0,"parent":2780,"menu_order":2,"comment_status":"closed","ping_status":"open","template":"","meta":{"ngg_post_thumbnail":0,"footnotes":""},"class_list":["post-2782","page","type-page","status-publish","hentry","post-preview"],"yoast_head":"<!-- This site is optimized with the Yoast SEO plugin v26.7 - https:\/\/yoast.com\/wordpress\/plugins\/seo\/ -->\n<title>RESEARCH PROJECTS &amp; GRANTS - benjamin brigaud<\/title>\n<meta name=\"robots\" content=\"index, follow, max-snippet:-1, max-image-preview:large, max-video-preview:-1\" \/>\n<link rel=\"canonical\" href=\"https:\/\/hebergement.universite-paris-saclay.fr\/brigaud\/en\/research\/2782-2\/\" \/>\n<meta property=\"og:locale\" content=\"fr_FR\" \/>\n<meta property=\"og:type\" content=\"article\" \/>\n<meta property=\"og:title\" content=\"RESEARCH PROJECTS &amp; GRANTS - benjamin brigaud\" \/>\n<meta property=\"og:description\" content=\"My research aims to reconstruct the evolution of basins, from paleo-environments, paleoclimates to diagenetic processes. I link diagenetic processes with sedimentary facies and stratigraphic geometries to develop conceptual models for predicting reservoir quality of rocks. This research is based on an approach that involves the analysis of natural geobodies from field geology to petrographic or [&hellip;]\" \/>\n<meta property=\"og:url\" content=\"https:\/\/hebergement.universite-paris-saclay.fr\/brigaud\/en\/research\/2782-2\/\" \/>\n<meta property=\"og:site_name\" content=\"benjamin brigaud\" \/>\n<meta property=\"article:modified_time\" content=\"2021-12-21T21:49:11+00:00\" \/>\n<meta name=\"twitter:card\" content=\"summary_large_image\" \/>\n<meta name=\"twitter:label1\" content=\"Dur\u00e9e de lecture estim\u00e9e\" \/>\n\t<meta name=\"twitter:data1\" content=\"3 minutes\" \/>\n<script type=\"application\/ld+json\" class=\"yoast-schema-graph\">{\"@context\":\"https:\/\/schema.org\",\"@graph\":[{\"@type\":\"WebPage\",\"@id\":\"https:\/\/hebergement.universite-paris-saclay.fr\/brigaud\/en\/research\/2782-2\/\",\"url\":\"https:\/\/hebergement.universite-paris-saclay.fr\/brigaud\/en\/research\/2782-2\/\",\"name\":\"RESEARCH PROJECTS & GRANTS - benjamin brigaud\",\"isPartOf\":{\"@id\":\"https:\/\/hebergement.universite-paris-saclay.fr\/brigaud\/#website\"},\"datePublished\":\"2020-11-28T00:51:14+00:00\",\"dateModified\":\"2021-12-21T21:49:11+00:00\",\"breadcrumb\":{\"@id\":\"https:\/\/hebergement.universite-paris-saclay.fr\/brigaud\/en\/research\/2782-2\/#breadcrumb\"},\"inLanguage\":\"fr-FR\",\"potentialAction\":[{\"@type\":\"ReadAction\",\"target\":[\"https:\/\/hebergement.universite-paris-saclay.fr\/brigaud\/en\/research\/2782-2\/\"]}]},{\"@type\":\"BreadcrumbList\",\"@id\":\"https:\/\/hebergement.universite-paris-saclay.fr\/brigaud\/en\/research\/2782-2\/#breadcrumb\",\"itemListElement\":[{\"@type\":\"ListItem\",\"position\":1,\"name\":\"Accueil\",\"item\":\"https:\/\/hebergement.universite-paris-saclay.fr\/brigaud\/\"},{\"@type\":\"ListItem\",\"position\":2,\"name\":\"Research\",\"item\":\"http:\/\/hebergement.universite-paris-saclay.fr\/brigaud\/en\/research\/\"},{\"@type\":\"ListItem\",\"position\":3,\"name\":\"RESEARCH PROJECTS &#038; GRANTS\"}]},{\"@type\":\"WebSite\",\"@id\":\"https:\/\/hebergement.universite-paris-saclay.fr\/brigaud\/#website\",\"url\":\"https:\/\/hebergement.universite-paris-saclay.fr\/brigaud\/\",\"name\":\"benjamin brigaud\",\"description\":\"s\u00e9dimentologue\",\"publisher\":{\"@id\":\"https:\/\/hebergement.universite-paris-saclay.fr\/brigaud\/#organization\"},\"potentialAction\":[{\"@type\":\"SearchAction\",\"target\":{\"@type\":\"EntryPoint\",\"urlTemplate\":\"https:\/\/hebergement.universite-paris-saclay.fr\/brigaud\/?s={search_term_string}\"},\"query-input\":{\"@type\":\"PropertyValueSpecification\",\"valueRequired\":true,\"valueName\":\"search_term_string\"}}],\"inLanguage\":\"fr-FR\"},{\"@type\":\"Organization\",\"@id\":\"https:\/\/hebergement.universite-paris-saclay.fr\/brigaud\/#organization\",\"name\":\"Universit\u00e9 Paris-Saclay\",\"url\":\"https:\/\/hebergement.universite-paris-saclay.fr\/brigaud\/\",\"logo\":{\"@type\":\"ImageObject\",\"inLanguage\":\"fr-FR\",\"@id\":\"https:\/\/hebergement.universite-paris-saclay.fr\/brigaud\/#\/schema\/logo\/image\/\",\"url\":\"http:\/\/hebergement.universite-paris-saclay.fr\/brigaud\/wp-admin\/uploads\/UPSACLAY-2020.png\",\"contentUrl\":\"http:\/\/hebergement.universite-paris-saclay.fr\/brigaud\/wp-admin\/uploads\/UPSACLAY-2020.png\",\"width\":178,\"height\":80,\"caption\":\"Universit\u00e9 Paris-Saclay\"},\"image\":{\"@id\":\"https:\/\/hebergement.universite-paris-saclay.fr\/brigaud\/#\/schema\/logo\/image\/\"}}]}<\/script>\n<!-- \/ Yoast SEO plugin. -->","yoast_head_json":{"title":"RESEARCH PROJECTS & GRANTS - benjamin brigaud","robots":{"index":"index","follow":"follow","max-snippet":"max-snippet:-1","max-image-preview":"max-image-preview:large","max-video-preview":"max-video-preview:-1"},"canonical":"https:\/\/hebergement.universite-paris-saclay.fr\/brigaud\/en\/research\/2782-2\/","og_locale":"fr_FR","og_type":"article","og_title":"RESEARCH PROJECTS & GRANTS - benjamin brigaud","og_description":"My research aims to reconstruct the evolution of basins, from paleo-environments, paleoclimates to diagenetic processes. I link diagenetic processes with sedimentary facies and stratigraphic geometries to develop conceptual models for predicting reservoir quality of rocks. This research is based on an approach that involves the analysis of natural geobodies from field geology to petrographic or [&hellip;]","og_url":"https:\/\/hebergement.universite-paris-saclay.fr\/brigaud\/en\/research\/2782-2\/","og_site_name":"benjamin brigaud","article_modified_time":"2021-12-21T21:49:11+00:00","twitter_card":"summary_large_image","twitter_misc":{"Dur\u00e9e de lecture estim\u00e9e":"3 minutes"},"schema":{"@context":"https:\/\/schema.org","@graph":[{"@type":"WebPage","@id":"https:\/\/hebergement.universite-paris-saclay.fr\/brigaud\/en\/research\/2782-2\/","url":"https:\/\/hebergement.universite-paris-saclay.fr\/brigaud\/en\/research\/2782-2\/","name":"RESEARCH PROJECTS & GRANTS - benjamin brigaud","isPartOf":{"@id":"https:\/\/hebergement.universite-paris-saclay.fr\/brigaud\/#website"},"datePublished":"2020-11-28T00:51:14+00:00","dateModified":"2021-12-21T21:49:11+00:00","breadcrumb":{"@id":"https:\/\/hebergement.universite-paris-saclay.fr\/brigaud\/en\/research\/2782-2\/#breadcrumb"},"inLanguage":"fr-FR","potentialAction":[{"@type":"ReadAction","target":["https:\/\/hebergement.universite-paris-saclay.fr\/brigaud\/en\/research\/2782-2\/"]}]},{"@type":"BreadcrumbList","@id":"https:\/\/hebergement.universite-paris-saclay.fr\/brigaud\/en\/research\/2782-2\/#breadcrumb","itemListElement":[{"@type":"ListItem","position":1,"name":"Accueil","item":"https:\/\/hebergement.universite-paris-saclay.fr\/brigaud\/"},{"@type":"ListItem","position":2,"name":"Research","item":"http:\/\/hebergement.universite-paris-saclay.fr\/brigaud\/en\/research\/"},{"@type":"ListItem","position":3,"name":"RESEARCH PROJECTS &#038; GRANTS"}]},{"@type":"WebSite","@id":"https:\/\/hebergement.universite-paris-saclay.fr\/brigaud\/#website","url":"https:\/\/hebergement.universite-paris-saclay.fr\/brigaud\/","name":"benjamin brigaud","description":"s\u00e9dimentologue","publisher":{"@id":"https:\/\/hebergement.universite-paris-saclay.fr\/brigaud\/#organization"},"potentialAction":[{"@type":"SearchAction","target":{"@type":"EntryPoint","urlTemplate":"https:\/\/hebergement.universite-paris-saclay.fr\/brigaud\/?s={search_term_string}"},"query-input":{"@type":"PropertyValueSpecification","valueRequired":true,"valueName":"search_term_string"}}],"inLanguage":"fr-FR"},{"@type":"Organization","@id":"https:\/\/hebergement.universite-paris-saclay.fr\/brigaud\/#organization","name":"Universit\u00e9 Paris-Saclay","url":"https:\/\/hebergement.universite-paris-saclay.fr\/brigaud\/","logo":{"@type":"ImageObject","inLanguage":"fr-FR","@id":"https:\/\/hebergement.universite-paris-saclay.fr\/brigaud\/#\/schema\/logo\/image\/","url":"http:\/\/hebergement.universite-paris-saclay.fr\/brigaud\/wp-admin\/uploads\/UPSACLAY-2020.png","contentUrl":"http:\/\/hebergement.universite-paris-saclay.fr\/brigaud\/wp-admin\/uploads\/UPSACLAY-2020.png","width":178,"height":80,"caption":"Universit\u00e9 Paris-Saclay"},"image":{"@id":"https:\/\/hebergement.universite-paris-saclay.fr\/brigaud\/#\/schema\/logo\/image\/"}}]}},"_links":{"self":[{"href":"https:\/\/hebergement.universite-paris-saclay.fr\/brigaud\/wp-json\/wp\/v2\/pages\/2782","targetHints":{"allow":["GET"]}}],"collection":[{"href":"https:\/\/hebergement.universite-paris-saclay.fr\/brigaud\/wp-json\/wp\/v2\/pages"}],"about":[{"href":"https:\/\/hebergement.universite-paris-saclay.fr\/brigaud\/wp-json\/wp\/v2\/types\/page"}],"author":[{"embeddable":true,"href":"https:\/\/hebergement.universite-paris-saclay.fr\/brigaud\/wp-json\/wp\/v2\/users\/1"}],"replies":[{"embeddable":true,"href":"https:\/\/hebergement.universite-paris-saclay.fr\/brigaud\/wp-json\/wp\/v2\/comments?post=2782"}],"version-history":[{"count":5,"href":"https:\/\/hebergement.universite-paris-saclay.fr\/brigaud\/wp-json\/wp\/v2\/pages\/2782\/revisions"}],"predecessor-version":[{"id":2954,"href":"https:\/\/hebergement.universite-paris-saclay.fr\/brigaud\/wp-json\/wp\/v2\/pages\/2782\/revisions\/2954"}],"up":[{"embeddable":true,"href":"https:\/\/hebergement.universite-paris-saclay.fr\/brigaud\/wp-json\/wp\/v2\/pages\/2780"}],"wp:attachment":[{"href":"https:\/\/hebergement.universite-paris-saclay.fr\/brigaud\/wp-json\/wp\/v2\/media?parent=2782"}],"curies":[{"name":"wp","href":"https:\/\/api.w.org\/{rel}","templated":true}]}}