{"id":2804,"date":"2020-11-28T21:37:54","date_gmt":"2020-11-28T21:37:54","guid":{"rendered":"http:\/\/hebergement.universite-paris-saclay.fr\/brigaud\/?page_id=2804"},"modified":"2021-12-22T01:08:32","modified_gmt":"2021-12-22T01:08:32","slug":"responsibilities","status":"publish","type":"page","link":"https:\/\/hebergement.universite-paris-saclay.fr\/brigaud\/en\/responsibilities\/","title":{"rendered":"RESPONSIBILITIES"},"content":{"rendered":"\n<h1 class=\"wp-block-heading\">ADMINISTRATIVE INVOLVEMENTS<\/h1>\n\n\n\n<p><strong>Since 2019<\/strong>&nbsp;&nbsp;&nbsp;&nbsp;&nbsp;&nbsp;&nbsp; <strong>Director \u201cteaching Programs\u201d<\/strong> of the Graduate School Geosciences, Climate, Environment and Planetary Sciences of the University Paris-Saclay<\/p>\n\n\n\n<p><strong>2018-2021<\/strong>&nbsp;&nbsp;&nbsp;&nbsp;&nbsp;&nbsp;&nbsp;&nbsp; <strong>Director \u201cteaching Programs\u201d<\/strong> of the Earth Sciences Department<\/p>\n\n\n\n<p><strong>Since 2017<\/strong>&nbsp;&nbsp;&nbsp;&nbsp;&nbsp;&nbsp;&nbsp; <strong>Elected<\/strong> <strong>Member<\/strong> of the Executive Committee (Assessor College B) of the Consultative Commission of Specialists of the University of Paris-Saclay (CCSU), section CNU 35-36, Member of this Commission 2013-2021.<\/p>\n\n\n\n<p><strong>2015-2019<\/strong>&nbsp;&nbsp;&nbsp;&nbsp;&nbsp;&nbsp;&nbsp;&nbsp; <strong>Elected<\/strong> <strong>Member<\/strong> of the GEOPS Laboratory Council &#8211; UMR8148<\/p>\n\n\n\n<p><strong>Since 2014<\/strong>&nbsp;&nbsp;&nbsp;&nbsp;&nbsp;&nbsp;&nbsp; <strong>Co-Head<\/strong> of the communication unit of the GEOPS laboratory<\/p>\n\n\n\n<p><strong>Since 2014<\/strong>&nbsp;&nbsp;&nbsp;&nbsp;&nbsp;&nbsp;&nbsp; <strong>Elected member<\/strong> of the Council of the Department of Earth Sciences<\/p>\n\n\n\n<h1 class=\"wp-block-heading\">NATIONAL SCIENTIFIC AND ASSOCIATIVE RESPONSIBILITIES<\/h1>\n\n\n\n<p><strong>Since 2015<\/strong> &nbsp;&nbsp;&nbsp;&nbsp;&nbsp; <strong>Member<\/strong> of the CESSUR Thematic Committee 5, TelluS, CNRS program, review of 6-7 national research projects of CNRS<\/p>\n\n\n\n<p><strong>2015-2019<\/strong>&nbsp;&nbsp;&nbsp;&nbsp;&nbsp;&nbsp;&nbsp;&nbsp; <strong>Nominated member <\/strong>of the National Council of Universities section 36<\/p>\n\n\n\n<p><strong>Since 2012<\/strong>&nbsp;&nbsp;&nbsp;&nbsp;&nbsp;&nbsp;&nbsp; <strong>Secretary<\/strong> and <strong>webmaster<\/strong> of the French Jurassic working Group (GFEJ)<\/p>\n\n\n\n<h1 class=\"wp-block-heading\">RESPONSIBILITIES OF RESEARCH PROJECTS &amp; GRANTS<\/h1>\n\n\n\n<p><strong>Principal Investigator of 22 scientific programs since 2011<\/strong><\/p>\n\n\n\n<h3 class=\"wp-block-heading\">Selective call for national or regional projects (10 funded projects)<\/h3>\n\n\n\n<p><strong>2020-2024<\/strong>&nbsp;&nbsp;&nbsp;&nbsp;&nbsp;&nbsp;&nbsp;&nbsp;&nbsp;&nbsp; <strong>Principal Investigator<\/strong> of the research project <strong>ANR<\/strong> <a href=\"http:\/\/hebergement.universite-paris-saclay.fr\/upgeo\/\">UPGEO<\/a> <em>UPscaling and heat simulations for improving the efficiency of deep GEOthermal energy<\/em> <a href=\"https:\/\/anr.fr\/Projet-ANR-19-CE05-0032\">ANR-19-CE05-0032-01<\/a><\/p>\n\n\n\n<p><strong>2021-2024<\/strong>&nbsp;&nbsp;&nbsp;&nbsp;&nbsp;&nbsp;&nbsp;&nbsp; <strong>Principal Investigator<\/strong> of the research project <em>Characterisation of reservoir heterogeneities and numerical hydrodynamic simulation in geothermal systems<\/em>. Association Nationale de Recherche Technologique (ANRT), thesis \u00ab\u00a0Convention industrielle de formation par la recherche\u00a0\u00bb Cifre n\u00b0 2021\/0773, collaboration contract<\/p>\n\n\n\n<p><strong>2019-2022<\/strong>&nbsp;&nbsp;&nbsp;&nbsp;&nbsp;&nbsp;&nbsp;&nbsp;&nbsp;&nbsp; <strong>Principal Investigator<\/strong> of project <strong>R\u00e9gion Ile-de-France <\/strong>G\u00c9OMOD <em>Characterization of geothermal reservoir heterogeneities around Paris through the development of a hydro-dynamic numerical modeling &#8211; <\/em><a href=\"https:\/\/www.iledefrance.fr\/recherche-paris-region-phd-soutient-30-doctorants-des-dim\">Paris Region PhD 2019<\/a> in collaboration with the company GEOFLUID<\/p>\n\n\n\n<p><strong>2019-2022<\/strong>&nbsp;&nbsp;&nbsp;&nbsp;&nbsp;&nbsp;&nbsp;&nbsp;&nbsp;&nbsp; <strong>Principal Investigator<\/strong> of project <strong>BRGM R\u00e9f\u00e9rentiel G\u00e9ologique de la France<\/strong><em> <\/em>n\u00b0<a href=\"http:\/\/rgf.brgm.fr\/\">2019-0157<\/a> <em>Characterization of reservoir heterogeneities in continental carbonates &#8211; Links between sedimentary facies, microstructural property, diagenesis and petrophysical response <\/em><\/p>\n\n\n\n<p><strong>2018-2019<\/strong>&nbsp;&nbsp;&nbsp;&nbsp;&nbsp;&nbsp;&nbsp;&nbsp;&nbsp;&nbsp; <strong>Principal Investigator<\/strong> of project <strong>IDEX Paris Saclay <\/strong>(<a href=\"https:\/\/anr.fr\/ProjetIA-11-IDEX-0003\">ANR-11-IDEX-0003<\/a>) Geothermal water circulation in heterogeneous aquifers  HT<\/p>\n\n\n\n<p><strong>2012-2019<\/strong>&nbsp;&nbsp;&nbsp;&nbsp;&nbsp;&nbsp;&nbsp;&nbsp;&nbsp;&nbsp; <strong>Principal Investigator<\/strong> of <strong>4<\/strong> research projects, including <strong>3 TelluS INSU-CNRS<\/strong>, <strong>SYSTER (2019), <\/strong>Action MARGES (2017), CESSUR (2012) and 1 interdisciplinary <strong>CNRS program<\/strong> PACEN (2012)<\/p>\n\n\n\n<p><strong>2012<\/strong>&nbsp;&nbsp;&nbsp;&nbsp;&nbsp;&nbsp;&nbsp;&nbsp;&nbsp;&nbsp;&nbsp;&nbsp;&nbsp;&nbsp;&nbsp;&nbsp;&nbsp;&nbsp;&nbsp; <strong>Principal Investigator<\/strong> of the \u00ab Attractivit\u00e9 2012&nbsp;\u00bb research project of the <strong>Universit\u00e9 Paris-Sud<\/strong><\/p>\n\n\n\n<h3 class=\"wp-block-heading\">Contracts of collaboration by mutual agreement with company (12 contracts)<\/h3>\n\n\n\n<p><strong>2021-2023<\/strong>\u00a0\u00a0\u00a0\u00a0\u00a0\u00a0\u00a0\u00a0 <strong>Principal Investigator<\/strong> of collaboration agreement n\u00b02019-0164 with <strong>GEOFLUID<\/strong><em> Characterization of the heterogeneities of geothermal reservoirs in Ile-de-France through the development of a hydro-dynamic numerical model<\/em><\/p>\n\n\n\n<p><strong>2011-2021<\/strong>&nbsp;&nbsp;&nbsp;&nbsp;&nbsp;&nbsp;&nbsp;&nbsp;&nbsp;&nbsp; <strong>Principal Investigator<\/strong> of 3 collaboration agreements with <strong>BRGM<\/strong><\/p>\n\n\n\n<p><strong>2013-2020<\/strong>&nbsp;&nbsp;&nbsp;&nbsp;&nbsp;&nbsp;&nbsp;&nbsp;&nbsp;&nbsp; <strong>Principal Investigator<\/strong> of 2 collaboration agreements with <strong>GDF-Suez and ENGIE program <\/strong><a href=\"http:\/\/hebergement.u-psud.fr\/reliefetbassin\/index.php\/recherche\/partenaires-industriels\/engie\/\">CLAYCOAT<\/a> in 2013 and 2015-2020<\/p>\n\n\n\n<p><strong>2012-2015<\/strong>&nbsp;&nbsp;&nbsp;&nbsp;&nbsp;&nbsp;&nbsp;&nbsp;&nbsp;&nbsp; <strong>Principal Investigator<\/strong> of 4 contracts <strong>Vermilion Energy (<\/strong>2015), <strong>Lundin <\/strong>(2014), <strong>ROCAMAT (2013), Cambridge Carbonates Ltd<\/strong> (2012)<\/p>\n\n\n\n<p><strong>2011-2012<\/strong>&nbsp;&nbsp;&nbsp;&nbsp;&nbsp;&nbsp;&nbsp;&nbsp;&nbsp;&nbsp; <strong>Principal Investigator<\/strong> of 2 collaboration agreements with <strong>Andra<\/strong><\/p>\n","protected":false},"excerpt":{"rendered":"<p>ADMINISTRATIVE INVOLVEMENTS Since 2019&nbsp;&nbsp;&nbsp;&nbsp;&nbsp;&nbsp;&nbsp; Director \u201cteaching Programs\u201d of the Graduate School Geosciences, Climate, Environment and Planetary Sciences of the University Paris-Saclay 2018-2021&nbsp;&nbsp;&nbsp;&nbsp;&nbsp;&nbsp;&nbsp;&nbsp; Director \u201cteaching Programs\u201d of the Earth Sciences Department Since 2017&nbsp;&nbsp;&nbsp;&nbsp;&nbsp;&nbsp;&nbsp; Elected Member of the Executive Committee (Assessor College B) of the Consultative Commission of Specialists of the University of Paris-Saclay (CCSU), section CNU [&hellip;]<\/p>\n","protected":false},"author":1,"featured_media":0,"parent":0,"menu_order":9,"comment_status":"closed","ping_status":"closed","template":"","meta":{"ngg_post_thumbnail":0,"footnotes":""},"class_list":["post-2804","page","type-page","status-publish","hentry","post-preview"],"yoast_head":"<!-- This site is optimized with the Yoast SEO plugin v26.7 - https:\/\/yoast.com\/wordpress\/plugins\/seo\/ -->\n<title>RESPONSIBILITIES - benjamin brigaud<\/title>\n<meta name=\"robots\" content=\"index, follow, max-snippet:-1, max-image-preview:large, max-video-preview:-1\" \/>\n<link rel=\"canonical\" href=\"https:\/\/hebergement.universite-paris-saclay.fr\/brigaud\/en\/responsibilities\/\" \/>\n<meta property=\"og:locale\" content=\"fr_FR\" \/>\n<meta property=\"og:type\" content=\"article\" \/>\n<meta property=\"og:title\" content=\"RESPONSIBILITIES - benjamin brigaud\" \/>\n<meta property=\"og:description\" content=\"ADMINISTRATIVE INVOLVEMENTS Since 2019&nbsp;&nbsp;&nbsp;&nbsp;&nbsp;&nbsp;&nbsp; Director \u201cteaching Programs\u201d of the Graduate School Geosciences, Climate, Environment and Planetary Sciences of the University Paris-Saclay 2018-2021&nbsp;&nbsp;&nbsp;&nbsp;&nbsp;&nbsp;&nbsp;&nbsp; Director \u201cteaching Programs\u201d of the Earth Sciences Department Since 2017&nbsp;&nbsp;&nbsp;&nbsp;&nbsp;&nbsp;&nbsp; Elected Member of the Executive Committee (Assessor College B) of the Consultative Commission of Specialists of the University of Paris-Saclay (CCSU), section CNU [&hellip;]\" \/>\n<meta property=\"og:url\" content=\"https:\/\/hebergement.universite-paris-saclay.fr\/brigaud\/en\/responsibilities\/\" \/>\n<meta property=\"og:site_name\" content=\"benjamin brigaud\" \/>\n<meta property=\"article:modified_time\" content=\"2021-12-22T01:08:32+00:00\" \/>\n<meta name=\"twitter:card\" content=\"summary_large_image\" \/>\n<meta name=\"twitter:label1\" content=\"Dur\u00e9e de lecture estim\u00e9e\" \/>\n\t<meta name=\"twitter:data1\" content=\"3 minutes\" \/>\n<script type=\"application\/ld+json\" class=\"yoast-schema-graph\">{\"@context\":\"https:\/\/schema.org\",\"@graph\":[{\"@type\":\"WebPage\",\"@id\":\"https:\/\/hebergement.universite-paris-saclay.fr\/brigaud\/en\/responsibilities\/\",\"url\":\"https:\/\/hebergement.universite-paris-saclay.fr\/brigaud\/en\/responsibilities\/\",\"name\":\"RESPONSIBILITIES - benjamin brigaud\",\"isPartOf\":{\"@id\":\"https:\/\/hebergement.universite-paris-saclay.fr\/brigaud\/#website\"},\"datePublished\":\"2020-11-28T21:37:54+00:00\",\"dateModified\":\"2021-12-22T01:08:32+00:00\",\"breadcrumb\":{\"@id\":\"https:\/\/hebergement.universite-paris-saclay.fr\/brigaud\/en\/responsibilities\/#breadcrumb\"},\"inLanguage\":\"fr-FR\",\"potentialAction\":[{\"@type\":\"ReadAction\",\"target\":[\"https:\/\/hebergement.universite-paris-saclay.fr\/brigaud\/en\/responsibilities\/\"]}]},{\"@type\":\"BreadcrumbList\",\"@id\":\"https:\/\/hebergement.universite-paris-saclay.fr\/brigaud\/en\/responsibilities\/#breadcrumb\",\"itemListElement\":[{\"@type\":\"ListItem\",\"position\":1,\"name\":\"Accueil\",\"item\":\"https:\/\/hebergement.universite-paris-saclay.fr\/brigaud\/\"},{\"@type\":\"ListItem\",\"position\":2,\"name\":\"RESPONSIBILITIES\"}]},{\"@type\":\"WebSite\",\"@id\":\"https:\/\/hebergement.universite-paris-saclay.fr\/brigaud\/#website\",\"url\":\"https:\/\/hebergement.universite-paris-saclay.fr\/brigaud\/\",\"name\":\"benjamin brigaud\",\"description\":\"s\u00e9dimentologue\",\"publisher\":{\"@id\":\"https:\/\/hebergement.universite-paris-saclay.fr\/brigaud\/#organization\"},\"potentialAction\":[{\"@type\":\"SearchAction\",\"target\":{\"@type\":\"EntryPoint\",\"urlTemplate\":\"https:\/\/hebergement.universite-paris-saclay.fr\/brigaud\/?s={search_term_string}\"},\"query-input\":{\"@type\":\"PropertyValueSpecification\",\"valueRequired\":true,\"valueName\":\"search_term_string\"}}],\"inLanguage\":\"fr-FR\"},{\"@type\":\"Organization\",\"@id\":\"https:\/\/hebergement.universite-paris-saclay.fr\/brigaud\/#organization\",\"name\":\"Universit\u00e9 Paris-Saclay\",\"url\":\"https:\/\/hebergement.universite-paris-saclay.fr\/brigaud\/\",\"logo\":{\"@type\":\"ImageObject\",\"inLanguage\":\"fr-FR\",\"@id\":\"https:\/\/hebergement.universite-paris-saclay.fr\/brigaud\/#\/schema\/logo\/image\/\",\"url\":\"http:\/\/hebergement.universite-paris-saclay.fr\/brigaud\/wp-admin\/uploads\/UPSACLAY-2020.png\",\"contentUrl\":\"http:\/\/hebergement.universite-paris-saclay.fr\/brigaud\/wp-admin\/uploads\/UPSACLAY-2020.png\",\"width\":178,\"height\":80,\"caption\":\"Universit\u00e9 Paris-Saclay\"},\"image\":{\"@id\":\"https:\/\/hebergement.universite-paris-saclay.fr\/brigaud\/#\/schema\/logo\/image\/\"}}]}<\/script>\n<!-- \/ Yoast SEO plugin. -->","yoast_head_json":{"title":"RESPONSIBILITIES - benjamin brigaud","robots":{"index":"index","follow":"follow","max-snippet":"max-snippet:-1","max-image-preview":"max-image-preview:large","max-video-preview":"max-video-preview:-1"},"canonical":"https:\/\/hebergement.universite-paris-saclay.fr\/brigaud\/en\/responsibilities\/","og_locale":"fr_FR","og_type":"article","og_title":"RESPONSIBILITIES - benjamin brigaud","og_description":"ADMINISTRATIVE INVOLVEMENTS Since 2019&nbsp;&nbsp;&nbsp;&nbsp;&nbsp;&nbsp;&nbsp; Director \u201cteaching Programs\u201d of the Graduate School Geosciences, Climate, Environment and Planetary Sciences of the University Paris-Saclay 2018-2021&nbsp;&nbsp;&nbsp;&nbsp;&nbsp;&nbsp;&nbsp;&nbsp; Director \u201cteaching Programs\u201d of the Earth Sciences Department Since 2017&nbsp;&nbsp;&nbsp;&nbsp;&nbsp;&nbsp;&nbsp; Elected Member of the Executive Committee (Assessor College B) of the Consultative Commission of Specialists of the University of Paris-Saclay (CCSU), section CNU [&hellip;]","og_url":"https:\/\/hebergement.universite-paris-saclay.fr\/brigaud\/en\/responsibilities\/","og_site_name":"benjamin brigaud","article_modified_time":"2021-12-22T01:08:32+00:00","twitter_card":"summary_large_image","twitter_misc":{"Dur\u00e9e de lecture estim\u00e9e":"3 minutes"},"schema":{"@context":"https:\/\/schema.org","@graph":[{"@type":"WebPage","@id":"https:\/\/hebergement.universite-paris-saclay.fr\/brigaud\/en\/responsibilities\/","url":"https:\/\/hebergement.universite-paris-saclay.fr\/brigaud\/en\/responsibilities\/","name":"RESPONSIBILITIES - benjamin brigaud","isPartOf":{"@id":"https:\/\/hebergement.universite-paris-saclay.fr\/brigaud\/#website"},"datePublished":"2020-11-28T21:37:54+00:00","dateModified":"2021-12-22T01:08:32+00:00","breadcrumb":{"@id":"https:\/\/hebergement.universite-paris-saclay.fr\/brigaud\/en\/responsibilities\/#breadcrumb"},"inLanguage":"fr-FR","potentialAction":[{"@type":"ReadAction","target":["https:\/\/hebergement.universite-paris-saclay.fr\/brigaud\/en\/responsibilities\/"]}]},{"@type":"BreadcrumbList","@id":"https:\/\/hebergement.universite-paris-saclay.fr\/brigaud\/en\/responsibilities\/#breadcrumb","itemListElement":[{"@type":"ListItem","position":1,"name":"Accueil","item":"https:\/\/hebergement.universite-paris-saclay.fr\/brigaud\/"},{"@type":"ListItem","position":2,"name":"RESPONSIBILITIES"}]},{"@type":"WebSite","@id":"https:\/\/hebergement.universite-paris-saclay.fr\/brigaud\/#website","url":"https:\/\/hebergement.universite-paris-saclay.fr\/brigaud\/","name":"benjamin brigaud","description":"s\u00e9dimentologue","publisher":{"@id":"https:\/\/hebergement.universite-paris-saclay.fr\/brigaud\/#organization"},"potentialAction":[{"@type":"SearchAction","target":{"@type":"EntryPoint","urlTemplate":"https:\/\/hebergement.universite-paris-saclay.fr\/brigaud\/?s={search_term_string}"},"query-input":{"@type":"PropertyValueSpecification","valueRequired":true,"valueName":"search_term_string"}}],"inLanguage":"fr-FR"},{"@type":"Organization","@id":"https:\/\/hebergement.universite-paris-saclay.fr\/brigaud\/#organization","name":"Universit\u00e9 Paris-Saclay","url":"https:\/\/hebergement.universite-paris-saclay.fr\/brigaud\/","logo":{"@type":"ImageObject","inLanguage":"fr-FR","@id":"https:\/\/hebergement.universite-paris-saclay.fr\/brigaud\/#\/schema\/logo\/image\/","url":"http:\/\/hebergement.universite-paris-saclay.fr\/brigaud\/wp-admin\/uploads\/UPSACLAY-2020.png","contentUrl":"http:\/\/hebergement.universite-paris-saclay.fr\/brigaud\/wp-admin\/uploads\/UPSACLAY-2020.png","width":178,"height":80,"caption":"Universit\u00e9 Paris-Saclay"},"image":{"@id":"https:\/\/hebergement.universite-paris-saclay.fr\/brigaud\/#\/schema\/logo\/image\/"}}]}},"_links":{"self":[{"href":"https:\/\/hebergement.universite-paris-saclay.fr\/brigaud\/wp-json\/wp\/v2\/pages\/2804","targetHints":{"allow":["GET"]}}],"collection":[{"href":"https:\/\/hebergement.universite-paris-saclay.fr\/brigaud\/wp-json\/wp\/v2\/pages"}],"about":[{"href":"https:\/\/hebergement.universite-paris-saclay.fr\/brigaud\/wp-json\/wp\/v2\/types\/page"}],"author":[{"embeddable":true,"href":"https:\/\/hebergement.universite-paris-saclay.fr\/brigaud\/wp-json\/wp\/v2\/users\/1"}],"replies":[{"embeddable":true,"href":"https:\/\/hebergement.universite-paris-saclay.fr\/brigaud\/wp-json\/wp\/v2\/comments?post=2804"}],"version-history":[{"count":8,"href":"https:\/\/hebergement.universite-paris-saclay.fr\/brigaud\/wp-json\/wp\/v2\/pages\/2804\/revisions"}],"predecessor-version":[{"id":2992,"href":"https:\/\/hebergement.universite-paris-saclay.fr\/brigaud\/wp-json\/wp\/v2\/pages\/2804\/revisions\/2992"}],"wp:attachment":[{"href":"https:\/\/hebergement.universite-paris-saclay.fr\/brigaud\/wp-json\/wp\/v2\/media?parent=2804"}],"curies":[{"name":"wp","href":"https:\/\/api.w.org\/{rel}","templated":true}]}}