{"id":2806,"date":"2020-11-28T21:42:44","date_gmt":"2020-11-28T21:42:44","guid":{"rendered":"http:\/\/hebergement.universite-paris-saclay.fr\/brigaud\/?page_id=2806"},"modified":"2023-08-24T21:38:24","modified_gmt":"2023-08-24T21:38:24","slug":"phd-supervision","status":"publish","type":"page","link":"https:\/\/hebergement.universite-paris-saclay.fr\/brigaud\/en\/research\/phd-supervision\/","title":{"rendered":"PHD SUPERVISION"},"content":{"rendered":"\n<h3 class=\"wp-block-heading\">PhD in progress<\/h3>\n\n\n\n<p><strong>2021- \u2026&nbsp;:<\/strong>&nbsp;&nbsp;&nbsp;&nbsp;&nbsp;&nbsp;&nbsp;&nbsp;&nbsp; Director of <strong>Codjo Essou<\/strong>\u2018s thesis, 50% co-supervision with Miklos Antics, Geofluid (50%), Characterization of reservoirs heterogeneities and hydro-dynamic numerical modelling in geothermal system. Funding by Association Nationale de Recherche Technologique (ANRT), thesis \u00ab Convention industrielle de formation par la recherche \u00bb Cifre n\u00b0 2021\/0773 <a href=\"https:\/\/www.theses.fr\/fr\/s306745\" target=\"_blank\" rel=\"noreferrer noopener\">https:\/\/www.theses.fr\/fr\/s306745<\/a><\/p>\n\n\n\n<p><strong>2020- \u2026 <\/strong>:&nbsp;&nbsp;&nbsp;&nbsp;&nbsp;&nbsp;&nbsp;&nbsp;&nbsp; Director of <strong>Perrine Mas<\/strong>\u2018s thesis, 50% co-supervision with Rapha\u00ebl Bourillot, Bordeaux INP (50%), Geothermal energy in siliciclastic reservoirs: Contribution of field analogues and hydrodynamic simulation. Funding by ANR https:\/\/anr.fr\/Projet-ANR-19-CE05-0032 <a href=\"https:\/\/www.theses.fr\/fr\/s254131\" target=\"_blank\" rel=\"noreferrer noopener\">https:\/\/www.theses.fr\/fr\/s254131<\/a><\/p>\n\n\n\n<p><strong>2019- \u2026 <\/strong>:&nbsp;&nbsp;&nbsp;&nbsp;&nbsp;&nbsp;&nbsp;&nbsp;&nbsp; Director of <strong>Maxime Catinat<\/strong>\u2018s thesis, 90% co-supervision with Miklos Antics, Geofluid (10%), Characterization of geothermal reservoirs heterogeneities in Ile-de-France through the development of hydro-dynamic numerical modelling. Funding by the Ile-de-France Region program. Thesis Paris Region PhD 2019 in partnership with the company GEOFLUID <a href=\"https:\/\/www.theses.fr\/fr\/s229489\" target=\"_blank\" rel=\"noreferrer noopener\">https:\/\/www.theses.fr\/fr\/s229489<\/a><\/p>\n\n\n\n<h3 class=\"wp-block-heading\">Defended PhD<\/h3>\n\n\n\n<p><strong>2019-2023<\/strong> :&nbsp;&nbsp;&nbsp;&nbsp;&nbsp;&nbsp;&nbsp;&nbsp;&nbsp; Director of <strong>Kevin Moreau<\/strong>\u2018s thesis, 50% co-supervision with Simon Andrieu, BRGM (50%), Characterization of reservoir heterogeneities in continental carbonates \u2013 Links between sedimentary facies, microstructural property, diagenesis and petrophysical response. \u00bd Funding Doctoral contract (Research grants from the French Ministry of Research) and \u00bd Funding French Geological Survey (BRGM) program R\u00e9f\u00e9rentiel G\u00e9ologique de la France, Thesis defended on April 20, 2023. <a href=\"https:\/\/www.theses.fr\/fr\/2023UPASJ014\" target=\"_blank\" rel=\"noreferrer noopener\">https:\/\/www.theses.fr\/fr\/2023UPASJ014<\/a><\/p>\n\n\n\n<p><strong>2018-2022<\/strong> :&nbsp;&nbsp;&nbsp;&nbsp;&nbsp;&nbsp;&nbsp;&nbsp;&nbsp; Director of <strong>Quentin Deloume-Carpentras<\/strong>\u2018s thesis, 50% co-supervision with Simon Andrieu, BRGM (50%), Sedimentary facies, architecture and diagenetic evolution of the Middle and Late Jurassic of the North-eastern Aquitaine Basin (Dordogne, Lot, Lot-et-Garonne): influence on the development of karstic networks. Funding: French Geological Survey (BRGM Collaboration n\u00b0P2789 0), Thesis defended on December 13, 2022. <a href=\"https:\/\/www.theses.fr\/fr\/2022UPASJ026\" target=\"_blank\" rel=\"noreferrer noopener\">https:\/\/www.theses.fr\/fr\/2022UPASJ026<\/a><\/p>\n\n\n\n<p><strong>2018-2022<\/strong> :&nbsp;&nbsp;&nbsp;&nbsp;&nbsp;&nbsp;&nbsp;&nbsp;&nbsp; Co-Director of <strong>Louise Lenoir<\/strong>\u2018s thesis, 25% co-supervision with Jocelyn Barbarand (25%) and Thomas Blaise (50%), Fluid-rock interactions at the origin of F-Ba deposits at the basement\/sediment unconformity of the South-East Paris Basin. Funding CEPHYTEN, Thesis defended on September 14, 2022. Current position: Engineer at 45-8 <a href=\"https:\/\/www.theses.fr\/fr\/2022UPASJ019\" target=\"_blank\" rel=\"noreferrer noopener\">https:\/\/www.theses.fr\/fr\/2022UPASJ019<\/a><\/p>\n\n\n\n<p><strong>2017-2022<\/strong> :&nbsp;&nbsp;&nbsp;&nbsp;&nbsp;&nbsp;&nbsp;&nbsp;&nbsp; Co-Director of <strong>Hadrien Thomas<\/strong>\u2018s thesis, co-supervision with Hermann Zeyen (50%), Influence of sequence stratigraphy and diagenesis on the quality of hydro-dynamic and thermal modelling of carbonate reservoirs: implication in the development of deep geothermal energy in the Paris Basin. Funding: Doctoral contract (Research grants from the Ministry of Research), Thesis defended on July 6, 2022. Current position: Engineer at PANterra Geoconsultants <a href=\"https:\/\/www.theses.fr\/fr\/2022UPASJ017\" target=\"_blank\" rel=\"noreferrer noopener\">https:\/\/www.theses.fr\/fr\/2022UPASJ017<\/a><\/p>\n\n\n\n<p><strong>2015-2019<\/strong>&nbsp;&nbsp;&nbsp;&nbsp;&nbsp;&nbsp;&nbsp;&nbsp; Director of <strong>Maxime Virolle<\/strong>\u2018s thesis, 80% co-supervision with Eric Portier, Neptune Energy (20%), Origin and spatio-temporal prediction of clay coats in sandstone reservoirs \u2013 Contributions of the comparison between ancient reservoirs (Permian to Cretaceous) and modern analogue (Gironde Estuary), funding: ENGIE (CLAYCOAT Program), Thesis of the University Paris-Saclay, defended on June 28, 2019. Current position: Engineer at GINGER CEBTP <a href=\"https:\/\/www.theses.fr\/fr\/2019SACLS190\" target=\"_blank\" rel=\"noreferrer noopener\">https:\/\/www.theses.fr\/fr\/2019SACLS190<\/a><\/p>\n\n\n\n<p><strong>2013-2016<\/strong>&nbsp;&nbsp;&nbsp;&nbsp;&nbsp;&nbsp;&nbsp;&nbsp; Supervision of <strong>Simon Andrieu<\/strong>\u2018s thesis at 50% with Jocelyn Barbarand (Director, 50%), Link between discontinuity diagenesis, sedimentary facies and sequence stratigraphy: example of the Western France carbonate platform (Aalenian-Oxfordian). Funding: Doctoral Contract (Research Grants from the Ministry of Research and Higher Education n\u00b02013-134), Thesis of the University Paris-Saclay, defended on 7 December 2016. Current position: French Geological Survey (BRGM) engineer <a href=\"https:\/\/www.theses.fr\/fr\/2016SACLS514\" target=\"_blank\" rel=\"noreferrer noopener\">https:\/\/www.theses.fr\/fr\/2016SACLS514<\/a><\/p>\n\n\n\n<p><strong>2011-2015<\/strong>&nbsp;&nbsp;&nbsp;&nbsp;&nbsp;&nbsp;&nbsp;&nbsp; Supervision of <strong>Morgane Gigoux<\/strong>\u2018s thesis at 50% with Maurice Pagel (Director, 50%), Origin of CaF2 fluorite mineralizations of the South-eastern Paris Basin (Morvan, France). Funding: French Geological Survey (BRGM), Thesis of the University Paris-Saclay, defended on July 2, 2015. Current position: Research engineer at the Consortium for Research in Mineral Exploration (CONSOREM), Montreal, Canada <a href=\"https:\/\/www.theses.fr\/fr\/2015PA112126\" target=\"_blank\" rel=\"noreferrer noopener\">https:\/\/www.theses.fr\/fr\/2015PA112126<\/a><\/p>\n","protected":false},"excerpt":{"rendered":"<p>PhD in progress 2021- \u2026&nbsp;:&nbsp;&nbsp;&nbsp;&nbsp;&nbsp;&nbsp;&nbsp;&nbsp;&nbsp; Director of Codjo Essou\u2018s thesis, 50% co-supervision with Miklos Antics, Geofluid (50%), Characterization of reservoirs heterogeneities and hydro-dynamic numerical modelling in geothermal system. Funding by Association Nationale de Recherche Technologique (ANRT), thesis \u00ab Convention industrielle de formation par la recherche \u00bb Cifre n\u00b0 2021\/0773 https:\/\/www.theses.fr\/fr\/s306745 2020- \u2026 :&nbsp;&nbsp;&nbsp;&nbsp;&nbsp;&nbsp;&nbsp;&nbsp;&nbsp; Director of [&hellip;]<\/p>\n","protected":false},"author":1,"featured_media":0,"parent":2780,"menu_order":3,"comment_status":"closed","ping_status":"open","template":"","meta":{"ngg_post_thumbnail":0,"footnotes":""},"class_list":["post-2806","page","type-page","status-publish","hentry","post-preview"],"yoast_head":"<!-- This site is optimized with the Yoast SEO plugin v26.7 - https:\/\/yoast.com\/wordpress\/plugins\/seo\/ -->\n<title>PHD SUPERVISION - benjamin brigaud<\/title>\n<meta name=\"robots\" content=\"index, follow, max-snippet:-1, max-image-preview:large, max-video-preview:-1\" \/>\n<link rel=\"canonical\" href=\"https:\/\/hebergement.universite-paris-saclay.fr\/brigaud\/en\/research\/phd-supervision\/\" \/>\n<meta property=\"og:locale\" content=\"fr_FR\" \/>\n<meta property=\"og:type\" content=\"article\" \/>\n<meta property=\"og:title\" content=\"PHD SUPERVISION - benjamin brigaud\" \/>\n<meta property=\"og:description\" content=\"PhD in progress 2021- \u2026&nbsp;:&nbsp;&nbsp;&nbsp;&nbsp;&nbsp;&nbsp;&nbsp;&nbsp;&nbsp; Director of Codjo Essou\u2018s thesis, 50% co-supervision with Miklos Antics, Geofluid (50%), Characterization of reservoirs heterogeneities and hydro-dynamic numerical modelling in geothermal system. Funding by Association Nationale de Recherche Technologique (ANRT), thesis \u00ab Convention industrielle de formation par la recherche \u00bb Cifre n\u00b0 2021\/0773 https:\/\/www.theses.fr\/fr\/s306745 2020- \u2026 :&nbsp;&nbsp;&nbsp;&nbsp;&nbsp;&nbsp;&nbsp;&nbsp;&nbsp; Director of [&hellip;]\" \/>\n<meta property=\"og:url\" content=\"https:\/\/hebergement.universite-paris-saclay.fr\/brigaud\/en\/research\/phd-supervision\/\" \/>\n<meta property=\"og:site_name\" content=\"benjamin brigaud\" \/>\n<meta property=\"article:modified_time\" content=\"2023-08-24T21:38:24+00:00\" \/>\n<meta name=\"twitter:card\" content=\"summary_large_image\" \/>\n<meta name=\"twitter:label1\" content=\"Dur\u00e9e de lecture estim\u00e9e\" \/>\n\t<meta name=\"twitter:data1\" content=\"3 minutes\" \/>\n<script type=\"application\/ld+json\" class=\"yoast-schema-graph\">{\"@context\":\"https:\/\/schema.org\",\"@graph\":[{\"@type\":\"WebPage\",\"@id\":\"https:\/\/hebergement.universite-paris-saclay.fr\/brigaud\/en\/research\/phd-supervision\/\",\"url\":\"https:\/\/hebergement.universite-paris-saclay.fr\/brigaud\/en\/research\/phd-supervision\/\",\"name\":\"PHD SUPERVISION - benjamin brigaud\",\"isPartOf\":{\"@id\":\"https:\/\/hebergement.universite-paris-saclay.fr\/brigaud\/#website\"},\"datePublished\":\"2020-11-28T21:42:44+00:00\",\"dateModified\":\"2023-08-24T21:38:24+00:00\",\"breadcrumb\":{\"@id\":\"https:\/\/hebergement.universite-paris-saclay.fr\/brigaud\/en\/research\/phd-supervision\/#breadcrumb\"},\"inLanguage\":\"fr-FR\",\"potentialAction\":[{\"@type\":\"ReadAction\",\"target\":[\"https:\/\/hebergement.universite-paris-saclay.fr\/brigaud\/en\/research\/phd-supervision\/\"]}]},{\"@type\":\"BreadcrumbList\",\"@id\":\"https:\/\/hebergement.universite-paris-saclay.fr\/brigaud\/en\/research\/phd-supervision\/#breadcrumb\",\"itemListElement\":[{\"@type\":\"ListItem\",\"position\":1,\"name\":\"Accueil\",\"item\":\"https:\/\/hebergement.universite-paris-saclay.fr\/brigaud\/\"},{\"@type\":\"ListItem\",\"position\":2,\"name\":\"Research\",\"item\":\"http:\/\/hebergement.universite-paris-saclay.fr\/brigaud\/en\/research\/\"},{\"@type\":\"ListItem\",\"position\":3,\"name\":\"PHD SUPERVISION\"}]},{\"@type\":\"WebSite\",\"@id\":\"https:\/\/hebergement.universite-paris-saclay.fr\/brigaud\/#website\",\"url\":\"https:\/\/hebergement.universite-paris-saclay.fr\/brigaud\/\",\"name\":\"benjamin brigaud\",\"description\":\"s\u00e9dimentologue\",\"publisher\":{\"@id\":\"https:\/\/hebergement.universite-paris-saclay.fr\/brigaud\/#organization\"},\"potentialAction\":[{\"@type\":\"SearchAction\",\"target\":{\"@type\":\"EntryPoint\",\"urlTemplate\":\"https:\/\/hebergement.universite-paris-saclay.fr\/brigaud\/?s={search_term_string}\"},\"query-input\":{\"@type\":\"PropertyValueSpecification\",\"valueRequired\":true,\"valueName\":\"search_term_string\"}}],\"inLanguage\":\"fr-FR\"},{\"@type\":\"Organization\",\"@id\":\"https:\/\/hebergement.universite-paris-saclay.fr\/brigaud\/#organization\",\"name\":\"Universit\u00e9 Paris-Saclay\",\"url\":\"https:\/\/hebergement.universite-paris-saclay.fr\/brigaud\/\",\"logo\":{\"@type\":\"ImageObject\",\"inLanguage\":\"fr-FR\",\"@id\":\"https:\/\/hebergement.universite-paris-saclay.fr\/brigaud\/#\/schema\/logo\/image\/\",\"url\":\"http:\/\/hebergement.universite-paris-saclay.fr\/brigaud\/wp-admin\/uploads\/UPSACLAY-2020.png\",\"contentUrl\":\"http:\/\/hebergement.universite-paris-saclay.fr\/brigaud\/wp-admin\/uploads\/UPSACLAY-2020.png\",\"width\":178,\"height\":80,\"caption\":\"Universit\u00e9 Paris-Saclay\"},\"image\":{\"@id\":\"https:\/\/hebergement.universite-paris-saclay.fr\/brigaud\/#\/schema\/logo\/image\/\"}}]}<\/script>\n<!-- \/ Yoast SEO plugin. -->","yoast_head_json":{"title":"PHD SUPERVISION - benjamin brigaud","robots":{"index":"index","follow":"follow","max-snippet":"max-snippet:-1","max-image-preview":"max-image-preview:large","max-video-preview":"max-video-preview:-1"},"canonical":"https:\/\/hebergement.universite-paris-saclay.fr\/brigaud\/en\/research\/phd-supervision\/","og_locale":"fr_FR","og_type":"article","og_title":"PHD SUPERVISION - benjamin brigaud","og_description":"PhD in progress 2021- \u2026&nbsp;:&nbsp;&nbsp;&nbsp;&nbsp;&nbsp;&nbsp;&nbsp;&nbsp;&nbsp; Director of Codjo Essou\u2018s thesis, 50% co-supervision with Miklos Antics, Geofluid (50%), Characterization of reservoirs heterogeneities and hydro-dynamic numerical modelling in geothermal system. Funding by Association Nationale de Recherche Technologique (ANRT), thesis \u00ab Convention industrielle de formation par la recherche \u00bb Cifre n\u00b0 2021\/0773 https:\/\/www.theses.fr\/fr\/s306745 2020- \u2026 :&nbsp;&nbsp;&nbsp;&nbsp;&nbsp;&nbsp;&nbsp;&nbsp;&nbsp; Director of [&hellip;]","og_url":"https:\/\/hebergement.universite-paris-saclay.fr\/brigaud\/en\/research\/phd-supervision\/","og_site_name":"benjamin brigaud","article_modified_time":"2023-08-24T21:38:24+00:00","twitter_card":"summary_large_image","twitter_misc":{"Dur\u00e9e de lecture estim\u00e9e":"3 minutes"},"schema":{"@context":"https:\/\/schema.org","@graph":[{"@type":"WebPage","@id":"https:\/\/hebergement.universite-paris-saclay.fr\/brigaud\/en\/research\/phd-supervision\/","url":"https:\/\/hebergement.universite-paris-saclay.fr\/brigaud\/en\/research\/phd-supervision\/","name":"PHD SUPERVISION - benjamin brigaud","isPartOf":{"@id":"https:\/\/hebergement.universite-paris-saclay.fr\/brigaud\/#website"},"datePublished":"2020-11-28T21:42:44+00:00","dateModified":"2023-08-24T21:38:24+00:00","breadcrumb":{"@id":"https:\/\/hebergement.universite-paris-saclay.fr\/brigaud\/en\/research\/phd-supervision\/#breadcrumb"},"inLanguage":"fr-FR","potentialAction":[{"@type":"ReadAction","target":["https:\/\/hebergement.universite-paris-saclay.fr\/brigaud\/en\/research\/phd-supervision\/"]}]},{"@type":"BreadcrumbList","@id":"https:\/\/hebergement.universite-paris-saclay.fr\/brigaud\/en\/research\/phd-supervision\/#breadcrumb","itemListElement":[{"@type":"ListItem","position":1,"name":"Accueil","item":"https:\/\/hebergement.universite-paris-saclay.fr\/brigaud\/"},{"@type":"ListItem","position":2,"name":"Research","item":"http:\/\/hebergement.universite-paris-saclay.fr\/brigaud\/en\/research\/"},{"@type":"ListItem","position":3,"name":"PHD SUPERVISION"}]},{"@type":"WebSite","@id":"https:\/\/hebergement.universite-paris-saclay.fr\/brigaud\/#website","url":"https:\/\/hebergement.universite-paris-saclay.fr\/brigaud\/","name":"benjamin brigaud","description":"s\u00e9dimentologue","publisher":{"@id":"https:\/\/hebergement.universite-paris-saclay.fr\/brigaud\/#organization"},"potentialAction":[{"@type":"SearchAction","target":{"@type":"EntryPoint","urlTemplate":"https:\/\/hebergement.universite-paris-saclay.fr\/brigaud\/?s={search_term_string}"},"query-input":{"@type":"PropertyValueSpecification","valueRequired":true,"valueName":"search_term_string"}}],"inLanguage":"fr-FR"},{"@type":"Organization","@id":"https:\/\/hebergement.universite-paris-saclay.fr\/brigaud\/#organization","name":"Universit\u00e9 Paris-Saclay","url":"https:\/\/hebergement.universite-paris-saclay.fr\/brigaud\/","logo":{"@type":"ImageObject","inLanguage":"fr-FR","@id":"https:\/\/hebergement.universite-paris-saclay.fr\/brigaud\/#\/schema\/logo\/image\/","url":"http:\/\/hebergement.universite-paris-saclay.fr\/brigaud\/wp-admin\/uploads\/UPSACLAY-2020.png","contentUrl":"http:\/\/hebergement.universite-paris-saclay.fr\/brigaud\/wp-admin\/uploads\/UPSACLAY-2020.png","width":178,"height":80,"caption":"Universit\u00e9 Paris-Saclay"},"image":{"@id":"https:\/\/hebergement.universite-paris-saclay.fr\/brigaud\/#\/schema\/logo\/image\/"}}]}},"_links":{"self":[{"href":"https:\/\/hebergement.universite-paris-saclay.fr\/brigaud\/wp-json\/wp\/v2\/pages\/2806","targetHints":{"allow":["GET"]}}],"collection":[{"href":"https:\/\/hebergement.universite-paris-saclay.fr\/brigaud\/wp-json\/wp\/v2\/pages"}],"about":[{"href":"https:\/\/hebergement.universite-paris-saclay.fr\/brigaud\/wp-json\/wp\/v2\/types\/page"}],"author":[{"embeddable":true,"href":"https:\/\/hebergement.universite-paris-saclay.fr\/brigaud\/wp-json\/wp\/v2\/users\/1"}],"replies":[{"embeddable":true,"href":"https:\/\/hebergement.universite-paris-saclay.fr\/brigaud\/wp-json\/wp\/v2\/comments?post=2806"}],"version-history":[{"count":5,"href":"https:\/\/hebergement.universite-paris-saclay.fr\/brigaud\/wp-json\/wp\/v2\/pages\/2806\/revisions"}],"predecessor-version":[{"id":3289,"href":"https:\/\/hebergement.universite-paris-saclay.fr\/brigaud\/wp-json\/wp\/v2\/pages\/2806\/revisions\/3289"}],"up":[{"embeddable":true,"href":"https:\/\/hebergement.universite-paris-saclay.fr\/brigaud\/wp-json\/wp\/v2\/pages\/2780"}],"wp:attachment":[{"href":"https:\/\/hebergement.universite-paris-saclay.fr\/brigaud\/wp-json\/wp\/v2\/media?parent=2806"}],"curies":[{"name":"wp","href":"https:\/\/api.w.org\/{rel}","templated":true}]}}