{"id":3015,"date":"2021-12-24T00:03:32","date_gmt":"2021-12-24T00:03:32","guid":{"rendered":"http:\/\/hebergement.universite-paris-saclay.fr\/brigaud\/?page_id=3015"},"modified":"2021-12-24T01:33:02","modified_gmt":"2021-12-24T01:33:02","slug":"annee-2012-projet-de-recherche-cnrs","status":"publish","type":"page","link":"https:\/\/hebergement.universite-paris-saclay.fr\/brigaud\/recherche\/programmes-scientiques\/archives\/annee-2012-projet-de-recherche-cnrs\/","title":{"rendered":"Ann\u00e9e 2012: projet de recherche CNRS"},"content":{"rendered":"\n<h1 class=\"wp-block-heading\"><em>projet N120: <\/em><\/h1>\n\n\n\n<p><em>Origine de l\u2019orientation N120 des structures d\u00e9tect\u00e9es en sismique 3D dans la Zone de Transposition (ZT) \u2013 Apport de l\u2019\u00e9tude des affleurements<\/em>.<\/p>\n\n\n\n<p>Programme sur l\u2019Aval du Cycle et l\u2019Energie Nucl\u00e9aire (PACEN), <strong><a rel=\"noreferrer noopener\" href=\"http:\/\/pacen.in2p3.fr\/\" target=\"_blank\">Programme interdisciplinaire CNRS \u00ab\u00a0PACEN\u00a0\u00bb<\/a><\/strong><\/p>\n\n\n\n<p>Responsable scientifique: Benjamin Brigaud<\/p>\n\n\n\n<p>Dur\u00e9e 1 an, ann\u00e9e: 2012<\/p>\n\n\n\n<p>La sismique 3D haute r\u00e9solution acquise par l\u2019Andra en 1999, et retrait\u00e9e en 2002-2003 sur le site du laboratoire souterrain a montr\u00e9 la pr\u00e9sence de rides d\u2019orientation N120 d\u2019allure anticlinale \u00e0 la base du Dogger calcaire. Le forage d\u00e9vi\u00e9 EST210 et les affleurements du Bajocien inf\u00e9rieur dans les environs de Neufch\u00e2teau semblent indiquer que l\u2019antiforme d\u00e9tect\u00e9 en sismique correspond \u00e0 l\u2019expression sismique de bioconstructions coralliennes. La pr\u00e9sence et l\u2019origine des alignements N120 de ces bioconstructions coraliennes \u00e0 l\u2019aplomb d\u2019un futur site de stockage de d\u00e9chets radioactifs semblent un point important qu\u2019il convient de mieux comprendre afin de l\u2019int\u00e9grer dans la conceptualisation g\u00e9ologique du site.<\/p>\n\n\n\n<p>La direction N120 de ces structures align\u00e9es n\u2019\u00e9tant pas, a priori, ni une direction structurale fr\u00e9quente dans le Jurassique de la zone d\u2019\u00e9tude, ni une direction connue de pal\u00e9o-courants, l\u2019origine de ces alignements reste donc \u00e9nigmatique. Le pr\u00e9sent projet a donc pour but (1) de pr\u00e9ciser l\u2019existence de ces structures sur les affleurements, en particulier par une \u00e9tude coupl\u00e9e s\u00e9dimentologique, structurale et de g\u00e9ophysique de surface, et (2) de mieux contraindre leur origine au sein des calcaires du Bajocien inf\u00e9rieur. Par ailleurs, comme les calcaires du Bajocien inf\u00e9rieur constituent les premiers d\u00e9p\u00f4ts carbonat\u00e9s reposant sur le Lias argileux, ce projet pourra permettre de documenter les modalit\u00e9s permettant d\u2019initier, de guider et de structurer la mise en place d\u2019une plate-forme carbonat\u00e9e, ce qui constitue une th\u00e9matique importante dans l\u2019\u00e9tude des d\u00e9p\u00f4ts s\u00e9dimentaires carbonat\u00e9s.<\/p>\n\n\n\n<p>Equipe du projet:<\/p>\n\n\n\n<p>Benjamin Brigaud (McF, s\u00e9dimentologie), Marc Pessel (McF, g\u00e9ophysique-\u00e9lectrique), Hermann Zeyen (Pr, g\u00e9physique-sismique), Albanne Saintenoy (McF, g\u00e9ophysique-radar), Yves Missenard (McF, structurale), Stagiaire de M2 2012: Fr\u00e9d\u00e9ric Hirn, stagiaires de M1 2012 (Jessica Saiag, Gr\u00e9goire Achiedo)<\/p>\n\n\n\n<p><strong>Mots cl\u00e9s : Carbonate, Bioconstructions coralliennes, S\u00e9dimentologie, Structurale, Bajocien<\/strong><\/p>\n\n\n\n<p>Description du programme PACEN-FORPRO<\/p>\n\n\n\n<div class=\"wp-block-image\"><figure class=\"alignleft\"><a href=\"http:\/\/pacen.in2p3.fr\/spip.php?rubrique30\" target=\"_blank\" rel=\"noreferrer noopener\"><img decoding=\"async\" src=\"http:\/\/hebergement.u-psud.fr\/reliefetbassin\/wp-content\/uploads\/2012\/04\/PACEN.jpg\" alt=\"\" class=\"wp-image-305\" title=\"PACEN\"\/><\/a><\/figure><\/div>\n\n\n\n<p><a href=\"http:\/\/pacen.in2p3.fr\/spip.php?rubrique30\" target=\"_blank\" rel=\"noreferrer noopener\">FORPRO<\/a> (<a href=\"http:\/\/pacen.in2p3.fr\/spip.php?rubrique30\" target=\"_blank\" rel=\"noreferrer noopener\">FORmation g\u00e9ologiques PROfondes<\/a>) est un groupement national de recherche (GNR) du CNRS et de l\u2019Andra appartenant au programme interdisciplinaire du CNRS PACEN (<a href=\"http:\/\/pacen.in2p3.fr\">Programme sur l\u2019Aval du Cycle et la production d\u2019Energie Nucl\u00e9aire<\/a>). L\u2019objectif principal de FORPRO est d\u2019am\u00e9liorer la compr\u00e9hension des m\u00e9canismes de transferts (eau, gaz, solut\u00e9s) \u00e0 travers des formations peu perm\u00e9ables. Il s\u2019appuie sur des projets qui traitent des aspects suivants :<\/p>\n\n\n\n<p>\u2013 la connaissance 3D g\u00e9ologique, p\u00e9trographique, s\u00e9dimentologique, min\u00e9ralogique, physique des formations<\/p>\n\n\n\n<p>\u2013 les propri\u00e9t\u00e9s de transferts et l\u2019aptitude des fluides (eaux, gaz) ou de leurs solut\u00e9s \u00e0 migrer \u00e9tudi\u00e9e exp\u00e9rimentalement \u00e0 la fois au laboratoire et in situ<\/p>\n\n\n\n<p>\u2013 la pr\u00e9diction num\u00e9rique des propri\u00e9t\u00e9s de transferts d\u00e9duites du comportement m\u00e9canique et physique des roches sous l\u2019effet des modifications des champs de pression, temp\u00e9rature et de gradients chimiques<\/p>\n\n\n\n<p>L\u2019activit\u00e9 est focalis\u00e9e sur des aspects fondamentaux en accord avec les grands objectifs de l\u2019Andra dans les domaines des Sciences de la Terre soutenus par l\u2019INSU. FORPRO privil\u00e9gie lors de la s\u00e9lection des projets le caract\u00e8re innovant des approches analytiques, exp\u00e9rimentales ou de mod\u00e9lisation.<\/p>\n\n\n\n<p>L\u2019Equipe Relief et Bassin contribue \u00e0 faire progresser les connaissances et r\u00e9pondre aux questions pos\u00e9es par FORPRO, en particulier celles concernant l\u2019axe 1 du programme :<\/p>\n\n\n\n<p>\u2013 Histoire pass\u00e9e (g\u00e9ologique, hydrog\u00e9ologique, structurale) des formations g\u00e9ologiques de l\u2019Est du bassin de Paris, et son impact sur la r\u00e9partition des propri\u00e9t\u00e9s min\u00e9ralogiques, g\u00e9ochimiques et p\u00e9trophysiques , gr\u00e2ce notamment \u00e0 l\u2019acc\u00e8s aux nouvelles campagnes de terrain (s\u00e9rie de sondages au Callovo-Oxfordien et sondage au Trias \u00e0 2000m).<\/p>\n","protected":false},"excerpt":{"rendered":"<p>projet N120: Origine de l\u2019orientation N120 des structures d\u00e9tect\u00e9es en sismique 3D dans la Zone de Transposition (ZT) \u2013 Apport de l\u2019\u00e9tude des affleurements. Programme sur l\u2019Aval du Cycle et l\u2019Energie Nucl\u00e9aire (PACEN), Programme interdisciplinaire CNRS \u00ab\u00a0PACEN\u00a0\u00bb Responsable scientifique: Benjamin Brigaud Dur\u00e9e 1 an, ann\u00e9e: 2012 La sismique 3D haute r\u00e9solution acquise par l\u2019Andra en [&hellip;]<\/p>\n","protected":false},"author":1,"featured_media":0,"parent":3013,"menu_order":2,"comment_status":"closed","ping_status":"closed","template":"","meta":{"ngg_post_thumbnail":0,"footnotes":""},"class_list":["post-3015","page","type-page","status-publish","hentry","post-preview"],"yoast_head":"<!-- This site is optimized with the Yoast SEO plugin v26.7 - https:\/\/yoast.com\/wordpress\/plugins\/seo\/ -->\n<title>Ann\u00e9e 2012: projet de recherche CNRS - benjamin brigaud<\/title>\n<meta name=\"robots\" content=\"index, follow, max-snippet:-1, max-image-preview:large, max-video-preview:-1\" \/>\n<link rel=\"canonical\" href=\"https:\/\/hebergement.universite-paris-saclay.fr\/brigaud\/recherche\/programmes-scientiques\/archives\/annee-2012-projet-de-recherche-cnrs\/\" \/>\n<meta property=\"og:locale\" content=\"fr_FR\" \/>\n<meta property=\"og:type\" content=\"article\" \/>\n<meta property=\"og:title\" content=\"Ann\u00e9e 2012: projet de recherche CNRS - benjamin brigaud\" \/>\n<meta property=\"og:description\" content=\"projet N120: Origine de l\u2019orientation N120 des structures d\u00e9tect\u00e9es en sismique 3D dans la Zone de Transposition (ZT) \u2013 Apport de l\u2019\u00e9tude des affleurements. Programme sur l\u2019Aval du Cycle et l\u2019Energie Nucl\u00e9aire (PACEN), Programme interdisciplinaire CNRS \u00ab\u00a0PACEN\u00a0\u00bb Responsable scientifique: Benjamin Brigaud Dur\u00e9e 1 an, ann\u00e9e: 2012 La sismique 3D haute r\u00e9solution acquise par l\u2019Andra en [&hellip;]\" \/>\n<meta property=\"og:url\" content=\"https:\/\/hebergement.universite-paris-saclay.fr\/brigaud\/recherche\/programmes-scientiques\/archives\/annee-2012-projet-de-recherche-cnrs\/\" \/>\n<meta property=\"og:site_name\" content=\"benjamin brigaud\" \/>\n<meta property=\"article:modified_time\" content=\"2021-12-24T01:33:02+00:00\" \/>\n<meta property=\"og:image\" content=\"http:\/\/hebergement.u-psud.fr\/reliefetbassin\/wp-content\/uploads\/2012\/04\/PACEN.jpg\" \/>\n<meta name=\"twitter:card\" content=\"summary_large_image\" \/>\n<meta name=\"twitter:label1\" content=\"Dur\u00e9e de lecture estim\u00e9e\" \/>\n\t<meta name=\"twitter:data1\" content=\"4 minutes\" \/>\n<script type=\"application\/ld+json\" class=\"yoast-schema-graph\">{\"@context\":\"https:\/\/schema.org\",\"@graph\":[{\"@type\":\"WebPage\",\"@id\":\"https:\/\/hebergement.universite-paris-saclay.fr\/brigaud\/recherche\/programmes-scientiques\/archives\/annee-2012-projet-de-recherche-cnrs\/\",\"url\":\"https:\/\/hebergement.universite-paris-saclay.fr\/brigaud\/recherche\/programmes-scientiques\/archives\/annee-2012-projet-de-recherche-cnrs\/\",\"name\":\"Ann\u00e9e 2012: projet de recherche CNRS - benjamin brigaud\",\"isPartOf\":{\"@id\":\"https:\/\/hebergement.universite-paris-saclay.fr\/brigaud\/#website\"},\"primaryImageOfPage\":{\"@id\":\"https:\/\/hebergement.universite-paris-saclay.fr\/brigaud\/recherche\/programmes-scientiques\/archives\/annee-2012-projet-de-recherche-cnrs\/#primaryimage\"},\"image\":{\"@id\":\"https:\/\/hebergement.universite-paris-saclay.fr\/brigaud\/recherche\/programmes-scientiques\/archives\/annee-2012-projet-de-recherche-cnrs\/#primaryimage\"},\"thumbnailUrl\":\"http:\/\/hebergement.u-psud.fr\/reliefetbassin\/wp-content\/uploads\/2012\/04\/PACEN.jpg\",\"datePublished\":\"2021-12-24T00:03:32+00:00\",\"dateModified\":\"2021-12-24T01:33:02+00:00\",\"breadcrumb\":{\"@id\":\"https:\/\/hebergement.universite-paris-saclay.fr\/brigaud\/recherche\/programmes-scientiques\/archives\/annee-2012-projet-de-recherche-cnrs\/#breadcrumb\"},\"inLanguage\":\"fr-FR\",\"potentialAction\":[{\"@type\":\"ReadAction\",\"target\":[\"https:\/\/hebergement.universite-paris-saclay.fr\/brigaud\/recherche\/programmes-scientiques\/archives\/annee-2012-projet-de-recherche-cnrs\/\"]}]},{\"@type\":\"ImageObject\",\"inLanguage\":\"fr-FR\",\"@id\":\"https:\/\/hebergement.universite-paris-saclay.fr\/brigaud\/recherche\/programmes-scientiques\/archives\/annee-2012-projet-de-recherche-cnrs\/#primaryimage\",\"url\":\"http:\/\/hebergement.u-psud.fr\/reliefetbassin\/wp-content\/uploads\/2012\/04\/PACEN.jpg\",\"contentUrl\":\"http:\/\/hebergement.u-psud.fr\/reliefetbassin\/wp-content\/uploads\/2012\/04\/PACEN.jpg\"},{\"@type\":\"BreadcrumbList\",\"@id\":\"https:\/\/hebergement.universite-paris-saclay.fr\/brigaud\/recherche\/programmes-scientiques\/archives\/annee-2012-projet-de-recherche-cnrs\/#breadcrumb\",\"itemListElement\":[{\"@type\":\"ListItem\",\"position\":1,\"name\":\"Accueil\",\"item\":\"https:\/\/hebergement.universite-paris-saclay.fr\/brigaud\/\"},{\"@type\":\"ListItem\",\"position\":2,\"name\":\"Recherche\",\"item\":\"https:\/\/hebergement.universite-paris-saclay.fr\/brigaud\/recherche\/\"},{\"@type\":\"ListItem\",\"position\":3,\"name\":\"Programmes scientifiques\",\"item\":\"https:\/\/hebergement.universite-paris-saclay.fr\/brigaud\/recherche\/programmes-scientiques\/\"},{\"@type\":\"ListItem\",\"position\":4,\"name\":\"Archives\",\"item\":\"https:\/\/hebergement.universite-paris-saclay.fr\/brigaud\/recherche\/programmes-scientiques\/archives\/\"},{\"@type\":\"ListItem\",\"position\":5,\"name\":\"Ann\u00e9e 2012: projet de recherche CNRS\"}]},{\"@type\":\"WebSite\",\"@id\":\"https:\/\/hebergement.universite-paris-saclay.fr\/brigaud\/#website\",\"url\":\"https:\/\/hebergement.universite-paris-saclay.fr\/brigaud\/\",\"name\":\"benjamin brigaud\",\"description\":\"s\u00e9dimentologue\",\"publisher\":{\"@id\":\"https:\/\/hebergement.universite-paris-saclay.fr\/brigaud\/#organization\"},\"potentialAction\":[{\"@type\":\"SearchAction\",\"target\":{\"@type\":\"EntryPoint\",\"urlTemplate\":\"https:\/\/hebergement.universite-paris-saclay.fr\/brigaud\/?s={search_term_string}\"},\"query-input\":{\"@type\":\"PropertyValueSpecification\",\"valueRequired\":true,\"valueName\":\"search_term_string\"}}],\"inLanguage\":\"fr-FR\"},{\"@type\":\"Organization\",\"@id\":\"https:\/\/hebergement.universite-paris-saclay.fr\/brigaud\/#organization\",\"name\":\"Universit\u00e9 Paris-Saclay\",\"url\":\"https:\/\/hebergement.universite-paris-saclay.fr\/brigaud\/\",\"logo\":{\"@type\":\"ImageObject\",\"inLanguage\":\"fr-FR\",\"@id\":\"https:\/\/hebergement.universite-paris-saclay.fr\/brigaud\/#\/schema\/logo\/image\/\",\"url\":\"http:\/\/hebergement.universite-paris-saclay.fr\/brigaud\/wp-admin\/uploads\/UPSACLAY-2020.png\",\"contentUrl\":\"http:\/\/hebergement.universite-paris-saclay.fr\/brigaud\/wp-admin\/uploads\/UPSACLAY-2020.png\",\"width\":178,\"height\":80,\"caption\":\"Universit\u00e9 Paris-Saclay\"},\"image\":{\"@id\":\"https:\/\/hebergement.universite-paris-saclay.fr\/brigaud\/#\/schema\/logo\/image\/\"}}]}<\/script>\n<!-- \/ Yoast SEO plugin. -->","yoast_head_json":{"title":"Ann\u00e9e 2012: projet de recherche CNRS - benjamin brigaud","robots":{"index":"index","follow":"follow","max-snippet":"max-snippet:-1","max-image-preview":"max-image-preview:large","max-video-preview":"max-video-preview:-1"},"canonical":"https:\/\/hebergement.universite-paris-saclay.fr\/brigaud\/recherche\/programmes-scientiques\/archives\/annee-2012-projet-de-recherche-cnrs\/","og_locale":"fr_FR","og_type":"article","og_title":"Ann\u00e9e 2012: projet de recherche CNRS - benjamin brigaud","og_description":"projet N120: Origine de l\u2019orientation N120 des structures d\u00e9tect\u00e9es en sismique 3D dans la Zone de Transposition (ZT) \u2013 Apport de l\u2019\u00e9tude des affleurements. Programme sur l\u2019Aval du Cycle et l\u2019Energie Nucl\u00e9aire (PACEN), Programme interdisciplinaire CNRS \u00ab\u00a0PACEN\u00a0\u00bb Responsable scientifique: Benjamin Brigaud Dur\u00e9e 1 an, ann\u00e9e: 2012 La sismique 3D haute r\u00e9solution acquise par l\u2019Andra en [&hellip;]","og_url":"https:\/\/hebergement.universite-paris-saclay.fr\/brigaud\/recherche\/programmes-scientiques\/archives\/annee-2012-projet-de-recherche-cnrs\/","og_site_name":"benjamin brigaud","article_modified_time":"2021-12-24T01:33:02+00:00","og_image":[{"url":"http:\/\/hebergement.u-psud.fr\/reliefetbassin\/wp-content\/uploads\/2012\/04\/PACEN.jpg","type":"","width":"","height":""}],"twitter_card":"summary_large_image","twitter_misc":{"Dur\u00e9e de lecture estim\u00e9e":"4 minutes"},"schema":{"@context":"https:\/\/schema.org","@graph":[{"@type":"WebPage","@id":"https:\/\/hebergement.universite-paris-saclay.fr\/brigaud\/recherche\/programmes-scientiques\/archives\/annee-2012-projet-de-recherche-cnrs\/","url":"https:\/\/hebergement.universite-paris-saclay.fr\/brigaud\/recherche\/programmes-scientiques\/archives\/annee-2012-projet-de-recherche-cnrs\/","name":"Ann\u00e9e 2012: projet de recherche CNRS - benjamin brigaud","isPartOf":{"@id":"https:\/\/hebergement.universite-paris-saclay.fr\/brigaud\/#website"},"primaryImageOfPage":{"@id":"https:\/\/hebergement.universite-paris-saclay.fr\/brigaud\/recherche\/programmes-scientiques\/archives\/annee-2012-projet-de-recherche-cnrs\/#primaryimage"},"image":{"@id":"https:\/\/hebergement.universite-paris-saclay.fr\/brigaud\/recherche\/programmes-scientiques\/archives\/annee-2012-projet-de-recherche-cnrs\/#primaryimage"},"thumbnailUrl":"http:\/\/hebergement.u-psud.fr\/reliefetbassin\/wp-content\/uploads\/2012\/04\/PACEN.jpg","datePublished":"2021-12-24T00:03:32+00:00","dateModified":"2021-12-24T01:33:02+00:00","breadcrumb":{"@id":"https:\/\/hebergement.universite-paris-saclay.fr\/brigaud\/recherche\/programmes-scientiques\/archives\/annee-2012-projet-de-recherche-cnrs\/#breadcrumb"},"inLanguage":"fr-FR","potentialAction":[{"@type":"ReadAction","target":["https:\/\/hebergement.universite-paris-saclay.fr\/brigaud\/recherche\/programmes-scientiques\/archives\/annee-2012-projet-de-recherche-cnrs\/"]}]},{"@type":"ImageObject","inLanguage":"fr-FR","@id":"https:\/\/hebergement.universite-paris-saclay.fr\/brigaud\/recherche\/programmes-scientiques\/archives\/annee-2012-projet-de-recherche-cnrs\/#primaryimage","url":"http:\/\/hebergement.u-psud.fr\/reliefetbassin\/wp-content\/uploads\/2012\/04\/PACEN.jpg","contentUrl":"http:\/\/hebergement.u-psud.fr\/reliefetbassin\/wp-content\/uploads\/2012\/04\/PACEN.jpg"},{"@type":"BreadcrumbList","@id":"https:\/\/hebergement.universite-paris-saclay.fr\/brigaud\/recherche\/programmes-scientiques\/archives\/annee-2012-projet-de-recherche-cnrs\/#breadcrumb","itemListElement":[{"@type":"ListItem","position":1,"name":"Accueil","item":"https:\/\/hebergement.universite-paris-saclay.fr\/brigaud\/"},{"@type":"ListItem","position":2,"name":"Recherche","item":"https:\/\/hebergement.universite-paris-saclay.fr\/brigaud\/recherche\/"},{"@type":"ListItem","position":3,"name":"Programmes scientifiques","item":"https:\/\/hebergement.universite-paris-saclay.fr\/brigaud\/recherche\/programmes-scientiques\/"},{"@type":"ListItem","position":4,"name":"Archives","item":"https:\/\/hebergement.universite-paris-saclay.fr\/brigaud\/recherche\/programmes-scientiques\/archives\/"},{"@type":"ListItem","position":5,"name":"Ann\u00e9e 2012: projet de recherche CNRS"}]},{"@type":"WebSite","@id":"https:\/\/hebergement.universite-paris-saclay.fr\/brigaud\/#website","url":"https:\/\/hebergement.universite-paris-saclay.fr\/brigaud\/","name":"benjamin brigaud","description":"s\u00e9dimentologue","publisher":{"@id":"https:\/\/hebergement.universite-paris-saclay.fr\/brigaud\/#organization"},"potentialAction":[{"@type":"SearchAction","target":{"@type":"EntryPoint","urlTemplate":"https:\/\/hebergement.universite-paris-saclay.fr\/brigaud\/?s={search_term_string}"},"query-input":{"@type":"PropertyValueSpecification","valueRequired":true,"valueName":"search_term_string"}}],"inLanguage":"fr-FR"},{"@type":"Organization","@id":"https:\/\/hebergement.universite-paris-saclay.fr\/brigaud\/#organization","name":"Universit\u00e9 Paris-Saclay","url":"https:\/\/hebergement.universite-paris-saclay.fr\/brigaud\/","logo":{"@type":"ImageObject","inLanguage":"fr-FR","@id":"https:\/\/hebergement.universite-paris-saclay.fr\/brigaud\/#\/schema\/logo\/image\/","url":"http:\/\/hebergement.universite-paris-saclay.fr\/brigaud\/wp-admin\/uploads\/UPSACLAY-2020.png","contentUrl":"http:\/\/hebergement.universite-paris-saclay.fr\/brigaud\/wp-admin\/uploads\/UPSACLAY-2020.png","width":178,"height":80,"caption":"Universit\u00e9 Paris-Saclay"},"image":{"@id":"https:\/\/hebergement.universite-paris-saclay.fr\/brigaud\/#\/schema\/logo\/image\/"}}]}},"_links":{"self":[{"href":"https:\/\/hebergement.universite-paris-saclay.fr\/brigaud\/wp-json\/wp\/v2\/pages\/3015","targetHints":{"allow":["GET"]}}],"collection":[{"href":"https:\/\/hebergement.universite-paris-saclay.fr\/brigaud\/wp-json\/wp\/v2\/pages"}],"about":[{"href":"https:\/\/hebergement.universite-paris-saclay.fr\/brigaud\/wp-json\/wp\/v2\/types\/page"}],"author":[{"embeddable":true,"href":"https:\/\/hebergement.universite-paris-saclay.fr\/brigaud\/wp-json\/wp\/v2\/users\/1"}],"replies":[{"embeddable":true,"href":"https:\/\/hebergement.universite-paris-saclay.fr\/brigaud\/wp-json\/wp\/v2\/comments?post=3015"}],"version-history":[{"count":1,"href":"https:\/\/hebergement.universite-paris-saclay.fr\/brigaud\/wp-json\/wp\/v2\/pages\/3015\/revisions"}],"predecessor-version":[{"id":3017,"href":"https:\/\/hebergement.universite-paris-saclay.fr\/brigaud\/wp-json\/wp\/v2\/pages\/3015\/revisions\/3017"}],"up":[{"embeddable":true,"href":"https:\/\/hebergement.universite-paris-saclay.fr\/brigaud\/wp-json\/wp\/v2\/pages\/3013"}],"wp:attachment":[{"href":"https:\/\/hebergement.universite-paris-saclay.fr\/brigaud\/wp-json\/wp\/v2\/media?parent=3015"}],"curies":[{"name":"wp","href":"https:\/\/api.w.org\/{rel}","templated":true}]}}