{"id":449,"date":"2012-12-11T18:21:27","date_gmt":"2012-12-11T18:21:27","guid":{"rendered":"http:\/\/hebergement.u-psud.fr\/brigaud\/?page_id=449"},"modified":"2025-04-30T10:38:45","modified_gmt":"2025-04-30T10:38:45","slug":"rapports","status":"publish","type":"page","link":"https:\/\/hebergement.universite-paris-saclay.fr\/brigaud\/publications\/rapports\/","title":{"rendered":"Rapports techniques"},"content":{"rendered":"\n<h2 class=\"wp-block-heading\">2022<\/h2>\n\n\n<div class=\"wp-block-image\">\n<figure class=\"alignleft size-large is-resized\"><img loading=\"lazy\" decoding=\"async\" width=\"719\" height=\"1024\" src=\"http:\/\/hebergement.universite-paris-saclay.fr\/brigaud\/wp-admin\/uploads\/GREC-2022-719x1024.jpg\" alt=\"\" class=\"wp-image-3227\" style=\"width:85px;height:undefinedpx\" srcset=\"https:\/\/hebergement.universite-paris-saclay.fr\/brigaud\/wp-admin\/uploads\/GREC-2022-719x1024.jpg 719w, https:\/\/hebergement.universite-paris-saclay.fr\/brigaud\/wp-admin\/uploads\/GREC-2022-211x300.jpg 211w, https:\/\/hebergement.universite-paris-saclay.fr\/brigaud\/wp-admin\/uploads\/GREC-2022.jpg 751w\" sizes=\"auto, (max-width: 719px) 100vw, 719px\" \/><\/figure>\n<\/div>\n\n\n<p>Drobinski, P., Badosa, J., Bilger, I., <strong>Brigaud, B<\/strong>., Crifo, P., Desnos, A., Giraudet, L.G., Gosselin, M., Guerineau, M., Guillemoles, J.-F., Habets, F., L\u00e9vy, J.-P., Mayer, J., Qu\u00e9lin, B., Raymond, F., Suchet, D., Tao, Q., Tantet, A., Viguie, V., 2022. Changement climatique et transition \u00e9nerg\u00e9tique en r\u00e9gion \u00cele-de-France. Groupe r\u00e9gional d&rsquo;expertise sur le changement climatique et la transition \u00e9cologique en \u00cele-de-France (GREC Francilien). Les carnets du GREC Francilien. 53 p. <a href=\"https:\/\/hal.science\/hal-03871752\" target=\"_blank\" rel=\"noreferrer noopener\">https:\/\/hal.science\/hal-03871752<\/a><\/p>\n\n\n\n<h2 class=\"wp-block-heading\">2013<\/h2>\n\n\n\n<p><strong>Brigaud, B<\/strong>., Pessel, M., Zeyen, H., Saintenoy A., Hirn, F. et Saiag, J. 2013. Etude s\u00e9dimentologique et g\u00e9ophysique des affleurements bajociens de l\u2019Est du Bassin de Paris : Apport sur la compr\u00e9hension des structures d\u00e9tect\u00e9es en sismiques 3D dans la Zone d\u2019Int\u00e9r\u00eat pour une Reconnaissance Approfondie (ZIRA). Rapport Andra C.RP.2UPA.13.0001: Document technique externe, 50 figures, 80 pages<\/p>\n\n\n\n<p>Gigoux, M., <strong>Brigaud, B<\/strong>., Delpech, G., Pagel,M., Lafforgue, L. 2013. Origine des min\u00e9ralisations de fluorine de la bordure Sud-Est du Bassin de Paris (Morvan, France) \u2013 Etat d\u2019avancement. Rapport BRGM n\u00b02013-061. 7 figures, 21 pages<\/p>\n\n\n\n<h2 class=\"wp-block-heading\">2012<\/h2>\n\n\n<div class=\"wp-block-image\">\n<figure class=\"alignleft is-resized\"><a href=\"http:\/\/hebergement.u-psud.fr\/brigaud\/wp-admin\/uploads\/Brigaud_CRP2UPA120001.jpg\"><img loading=\"lazy\" decoding=\"async\" width=\"217\" height=\"300\" src=\"http:\/\/hebergement.u-psud.fr\/brigaud\/wp-admin\/uploads\/Brigaud_CRP2UPA120001-217x300.jpg\" alt=\"\" class=\"wp-image-451\" style=\"width:80px;height:undefinedpx\" srcset=\"https:\/\/hebergement.universite-paris-saclay.fr\/brigaud\/wp-admin\/uploads\/Brigaud_CRP2UPA120001-217x300.jpg 217w, https:\/\/hebergement.universite-paris-saclay.fr\/brigaud\/wp-admin\/uploads\/Brigaud_CRP2UPA120001-743x1024.jpg 743w, https:\/\/hebergement.universite-paris-saclay.fr\/brigaud\/wp-admin\/uploads\/Brigaud_CRP2UPA120001.jpg 1275w\" sizes=\"auto, (max-width: 217px) 100vw, 217px\" \/><\/a><\/figure>\n<\/div>\n\n\n<p><strong>Bri<\/strong><strong>gaud, B<\/strong>., 2012. S\u00e9dimentologie, architecture stratigraphique et diagen\u00e8se des d\u00e9p\u00f4ts du Jurassique terminal\/Cr\u00e9tac\u00e9 inf\u00e9rieur de l\u2019Est du Bassin de Paris \u2013 Apport sur la compr\u00e9hension des syst\u00e8mes pal\u00e9ohydrologiques. Rapport Andra C.RP.2UPA.12.0001: Document technique externe, 54 figures, 87 pages<\/p>\n\n\n\n<h2 class=\"wp-block-heading\">&nbsp;2011<\/h2>\n\n\n\n<p>Vincent, B., <strong>Brigaud, B<\/strong>. 2011. Compl\u00e9ment d&rsquo;interpr\u00e9tation s\u00e9dimentologique de la sismique 3D Andra. Rapport Andra: Document technique externe, 45 pages<\/p>\n","protected":false},"excerpt":{"rendered":"<p>2022 Drobinski, P., Badosa, J., Bilger, I., Brigaud, B., Crifo, P., Desnos, A., Giraudet, L.G., Gosselin, M., Guerineau, M., Guillemoles, J.-F., Habets, F., L\u00e9vy, J.-P., Mayer, J., Qu\u00e9lin, B., Raymond, F., Suchet, D., Tao, Q., Tantet, A., Viguie, V., 2022. Changement climatique et transition \u00e9nerg\u00e9tique en r\u00e9gion \u00cele-de-France. Groupe r\u00e9gional d&rsquo;expertise sur le changement climatique [&hellip;]<\/p>\n","protected":false},"author":1,"featured_media":0,"parent":18,"menu_order":4,"comment_status":"closed","ping_status":"closed","template":"","meta":{"ngg_post_thumbnail":0,"footnotes":""},"class_list":["post-449","page","type-page","status-publish","hentry","post-preview"],"yoast_head":"<!-- This site is optimized with the Yoast SEO plugin v26.7 - https:\/\/yoast.com\/wordpress\/plugins\/seo\/ -->\n<title>Rapports techniques - benjamin brigaud<\/title>\n<meta name=\"robots\" content=\"index, follow, max-snippet:-1, max-image-preview:large, max-video-preview:-1\" \/>\n<link rel=\"canonical\" href=\"https:\/\/hebergement.universite-paris-saclay.fr\/brigaud\/publications\/rapports\/\" \/>\n<meta property=\"og:locale\" content=\"fr_FR\" \/>\n<meta property=\"og:type\" content=\"article\" \/>\n<meta property=\"og:title\" content=\"Rapports techniques - benjamin brigaud\" \/>\n<meta property=\"og:description\" content=\"2022 Drobinski, P., Badosa, J., Bilger, I., Brigaud, B., Crifo, P., Desnos, A., Giraudet, L.G., Gosselin, M., Guerineau, M., Guillemoles, J.-F., Habets, F., L\u00e9vy, J.-P., Mayer, J., Qu\u00e9lin, B., Raymond, F., Suchet, D., Tao, Q., Tantet, A., Viguie, V., 2022. Changement climatique et transition \u00e9nerg\u00e9tique en r\u00e9gion \u00cele-de-France. Groupe r\u00e9gional d&rsquo;expertise sur le changement climatique [&hellip;]\" \/>\n<meta property=\"og:url\" content=\"https:\/\/hebergement.universite-paris-saclay.fr\/brigaud\/publications\/rapports\/\" \/>\n<meta property=\"og:site_name\" content=\"benjamin brigaud\" \/>\n<meta property=\"article:modified_time\" content=\"2025-04-30T10:38:45+00:00\" \/>\n<meta property=\"og:image\" content=\"http:\/\/hebergement.universite-paris-saclay.fr\/brigaud\/wp-admin\/uploads\/GREC-2022-719x1024.jpg\" \/>\n<meta name=\"twitter:card\" content=\"summary_large_image\" \/>\n<meta name=\"twitter:label1\" content=\"Dur\u00e9e de lecture estim\u00e9e\" \/>\n\t<meta name=\"twitter:data1\" content=\"2 minutes\" \/>\n<script type=\"application\/ld+json\" class=\"yoast-schema-graph\">{\"@context\":\"https:\/\/schema.org\",\"@graph\":[{\"@type\":\"WebPage\",\"@id\":\"https:\/\/hebergement.universite-paris-saclay.fr\/brigaud\/publications\/rapports\/\",\"url\":\"https:\/\/hebergement.universite-paris-saclay.fr\/brigaud\/publications\/rapports\/\",\"name\":\"Rapports techniques - benjamin brigaud\",\"isPartOf\":{\"@id\":\"https:\/\/hebergement.universite-paris-saclay.fr\/brigaud\/#website\"},\"primaryImageOfPage\":{\"@id\":\"https:\/\/hebergement.universite-paris-saclay.fr\/brigaud\/publications\/rapports\/#primaryimage\"},\"image\":{\"@id\":\"https:\/\/hebergement.universite-paris-saclay.fr\/brigaud\/publications\/rapports\/#primaryimage\"},\"thumbnailUrl\":\"http:\/\/hebergement.universite-paris-saclay.fr\/brigaud\/wp-admin\/uploads\/GREC-2022-719x1024.jpg\",\"datePublished\":\"2012-12-11T18:21:27+00:00\",\"dateModified\":\"2025-04-30T10:38:45+00:00\",\"breadcrumb\":{\"@id\":\"https:\/\/hebergement.universite-paris-saclay.fr\/brigaud\/publications\/rapports\/#breadcrumb\"},\"inLanguage\":\"fr-FR\",\"potentialAction\":[{\"@type\":\"ReadAction\",\"target\":[\"https:\/\/hebergement.universite-paris-saclay.fr\/brigaud\/publications\/rapports\/\"]}]},{\"@type\":\"ImageObject\",\"inLanguage\":\"fr-FR\",\"@id\":\"https:\/\/hebergement.universite-paris-saclay.fr\/brigaud\/publications\/rapports\/#primaryimage\",\"url\":\"https:\/\/hebergement.universite-paris-saclay.fr\/brigaud\/wp-admin\/uploads\/GREC-2022.jpg\",\"contentUrl\":\"https:\/\/hebergement.universite-paris-saclay.fr\/brigaud\/wp-admin\/uploads\/GREC-2022.jpg\",\"width\":751,\"height\":1069},{\"@type\":\"BreadcrumbList\",\"@id\":\"https:\/\/hebergement.universite-paris-saclay.fr\/brigaud\/publications\/rapports\/#breadcrumb\",\"itemListElement\":[{\"@type\":\"ListItem\",\"position\":1,\"name\":\"Accueil\",\"item\":\"https:\/\/hebergement.universite-paris-saclay.fr\/brigaud\/\"},{\"@type\":\"ListItem\",\"position\":2,\"name\":\"Publications\",\"item\":\"https:\/\/hebergement.universite-paris-saclay.fr\/brigaud\/publications\/\"},{\"@type\":\"ListItem\",\"position\":3,\"name\":\"Rapports techniques\"}]},{\"@type\":\"WebSite\",\"@id\":\"https:\/\/hebergement.universite-paris-saclay.fr\/brigaud\/#website\",\"url\":\"https:\/\/hebergement.universite-paris-saclay.fr\/brigaud\/\",\"name\":\"benjamin brigaud\",\"description\":\"s\u00e9dimentologue\",\"publisher\":{\"@id\":\"https:\/\/hebergement.universite-paris-saclay.fr\/brigaud\/#organization\"},\"potentialAction\":[{\"@type\":\"SearchAction\",\"target\":{\"@type\":\"EntryPoint\",\"urlTemplate\":\"https:\/\/hebergement.universite-paris-saclay.fr\/brigaud\/?s={search_term_string}\"},\"query-input\":{\"@type\":\"PropertyValueSpecification\",\"valueRequired\":true,\"valueName\":\"search_term_string\"}}],\"inLanguage\":\"fr-FR\"},{\"@type\":\"Organization\",\"@id\":\"https:\/\/hebergement.universite-paris-saclay.fr\/brigaud\/#organization\",\"name\":\"Universit\u00e9 Paris-Saclay\",\"url\":\"https:\/\/hebergement.universite-paris-saclay.fr\/brigaud\/\",\"logo\":{\"@type\":\"ImageObject\",\"inLanguage\":\"fr-FR\",\"@id\":\"https:\/\/hebergement.universite-paris-saclay.fr\/brigaud\/#\/schema\/logo\/image\/\",\"url\":\"http:\/\/hebergement.universite-paris-saclay.fr\/brigaud\/wp-admin\/uploads\/UPSACLAY-2020.png\",\"contentUrl\":\"http:\/\/hebergement.universite-paris-saclay.fr\/brigaud\/wp-admin\/uploads\/UPSACLAY-2020.png\",\"width\":178,\"height\":80,\"caption\":\"Universit\u00e9 Paris-Saclay\"},\"image\":{\"@id\":\"https:\/\/hebergement.universite-paris-saclay.fr\/brigaud\/#\/schema\/logo\/image\/\"}}]}<\/script>\n<!-- \/ Yoast SEO plugin. -->","yoast_head_json":{"title":"Rapports techniques - benjamin brigaud","robots":{"index":"index","follow":"follow","max-snippet":"max-snippet:-1","max-image-preview":"max-image-preview:large","max-video-preview":"max-video-preview:-1"},"canonical":"https:\/\/hebergement.universite-paris-saclay.fr\/brigaud\/publications\/rapports\/","og_locale":"fr_FR","og_type":"article","og_title":"Rapports techniques - benjamin brigaud","og_description":"2022 Drobinski, P., Badosa, J., Bilger, I., Brigaud, B., Crifo, P., Desnos, A., Giraudet, L.G., Gosselin, M., Guerineau, M., Guillemoles, J.-F., Habets, F., L\u00e9vy, J.-P., Mayer, J., Qu\u00e9lin, B., Raymond, F., Suchet, D., Tao, Q., Tantet, A., Viguie, V., 2022. Changement climatique et transition \u00e9nerg\u00e9tique en r\u00e9gion \u00cele-de-France. Groupe r\u00e9gional d&rsquo;expertise sur le changement climatique [&hellip;]","og_url":"https:\/\/hebergement.universite-paris-saclay.fr\/brigaud\/publications\/rapports\/","og_site_name":"benjamin brigaud","article_modified_time":"2025-04-30T10:38:45+00:00","og_image":[{"url":"http:\/\/hebergement.universite-paris-saclay.fr\/brigaud\/wp-admin\/uploads\/GREC-2022-719x1024.jpg","type":"","width":"","height":""}],"twitter_card":"summary_large_image","twitter_misc":{"Dur\u00e9e de lecture estim\u00e9e":"2 minutes"},"schema":{"@context":"https:\/\/schema.org","@graph":[{"@type":"WebPage","@id":"https:\/\/hebergement.universite-paris-saclay.fr\/brigaud\/publications\/rapports\/","url":"https:\/\/hebergement.universite-paris-saclay.fr\/brigaud\/publications\/rapports\/","name":"Rapports techniques - benjamin brigaud","isPartOf":{"@id":"https:\/\/hebergement.universite-paris-saclay.fr\/brigaud\/#website"},"primaryImageOfPage":{"@id":"https:\/\/hebergement.universite-paris-saclay.fr\/brigaud\/publications\/rapports\/#primaryimage"},"image":{"@id":"https:\/\/hebergement.universite-paris-saclay.fr\/brigaud\/publications\/rapports\/#primaryimage"},"thumbnailUrl":"http:\/\/hebergement.universite-paris-saclay.fr\/brigaud\/wp-admin\/uploads\/GREC-2022-719x1024.jpg","datePublished":"2012-12-11T18:21:27+00:00","dateModified":"2025-04-30T10:38:45+00:00","breadcrumb":{"@id":"https:\/\/hebergement.universite-paris-saclay.fr\/brigaud\/publications\/rapports\/#breadcrumb"},"inLanguage":"fr-FR","potentialAction":[{"@type":"ReadAction","target":["https:\/\/hebergement.universite-paris-saclay.fr\/brigaud\/publications\/rapports\/"]}]},{"@type":"ImageObject","inLanguage":"fr-FR","@id":"https:\/\/hebergement.universite-paris-saclay.fr\/brigaud\/publications\/rapports\/#primaryimage","url":"https:\/\/hebergement.universite-paris-saclay.fr\/brigaud\/wp-admin\/uploads\/GREC-2022.jpg","contentUrl":"https:\/\/hebergement.universite-paris-saclay.fr\/brigaud\/wp-admin\/uploads\/GREC-2022.jpg","width":751,"height":1069},{"@type":"BreadcrumbList","@id":"https:\/\/hebergement.universite-paris-saclay.fr\/brigaud\/publications\/rapports\/#breadcrumb","itemListElement":[{"@type":"ListItem","position":1,"name":"Accueil","item":"https:\/\/hebergement.universite-paris-saclay.fr\/brigaud\/"},{"@type":"ListItem","position":2,"name":"Publications","item":"https:\/\/hebergement.universite-paris-saclay.fr\/brigaud\/publications\/"},{"@type":"ListItem","position":3,"name":"Rapports techniques"}]},{"@type":"WebSite","@id":"https:\/\/hebergement.universite-paris-saclay.fr\/brigaud\/#website","url":"https:\/\/hebergement.universite-paris-saclay.fr\/brigaud\/","name":"benjamin brigaud","description":"s\u00e9dimentologue","publisher":{"@id":"https:\/\/hebergement.universite-paris-saclay.fr\/brigaud\/#organization"},"potentialAction":[{"@type":"SearchAction","target":{"@type":"EntryPoint","urlTemplate":"https:\/\/hebergement.universite-paris-saclay.fr\/brigaud\/?s={search_term_string}"},"query-input":{"@type":"PropertyValueSpecification","valueRequired":true,"valueName":"search_term_string"}}],"inLanguage":"fr-FR"},{"@type":"Organization","@id":"https:\/\/hebergement.universite-paris-saclay.fr\/brigaud\/#organization","name":"Universit\u00e9 Paris-Saclay","url":"https:\/\/hebergement.universite-paris-saclay.fr\/brigaud\/","logo":{"@type":"ImageObject","inLanguage":"fr-FR","@id":"https:\/\/hebergement.universite-paris-saclay.fr\/brigaud\/#\/schema\/logo\/image\/","url":"http:\/\/hebergement.universite-paris-saclay.fr\/brigaud\/wp-admin\/uploads\/UPSACLAY-2020.png","contentUrl":"http:\/\/hebergement.universite-paris-saclay.fr\/brigaud\/wp-admin\/uploads\/UPSACLAY-2020.png","width":178,"height":80,"caption":"Universit\u00e9 Paris-Saclay"},"image":{"@id":"https:\/\/hebergement.universite-paris-saclay.fr\/brigaud\/#\/schema\/logo\/image\/"}}]}},"_links":{"self":[{"href":"https:\/\/hebergement.universite-paris-saclay.fr\/brigaud\/wp-json\/wp\/v2\/pages\/449","targetHints":{"allow":["GET"]}}],"collection":[{"href":"https:\/\/hebergement.universite-paris-saclay.fr\/brigaud\/wp-json\/wp\/v2\/pages"}],"about":[{"href":"https:\/\/hebergement.universite-paris-saclay.fr\/brigaud\/wp-json\/wp\/v2\/types\/page"}],"author":[{"embeddable":true,"href":"https:\/\/hebergement.universite-paris-saclay.fr\/brigaud\/wp-json\/wp\/v2\/users\/1"}],"replies":[{"embeddable":true,"href":"https:\/\/hebergement.universite-paris-saclay.fr\/brigaud\/wp-json\/wp\/v2\/comments?post=449"}],"version-history":[{"count":18,"href":"https:\/\/hebergement.universite-paris-saclay.fr\/brigaud\/wp-json\/wp\/v2\/pages\/449\/revisions"}],"predecessor-version":[{"id":3409,"href":"https:\/\/hebergement.universite-paris-saclay.fr\/brigaud\/wp-json\/wp\/v2\/pages\/449\/revisions\/3409"}],"up":[{"embeddable":true,"href":"https:\/\/hebergement.universite-paris-saclay.fr\/brigaud\/wp-json\/wp\/v2\/pages\/18"}],"wp:attachment":[{"href":"https:\/\/hebergement.universite-paris-saclay.fr\/brigaud\/wp-json\/wp\/v2\/media?parent=449"}],"curies":[{"name":"wp","href":"https:\/\/api.w.org\/{rel}","templated":true}]}}