{"id":571,"date":"2013-01-28T23:27:21","date_gmt":"2013-01-28T23:27:21","guid":{"rendered":"http:\/\/hebergement.u-psud.fr\/brigaud\/?page_id=571"},"modified":"2025-05-02T07:24:33","modified_gmt":"2025-05-02T07:24:33","slug":"responsabilites","status":"publish","type":"page","link":"https:\/\/hebergement.universite-paris-saclay.fr\/brigaud\/responsabilites\/","title":{"rendered":"Responsabilit\u00e9s"},"content":{"rendered":"\n<h2 class=\"wp-block-heading\"><strong>Responsabilit\u00e9s administratives, p\u00e9dagogiques et mandats locaux ou nationaux <\/strong><\/h2>\n\n\n\n<p><strong>Depuis 2023<\/strong>&nbsp;&nbsp;&nbsp; <strong>Membre<\/strong> <strong>\u00e9lu<\/strong> <strong>titulaire<\/strong> du Conseil National des Universit\u00e9s (CNU) section 36<\/p>\n\n\n\n<p><strong>Depuis 2023&nbsp;&nbsp;&nbsp;&nbsp; Membre <\/strong>titulaire de la <strong>Commission Consultative de l&rsquo;Universit\u00e9 Paris Saclay (CCUPS) <\/strong>section 35-36, coll\u00e8ge A<\/p>\n\n\n\n<p><strong>Depuis 2022&nbsp;&nbsp;&nbsp; <\/strong>Responsable du Master 2<sup>\u00e8me<\/sup> ann\u00e9e<strong> Bassins s\u00e9dimentaires pour la transition \u00e9nerg\u00e9tique<\/strong><\/p>\n\n\n\n<p><strong>2020-2023<\/strong>&nbsp;&nbsp;&nbsp;&nbsp;&nbsp;&nbsp;&nbsp; <strong>Directeur Adjoint Formation<\/strong> de la <em>Graduate School<\/em> G\u00e9osciences, Climat, Environnement et Plan\u00e8tes de l\u2019Universit\u00e9 Paris-Saclay<\/p>\n\n\n\n<p><strong>2018-2021<\/strong>&nbsp;&nbsp;&nbsp;&nbsp;&nbsp;&nbsp;&nbsp; <strong>Vice-Pr\u00e9sident Enseignement<\/strong> du D\u00e9partement des Sciences de la Terre<\/p>\n\n\n\n<p><strong>2015-2019<\/strong>&nbsp;&nbsp;&nbsp;&nbsp;&nbsp;&nbsp;&nbsp; <strong>Membre<\/strong> <strong>nomm\u00e9<\/strong> du Conseil National des Universit\u00e9s (CNU) section 36<\/p>\n\n\n\n<h2 class=\"wp-block-heading\"><strong>Responsabilit\u00e9s scientifiques<\/strong><\/h2>\n\n\n\n<ul class=\"wp-block-list\">\n<li><strong>locales<\/strong><\/li>\n<\/ul>\n\n\n\n<p><strong>Depuis 2022&nbsp;&nbsp;&nbsp; Responsable<\/strong> de l\u2019\u00e9quipe de recherche Relief, Bassin et Ressources, GEOPS &#8211; UMR8148, 10 enseignants-chercheurs, 5 ing\u00e9nieurs, 10 doctorants, dans ce cadre <strong>membre<\/strong> du Conseil scientifique du Laboratoire GEOPS<\/p>\n\n\n\n<ul class=\"wp-block-list\">\n<li><strong>nationales<\/strong><\/li>\n<\/ul>\n\n\n\n<p><strong>2015-2021<\/strong> &nbsp;&nbsp;&nbsp;&nbsp;&nbsp;&nbsp; <strong>Membre<\/strong> du Comit\u00e9 th\u00e9matique 5 CESSUR \u00ab&nbsp;Connaissance et technologie du Sous-Sol pour son exploitation et usage durable&nbsp;\u00bb, Programme TelluS INSU-CNRS, rapporteur de 6-7 projets \/ an<\/p>\n\n\n\n<ul class=\"wp-block-list\">\n<li><strong>associatives<\/strong><\/li>\n<\/ul>\n\n\n\n<p class=\"has-white-background-color has-background\"><strong>2012-2022<\/strong>&nbsp;&nbsp;&nbsp;&nbsp; <strong>Secr\u00e9taire<\/strong> et <strong>webmaster<\/strong> du <a href=\"http:\/\/www.gfej.asso.u-psud.fr\/\">Groupe Fran\u00e7ais d\u2019Etude du Jurassique<\/a> (GFEJ)<\/p>\n\n\n\n<ul class=\"wp-block-list\">\n<li><strong>Responsabilit\u00e9s de programmes scientifiques en cours<\/strong><\/li>\n<\/ul>\n\n\n\n<p>Responsabilit\u00e9 de 4 programmes scientifiques nationaux ou r\u00e9gionaux (ANR, ANRT, t\u00e2ches du PEPR Sous-sol, et chaire IUF) ainsi qu&rsquo;une collaboration avec Geofluid <a href=\"http:\/\/hebergement.universite-paris-saclay.fr\/brigaud\/recherche\/programmes-scientiques\/\">d\u00e9tail ici<\/a><\/p>\n\n\n\n<ul class=\"wp-block-list\">\n<li><strong>Organisation d&rsquo;une journ\u00e9e scientifique<\/strong><\/li>\n<\/ul>\n\n\n\n<p><strong>Organisateur en 2014<\/strong> de la Journ\u00e9e th\u00e9matique <a href=\"http:\/\/www.sedimentologie.fr\/\" target=\"_blank\" rel=\"noreferrer noopener\">ASF<\/a>, journ\u00e9e sp\u00e9cialis\u00e9e SGF\u00a0: Diagen\u00e8se\u00a0: avanc\u00e9es r\u00e9centes et perspectives\u00a0: 110 participants, <a href=\"https:\/\/www.sedimentologie.fr\/wp-content\/uploads\/2023\/10\/ASF-LIVRE-75.pdf\" target=\"_blank\" rel=\"noreferrer noopener\">Livret des<\/a><a class=\"spip_out\" href=\"https:\/\/docs.google.com\/file\/d\/0Bytzyxow9iViSUctTlg1eVBJREk\/edit\" rel=\"external\"> r\u00e9sum\u00e9s \u00e9ditions ASF<\/a><\/p>\n","protected":false},"excerpt":{"rendered":"<p>Responsabilit\u00e9s administratives, p\u00e9dagogiques et mandats locaux ou nationaux Depuis 2023&nbsp;&nbsp;&nbsp; Membre \u00e9lu titulaire du Conseil National des Universit\u00e9s (CNU) section 36 Depuis 2023&nbsp;&nbsp;&nbsp;&nbsp; Membre titulaire de la Commission Consultative de l&rsquo;Universit\u00e9 Paris Saclay (CCUPS) section 35-36, coll\u00e8ge A Depuis 2022&nbsp;&nbsp;&nbsp; Responsable du Master 2\u00e8me ann\u00e9e Bassins s\u00e9dimentaires pour la transition \u00e9nerg\u00e9tique 2020-2023&nbsp;&nbsp;&nbsp;&nbsp;&nbsp;&nbsp;&nbsp; Directeur Adjoint Formation [&hellip;]<\/p>\n","protected":false},"author":1,"featured_media":0,"parent":0,"menu_order":9,"comment_status":"closed","ping_status":"closed","template":"","meta":{"ngg_post_thumbnail":0,"footnotes":""},"class_list":["post-571","page","type-page","status-publish","hentry","post-preview"],"yoast_head":"<!-- This site is optimized with the Yoast SEO plugin v26.7 - https:\/\/yoast.com\/wordpress\/plugins\/seo\/ -->\n<title>Responsabilit\u00e9s - benjamin brigaud<\/title>\n<meta name=\"robots\" content=\"index, follow, max-snippet:-1, max-image-preview:large, max-video-preview:-1\" \/>\n<link rel=\"canonical\" href=\"https:\/\/hebergement.universite-paris-saclay.fr\/brigaud\/responsabilites\/\" \/>\n<meta property=\"og:locale\" content=\"fr_FR\" \/>\n<meta property=\"og:type\" content=\"article\" \/>\n<meta property=\"og:title\" content=\"Responsabilit\u00e9s - benjamin brigaud\" \/>\n<meta property=\"og:description\" content=\"Responsabilit\u00e9s administratives, p\u00e9dagogiques et mandats locaux ou nationaux Depuis 2023&nbsp;&nbsp;&nbsp; Membre \u00e9lu titulaire du Conseil National des Universit\u00e9s (CNU) section 36 Depuis 2023&nbsp;&nbsp;&nbsp;&nbsp; Membre titulaire de la Commission Consultative de l&rsquo;Universit\u00e9 Paris Saclay (CCUPS) section 35-36, coll\u00e8ge A Depuis 2022&nbsp;&nbsp;&nbsp; Responsable du Master 2\u00e8me ann\u00e9e Bassins s\u00e9dimentaires pour la transition \u00e9nerg\u00e9tique 2020-2023&nbsp;&nbsp;&nbsp;&nbsp;&nbsp;&nbsp;&nbsp; Directeur Adjoint Formation [&hellip;]\" \/>\n<meta property=\"og:url\" content=\"https:\/\/hebergement.universite-paris-saclay.fr\/brigaud\/responsabilites\/\" \/>\n<meta property=\"og:site_name\" content=\"benjamin brigaud\" \/>\n<meta property=\"article:modified_time\" content=\"2025-05-02T07:24:33+00:00\" \/>\n<meta name=\"twitter:card\" content=\"summary_large_image\" \/>\n<meta name=\"twitter:label1\" content=\"Dur\u00e9e de lecture estim\u00e9e\" \/>\n\t<meta name=\"twitter:data1\" content=\"2 minutes\" \/>\n<script type=\"application\/ld+json\" class=\"yoast-schema-graph\">{\"@context\":\"https:\/\/schema.org\",\"@graph\":[{\"@type\":\"WebPage\",\"@id\":\"https:\/\/hebergement.universite-paris-saclay.fr\/brigaud\/responsabilites\/\",\"url\":\"https:\/\/hebergement.universite-paris-saclay.fr\/brigaud\/responsabilites\/\",\"name\":\"Responsabilit\u00e9s - benjamin brigaud\",\"isPartOf\":{\"@id\":\"https:\/\/hebergement.universite-paris-saclay.fr\/brigaud\/#website\"},\"datePublished\":\"2013-01-28T23:27:21+00:00\",\"dateModified\":\"2025-05-02T07:24:33+00:00\",\"breadcrumb\":{\"@id\":\"https:\/\/hebergement.universite-paris-saclay.fr\/brigaud\/responsabilites\/#breadcrumb\"},\"inLanguage\":\"fr-FR\",\"potentialAction\":[{\"@type\":\"ReadAction\",\"target\":[\"https:\/\/hebergement.universite-paris-saclay.fr\/brigaud\/responsabilites\/\"]}]},{\"@type\":\"BreadcrumbList\",\"@id\":\"https:\/\/hebergement.universite-paris-saclay.fr\/brigaud\/responsabilites\/#breadcrumb\",\"itemListElement\":[{\"@type\":\"ListItem\",\"position\":1,\"name\":\"Accueil\",\"item\":\"https:\/\/hebergement.universite-paris-saclay.fr\/brigaud\/\"},{\"@type\":\"ListItem\",\"position\":2,\"name\":\"Responsabilit\u00e9s\"}]},{\"@type\":\"WebSite\",\"@id\":\"https:\/\/hebergement.universite-paris-saclay.fr\/brigaud\/#website\",\"url\":\"https:\/\/hebergement.universite-paris-saclay.fr\/brigaud\/\",\"name\":\"benjamin brigaud\",\"description\":\"s\u00e9dimentologue\",\"publisher\":{\"@id\":\"https:\/\/hebergement.universite-paris-saclay.fr\/brigaud\/#organization\"},\"potentialAction\":[{\"@type\":\"SearchAction\",\"target\":{\"@type\":\"EntryPoint\",\"urlTemplate\":\"https:\/\/hebergement.universite-paris-saclay.fr\/brigaud\/?s={search_term_string}\"},\"query-input\":{\"@type\":\"PropertyValueSpecification\",\"valueRequired\":true,\"valueName\":\"search_term_string\"}}],\"inLanguage\":\"fr-FR\"},{\"@type\":\"Organization\",\"@id\":\"https:\/\/hebergement.universite-paris-saclay.fr\/brigaud\/#organization\",\"name\":\"Universit\u00e9 Paris-Saclay\",\"url\":\"https:\/\/hebergement.universite-paris-saclay.fr\/brigaud\/\",\"logo\":{\"@type\":\"ImageObject\",\"inLanguage\":\"fr-FR\",\"@id\":\"https:\/\/hebergement.universite-paris-saclay.fr\/brigaud\/#\/schema\/logo\/image\/\",\"url\":\"http:\/\/hebergement.universite-paris-saclay.fr\/brigaud\/wp-admin\/uploads\/UPSACLAY-2020.png\",\"contentUrl\":\"http:\/\/hebergement.universite-paris-saclay.fr\/brigaud\/wp-admin\/uploads\/UPSACLAY-2020.png\",\"width\":178,\"height\":80,\"caption\":\"Universit\u00e9 Paris-Saclay\"},\"image\":{\"@id\":\"https:\/\/hebergement.universite-paris-saclay.fr\/brigaud\/#\/schema\/logo\/image\/\"}}]}<\/script>\n<!-- \/ Yoast SEO plugin. -->","yoast_head_json":{"title":"Responsabilit\u00e9s - benjamin brigaud","robots":{"index":"index","follow":"follow","max-snippet":"max-snippet:-1","max-image-preview":"max-image-preview:large","max-video-preview":"max-video-preview:-1"},"canonical":"https:\/\/hebergement.universite-paris-saclay.fr\/brigaud\/responsabilites\/","og_locale":"fr_FR","og_type":"article","og_title":"Responsabilit\u00e9s - benjamin brigaud","og_description":"Responsabilit\u00e9s administratives, p\u00e9dagogiques et mandats locaux ou nationaux Depuis 2023&nbsp;&nbsp;&nbsp; Membre \u00e9lu titulaire du Conseil National des Universit\u00e9s (CNU) section 36 Depuis 2023&nbsp;&nbsp;&nbsp;&nbsp; Membre titulaire de la Commission Consultative de l&rsquo;Universit\u00e9 Paris Saclay (CCUPS) section 35-36, coll\u00e8ge A Depuis 2022&nbsp;&nbsp;&nbsp; Responsable du Master 2\u00e8me ann\u00e9e Bassins s\u00e9dimentaires pour la transition \u00e9nerg\u00e9tique 2020-2023&nbsp;&nbsp;&nbsp;&nbsp;&nbsp;&nbsp;&nbsp; Directeur Adjoint Formation [&hellip;]","og_url":"https:\/\/hebergement.universite-paris-saclay.fr\/brigaud\/responsabilites\/","og_site_name":"benjamin brigaud","article_modified_time":"2025-05-02T07:24:33+00:00","twitter_card":"summary_large_image","twitter_misc":{"Dur\u00e9e de lecture estim\u00e9e":"2 minutes"},"schema":{"@context":"https:\/\/schema.org","@graph":[{"@type":"WebPage","@id":"https:\/\/hebergement.universite-paris-saclay.fr\/brigaud\/responsabilites\/","url":"https:\/\/hebergement.universite-paris-saclay.fr\/brigaud\/responsabilites\/","name":"Responsabilit\u00e9s - benjamin brigaud","isPartOf":{"@id":"https:\/\/hebergement.universite-paris-saclay.fr\/brigaud\/#website"},"datePublished":"2013-01-28T23:27:21+00:00","dateModified":"2025-05-02T07:24:33+00:00","breadcrumb":{"@id":"https:\/\/hebergement.universite-paris-saclay.fr\/brigaud\/responsabilites\/#breadcrumb"},"inLanguage":"fr-FR","potentialAction":[{"@type":"ReadAction","target":["https:\/\/hebergement.universite-paris-saclay.fr\/brigaud\/responsabilites\/"]}]},{"@type":"BreadcrumbList","@id":"https:\/\/hebergement.universite-paris-saclay.fr\/brigaud\/responsabilites\/#breadcrumb","itemListElement":[{"@type":"ListItem","position":1,"name":"Accueil","item":"https:\/\/hebergement.universite-paris-saclay.fr\/brigaud\/"},{"@type":"ListItem","position":2,"name":"Responsabilit\u00e9s"}]},{"@type":"WebSite","@id":"https:\/\/hebergement.universite-paris-saclay.fr\/brigaud\/#website","url":"https:\/\/hebergement.universite-paris-saclay.fr\/brigaud\/","name":"benjamin brigaud","description":"s\u00e9dimentologue","publisher":{"@id":"https:\/\/hebergement.universite-paris-saclay.fr\/brigaud\/#organization"},"potentialAction":[{"@type":"SearchAction","target":{"@type":"EntryPoint","urlTemplate":"https:\/\/hebergement.universite-paris-saclay.fr\/brigaud\/?s={search_term_string}"},"query-input":{"@type":"PropertyValueSpecification","valueRequired":true,"valueName":"search_term_string"}}],"inLanguage":"fr-FR"},{"@type":"Organization","@id":"https:\/\/hebergement.universite-paris-saclay.fr\/brigaud\/#organization","name":"Universit\u00e9 Paris-Saclay","url":"https:\/\/hebergement.universite-paris-saclay.fr\/brigaud\/","logo":{"@type":"ImageObject","inLanguage":"fr-FR","@id":"https:\/\/hebergement.universite-paris-saclay.fr\/brigaud\/#\/schema\/logo\/image\/","url":"http:\/\/hebergement.universite-paris-saclay.fr\/brigaud\/wp-admin\/uploads\/UPSACLAY-2020.png","contentUrl":"http:\/\/hebergement.universite-paris-saclay.fr\/brigaud\/wp-admin\/uploads\/UPSACLAY-2020.png","width":178,"height":80,"caption":"Universit\u00e9 Paris-Saclay"},"image":{"@id":"https:\/\/hebergement.universite-paris-saclay.fr\/brigaud\/#\/schema\/logo\/image\/"}}]}},"_links":{"self":[{"href":"https:\/\/hebergement.universite-paris-saclay.fr\/brigaud\/wp-json\/wp\/v2\/pages\/571","targetHints":{"allow":["GET"]}}],"collection":[{"href":"https:\/\/hebergement.universite-paris-saclay.fr\/brigaud\/wp-json\/wp\/v2\/pages"}],"about":[{"href":"https:\/\/hebergement.universite-paris-saclay.fr\/brigaud\/wp-json\/wp\/v2\/types\/page"}],"author":[{"embeddable":true,"href":"https:\/\/hebergement.universite-paris-saclay.fr\/brigaud\/wp-json\/wp\/v2\/users\/1"}],"replies":[{"embeddable":true,"href":"https:\/\/hebergement.universite-paris-saclay.fr\/brigaud\/wp-json\/wp\/v2\/comments?post=571"}],"version-history":[{"count":45,"href":"https:\/\/hebergement.universite-paris-saclay.fr\/brigaud\/wp-json\/wp\/v2\/pages\/571\/revisions"}],"predecessor-version":[{"id":3430,"href":"https:\/\/hebergement.universite-paris-saclay.fr\/brigaud\/wp-json\/wp\/v2\/pages\/571\/revisions\/3430"}],"wp:attachment":[{"href":"https:\/\/hebergement.universite-paris-saclay.fr\/brigaud\/wp-json\/wp\/v2\/media?parent=571"}],"curies":[{"name":"wp","href":"https:\/\/api.w.org\/{rel}","templated":true}]}}