{"id":95,"date":"2012-04-18T09:39:10","date_gmt":"2012-04-18T09:39:10","guid":{"rendered":"http:\/\/hebergement.u-psud.fr\/brigaud\/?page_id=95"},"modified":"2025-04-30T11:27:28","modified_gmt":"2025-04-30T11:27:28","slug":"programmes-scientiques","status":"publish","type":"page","link":"https:\/\/hebergement.universite-paris-saclay.fr\/brigaud\/recherche\/programmes-scientiques\/","title":{"rendered":"Programmes scientifiques"},"content":{"rendered":"\n<h2 class=\"wp-block-heading\"><strong><em>Direction de 26 programmes de recherche (budget total des programmes : 2.38 M\u20ac)<\/em><\/strong><\/h2>\n\n\n\n<h3 class=\"wp-block-heading\"><em><u>(1) Appel \u00e0 projet s\u00e9lectif nationaux ou r\u00e9gionaux (14 projets, 1.484M\u20ac)<\/u><\/em><\/h3>\n\n\n\n<p><strong>2023-2028&nbsp;&nbsp;&nbsp; Chaire fondamentale <\/strong>pour le projet <em>\u00c9volution et simulation des flux de chaleur pass\u00e9s et futurs dans les roches s\u00e9dimentaires : impact sur l&rsquo;efficacit\u00e9 des syst\u00e8mes g\u00e9othermiques<\/em>, de l\u2019<a href=\"https:\/\/www.iufrance.fr\/les-membres-de-liuf\/membre\/2566-benjamin-brigaud.html\" target=\"_blank\" rel=\"noreferrer noopener\">Institut universitaire de France<\/a><\/p>\n\n\n\n<p><strong>2023-2027&nbsp;&nbsp;&nbsp;&nbsp;&nbsp;&nbsp;&nbsp;&nbsp; <\/strong>Coordinateur scientifique de 2 t\u00e2ches scientifiques du Projet cibl\u00e9 S-PASS Ressources et Usages du sous-sol urbain \u2013 Bassin Parisien (ANR-22-EXSS-0011&nbsp;: <a href=\"https:\/\/anr.fr\/ProjetIA-22-EXSS-0011\">https:\/\/anr.fr\/ProjetIA-22-EXSS-0011<\/a>) du <strong>Programme \u00c9quipement Prioritaire de Recherche (PEPR) Sous-Sol<\/strong>: 1\/ Variabilit\u00e9 spatiale et caract\u00e9risation des faci\u00e8s carbonat\u00e9s, argileux et \u00e9vaporitiques du C\u00e9nozo\u00efque, \u00e0 haute r\u00e9solution dans l\u2019emprise du Grand Paris et 2\/ \u00c9valuation du potentiel et suivi de la performance des syst\u00e8mes g\u00e9othermiques de minime importance (0-200 m) sous le Grand Paris THERMOPARIS. Financement par <strong>l\u2019Agence Nationale pour la Recherche<\/strong> (ANR-22-EXSS-0011) sur 5 ans, Aide de l\u2019ANR 400 k\u20ac HT \u2013 265k\u20ac HT pour GEOPS<\/p>\n\n\n\n<p><strong>2020-2024<\/strong>&nbsp;&nbsp;&nbsp;&nbsp;&nbsp;&nbsp;&nbsp;&nbsp; Coordinateur scientifique du programme UPGEO <em>UPscaling and heat simulations for improving the efficiency of deep GEOthermal energy<\/em>. Financement par <strong>l\u2019Agence Nationale pour la Recherche<\/strong> (ANR-19-CE05-0032-01&nbsp;: <a href=\"https:\/\/anr.fr\/Projet-ANR-19-CE05-0032\">https:\/\/anr.fr\/Projet-ANR-19-CE05-0032<\/a>) sur 4 ans, 1er fev. 2020-31 janv.2024, Programme de Recherche Collaboratif (PRC), 8 partenaires, appel \u00e0 projets g\u00e9n\u00e9riques 2019, Axe 2.1 \u00ab\u00a0Une \u00e9nergie durable, propre, s\u00fbre et efficace\u00a0\u00bb, Aide de l\u2019ANR 689 k\u20ac HT<\/p>\n\n\n\n<p><strong>2021-2024&nbsp;&nbsp;&nbsp;&nbsp;&nbsp;&nbsp;&nbsp;&nbsp; <\/strong>Responsable scientifique du projet SIGEOTHERM <em>Caract\u00e9risation des h\u00e9t\u00e9rog\u00e9n\u00e9it\u00e9s r\u00e9servoirs et simulation num\u00e9rique hydrodynamique dans les syst\u00e8mes g\u00e9othermiques<\/em>. <strong>Association Nationale de Recherche Technologique <\/strong>(ANRT), th\u00e8se \u00ab Convention industrielle de formation par la recherche \u00bb Cifre n\u00b0 2021\/0773, contrat de collaboration n\u00b0 2021-2034<\/p>\n\n\n\n<p><strong>2023&nbsp;&nbsp;&nbsp;&nbsp;&nbsp;&nbsp;&nbsp;&nbsp;&nbsp;&nbsp;&nbsp;&nbsp;&nbsp;&nbsp;&nbsp;&nbsp;&nbsp;&nbsp; <\/strong>Responsable du projet <em>Evolution et simulation des flux de chaleur pass\u00e9s et futurs dans les roches s\u00e9dimentaires : impact sur l&rsquo;efficacit\u00e9 des systemes g\u00e9othermiques<\/em>, \u00ab&nbsp;Attractivit\u00e9 2023&nbsp;\u00bb de l\u2019<strong>Universit\u00e9 Paris-Saclay<\/strong> <\/p>\n\n\n\n<p><strong>2022&nbsp;&nbsp;&nbsp;&nbsp;&nbsp;&nbsp;&nbsp;&nbsp;&nbsp;&nbsp;&nbsp;&nbsp;&nbsp;&nbsp;&nbsp;&nbsp;&nbsp;&nbsp; <\/strong>Responsable scientifique du projet de recherche <em>Contribution du couplage photogramm\u00e9trie-analyse p\u00e9trophysique \u00e0 la mod\u00e9lisation 3D des h\u00e9t\u00e9rog\u00e9n\u00e9it\u00e9s du r\u00e9seau poreux : un analogue de terrain aux r\u00e9servoirs g\u00e9othermiques calcaires<\/em>. Financement par le programme de la <strong>R\u00e9gion Ile-de-France<\/strong> dans le cadre du Domaine d\u2019Int\u00e9r\u00eat Majeur DIM RESPORE, programme 2019, convention de Collaboration n\u00b02019-40<\/p>\n\n\n\n<p><strong>2019-2022<\/strong>&nbsp;&nbsp;&nbsp;&nbsp;&nbsp;&nbsp;&nbsp;&nbsp; Responsable scientifique du projet de recherche G\u00c9OMOD <em>Caract\u00e9risation des h\u00e9t\u00e9rog\u00e9n\u00e9it\u00e9s des r\u00e9servoirs G\u00c9Othermiques d\u2019Ile-de-France par le d\u00e9veloppement d\u2019une MOD\u00e9lisation num\u00e9rique hydro-dynamique. <\/em>Financement par le programme de la <strong>R\u00e9gion Ile-de-France<\/strong> <a href=\"https:\/\/www.iledefrance.fr\/recherche-paris-region-phd-soutient-30-doctorants-des-dim\">Paris Region PhD 2019<\/a>, Domaine d\u2019Int\u00e9r\u00eat Majeur RESPORE, en partenariat avec la soci\u00e9t\u00e9 GEOFLUID, convention de Collaboration n\u00b02019-0309<strong>,<\/strong> financement salaire de th\u00e8se Maxime Catinat (d\u00e9but oct. 2019)<\/p>\n\n\n\n<p><strong>2019-2022&nbsp;&nbsp;&nbsp;&nbsp;&nbsp;&nbsp;&nbsp;&nbsp; <\/strong>Responsable scientifique du projet de recherche <em>Caract\u00e9risation des h\u00e9t\u00e9rog\u00e9n\u00e9it\u00e9s r\u00e9servoirs des syst\u00e8mes carbonat\u00e9s continentaux &#8211; Liens entre faci\u00e8s s\u00e9dimentaire, propri\u00e9t\u00e9 microstructurale, diagen\u00e8se et r\u00e9ponse p\u00e9trophysique. <\/em>Financement par le programme du <strong>BRGM R\u00e9f\u00e9rentiel G\u00e9ologique de la France<\/strong>, convention de Collaboration n\u00b0<a href=\"http:\/\/rgf.brgm.fr\/\">2019-0157<\/a> <strong>BRGM\/Universit\u00e9 Paris-Saclay,<\/strong> dont financement du \u00bd salaire de th\u00e8se de Kevin Moreau (d\u00e9but oct. 2019)<\/p>\n\n\n\n<p><strong>2019&nbsp;&nbsp;&nbsp;&nbsp;&nbsp;&nbsp;&nbsp;&nbsp;&nbsp;&nbsp;&nbsp;&nbsp;&nbsp;&nbsp;&nbsp;&nbsp;&nbsp;&nbsp; <\/strong>Responsable scientifique du projet de recherche <em>Datation U-Pb des ciments calcitiques syn-s\u00e9dimentaires&nbsp;: implication pour la connaissance des processus diag\u00e9n\u00e9tiques pr\u00e9coces et la calibration radiom\u00e9trique des s\u00e9ries marines du Jurassique<\/em>. Financement par le Comit\u00e9 th\u00e9matique 2 <strong>SYSTER, Programme TelluS INSU-CNRS<\/strong>, Appel d\u2019offres 2019<\/p>\n\n\n\n<p><strong>2018-2019&nbsp;&nbsp;&nbsp;&nbsp;&nbsp;&nbsp;&nbsp;&nbsp; <\/strong>Responsable scientifique du projet de recherche <em>Circulation d\u2019eau g\u00e9othermale dans des aquif\u00e8res h\u00e9t\u00e9rog\u00e8nes<\/em>. Financement par l\u2019Initiative d&rsquo;excellence <strong>IDEX Paris Saclay<\/strong> (<a href=\"https:\/\/anr.fr\/ProjetIA-11-IDEX-0003\">ANR-11-IDEX-0003<\/a>), num\u00e9ro du projet n\u00b0CDE-2019-002257, Programme appel \u00e0 projet Emergence de l\u2019IDEX<\/p>\n\n\n\n<p><strong>2017&nbsp;&nbsp;&nbsp;&nbsp;&nbsp;&nbsp;&nbsp;&nbsp;&nbsp;&nbsp;&nbsp;&nbsp;&nbsp;&nbsp;&nbsp;&nbsp;&nbsp;&nbsp; <\/strong>Responsable scientifique du projet de recherche <em>Origine de la diagen\u00e8se des discontinuit\u00e9s dans les carbonates par des mesures g\u00e9ochimiques in situ (\u03b418O, \u03b413C et El\u00e9ment des Terres Rares) : relation avec la stratigraphie s\u00e9quentielle<\/em>. Financement par le Comit\u00e9 th\u00e9matique 6 <strong>Action MARGES<\/strong>, Programme TelluS INSU-CNRS, Appel d\u2019offres 2017<\/p>\n\n\n\n<p><strong>2012&nbsp;&nbsp;&nbsp;&nbsp;&nbsp;&nbsp;&nbsp;&nbsp;&nbsp;&nbsp;&nbsp;&nbsp;&nbsp;&nbsp;&nbsp;&nbsp;&nbsp;&nbsp; <\/strong>Responsable scientifique du projet de recherche <em><a href=\"http:\/\/hebergement.universite-paris-saclay.fr\/brigaud\/recherche\/programmes-scientiques\/archives\/annee-2012-projet-insu-cnrs-tellus-cessur\">Age et nature des circulations de fluides \u00e0 l\u2019origine de min\u00e9ralisations \u00e9conomiques (CaF2) dans un bassin intracratonique (Sud-Est du Bassin de Paris, France)<\/a><\/em>. Financement par le programme Connaissance et Technologie du Sous-Sol pour son Exploitation et Usage Durable (<strong>CESSUR<\/strong>) de l\u2019INSU, Appel d\u2019offres 2012<\/p>\n\n\n\n<p><strong>2012&nbsp;&nbsp;&nbsp;&nbsp;&nbsp;&nbsp;&nbsp;&nbsp;&nbsp;&nbsp;&nbsp;&nbsp;&nbsp;&nbsp;&nbsp;&nbsp;&nbsp;&nbsp; <\/strong>Responsable scientifique du projet de recherche <em><a href=\"http:\/\/hebergement.universite-paris-saclay.fr\/brigaud\/recherche\/programmes-scientiques\/archives\/annee-2012-projet-de-recherche-cnrs\">Origine de l\u2019orientation N120 des structures d\u00e9tect\u00e9es en sismique 3D dans la Zone de Transposition (ZT) \u2013 Apport de l\u2019\u00e9tude des affleurements<\/a><\/em>. Financement par le Programme sur l\u2019Aval du Cycle et l\u2019Energie Nucl\u00e9aire (<strong>PACEN<\/strong>), programme interdisciplinaire du CNRS<\/p>\n\n\n\n<p><strong>2012&nbsp;&nbsp;&nbsp;&nbsp;&nbsp;&nbsp;&nbsp;&nbsp;&nbsp;&nbsp;&nbsp;&nbsp;&nbsp;&nbsp;&nbsp;&nbsp;&nbsp;&nbsp; <\/strong>Porteur du projet <em>Caract\u00e9risation microscopique et g\u00e9ochimique \u00e0 haute r\u00e9solution des min\u00e9raux<\/em>. Financement d\u2019un microscope \u00e0 cathodoluminescence, appel d\u2019offre \u00ab Attractivit\u00e9 2012&nbsp;\u00bb de l\u2019<strong>Universit\u00e9 Paris-Sud<\/strong><\/p>\n\n\n\n<h3 class=\"wp-block-heading\"><em><u>(2) Contrats de collaboration de gr\u00e9 \u00e0 gr\u00e9 (12 projets, 903k\u20ac)<\/u><\/em><\/h3>\n\n\n\n<p><strong>2021-2023&nbsp;&nbsp;&nbsp;&nbsp;&nbsp;&nbsp;&nbsp;&nbsp; <\/strong>Responsable scientifique de la convention de Collaboration n\u00b02019-0164 GEOFLUID\/Universit\u00e9 Paris-Saclay <em>Caract\u00e9risation des h\u00e9t\u00e9rog\u00e9n\u00e9it\u00e9s des r\u00e9servoirs g\u00e9othermiques d&rsquo;lle-de-France par le d\u00e9veloppement d&rsquo;une mod\u00e9lisation num\u00e9rique hydro-dynamique.<\/em> Programme de Recherche financ\u00e9 par GEOFLUID, environnement de la th\u00e8se de Maxime Catinat (d\u00e9but nov. 2019)<\/p>\n\n\n\n<p><strong>2018-2021<\/strong>&nbsp;&nbsp;&nbsp;&nbsp;&nbsp;&nbsp;&nbsp;&nbsp; Responsable scientifique de la convention de Collaboration n\u00b0P 2789 0 <strong>BRGM\/Universit\u00e9 Paris-Saclay<\/strong> <em>Faci\u00e8s s\u00e9dimentaires, architecture et \u00e9volution diag\u00e9n\u00e9tique du Jurassique moyen et sup\u00e9rieur de la bordure nord-est du Bassin Aquitain (Dordogne, Lot, Lot-et-Garonne)&nbsp;: influence sur le d\u00e9veloppement des r\u00e9seaux karstiques<\/em>. Programme de Recherche financ\u00e9 par le BRGM dont financement du salaire de th\u00e8se de Quentin Deloume (d\u00e9but nov. 2018)<\/p>\n\n\n\n<p><strong>2015-2020<\/strong>&nbsp;&nbsp;&nbsp;&nbsp;&nbsp;&nbsp;&nbsp;&nbsp; Responsable scientifique de la convention de Collaboration n\u00b0P04980 <strong>ENGIE\/Universit\u00e9 Paris-Saclay\/Institut Polytechnique de Bordeaux\/Universit\u00e9 de Poitiers<\/strong> <em><a href=\"https:\/\/www.geops.universite-paris-saclay.fr\/rbr\/2023\/04\/20\/claycoat\/\" target=\"_blank\" rel=\"noreferrer noopener\">CLAYCOAT<\/a><\/em>: <em>CLAY COATings in shallow marine deposits to improve reservoir quality prediction<\/em>. Programme de Recherche &amp; D\u00e9veloppement financ\u00e9 par ENGIE puis Neptune Energy, financement quinquennal, 1er janvier 2015 au 31 d\u00e9cembre 2019, Financement de la th\u00e8se de Maxime Virolle<\/p>\n\n\n\n<p><strong>2013-2016<\/strong>&nbsp;&nbsp;&nbsp;&nbsp;&nbsp;&nbsp;&nbsp;&nbsp; Responsable scientifique de la convention de Collaboration n\u00b0P04990 <strong>BRGM\/Universit\u00e9 Paris-Sud<\/strong> <em><a href=\"http:\/\/hebergement.universite-paris-saclay.fr\/brigaud\/recherche\/programmes-scientiques\/archives\/annees-2013-2016-contrat-de-collaboration-brgm-universite-paris-sud\">Microfaci\u00e8s, stratigraphie s\u00e9quentielle et diagen\u00e8se des carbonates du Jurassique de l\u2019Ouest du Bassin de Paris&nbsp;: Influence sur la distribution des propri\u00e9t\u00e9s p\u00e9trophysiques<\/a><\/em>. Programme de Recherche financ\u00e9 par le BRGM, 2013-2016, Support de la th\u00e8se de Simon Andrieu<\/p>\n\n\n\n<p><strong>2015<\/strong>&nbsp;&nbsp;&nbsp;&nbsp;&nbsp;&nbsp;&nbsp;&nbsp;&nbsp;&nbsp;&nbsp;&nbsp;&nbsp;&nbsp;&nbsp;&nbsp;&nbsp;&nbsp; Responsable scientifique du projet <em>G\u00e9om\u00e9trie des syst\u00e8mes s\u00e9dimentaires du Bassin de Paris : Influence sur la diagen\u00e8se et la distribution des propri\u00e9t\u00e9s p\u00e9trophysiques des calcaires jurassiques<\/em>. Programme de Recherche &amp; D\u00e9veloppement. Stage de Master financ\u00e9 par <strong>Vermilion Energy<\/strong><\/p>\n\n\n\n<p><strong>2014<\/strong>&nbsp;&nbsp;&nbsp;&nbsp;&nbsp;&nbsp;&nbsp;&nbsp;&nbsp;&nbsp;&nbsp;&nbsp;&nbsp;&nbsp;&nbsp;&nbsp;&nbsp;&nbsp; Responsable scientifique du projet <em>Etude de la diagen\u00e8se des carbonates du champ p\u00e9trolier de Villeperdue (Callovien inf\u00e9rieur, Marne)<\/em>. Programme de Recherche &amp; D\u00e9veloppement financ\u00e9 par <strong>Lundin Petroleum<\/strong><\/p>\n\n\n\n<p><strong>2013<\/strong>&nbsp;&nbsp;&nbsp;&nbsp;&nbsp;&nbsp;&nbsp;&nbsp;&nbsp;&nbsp;&nbsp;&nbsp;&nbsp;&nbsp;&nbsp;&nbsp;&nbsp;&nbsp; Responsable scientifique de la convention de Collaboration n\u00b0N93420 <strong>Gdf-Suez\/Universit\u00e9 Paris-Sud<\/strong> <em>S<em><a href=\"http:\/\/hebergement.universite-paris-saclay.fr\/brigaud\/recherche\/programmes-scientiques\/archives\/annee-2013-contrat-de-collaboration-gdf-suez-universite-paris-sud-nn93420\">Sedimentological control of diagenetic processes of the tidal sandstones of the Upper Cape Hay formation : Impact on reservoir properties<\/a><\/em><\/em>. Programme de Recherche &amp; D\u00e9veloppement financ\u00e9 par GDF-Suez<\/p>\n\n\n\n<p><strong>2013<\/strong>&nbsp;&nbsp;&nbsp;&nbsp;&nbsp;&nbsp;&nbsp;&nbsp;&nbsp;&nbsp;&nbsp;&nbsp;&nbsp;&nbsp;&nbsp;&nbsp;&nbsp;&nbsp; Responsable scientifique du projet <em>Architecture s\u00e9dimentaire et origine de la couleur jaune de la Pierre de Sireuil (C\u00e9nomanien, Bassin Aquitain)<\/em>. Programme de Recherche &amp; D\u00e9veloppement. Deux stages de Master financ\u00e9s par <strong>ROCAMAT<\/strong><\/p>\n\n\n\n<p><strong>2011-2014<\/strong>&nbsp;&nbsp;&nbsp;&nbsp;&nbsp;&nbsp;&nbsp;&nbsp; Responsable scientifique de la convention de Collaboration <strong>BRGM\/Universit\u00e9 Paris-Sud<\/strong> <em><a href=\"http:\/\/hebergement.universite-paris-saclay.fr\/brigaud\/recherche\/programmes-scientiques\/archives\/annees-2011-2014-contrat-de-collaboration-brgm-universite-paris-sud\">Origine des min\u00e9ralisations de fluorine CaF2 de la bordure sud-est du Bassin de Paris (Morvan, France)<\/a><\/em>. Financement du salaire de th\u00e8se de Morgane Gigoux, Co-encadrement de la th\u00e8se<\/p>\n\n\n\n<p><strong>2012<\/strong>&nbsp;&nbsp;&nbsp;&nbsp;&nbsp;&nbsp;&nbsp;&nbsp;&nbsp;&nbsp;&nbsp;&nbsp;&nbsp;&nbsp;&nbsp;&nbsp;&nbsp;&nbsp; Responsable scientifique de la convention de Collaboration n\u00b0N87890 <strong>Andra\/Universit\u00e9 Paris-Sud<\/strong> <em><a href=\"http:\/\/hebergement.universite-paris-saclay.fr\/brigaud\/recherche\/programmes-scientiques\/archives\/annee-2012-contrat-de-collaboration-andra-universite-paris-sud-nn87890\">Etude g\u00e9ophysique de surface des affleurements bajociens de l\u2019Est du Bassin de Paris : Apport sur la compr\u00e9hension des structures d\u00e9tect\u00e9es en sismiques 3D dans la zone de transposition (ZT)<\/a><\/em>. Programme de recherche financ\u00e9 par l\u2019Andra<\/p>\n\n\n\n<p><strong>2012<\/strong>&nbsp;&nbsp;&nbsp;&nbsp;&nbsp;&nbsp;&nbsp;&nbsp;&nbsp;&nbsp;&nbsp;&nbsp;&nbsp;&nbsp;&nbsp;&nbsp;&nbsp;&nbsp; Responsable scientifique du projet avec <strong>Cambridge Carbonates Ltd<\/strong> <em>Compl\u00e9ment d&rsquo;interpr\u00e9tation s\u00e9dimentologique de la sismique 3D Andra. <\/em>Programme de Recherche &amp; D\u00e9veloppement financ\u00e9 par Cambridge Carbonates Ltd<\/p>\n\n\n\n<p><strong>2011<\/strong>&nbsp;&nbsp;&nbsp;&nbsp;&nbsp;&nbsp;&nbsp;&nbsp;&nbsp;&nbsp;&nbsp;&nbsp;&nbsp;&nbsp;&nbsp;&nbsp;&nbsp;&nbsp; Responsable scientifique de la convention de Collaboration n\u00b0N82640 <strong>Andra\/Universit\u00e9 Paris-Sud<\/strong> <em><a href=\"http:\/\/hebergement.universite-paris-saclay.fr\/brigaud\/recherche\/programmes-scientiques\/archives\/annee-2011-contrat-de-collaboration-andra-universite-paris-sud-nn82640\">Les syst\u00e8mes pal\u00e9ohydrologiques de l\u2019Est du Bassin de Paris : Influence sur la distribution des propri\u00e9t\u00e9s p\u00e9trophysiques des calcaires jurassiques<\/a><\/em> Programme de recherche financ\u00e9 par l\u2019Andra<\/p>\n","protected":false},"excerpt":{"rendered":"<p>Direction de 26 programmes de recherche (budget total des programmes : 2.38 M\u20ac) (1) Appel \u00e0 projet s\u00e9lectif nationaux ou r\u00e9gionaux (14 projets, 1.484M\u20ac) 2023-2028&nbsp;&nbsp;&nbsp; Chaire fondamentale pour le projet \u00c9volution et simulation des flux de chaleur pass\u00e9s et futurs dans les roches s\u00e9dimentaires : impact sur l&rsquo;efficacit\u00e9 des syst\u00e8mes g\u00e9othermiques, de l\u2019Institut universitaire de [&hellip;]<\/p>\n","protected":false},"author":1,"featured_media":0,"parent":114,"menu_order":2,"comment_status":"closed","ping_status":"open","template":"","meta":{"ngg_post_thumbnail":0,"footnotes":""},"class_list":["post-95","page","type-page","status-publish","hentry","post-preview"],"yoast_head":"<!-- This site is optimized with the Yoast SEO plugin v26.7 - https:\/\/yoast.com\/wordpress\/plugins\/seo\/ -->\n<title>Programmes scientifiques - benjamin brigaud<\/title>\n<meta name=\"robots\" content=\"index, follow, max-snippet:-1, max-image-preview:large, max-video-preview:-1\" \/>\n<link rel=\"canonical\" href=\"https:\/\/hebergement.universite-paris-saclay.fr\/brigaud\/recherche\/programmes-scientiques\/\" \/>\n<meta property=\"og:locale\" content=\"fr_FR\" \/>\n<meta property=\"og:type\" content=\"article\" \/>\n<meta property=\"og:title\" content=\"Programmes scientifiques - benjamin brigaud\" \/>\n<meta property=\"og:description\" content=\"Direction de 26 programmes de recherche (budget total des programmes : 2.38 M\u20ac) (1) Appel \u00e0 projet s\u00e9lectif nationaux ou r\u00e9gionaux (14 projets, 1.484M\u20ac) 2023-2028&nbsp;&nbsp;&nbsp; Chaire fondamentale pour le projet \u00c9volution et simulation des flux de chaleur pass\u00e9s et futurs dans les roches s\u00e9dimentaires : impact sur l&rsquo;efficacit\u00e9 des syst\u00e8mes g\u00e9othermiques, de l\u2019Institut universitaire de [&hellip;]\" \/>\n<meta property=\"og:url\" content=\"https:\/\/hebergement.universite-paris-saclay.fr\/brigaud\/recherche\/programmes-scientiques\/\" \/>\n<meta property=\"og:site_name\" content=\"benjamin brigaud\" \/>\n<meta property=\"article:modified_time\" content=\"2025-04-30T11:27:28+00:00\" \/>\n<meta name=\"twitter:card\" content=\"summary_large_image\" \/>\n<meta name=\"twitter:label1\" content=\"Dur\u00e9e de lecture estim\u00e9e\" \/>\n\t<meta name=\"twitter:data1\" content=\"7 minutes\" \/>\n<script type=\"application\/ld+json\" class=\"yoast-schema-graph\">{\"@context\":\"https:\/\/schema.org\",\"@graph\":[{\"@type\":\"WebPage\",\"@id\":\"https:\/\/hebergement.universite-paris-saclay.fr\/brigaud\/recherche\/programmes-scientiques\/\",\"url\":\"https:\/\/hebergement.universite-paris-saclay.fr\/brigaud\/recherche\/programmes-scientiques\/\",\"name\":\"Programmes scientifiques - benjamin brigaud\",\"isPartOf\":{\"@id\":\"https:\/\/hebergement.universite-paris-saclay.fr\/brigaud\/#website\"},\"datePublished\":\"2012-04-18T09:39:10+00:00\",\"dateModified\":\"2025-04-30T11:27:28+00:00\",\"breadcrumb\":{\"@id\":\"https:\/\/hebergement.universite-paris-saclay.fr\/brigaud\/recherche\/programmes-scientiques\/#breadcrumb\"},\"inLanguage\":\"fr-FR\",\"potentialAction\":[{\"@type\":\"ReadAction\",\"target\":[\"https:\/\/hebergement.universite-paris-saclay.fr\/brigaud\/recherche\/programmes-scientiques\/\"]}]},{\"@type\":\"BreadcrumbList\",\"@id\":\"https:\/\/hebergement.universite-paris-saclay.fr\/brigaud\/recherche\/programmes-scientiques\/#breadcrumb\",\"itemListElement\":[{\"@type\":\"ListItem\",\"position\":1,\"name\":\"Accueil\",\"item\":\"https:\/\/hebergement.universite-paris-saclay.fr\/brigaud\/\"},{\"@type\":\"ListItem\",\"position\":2,\"name\":\"Recherche\",\"item\":\"https:\/\/hebergement.universite-paris-saclay.fr\/brigaud\/recherche\/\"},{\"@type\":\"ListItem\",\"position\":3,\"name\":\"Programmes scientifiques\"}]},{\"@type\":\"WebSite\",\"@id\":\"https:\/\/hebergement.universite-paris-saclay.fr\/brigaud\/#website\",\"url\":\"https:\/\/hebergement.universite-paris-saclay.fr\/brigaud\/\",\"name\":\"benjamin brigaud\",\"description\":\"s\u00e9dimentologue\",\"publisher\":{\"@id\":\"https:\/\/hebergement.universite-paris-saclay.fr\/brigaud\/#organization\"},\"potentialAction\":[{\"@type\":\"SearchAction\",\"target\":{\"@type\":\"EntryPoint\",\"urlTemplate\":\"https:\/\/hebergement.universite-paris-saclay.fr\/brigaud\/?s={search_term_string}\"},\"query-input\":{\"@type\":\"PropertyValueSpecification\",\"valueRequired\":true,\"valueName\":\"search_term_string\"}}],\"inLanguage\":\"fr-FR\"},{\"@type\":\"Organization\",\"@id\":\"https:\/\/hebergement.universite-paris-saclay.fr\/brigaud\/#organization\",\"name\":\"Universit\u00e9 Paris-Saclay\",\"url\":\"https:\/\/hebergement.universite-paris-saclay.fr\/brigaud\/\",\"logo\":{\"@type\":\"ImageObject\",\"inLanguage\":\"fr-FR\",\"@id\":\"https:\/\/hebergement.universite-paris-saclay.fr\/brigaud\/#\/schema\/logo\/image\/\",\"url\":\"http:\/\/hebergement.universite-paris-saclay.fr\/brigaud\/wp-admin\/uploads\/UPSACLAY-2020.png\",\"contentUrl\":\"http:\/\/hebergement.universite-paris-saclay.fr\/brigaud\/wp-admin\/uploads\/UPSACLAY-2020.png\",\"width\":178,\"height\":80,\"caption\":\"Universit\u00e9 Paris-Saclay\"},\"image\":{\"@id\":\"https:\/\/hebergement.universite-paris-saclay.fr\/brigaud\/#\/schema\/logo\/image\/\"}}]}<\/script>\n<!-- \/ Yoast SEO plugin. -->","yoast_head_json":{"title":"Programmes scientifiques - benjamin brigaud","robots":{"index":"index","follow":"follow","max-snippet":"max-snippet:-1","max-image-preview":"max-image-preview:large","max-video-preview":"max-video-preview:-1"},"canonical":"https:\/\/hebergement.universite-paris-saclay.fr\/brigaud\/recherche\/programmes-scientiques\/","og_locale":"fr_FR","og_type":"article","og_title":"Programmes scientifiques - benjamin brigaud","og_description":"Direction de 26 programmes de recherche (budget total des programmes : 2.38 M\u20ac) (1) Appel \u00e0 projet s\u00e9lectif nationaux ou r\u00e9gionaux (14 projets, 1.484M\u20ac) 2023-2028&nbsp;&nbsp;&nbsp; Chaire fondamentale pour le projet \u00c9volution et simulation des flux de chaleur pass\u00e9s et futurs dans les roches s\u00e9dimentaires : impact sur l&rsquo;efficacit\u00e9 des syst\u00e8mes g\u00e9othermiques, de l\u2019Institut universitaire de [&hellip;]","og_url":"https:\/\/hebergement.universite-paris-saclay.fr\/brigaud\/recherche\/programmes-scientiques\/","og_site_name":"benjamin brigaud","article_modified_time":"2025-04-30T11:27:28+00:00","twitter_card":"summary_large_image","twitter_misc":{"Dur\u00e9e de lecture estim\u00e9e":"7 minutes"},"schema":{"@context":"https:\/\/schema.org","@graph":[{"@type":"WebPage","@id":"https:\/\/hebergement.universite-paris-saclay.fr\/brigaud\/recherche\/programmes-scientiques\/","url":"https:\/\/hebergement.universite-paris-saclay.fr\/brigaud\/recherche\/programmes-scientiques\/","name":"Programmes scientifiques - benjamin brigaud","isPartOf":{"@id":"https:\/\/hebergement.universite-paris-saclay.fr\/brigaud\/#website"},"datePublished":"2012-04-18T09:39:10+00:00","dateModified":"2025-04-30T11:27:28+00:00","breadcrumb":{"@id":"https:\/\/hebergement.universite-paris-saclay.fr\/brigaud\/recherche\/programmes-scientiques\/#breadcrumb"},"inLanguage":"fr-FR","potentialAction":[{"@type":"ReadAction","target":["https:\/\/hebergement.universite-paris-saclay.fr\/brigaud\/recherche\/programmes-scientiques\/"]}]},{"@type":"BreadcrumbList","@id":"https:\/\/hebergement.universite-paris-saclay.fr\/brigaud\/recherche\/programmes-scientiques\/#breadcrumb","itemListElement":[{"@type":"ListItem","position":1,"name":"Accueil","item":"https:\/\/hebergement.universite-paris-saclay.fr\/brigaud\/"},{"@type":"ListItem","position":2,"name":"Recherche","item":"https:\/\/hebergement.universite-paris-saclay.fr\/brigaud\/recherche\/"},{"@type":"ListItem","position":3,"name":"Programmes scientifiques"}]},{"@type":"WebSite","@id":"https:\/\/hebergement.universite-paris-saclay.fr\/brigaud\/#website","url":"https:\/\/hebergement.universite-paris-saclay.fr\/brigaud\/","name":"benjamin brigaud","description":"s\u00e9dimentologue","publisher":{"@id":"https:\/\/hebergement.universite-paris-saclay.fr\/brigaud\/#organization"},"potentialAction":[{"@type":"SearchAction","target":{"@type":"EntryPoint","urlTemplate":"https:\/\/hebergement.universite-paris-saclay.fr\/brigaud\/?s={search_term_string}"},"query-input":{"@type":"PropertyValueSpecification","valueRequired":true,"valueName":"search_term_string"}}],"inLanguage":"fr-FR"},{"@type":"Organization","@id":"https:\/\/hebergement.universite-paris-saclay.fr\/brigaud\/#organization","name":"Universit\u00e9 Paris-Saclay","url":"https:\/\/hebergement.universite-paris-saclay.fr\/brigaud\/","logo":{"@type":"ImageObject","inLanguage":"fr-FR","@id":"https:\/\/hebergement.universite-paris-saclay.fr\/brigaud\/#\/schema\/logo\/image\/","url":"http:\/\/hebergement.universite-paris-saclay.fr\/brigaud\/wp-admin\/uploads\/UPSACLAY-2020.png","contentUrl":"http:\/\/hebergement.universite-paris-saclay.fr\/brigaud\/wp-admin\/uploads\/UPSACLAY-2020.png","width":178,"height":80,"caption":"Universit\u00e9 Paris-Saclay"},"image":{"@id":"https:\/\/hebergement.universite-paris-saclay.fr\/brigaud\/#\/schema\/logo\/image\/"}}]}},"_links":{"self":[{"href":"https:\/\/hebergement.universite-paris-saclay.fr\/brigaud\/wp-json\/wp\/v2\/pages\/95","targetHints":{"allow":["GET"]}}],"collection":[{"href":"https:\/\/hebergement.universite-paris-saclay.fr\/brigaud\/wp-json\/wp\/v2\/pages"}],"about":[{"href":"https:\/\/hebergement.universite-paris-saclay.fr\/brigaud\/wp-json\/wp\/v2\/types\/page"}],"author":[{"embeddable":true,"href":"https:\/\/hebergement.universite-paris-saclay.fr\/brigaud\/wp-json\/wp\/v2\/users\/1"}],"replies":[{"embeddable":true,"href":"https:\/\/hebergement.universite-paris-saclay.fr\/brigaud\/wp-json\/wp\/v2\/comments?post=95"}],"version-history":[{"count":53,"href":"https:\/\/hebergement.universite-paris-saclay.fr\/brigaud\/wp-json\/wp\/v2\/pages\/95\/revisions"}],"predecessor-version":[{"id":3426,"href":"https:\/\/hebergement.universite-paris-saclay.fr\/brigaud\/wp-json\/wp\/v2\/pages\/95\/revisions\/3426"}],"up":[{"embeddable":true,"href":"https:\/\/hebergement.universite-paris-saclay.fr\/brigaud\/wp-json\/wp\/v2\/pages\/114"}],"wp:attachment":[{"href":"https:\/\/hebergement.universite-paris-saclay.fr\/brigaud\/wp-json\/wp\/v2\/media?parent=95"}],"curies":[{"name":"wp","href":"https:\/\/api.w.org\/{rel}","templated":true}]}}