{"id":2,"date":"2013-10-28T09:24:31","date_gmt":"2013-10-28T09:24:31","guid":{"rendered":"http:\/\/hebergement.u-psud.fr\/wptest\/?page_id=2"},"modified":"2020-11-15T16:33:19","modified_gmt":"2020-11-15T15:33:19","slug":"page-d-exemple","status":"publish","type":"page","link":"https:\/\/hebergement.universite-paris-saclay.fr\/dichroprobe\/?page_id=2","title":{"rendered":"Consortium"},"content":{"rendered":"\n<div class=\"wp-block-media-text alignwide has-media-on-the-right is-stacked-on-mobile\" style=\"grid-template-columns:auto 31%\"><figure class=\"wp-block-media-text__media\"><img loading=\"lazy\" width=\"150\" height=\"87\" src=\"http:\/\/hebergement.universite-paris-saclay.fr\/dichroprobe\/wp-content\/uploads\/2020\/11\/Logo-ISMO-simple.png\" alt=\"\" class=\"wp-image-20\"\/><\/figure><div class=\"wp-block-media-text__content\">\n<p style=\"font-size:18px\"><a href=\"http:\/\/www.ismo.universite-paris-saclay.fr\/spip.php?auteur9&amp;lang=fr\" data-type=\"URL\" data-id=\"http:\/\/www.ismo.universite-paris-saclay.fr\/spip.php?auteur9&amp;lang=fr\" target=\"_blank\" rel=\"noreferrer noopener\">Anne Zehnacker<\/a><\/p>\n\n\n\n<p style=\"font-size:18px\"><a rel=\"noreferrer noopener\" href=\"http:\/\/www.ismo.universite-paris-saclay.fr\/spip.php?auteur11&amp;lang=fr\" target=\"_blank\">Katia Le Barbu Debus<\/a><\/p>\n\n\n\n<p style=\"font-size:18px\"><a href=\"http:\/\/www.ismo.universite-paris-saclay.fr\/spip.php?auteur504&amp;lang=fr\" data-type=\"URL\" data-id=\"http:\/\/www.ismo.universite-paris-saclay.fr\/spip.php?auteur504&amp;lang=fr\" target=\"_blank\" rel=\"noreferrer noopener\">Sascha J\u00e4hnigen<\/a><\/p>\n\n\n\n<p style=\"font-size:18px\"><a href=\"http:\/\/www.ismo.universite-paris-saclay.fr\/?lang=fr\" data-type=\"URL\" data-id=\"http:\/\/www.ismo.universite-paris-saclay.fr\/?lang=fr\" target=\"_blank\" rel=\"noreferrer noopener\">ISMO, Universit\u00e9 Paris Saclay<\/a><\/p>\n\n\n\n<p style=\"font-size:18px\"><a href=\"http:\/\/www.ismo.universite-paris-saclay.fr\/spip.php?rubrique29&amp;lang=fr\" target=\"_blank\" rel=\"noreferrer noopener\">Equipe SYSIPHE\/CHIMIE<\/a><\/p>\n<\/div><\/div>\n\n\n\n<p class=\"has-light-green-cyan-background-color has-background\" style=\"font-size:1px\"><\/p>\n\n\n\n<div class=\"wp-block-media-text alignwide has-media-on-the-right is-stacked-on-mobile\" style=\"grid-template-columns:auto 29%\"><figure class=\"wp-block-media-text__media\"><img loading=\"lazy\" width=\"227\" height=\"173\" src=\"http:\/\/hebergement.universite-paris-saclay.fr\/dichroprobe\/wp-content\/uploads\/2020\/11\/logo_ICP.jpg\" alt=\"\" class=\"wp-image-37\" srcset=\"https:\/\/hebergement.universite-paris-saclay.fr\/dichroprobe\/wp-content\/uploads\/2020\/11\/logo_ICP.jpg 227w, https:\/\/hebergement.universite-paris-saclay.fr\/dichroprobe\/wp-content\/uploads\/2020\/11\/logo_ICP-150x114.jpg 150w\" sizes=\"(max-width: 227px) 100vw, 227px\" \/><\/figure><div class=\"wp-block-media-text__content\">\n<p style=\"font-size:18px\"><a href=\"http:\/\/hebergement.universite-paris-saclay.fr\/carineclavaguera\/\" target=\"_blank\" rel=\"noreferrer noopener\">Carine Clavagu\u00e9ra<\/a><\/p>\n\n\n\n<p style=\"font-size:18px\"><a href=\"http:\/\/www.lcp.u-psud.fr\/spip.php?page=fiche_identite&amp;nom=agostini&amp;prenom=&amp;groupe=&amp;lang=fr&amp;var_mod=calcul\" target=\"_blank\" rel=\"noreferrer noopener\">Federica Agostini<\/a><\/p>\n\n\n\n<p style=\"font-size:18px\"><a href=\"http:\/\/www.lcp.u-psud.fr\/spip.php?page=fiche_identite&amp;nom=bowles&amp;prenom=&amp;groupe=&amp;lang=fr&amp;var_mod=calcul\" data-type=\"URL\" data-id=\"http:\/\/www.lcp.u-psud.fr\/spip.php?page=fiche_identite&amp;nom=bowles&amp;prenom=&amp;groupe=&amp;lang=fr&amp;var_mod=calcul\" target=\"_blank\" rel=\"noreferrer noopener\">Jessica Bowles<\/a><\/p>\n\n\n\n<p style=\"font-size:18px\"><a href=\"http:\/\/www.lcp.u-psud.fr\/?lang=fr\" target=\"_blank\" rel=\"noreferrer noopener\">ICP, Universit\u00e9 Paris Saclay<\/a><\/p>\n\n\n\n<p style=\"font-size:18px\"><a href=\"http:\/\/www.lcp.u-psud.fr\/spip.php?rubrique158&amp;lang=fr\" target=\"_blank\" rel=\"noreferrer noopener\">Groupe Th\u00e9oSim<\/a><\/p>\n<\/div><\/div>\n\n\n\n<p class=\"has-pale-cyan-blue-background-color has-background\" style=\"font-size:1px\"><\/p>\n\n\n\n<p><\/p>\n\n\n\n<div class=\"wp-block-media-text alignwide has-media-on-the-right is-stacked-on-mobile\" style=\"grid-template-columns:auto 43%\"><figure class=\"wp-block-media-text__media\"><img loading=\"lazy\" width=\"240\" height=\"51\" src=\"http:\/\/hebergement.universite-paris-saclay.fr\/dichroprobe\/wp-content\/uploads\/2020\/11\/pasteur.png\" alt=\"\" class=\"wp-image-44\" srcset=\"https:\/\/hebergement.universite-paris-saclay.fr\/dichroprobe\/wp-content\/uploads\/2020\/11\/pasteur.png 240w, https:\/\/hebergement.universite-paris-saclay.fr\/dichroprobe\/wp-content\/uploads\/2020\/11\/pasteur-150x32.png 150w\" sizes=\"(max-width: 240px) 100vw, 240px\" \/><\/figure><div class=\"wp-block-media-text__content\">\n<p style=\"font-size:18px\"><a href=\"https:\/\/www.chimie.ens.fr\/recherche\/laboratoire-pasteur\/chimie-theorique\/members-of-the-theoretical-chemistry-group\/rodolphe-vuilleumier\/\" data-type=\"URL\" data-id=\"https:\/\/www.chimie.ens.fr\/recherche\/laboratoire-pasteur\/chimie-theorique\/members-of-the-theoretical-chemistry-group\/rodolphe-vuilleumier\/\" target=\"_blank\" rel=\"noreferrer noopener\">Rodolphe Vuilleumier<\/a><\/p>\n\n\n\n<p style=\"font-size:18px\">Sascha J\u00e4hnigen<\/p>\n\n\n\n<p style=\"font-size:18px\"><a rel=\"noreferrer noopener\" href=\"https:\/\/www.chimie.ens.fr\/recherche\/laboratoire-pasteur\/\" data-type=\"URL\" data-id=\"https:\/\/www.chimie.ens.fr\/recherche\/laboratoire-pasteur\/\" target=\"_blank\">Laboratoire PASTEUR, ENS Paris<\/a><\/p>\n<\/div><\/div>\n\n\n\n<p class=\"has-background\" style=\"font-size:1px;background-color:#f3d789\"><\/p>\n\n\n\n<div class=\"wp-block-media-text alignwide has-media-on-the-right is-stacked-on-mobile\" style=\"grid-template-columns:auto 26%\"><figure class=\"wp-block-media-text__media\"><img loading=\"lazy\" width=\"255\" height=\"198\" src=\"http:\/\/hebergement.universite-paris-saclay.fr\/dichroprobe\/wp-content\/uploads\/2020\/11\/liphy.png\" alt=\"\" class=\"wp-image-45\" srcset=\"https:\/\/hebergement.universite-paris-saclay.fr\/dichroprobe\/wp-content\/uploads\/2020\/11\/liphy.png 255w, https:\/\/hebergement.universite-paris-saclay.fr\/dichroprobe\/wp-content\/uploads\/2020\/11\/liphy-150x116.png 150w\" sizes=\"(max-width: 255px) 100vw, 255px\" \/><\/figure><div class=\"wp-block-media-text__content\">\n<p style=\"font-size:18px\"><a rel=\"noreferrer noopener\" href=\"https:\/\/www-liphy.univ-grenoble-alpes.fr\/infos_pratiques\/fiches_identites\/coft.html\" data-type=\"URL\" data-id=\"https:\/\/www-liphy.univ-grenoble-alpes.fr\/infos_pratiques\/fiches_identites\/coft.html\" target=\"_blank\">Florent Calvo<\/a><\/p>\n\n\n\n<p style=\"font-size:18px\"><a href=\"https:\/\/www-liphy.univ-grenoble-alpes.fr\/?lang=fr\" data-type=\"URL\" data-id=\"https:\/\/www-liphy.univ-grenoble-alpes.fr\/?lang=fr\" target=\"_blank\" rel=\"noreferrer noopener\">LiPhy, Universit\u00e9 de Grenoble Alpes<\/a><\/p>\n<\/div><\/div>\n\n\n\n<p><\/p>\n","protected":false},"excerpt":{"rendered":"<p>Anne Zehnacker Katia Le Barbu Debus Sascha J\u00e4hnigen ISMO, Universit\u00e9 Paris Saclay Equipe SYSIPHE\/CHIMIE Carine Clavagu\u00e9ra Federica Agostini Jessica Bowles ICP, Universit\u00e9 Paris Saclay Groupe Th\u00e9oSim Rodolphe Vuilleumier Sascha J\u00e4hnigen Laboratoire PASTEUR, ENS Paris Florent Calvo LiPhy, Universit\u00e9 de Grenoble Alpes<\/p>\n<p class=\"continue-reading-button\"> <a class=\"continue-reading-link\" href=\"https:\/\/hebergement.universite-paris-saclay.fr\/dichroprobe\/?page_id=2\">Continue reading<i class=\"crycon-right-dir\"><\/i><\/a><\/p>\n","protected":false},"author":1,"featured_media":0,"parent":0,"menu_order":0,"comment_status":"closed","ping_status":"open","template":"","meta":[],"_links":{"self":[{"href":"https:\/\/hebergement.universite-paris-saclay.fr\/dichroprobe\/index.php?rest_route=\/wp\/v2\/pages\/2"}],"collection":[{"href":"https:\/\/hebergement.universite-paris-saclay.fr\/dichroprobe\/index.php?rest_route=\/wp\/v2\/pages"}],"about":[{"href":"https:\/\/hebergement.universite-paris-saclay.fr\/dichroprobe\/index.php?rest_route=\/wp\/v2\/types\/page"}],"author":[{"embeddable":true,"href":"https:\/\/hebergement.universite-paris-saclay.fr\/dichroprobe\/index.php?rest_route=\/wp\/v2\/users\/1"}],"replies":[{"embeddable":true,"href":"https:\/\/hebergement.universite-paris-saclay.fr\/dichroprobe\/index.php?rest_route=%2Fwp%2Fv2%2Fcomments&post=2"}],"version-history":[{"count":10,"href":"https:\/\/hebergement.universite-paris-saclay.fr\/dichroprobe\/index.php?rest_route=\/wp\/v2\/pages\/2\/revisions"}],"predecessor-version":[{"id":47,"href":"https:\/\/hebergement.universite-paris-saclay.fr\/dichroprobe\/index.php?rest_route=\/wp\/v2\/pages\/2\/revisions\/47"}],"wp:attachment":[{"href":"https:\/\/hebergement.universite-paris-saclay.fr\/dichroprobe\/index.php?rest_route=%2Fwp%2Fv2%2Fmedia&parent=2"}],"curies":[{"name":"wp","href":"https:\/\/api.w.org\/{rel}","templated":true}]}}