{"id":6,"date":"2020-11-15T15:11:36","date_gmt":"2020-11-15T14:11:36","guid":{"rendered":"http:\/\/hebergement.universite-paris-saclay.fr\/dichroprobe\/?page_id=6"},"modified":"2020-11-15T15:15:17","modified_gmt":"2020-11-15T14:15:17","slug":"presentation-generale","status":"publish","type":"page","link":"https:\/\/hebergement.universite-paris-saclay.fr\/dichroprobe\/","title":{"rendered":"Pr\u00e9sentation g\u00e9n\u00e9rale"},"content":{"rendered":"\n<p>Le <strong>dichro\u00efsme circulaire vibrationnel<\/strong> (<strong>VCD<\/strong>) est la faible diff\u00e9rence d&#8217;absorption entre la lumi\u00e8re polaris\u00e9e circulaire droite et gauche par une mol\u00e9cule chirale, dans le domaine des transitions vibrationnelles. &nbsp;<\/p>\n\n\n\n<p>Outre son utilisation pour la d\u00e9termination des configurations absolues, le VCD est tr\u00e8s sensible \u00e0 l&#8217;isom\u00e9rie conformationnelle, aux interactions mol\u00e9culaires et \u00e0 la solvatation, et fournit ainsi une sonde extr\u00eamement sensible de ces effets.<\/p>\n\n\n\n<p>Le projet Dichroprobe vise \u00e0 d\u00e9velopper des m\u00e9thodes d\u00e9pendant du temps innovantes, qui reposent en particulier sur des simulations de dynamique mol\u00e9culaire (MD), pour calculer les spectres IR et VCD \u00e0 partir des fonctions de corr\u00e9lation temporelle des moments dipolaires \u00e9lectriques et magn\u00e9tiques, rendant ainsi compte de l&#8217;anharmonicit\u00e9, des effets de temp\u00e9rature, et des effets d\u2019environnement.<\/p>\n\n\n\n<p>L\u2019exemple ci-dessous montre l\u2019application des calculs de dynamique mol\u00e9culaire premiers principes, leur validation par comparaison avec les spectres VCD exp\u00e9rimentaux, et la comparaison \u00e0 des m\u00e9thodes statiques de type \u00ab\u00a0cluster-in-a-bulk\u00bb, qui d\u00e9crivent l&#8217;interaction solut\u00e9-solvant comme un agr\u00e9gat de taille finie, contenant le solut\u00e9 et un petit nombre de mol\u00e9cules de solvant, dans un solvant trait\u00e9 comme un continuum polarisable.<\/p>\n\n\n\n<p><em>Spectre de VCD du 1-indanol dans le DMSO simul\u00e9s par diff\u00e9rentes m\u00e9thodes et compar\u00e9 \u00e0 l\u2019exp\u00e9rience. (Le Barbu-Debus et al.PCCP 2018;20(21):14635-14646)<\/em><\/p>\n\n\n\n<figure class=\"wp-block-image size-large\"><img loading=\"lazy\" width=\"677\" height=\"477\" src=\"http:\/\/hebergement.universite-paris-saclay.fr\/dichroprobe\/wp-content\/uploads\/2020\/11\/VCD_indanol.png\" alt=\"\" class=\"wp-image-11\" srcset=\"https:\/\/hebergement.universite-paris-saclay.fr\/dichroprobe\/wp-content\/uploads\/2020\/11\/VCD_indanol.png 677w, https:\/\/hebergement.universite-paris-saclay.fr\/dichroprobe\/wp-content\/uploads\/2020\/11\/VCD_indanol-300x211.png 300w, https:\/\/hebergement.universite-paris-saclay.fr\/dichroprobe\/wp-content\/uploads\/2020\/11\/VCD_indanol-150x106.png 150w\" sizes=\"(max-width: 677px) 100vw, 677px\" \/><\/figure>\n\n\n\n<p><\/p>\n","protected":false},"excerpt":{"rendered":"<p>Le dichro\u00efsme circulaire vibrationnel (VCD) est la faible diff\u00e9rence d&#8217;absorption entre la lumi\u00e8re polaris\u00e9e circulaire droite et gauche par une mol\u00e9cule chirale, dans le domaine des transitions vibrationnelles. &nbsp; Outre son utilisation pour la d\u00e9termination des configurations absolues, le VCD est tr\u00e8s sensible \u00e0 l&#8217;isom\u00e9rie conformationnelle, aux interactions mol\u00e9culaires et&#8230;<\/p>\n<p class=\"continue-reading-button\"> <a class=\"continue-reading-link\" href=\"https:\/\/hebergement.universite-paris-saclay.fr\/dichroprobe\/\">Continue reading<i class=\"crycon-right-dir\"><\/i><\/a><\/p>\n","protected":false},"author":1,"featured_media":0,"parent":0,"menu_order":0,"comment_status":"closed","ping_status":"closed","template":"","meta":[],"_links":{"self":[{"href":"https:\/\/hebergement.universite-paris-saclay.fr\/dichroprobe\/index.php?rest_route=\/wp\/v2\/pages\/6"}],"collection":[{"href":"https:\/\/hebergement.universite-paris-saclay.fr\/dichroprobe\/index.php?rest_route=\/wp\/v2\/pages"}],"about":[{"href":"https:\/\/hebergement.universite-paris-saclay.fr\/dichroprobe\/index.php?rest_route=\/wp\/v2\/types\/page"}],"author":[{"embeddable":true,"href":"https:\/\/hebergement.universite-paris-saclay.fr\/dichroprobe\/index.php?rest_route=\/wp\/v2\/users\/1"}],"replies":[{"embeddable":true,"href":"https:\/\/hebergement.universite-paris-saclay.fr\/dichroprobe\/index.php?rest_route=%2Fwp%2Fv2%2Fcomments&post=6"}],"version-history":[{"count":3,"href":"https:\/\/hebergement.universite-paris-saclay.fr\/dichroprobe\/index.php?rest_route=\/wp\/v2\/pages\/6\/revisions"}],"predecessor-version":[{"id":12,"href":"https:\/\/hebergement.universite-paris-saclay.fr\/dichroprobe\/index.php?rest_route=\/wp\/v2\/pages\/6\/revisions\/12"}],"wp:attachment":[{"href":"https:\/\/hebergement.universite-paris-saclay.fr\/dichroprobe\/index.php?rest_route=%2Fwp%2Fv2%2Fmedia&parent=6"}],"curies":[{"name":"wp","href":"https:\/\/api.w.org\/{rel}","templated":true}]}}