{"id":1069,"date":"2026-01-30T15:47:42","date_gmt":"2026-01-30T14:47:42","guid":{"rendered":"https:\/\/hebergement.universite-paris-saclay.fr\/fsu-psud\/?page_id=1069"},"modified":"2026-04-01T10:58:23","modified_gmt":"2026-04-01T08:58:23","slug":"publipostages-2026","status":"publish","type":"page","link":"https:\/\/hebergement.universite-paris-saclay.fr\/fsu-psud\/publipostages-2026\/","title":{"rendered":"Publipostages 2026"},"content":{"rendered":"\n<p><a href=\"https:\/\/hebergement.universite-paris-saclay.fr\/fsu-psud\/2026\/04\/01\/motion-du-conseil-diut-dorsay-au-sujet-du-manque-de-dialogue-et-des-atteintes-a-la-liberte-dexpression-et-a-lethique\/\">Motion du conseil d\u2019IUT d\u2019Orsay au sujet du manque de dialogue et des atteintes \u00e0 la libert\u00e9 d\u2019expression et \u00e0 l\u2019\u00e9thique<\/a><\/p>\n\n\n\n<p><a href=\"https:\/\/hebergement.universite-paris-saclay.fr\/fsu-psud\/2026\/03\/25\/stand-up-for-science\/\">Stand Up For Science<\/a><\/p>\n\n\n\n<p><a href=\"https:\/\/hebergement.universite-paris-saclay.fr\/fsu-psud\/2026\/03\/25\/iran-pour-le-droit-international-et-la-protection-des-populations-il-faut-un-cessez-le-feu\/\">Iran : pour le droit international et la protection des populations, il faut un cessez-le-feu !<\/a><\/p>\n\n\n\n<p><a href=\"https:\/\/hebergement.universite-paris-saclay.fr\/fsu-psud\/2026\/03\/25\/deni-de-democratie-a-paris-saclay\/\">D\u00e9ni de d\u00e9mocratie \u00e0 Paris Saclay<\/a><\/p>\n\n\n\n<p><a href=\"https:\/\/hebergement.universite-paris-saclay.fr\/fsu-psud\/2026\/03\/11\/8-mars-greve-feministe-2\/\">8 mars &#8211; gr\u00e8ve f\u00e9ministe<\/a><\/p>\n\n\n\n<p><a href=\"https:\/\/hebergement.universite-paris-saclay.fr\/fsu-psud\/2026\/03\/11\/stand-up-for-science-vendredi-6-mars-12h-13h-defendre-les-sciences-et-les-libertes-academiques\/\">Stand Up For Science &#8211; Vendredi 6 mars, 12h-13h \u201cD\u00e9fendre les sciences et les libert\u00e9s acad\u00e9miques\u201d<\/a><\/p>\n\n\n\n<p><a href=\"https:\/\/hebergement.universite-paris-saclay.fr\/fsu-psud\/2026\/02\/23\/la-fsu-condamne-les-violences-et-appelle-a-cesser-linstrumentalisation-et-les-pressions\/\">La FSU condamne les violences et appelle \u00e0,cesser l&rsquo;instrumentalisation et les pressions<\/a><\/p>\n\n\n\n<p><a href=\"https:\/\/hebergement.universite-paris-saclay.fr\/fsu-psud\/2026\/02\/23\/a-centrale-supelec-comme-a-agroparistech-on-musele-les-etudiant-es\/\">A Centrale Supelec comme \u00e0 AgroParisTech, on mus\u00e8le les \u00e9tudiant.es<\/a><\/p>\n\n\n\n<p><a href=\"https:\/\/hebergement.universite-paris-saclay.fr\/fsu-psud\/2026\/02\/23\/retrait-de-lavis-de-polethis-une-decision-qui-interroge-lethique-et-le-droit\/\">Retrait de l\u2019avis de Pol\u00e9this : une d\u00e9cision qui interroge l\u2019\u00e9thique et le droit<\/a><\/p>\n\n\n\n<p><a href=\"https:\/\/hebergement.universite-paris-saclay.fr\/fsu-psud\/2026\/02\/23\/paris-saclay-cautionne-le-magazine-le-point\/\">Paris Saclay cautionne le magazine Le Point\u2026<\/a><\/p>\n\n\n\n<p><a href=\"https:\/\/hebergement.universite-paris-saclay.fr\/fsu-psud\/2026\/02\/11\/message-du-collectif-henri-moissan-sante-information-justice-ag-le-13-02\/\">Message du collectif Henri Moissan : sant\u00e9, information, justice<\/a><\/p>\n\n\n\n<p><a href=\"https:\/\/hebergement.universite-paris-saclay.fr\/fsu-psud\/2026\/02\/06\/avis-de-polethis-sur-les-partenariats-de-recherche-entre-luniversite-paris-saclay-et-les-universites-israeliennes\/\">Avis de Pol\u00e9this sur les partenariats de recherche entre l\u2019universit\u00e9 Paris-Saclay et les universit\u00e9s isra\u00e9lienn<strong>es<\/strong><\/a><\/p>\n\n\n\n<p><a href=\"https:\/\/hebergement.universite-paris-saclay.fr\/fsu-psud\/2026\/01\/30\/la-fsu-condamne-lintervention-policiere-sur-le-campus-dagroparistech\/\">La FSU condamne l\u2019intervention polici\u00e8re sur le campus D\u2019AgroParisTech<\/a><\/p>\n\n\n\n<p><a href=\"https:\/\/hebergement.universite-paris-saclay.fr\/fsu-psud\/2026\/01\/30\/deux-visions-de-paris-saclay\/\">Deux visions de Paris-Saclay<\/a><\/p>\n\n\n\n<p><a href=\"https:\/\/hebergement.universite-paris-saclay.fr\/fsu-psud\/2026\/01\/30\/deja-10-000-reponses-mais-il-faut-aller-plus-loin-pour-parler-du-travail-dans-les-services-publics\/\">D\u00e9j\u00e0 10 000 r\u00e9ponses \u2026 mais il faut aller plus loin pour parler du travail dans les services publics !<\/a><\/p>\n\n\n\n<p><\/p>\n","protected":false},"excerpt":{"rendered":"<p>Motion du conseil d\u2019IUT d\u2019Orsay au sujet du manque de dialogue et des atteintes \u00e0 la libert\u00e9 d\u2019expression et \u00e0 l\u2019\u00e9thique Stand Up For Science Iran : pour le droit international et la protection des populations, il faut un cessez-le-feu ! D\u00e9ni de d\u00e9mocratie \u00e0 Paris Saclay 8 mars &#8211; gr\u00e8ve f\u00e9ministe Stand Up For &hellip; <\/p>\n<p class=\"link-more\"><a href=\"https:\/\/hebergement.universite-paris-saclay.fr\/fsu-psud\/publipostages-2026\/\" class=\"more-link\">Continuer la lecture<span class=\"screen-reader-text\"> de &laquo;&nbsp;Publipostages 2026&nbsp;&raquo;<\/span><\/a><\/p>\n","protected":false},"author":2,"featured_media":0,"parent":0,"menu_order":0,"comment_status":"closed","ping_status":"closed","template":"","meta":{"footnotes":""},"class_list":["post-1069","page","type-page","status-publish","hentry"],"_links":{"self":[{"href":"https:\/\/hebergement.universite-paris-saclay.fr\/fsu-psud\/wp-json\/wp\/v2\/pages\/1069","targetHints":{"allow":["GET"]}}],"collection":[{"href":"https:\/\/hebergement.universite-paris-saclay.fr\/fsu-psud\/wp-json\/wp\/v2\/pages"}],"about":[{"href":"https:\/\/hebergement.universite-paris-saclay.fr\/fsu-psud\/wp-json\/wp\/v2\/types\/page"}],"author":[{"embeddable":true,"href":"https:\/\/hebergement.universite-paris-saclay.fr\/fsu-psud\/wp-json\/wp\/v2\/users\/2"}],"replies":[{"embeddable":true,"href":"https:\/\/hebergement.universite-paris-saclay.fr\/fsu-psud\/wp-json\/wp\/v2\/comments?post=1069"}],"version-history":[{"count":15,"href":"https:\/\/hebergement.universite-paris-saclay.fr\/fsu-psud\/wp-json\/wp\/v2\/pages\/1069\/revisions"}],"predecessor-version":[{"id":1127,"href":"https:\/\/hebergement.universite-paris-saclay.fr\/fsu-psud\/wp-json\/wp\/v2\/pages\/1069\/revisions\/1127"}],"wp:attachment":[{"href":"https:\/\/hebergement.universite-paris-saclay.fr\/fsu-psud\/wp-json\/wp\/v2\/media?parent=1069"}],"curies":[{"name":"wp","href":"https:\/\/api.w.org\/{rel}","templated":true}]}}