{"id":114,"date":"2021-01-02T18:04:29","date_gmt":"2021-01-02T17:04:29","guid":{"rendered":"http:\/\/hebergement.u-psud.fr\/fsu-psud\/FSU\/?page_id=114"},"modified":"2021-02-18T12:54:39","modified_gmt":"2021-02-18T11:54:39","slug":"nos-publipostages","status":"publish","type":"page","link":"https:\/\/hebergement.universite-paris-saclay.fr\/fsu-psud\/nos-publipostages\/","title":{"rendered":"Publipostages 2020"},"content":{"rendered":"\n<p><a href=\"https:\/\/hebergement.universite-paris-saclay.fr\/fsu-psud\/2020\/04\/09\/a-propos-de-la-situation-actuelle\/\">A propos de la situation actuelle<\/a> (9 Avril 2020)<\/p>\n\n\n\n<p><a href=\"https:\/\/hebergement.universite-paris-saclay.fr\/fsu-psud\/2020\/04\/29\/non-a-la-remise-en-cause-de-nos-conges\/\">Non \u00e0 la remise en cause de nos cong\u00e9s !<\/a> (29 Avril 2020)<\/p>\n\n\n\n<p><a href=\"https:\/\/hebergement.universite-paris-saclay.fr\/fsu-psud\/2020\/05\/16\/une-suspension-toujours-inadmissible\/\">Une suspension toujours inadmissible<\/a> (16 Mai 2020)<\/p>\n\n\n\n<p><a href=\"https:\/\/hebergement.universite-paris-saclay.fr\/fsu-psud\/2020\/05\/23\/installation-de-paris-saclay-lurgence-de-defendre-les-valeurs-universitaires-dans-la-tempete\/\">Installation de Paris-Saclay : l&rsquo;urgence de d\u00e9fendre les valeurs universitaires dans la temp\u00eate<\/a> (23 Mai 2020)<\/p>\n\n\n\n<p><a href=\"https:\/\/hebergement.universite-paris-saclay.fr\/fsu-psud\/2020\/05\/28\/intervention-au-ca-des-elus-pour-une-universite-humaniste-democratique-et-ecologique\/\">Intervention au CA des \u00e9lus pour une Universit\u00e9 Humaniste D\u00e9mocratique et Ecologique<\/a> (28 Mai 2020)<\/p>\n\n\n\n<p><a href=\"https:\/\/hebergement.universite-paris-saclay.fr\/fsu-psud\/2020\/07\/10\/pour-une-rentree-presentielle-de-tous-les-etudiants\/\">Pour une rentr\u00e9e pr\u00e9sentielle de tous les \u00e9tudiants<\/a> (10 Juillet 2020)<\/p>\n\n\n\n<p><a href=\"https:\/\/hebergement.universite-paris-saclay.fr\/fsu-psud\/2020\/07\/10\/lppr-et-charte-rh\/\">LPPR et Charte RH<\/a> (10 Juillet 2020)<\/p>\n\n\n\n<p><a href=\"https:\/\/hebergement.universite-paris-saclay.fr\/fsu-psud\/2020\/07\/10\/rentree-2020\/\">Rentr\u00e9e 2020<\/a> (10 Juillet 2020)<\/p>\n\n\n\n<p><a href=\"https:\/\/hebergement.universite-paris-saclay.fr\/fsu-psud\/2020\/09\/15\/contre-la-loi-vidal-le-17-et-le-21-dans-la-rue\/\">Contre la loi Vidal, le 17 et le 21 dans la rue!<\/a> (15 Septembre 2020)<\/p>\n\n\n\n<p><a href=\"https:\/\/hebergement.universite-paris-saclay.fr\/fsu-psud\/2020\/09\/21\/la-lppr-au-parlement\/\">La LPPR au parlement<\/a> (21 Septembre 2020)<\/p>\n\n\n\n<p><a href=\"https:\/\/hebergement.universite-paris-saclay.fr\/fsu-psud\/2020\/10\/10\/ag-lpr\/\">AG LPR<\/a> (10 Octobre 2020)<\/p>\n\n\n\n<p><a href=\"https:\/\/hebergement.universite-paris-saclay.fr\/fsu-psud\/2020\/10\/10\/manifestation-mardi-13-octobre\/\">MANIFESTATION Mardi 13 Octobre<\/a> (10 Octobre 2020)<\/p>\n\n\n\n<p><a href=\"https:\/\/hebergement.universite-paris-saclay.fr\/fsu-psud\/2020\/10\/25\/assemblee-ecologique-et-sociale\/\">Assembl\u00e9e \u00e9cologique et sociale<\/a> (25 Octobre 2020)<\/p>\n\n\n\n<p><a href=\"https:\/\/hebergement.universite-paris-saclay.fr\/fsu-psud\/2020\/10\/25\/non-signature-du-protocole-sur-lamelioration-des-remunarations\/\">Non signature du protocole sur l&rsquo;am\u00e9lioration des r\u00e9mun\u00e9rations<\/a> (25 Octobre 2020)<\/p>\n\n\n\n<p><a href=\"https:\/\/hebergement.universite-paris-saclay.fr\/fsu-psud\/2020\/11\/04\/un-amendemant-a-la-lpr\/\">Un amendement \u00e0 la LPR<\/a> (4 Novembre 2020)<\/p>\n\n\n\n<p><a href=\"https:\/\/hebergement.universite-paris-saclay.fr\/fsu-psud\/2020\/11\/04\/un-autre-amendement-a-la-lpr\/\">Un autre amendement \u00e0 la LPR<\/a> (4 Novembre 2020)<\/p>\n\n\n\n<p><a href=\"https:\/\/hebergement.universite-paris-saclay.fr\/fsu-psud\/2020\/11\/16\/ag-lpr-le-16-novembre\/\">AG LPR le 16 Novembre<\/a> (16 Novembre 2020) <\/p>\n\n\n\n<p><a href=\"https:\/\/hebergement.universite-paris-saclay.fr\/fsu-psud\/2020\/11\/17\/apres-lag-du-16\/\">Apr\u00e8s l&rsquo;AG du 16<\/a> (17 Novembre 2020)<\/p>\n\n\n\n<p><a href=\"https:\/\/hebergement.universite-paris-saclay.fr\/fsu-psud\/2021\/01\/06\/nouvelle-ag\/\">Nouvelle AG<\/a> (21 Novembre 2020)<\/p>\n\n\n\n<p><a href=\"https:\/\/hebergement.universite-paris-saclay.fr\/fsu-psud\/2020\/11\/24\/rassemblement\/\">Rassemblement<\/a> (24 Novembre 2020)<\/p>\n\n\n\n<p><a href=\"https:\/\/hebergement.universite-paris-saclay.fr\/fsu-psud\/2020\/11\/28\/manifestation-contre-la-loi-de-securite-globale\/\">Manifestation contre la loi de s\u00e9curit\u00e9 globale<\/a> (28 Novembre 2020)<\/p>\n\n\n\n<p><a href=\"https:\/\/hebergement.universite-paris-saclay.fr\/fsu-psud\/2020\/11\/30\/reouverture\/\">R\u00e9ouverture<\/a> (30 Novembre)<\/p>\n\n\n\n<p><a href=\"https:\/\/hebergement.universite-paris-saclay.fr\/fsu-psud\/2021\/01\/06\/ag-pour-la-reouverture\/\">AG pour la r\u00e9ouverture<\/a> (1er D\u00e9cembre 2020)<\/p>\n\n\n\n<p><a href=\"https:\/\/hebergement.universite-paris-saclay.fr\/fsu-psud\/2021\/01\/06\/manifestation-du-10-decembre\/\">Manifestation du 10 D\u00e9cembre<\/a> (9 D\u00e9cembre 2020)<\/p>\n\n\n\n<p><a href=\"https:\/\/hebergement.universite-paris-saclay.fr\/fsu-psud\/2020\/12\/14\/motion-votee-a-la-cfvu\/\">Motion vot\u00e9e \u00e0 la CFVU<\/a> (14 D\u00e9cembre 2020)<\/p>\n\n\n\n<p><a href=\"https:\/\/hebergement.universite-paris-saclay.fr\/fsu-psud\/2020\/12\/15\/exigeons-une-reprise-des-universites-en-presentiel-le-plus-tot-possible-avec-les-moyens-necessaires\/\">Exigeons une reprise des universit\u00e9s en pr\u00e9sentiel le plus t\u00f4t possible, avec les moyens n\u00e9cessaires<\/a> (15 D\u00e9cembre 2020)<\/p>\n\n\n\n<p><\/p>\n","protected":false},"excerpt":{"rendered":"<p>A propos de la situation actuelle (9 Avril 2020) Non \u00e0 la remise en cause de nos cong\u00e9s ! (29 Avril 2020) Une suspension toujours inadmissible (16 Mai 2020) Installation de Paris-Saclay : l&rsquo;urgence de d\u00e9fendre les valeurs universitaires dans la temp\u00eate (23 Mai 2020) Intervention au CA des \u00e9lus pour une Universit\u00e9 Humaniste D\u00e9mocratique &hellip; <\/p>\n<p class=\"link-more\"><a href=\"https:\/\/hebergement.universite-paris-saclay.fr\/fsu-psud\/nos-publipostages\/\" class=\"more-link\">Continuer la lecture<span class=\"screen-reader-text\"> de &laquo;&nbsp;Publipostages 2020&nbsp;&raquo;<\/span><\/a><\/p>\n","protected":false},"author":2,"featured_media":0,"parent":0,"menu_order":0,"comment_status":"closed","ping_status":"closed","template":"","meta":{"footnotes":""},"class_list":["post-114","page","type-page","status-publish","hentry"],"_links":{"self":[{"href":"https:\/\/hebergement.universite-paris-saclay.fr\/fsu-psud\/wp-json\/wp\/v2\/pages\/114","targetHints":{"allow":["GET"]}}],"collection":[{"href":"https:\/\/hebergement.universite-paris-saclay.fr\/fsu-psud\/wp-json\/wp\/v2\/pages"}],"about":[{"href":"https:\/\/hebergement.universite-paris-saclay.fr\/fsu-psud\/wp-json\/wp\/v2\/types\/page"}],"author":[{"embeddable":true,"href":"https:\/\/hebergement.universite-paris-saclay.fr\/fsu-psud\/wp-json\/wp\/v2\/users\/2"}],"replies":[{"embeddable":true,"href":"https:\/\/hebergement.universite-paris-saclay.fr\/fsu-psud\/wp-json\/wp\/v2\/comments?post=114"}],"version-history":[{"count":25,"href":"https:\/\/hebergement.universite-paris-saclay.fr\/fsu-psud\/wp-json\/wp\/v2\/pages\/114\/revisions"}],"predecessor-version":[{"id":264,"href":"https:\/\/hebergement.universite-paris-saclay.fr\/fsu-psud\/wp-json\/wp\/v2\/pages\/114\/revisions\/264"}],"wp:attachment":[{"href":"https:\/\/hebergement.universite-paris-saclay.fr\/fsu-psud\/wp-json\/wp\/v2\/media?parent=114"}],"curies":[{"name":"wp","href":"https:\/\/api.w.org\/{rel}","templated":true}]}}