{"id":265,"date":"2021-02-18T12:58:22","date_gmt":"2021-02-18T11:58:22","guid":{"rendered":"http:\/\/hebergement.universite-paris-saclay.fr\/fsu-psud\/?page_id=265"},"modified":"2021-12-18T11:25:00","modified_gmt":"2021-12-18T10:25:00","slug":"publipostages-2021","status":"publish","type":"page","link":"https:\/\/hebergement.universite-paris-saclay.fr\/fsu-psud\/publipostages-2021\/","title":{"rendered":"Publipostages 2021"},"content":{"rendered":"\n<p><a href=\"https:\/\/hebergement.universite-paris-saclay.fr\/fsu-psud\/2021\/01\/25\/ag-et-manifestation-le-26\/\">AG et manifestation le 26 Janvier<\/a><\/p>\n\n\n\n<p><a href=\"https:\/\/hebergement.universite-paris-saclay.fr\/fsu-psud\/2021\/01\/25\/elections-a-lecole-universitaires-et-aux-graduate-schools\/\">\u00c9lections \u00e0 l\u2019\u00c9cole universitaires et aux \u00ab&nbsp;Graduate Schools&nbsp;\u00bb<\/a><\/p>\n\n\n\n<p><a href=\"https:\/\/hebergement.universite-paris-saclay.fr\/fsu-psud\/2021\/01\/27\/visite-de-macron-a-paris-saclay\/\">Visite d\u2019E. Macron \u00e0 Paris-Saclay<\/a><\/p>\n\n\n\n<p><a href=\"https:\/\/hebergement.universite-paris-saclay.fr\/fsu-psud\/2021\/02\/03\/pour-un-second-semestre-qui-corresponde-a-vos-attentes\/\">Pour un second semestre qui corresponde \u00e0 vos attentes<\/a><\/p>\n\n\n\n<p><a href=\"https:\/\/hebergement.universite-paris-saclay.fr\/fsu-psud\/2021\/02\/03\/jeudi-4-fevrier-greve-et-manifestation\/\">Jeudi 4 f\u00e9vrier, Gr\u00e8ve et Manifestation<\/a><\/p>\n\n\n\n<p><a href=\"https:\/\/hebergement.universite-paris-saclay.fr\/fsu-psud\/2021\/02\/24\/lurgence-de-f-vidal-une-chasse-aux-sorcieres-plutot-que-de-laide-aux-etudiants\/\">L&rsquo;urgence de F. Vidal : une chasse aux sorci\u00e8res plut\u00f4t que de l&rsquo;aide aux \u00e9tudiants<\/a><\/p>\n\n\n\n<p><a href=\"https:\/\/hebergement.universite-paris-saclay.fr\/fsu-psud\/2021\/03\/08\/greve-feministe-premieres-de-corvee-lpr-et-inegalites-femmes-hommes\/\">Gr\u00e8ve f\u00e9ministe, premi\u00e8res de corv\u00e9e, LPR et in\u00e9galit\u00e9s femmes-hommes<\/a><\/p>\n\n\n\n<p><a href=\"https:\/\/hebergement.universite-paris-saclay.fr\/fsu-psud\/2021\/03\/09\/ag-lundi-15-3-a-12h15-manifestation-mardi-16-3\">AG lundi 15\/3 et manifestation mardi 16\/3<\/a><\/p>\n\n\n\n<p><a href=\"https:\/\/hebergement.universite-paris-saclay.fr\/fsu-psud\/2021\/03\/11\/projets-saclay-conditions-de-travail-sante-au-travail\/\">Projets Saclay, conditions de travail, sant\u00e9 au travail<\/a><\/p>\n\n\n\n<p><a href=\"https:\/\/hebergement.universite-paris-saclay.fr\/fsu-psud\/2021\/03\/11\/le-distanciel-comme-le-sars-cov2-est-dans-lair\/\">Le distanciel, comme le Sars-Cov2, est dans l&rsquo;air!<\/a><\/p>\n\n\n\n<p><a href=\"https:\/\/hebergement.universite-paris-saclay.fr\/fsu-psud\/2021\/03\/15\/313\/\">ASSEMBLEE GENERALE lundi 15\/3<\/a><\/p>\n\n\n\n<p><a href=\"https:\/\/hebergement.universite-paris-saclay.fr\/fsu-psud\/2021\/03\/24\/depot-de-petition\/\">D\u00e9p\u00f4t de la p\u00e9tition #VidalD\u00e9mission<\/a><\/p>\n\n\n\n<p><a href=\"https:\/\/hebergement.universite-paris-saclay.fr\/fsu-psud\/2021\/03\/27\/dimanche-28-mars-10h-a-orsay-marche-contre-les-projets-ecocides-en-essonne-et-pour-une-vraie-loi-climat\/\">Dimanche 28 mars 10h \u00e0 Orsay : marche contre les projets \u00e9cocides en Essonne et pour une vraie loi Climat<\/a><\/p>\n\n\n\n<p><a href=\"https:\/\/hebergement.universite-paris-saclay.fr\/fsu-psud\/2021\/04\/07\/conges-de-printemps\/\">Cong\u00e9s de printemps<\/a><\/p>\n\n\n\n<p><a href=\"https:\/\/hebergement.universite-paris-saclay.fr\/fsu-psud\/2021\/04\/11\/assemblee-ecologique-et-sociale-dimanche-18-avril-quel-avenir-pour-le-campus-a-bures-sur-yvette-et-orsay\">Assembl\u00e9e \u00e9cologique et sociale dimanche 18 avril : Quel avenir pour le campus \u00e0 Bures-sur-Yvette et Orsay ?<\/a><\/p>\n\n\n\n<p><a href=\"https:\/\/hebergement.universite-paris-saclay.fr\/fsu-psud\/2021\/04\/28\/presidentielles-2022-et-luniversite\/\">Pr\u00e9sidentielles 2022: et l&rsquo;universit\u00e9 ?<\/a><\/p>\n\n\n\n<p><a href=\"https:\/\/hebergement.universite-paris-saclay.fr\/fsu-psud\/2021\/04\/30\/manifestation-du-1er-mai\/\">Manifestation du 1er Mai<\/a><\/p>\n\n\n\n<p><a href=\"https:\/\/hebergement.universite-paris-saclay.fr\/fsu-psud\/2021\/05\/18\/covid-et-co2\/\">Covid et CO2<\/a><\/p>\n\n\n\n<p><a href=\"https:\/\/hebergement.universite-paris-saclay.fr\/fsu-psud\/2021\/06\/04\/conference-debat-sur-la-banalisation-des-idees-dextreme-droite\/\">Conf\u00e9rence d\u00e9bat sur la banalisation des id\u00e9es d&rsquo;extr\u00eame droite<\/a><\/p>\n\n\n\n<p><a href=\"https:\/\/hebergement.universite-paris-saclay.fr\/fsu-psud\/2021\/06\/12\/manifestation-samedi-12-juin-pour-les-libertes-et-contre-les-idees-dextreme-droite\/\">Manifestation samedi 12 Juin pour les libert\u00e9s et contre les id\u00e9es d&rsquo;extr\u00eame-droite<\/a><\/p>\n\n\n\n<p><a href=\"https:\/\/hebergement.universite-paris-saclay.fr\/fsu-psud\/2021\/06\/24\/tribune-petition-rouvrons-luniversite-pour-de-bon\/\">Tribune \/ p\u00e9tition : \u00ab\u00a0Rouvrons l\u2019Universit\u00e9, pour de bon !\u00a0\u00bb<\/a><\/p>\n\n\n\n<p><a href=\"https:\/\/hebergement.universite-paris-saclay.fr\/fsu-psud\/2021\/06\/30\/ligne-18-un-temps-de-reflexion\/\">Ligne 18: un temps de r\u00e9flexion<\/a><\/p>\n\n\n\n<p><a href=\"https:\/\/hebergement.universite-paris-saclay.fr\/fsu-psud\/2021\/07\/12\/chaires-de-professeur-junior-encore-un-passage-en-force\/\">Chaires de professeur junior : encore un passage en force !<\/a><\/p>\n\n\n\n<p><a href=\"https:\/\/hebergement.universite-paris-saclay.fr\/fsu-psud\/2021\/09\/09\/manifestation-au-domaine-de-grignon\/\">Manifestation au domaine de Grignon<\/a><\/p>\n\n\n\n<p><a href=\"https:\/\/hebergement.universite-paris-saclay.fr\/fsu-psud\/2021\/09\/29\/grignon-manif-le-jeudi-30-septembre-14h-devant-le-ministere-de-lagriculture\/\" target=\"_blank\" rel=\"noreferrer noopener\">Grignon: Manif le jeudi 30 septembre 14h devant le minist\u00e8re de l\u2019agriculture<\/a><\/p>\n\n\n\n<p><a href=\"https:\/\/hebergement.universite-paris-saclay.fr\/fsu-psud\/2021\/10\/02\/le-5-octobre-mobilise%c2%b7es-pour-nos-salaires-nos-emplois-et-nos-conditions-de-travail-et-detudes\/\" data-type=\"URL\" data-id=\"https:\/\/hebergement.universite-paris-saclay.fr\/fsu-psud\/2021\/10\/02\/le-5-octobre-mobilise%c2%b7es-pour-nos-salaires-nos-emplois-et-nos-conditions-de-travail-et-detudes\/\">Le 5 octobre, mobilis\u00e9\u00b7es pour nos salaires, nos emplois et nos conditions de travail et d&rsquo;\u00e9tudes !<\/a><\/p>\n\n\n\n<p><a rel=\"noreferrer noopener\" href=\"https:\/\/hebergement.universite-paris-saclay.fr\/fsu-psud\/2021\/10\/07\/la-fsu-soutien-la-marche-des-terres-contre-le-grand-peril-express\/\" target=\"_blank\">La FSU soutien la Marche Des Terres Contre le Grand P\u00e9ril Express<\/a><\/p>\n\n\n\n<p><a href=\"https:\/\/hebergement.universite-paris-saclay.fr\/fsu-psud\/2021\/10\/18\/conference-debat-sur-limmigration-en-union-europeenne-et-en-france\/\">Conf\u00e9rence-d\u00e9bat sur l&rsquo;immigration en Union europ\u00e9enne et en France<\/a><\/p>\n\n\n\n<p><a href=\"https:\/\/hebergement.universite-paris-saclay.fr\/fsu-psud\/2021\/12\/04\/darwinisme-scientifique-ou-moyens-a-la-hauteur-des-enjeux\/\">Darwinisme scientifique ou Moyens \u00e0 la hauteur des enjeux ?<\/a><\/p>\n\n\n\n<p><a href=\"https:\/\/hebergement.universite-paris-saclay.fr\/fsu-psud\/2021\/12\/15\/trouve-ton-master-sur-parcoursup\/\">Trouve ton master sur Parcoursup<\/a><\/p>\n\n\n\n<p><a href=\"https:\/\/hebergement.universite-paris-saclay.fr\/fsu-psud\/2021\/12\/16\/luniversite-paris-saclay-est-la-premiere-au-classement\/\">L&rsquo;universit\u00e9 Paris-Saclay est la premi\u00e8re au classement\u2026<\/a><\/p>\n\n\n\n<p><a href=\"https:\/\/hebergement.universite-paris-saclay.fr\/fsu-psud\/2021\/12\/18\/manifestation-contre-le-racisme-et-pour-la-solidarite\/\">Manifestation contre le racisme et pour la solidarit\u00e9<\/a><\/p>\n\n\n\n<p><\/p>\n","protected":false},"excerpt":{"rendered":"<p>AG et manifestation le 26 Janvier \u00c9lections \u00e0 l\u2019\u00c9cole universitaires et aux \u00ab&nbsp;Graduate Schools&nbsp;\u00bb Visite d\u2019E. Macron \u00e0 Paris-Saclay Pour un second semestre qui corresponde \u00e0 vos attentes Jeudi 4 f\u00e9vrier, Gr\u00e8ve et Manifestation L&rsquo;urgence de F. Vidal : une chasse aux sorci\u00e8res plut\u00f4t que de l&rsquo;aide aux \u00e9tudiants Gr\u00e8ve f\u00e9ministe, premi\u00e8res de corv\u00e9e, LPR &hellip; <\/p>\n<p class=\"link-more\"><a href=\"https:\/\/hebergement.universite-paris-saclay.fr\/fsu-psud\/publipostages-2021\/\" class=\"more-link\">Continuer la lecture<span class=\"screen-reader-text\"> de &laquo;&nbsp;Publipostages 2021&nbsp;&raquo;<\/span><\/a><\/p>\n","protected":false},"author":2,"featured_media":0,"parent":0,"menu_order":0,"comment_status":"closed","ping_status":"closed","template":"","meta":{"footnotes":""},"class_list":["post-265","page","type-page","status-publish","hentry"],"_links":{"self":[{"href":"https:\/\/hebergement.universite-paris-saclay.fr\/fsu-psud\/wp-json\/wp\/v2\/pages\/265","targetHints":{"allow":["GET"]}}],"collection":[{"href":"https:\/\/hebergement.universite-paris-saclay.fr\/fsu-psud\/wp-json\/wp\/v2\/pages"}],"about":[{"href":"https:\/\/hebergement.universite-paris-saclay.fr\/fsu-psud\/wp-json\/wp\/v2\/types\/page"}],"author":[{"embeddable":true,"href":"https:\/\/hebergement.universite-paris-saclay.fr\/fsu-psud\/wp-json\/wp\/v2\/users\/2"}],"replies":[{"embeddable":true,"href":"https:\/\/hebergement.universite-paris-saclay.fr\/fsu-psud\/wp-json\/wp\/v2\/comments?post=265"}],"version-history":[{"count":37,"href":"https:\/\/hebergement.universite-paris-saclay.fr\/fsu-psud\/wp-json\/wp\/v2\/pages\/265\/revisions"}],"predecessor-version":[{"id":454,"href":"https:\/\/hebergement.universite-paris-saclay.fr\/fsu-psud\/wp-json\/wp\/v2\/pages\/265\/revisions\/454"}],"wp:attachment":[{"href":"https:\/\/hebergement.universite-paris-saclay.fr\/fsu-psud\/wp-json\/wp\/v2\/media?parent=265"}],"curies":[{"name":"wp","href":"https:\/\/api.w.org\/{rel}","templated":true}]}}