{"id":54,"date":"2020-12-31T16:21:19","date_gmt":"2020-12-31T15:21:19","guid":{"rendered":"http:\/\/hebergement.universite-paris-saclay.fr\/fsu-psud\/?page_id=54"},"modified":"2021-02-25T16:13:48","modified_gmt":"2021-02-25T15:13:48","slug":"la-fsu-dans-les-instances","status":"publish","type":"page","link":"https:\/\/hebergement.universite-paris-saclay.fr\/fsu-psud\/la-fsu-dans-les-instances\/","title":{"rendered":"La FSU dans les instances"},"content":{"rendered":"\n<p>\u00c0 travers son engagement dans les listes UHDE pr\u00e9sent\u00e9es aux derni\u00e8res \u00e9lections universitaires (Janvier 2020), la FSU est pr\u00e9sente dans les instances de l&rsquo;universit\u00e9: Conseil d&rsquo;Administration, Commission Recherche et Conseil de la Formation et de la Vie Universitaire, ainsi que dans les Comit\u00e9s Techniques et Comit\u00e9 d&rsquo;Hygi\u00e8ne, de S\u00e9curit\u00e9 et des Conditions de Travail et des Conseils de Facult\u00e9.<\/p>\n","protected":false},"excerpt":{"rendered":"<p>\u00c0 travers son engagement dans les listes UHDE pr\u00e9sent\u00e9es aux derni\u00e8res \u00e9lections universitaires (Janvier 2020), la FSU est pr\u00e9sente dans les instances de l&rsquo;universit\u00e9: Conseil d&rsquo;Administration, Commission Recherche et Conseil de la Formation et de la Vie Universitaire, ainsi que dans les Comit\u00e9s Techniques et Comit\u00e9 d&rsquo;Hygi\u00e8ne, de S\u00e9curit\u00e9 et des Conditions de Travail et &hellip; <\/p>\n<p class=\"link-more\"><a href=\"https:\/\/hebergement.universite-paris-saclay.fr\/fsu-psud\/la-fsu-dans-les-instances\/\" class=\"more-link\">Continuer la lecture<span class=\"screen-reader-text\"> de &laquo;&nbsp;La FSU dans les instances&nbsp;&raquo;<\/span><\/a><\/p>\n","protected":false},"author":2,"featured_media":0,"parent":0,"menu_order":0,"comment_status":"closed","ping_status":"closed","template":"","meta":{"footnotes":""},"class_list":["post-54","page","type-page","status-publish","hentry"],"_links":{"self":[{"href":"https:\/\/hebergement.universite-paris-saclay.fr\/fsu-psud\/wp-json\/wp\/v2\/pages\/54","targetHints":{"allow":["GET"]}}],"collection":[{"href":"https:\/\/hebergement.universite-paris-saclay.fr\/fsu-psud\/wp-json\/wp\/v2\/pages"}],"about":[{"href":"https:\/\/hebergement.universite-paris-saclay.fr\/fsu-psud\/wp-json\/wp\/v2\/types\/page"}],"author":[{"embeddable":true,"href":"https:\/\/hebergement.universite-paris-saclay.fr\/fsu-psud\/wp-json\/wp\/v2\/users\/2"}],"replies":[{"embeddable":true,"href":"https:\/\/hebergement.universite-paris-saclay.fr\/fsu-psud\/wp-json\/wp\/v2\/comments?post=54"}],"version-history":[{"count":4,"href":"https:\/\/hebergement.universite-paris-saclay.fr\/fsu-psud\/wp-json\/wp\/v2\/pages\/54\/revisions"}],"predecessor-version":[{"id":289,"href":"https:\/\/hebergement.universite-paris-saclay.fr\/fsu-psud\/wp-json\/wp\/v2\/pages\/54\/revisions\/289"}],"wp:attachment":[{"href":"https:\/\/hebergement.universite-paris-saclay.fr\/fsu-psud\/wp-json\/wp\/v2\/media?parent=54"}],"curies":[{"name":"wp","href":"https:\/\/api.w.org\/{rel}","templated":true}]}}