{"id":657,"date":"2023-01-15T17:02:24","date_gmt":"2023-01-15T16:02:24","guid":{"rendered":"http:\/\/hebergement.universite-paris-saclay.fr\/fsu-psud\/?page_id=657"},"modified":"2023-12-26T10:07:50","modified_gmt":"2023-12-26T09:07:50","slug":"publipostages-2023","status":"publish","type":"page","link":"https:\/\/hebergement.universite-paris-saclay.fr\/fsu-psud\/publipostages-2023\/","title":{"rendered":"Publipostages 2023"},"content":{"rendered":"\n<p><a href=\"https:\/\/hebergement.universite-paris-saclay.fr\/fsu-psud\/2023\/01\/15\/retraites-non-a-cette-reforme-injuste-et-brutale\">Retraites : Non \u00e0 cette r\u00e9forme injuste et brutale<\/a><\/p>\n\n\n\n<p><a href=\"https:\/\/hebergement.universite-paris-saclay.fr\/fsu-psud\/?p=666\">Superprofits: signez la p\u00e9tition officielle au S\u00e9nat<\/a><\/p>\n\n\n\n<p><a href=\"https:\/\/hebergement.universite-paris-saclay.fr\/fsu-psud\/2023\/01\/23\/pour-les-retraites-la-justice-sociale-et-ecologique\/\">Pour les retraites, la justice sociale et \u00e9cologique<\/a><\/p>\n\n\n\n<p><a href=\"https:\/\/hebergement.universite-paris-saclay.fr\/fsu-psud\/2023\/02\/01\/soutien-a-samuel-legris\/\">Soutien \u00e0 Samuel Legris<\/a><\/p>\n\n\n\n<p><a href=\"https:\/\/hebergement.universite-paris-saclay.fr\/fsu-psud\/2023\/02\/01\/mobilisation-contre-la-reforme-des-retraites-les-rendez-vous-a-paris-saclay\/\">Mobilisation contre la r\u00e9forme des retraites &#8211; les rendez-vous \u00e0 Paris Saclay<\/a><\/p>\n\n\n\n<p><a href=\"https:\/\/hebergement.universite-paris-saclay.fr\/fsu-psud\/2023\/02\/01\/une-propagande-bien-peu-respectueuse-des-droits-des-agent%c2%b7es\/\">Une propagande bien peu respectueuse des droits des agent\u00b7es<\/a><\/p>\n\n\n\n<p><a href=\"https:\/\/hebergement.universite-paris-saclay.fr\/fsu-psud\/2023\/02\/06\/mobilisation-contre-la-reforme-des-retraites\/\">Mobilisation contre la r\u00e9forme des retraites<\/a><\/p>\n\n\n\n<p><a href=\"https:\/\/hebergement.universite-paris-saclay.fr\/fsu-psud\/2023\/02\/15\/les-jeunes-dans-la-galere-les-vieux-dans-la-misere\/\">Les jeunes dans la gal\u00e8re &#8211; les vieux dans la mis\u00e8re<\/a><\/p>\n\n\n\n<p><a href=\"https:\/\/hebergement.universite-paris-saclay.fr\/fsu-psud\/2023\/03\/06\/le-7-mars-on-arrete-tout\/\">Le 7 mars &#8211; on arr\u00eate tout<\/a><\/p>\n\n\n\n<p><a href=\"https:\/\/hebergement.universite-paris-saclay.fr\/fsu-psud\/2023\/03\/07\/le-8-mars-manifestation-feministe-pour-nos-retraites\/\">Le 8 mars &#8211; Manifestation f\u00e9ministe pour nos retraites<\/a><\/p>\n\n\n\n<p><a href=\"https:\/\/hebergement.universite-paris-saclay.fr\/fsu-psud\/2023\/03\/07\/le-cac-de-paris-saclay-soutient-le-mouvement-contre-la-reforme-des-retraites\/\">Le CAC de Paris Saclay soutient le mouvement contre la reforme des retraites<\/a><\/p>\n\n\n\n<p><a href=\"https:\/\/hebergement.universite-paris-saclay.fr\/fsu-psud\/2023\/03\/20\/demande-de-soutien-pour-des-familles-roms\/\">Demande de soutien pour des familles Roms<\/a><\/p>\n\n\n\n<p><a href=\"https:\/\/hebergement.universite-paris-saclay.fr\/fsu-psud\/2023\/03\/20\/assemblee-generale-lundi-20-mars-a-17h45-batiment-336-salle-101-103\/\">Le peuple bout \u00e0 49.3<\/a><\/p>\n\n\n\n<p><a href=\"https:\/\/hebergement.universite-paris-saclay.fr\/fsu-psud\/2023\/03\/31\/quest-ce-quune-caisse-de-greve-comment-en-beneficier-comment-y-abonder\/\">Qu\u2019est-ce qu\u2019une caisse de gr\u00e8ve ? Comment en b\u00e9n\u00e9ficier ? Comment y abonder ?<\/a><\/p>\n\n\n\n<p><a href=\"https:\/\/hebergement.universite-paris-saclay.fr\/fsu-psud\/2023\/03\/31\/la-reforme-des-retraites-symptome-dune-politique-qui-met-la-terre-en-danger\/\">La r\u00e9forme des retraites : sympt\u00f4me d\u2019une politique qui met la Terre en danger<\/a><\/p>\n\n\n\n<p><a href=\"https:\/\/hebergement.universite-paris-saclay.fr\/fsu-psud\/2023\/04\/20\/le-jour-ou-s-retailleau-na-pas-inaugure-le-batiment-h-moissan\/\">Le jour o\u00f9 S. Retailleau n&rsquo;a pas inaugur\u00e9 le b\u00e2timent H. Moissan<\/a><\/p>\n\n\n\n<p><a href=\"https:\/\/hebergement.universite-paris-saclay.fr\/fsu-psud\/2023\/04\/26\/questionnaire-de-la-drh-nous-vous-appelons-a-ne-pas-repondre\/\">Questionnaire de la DRH &#8211; Nous vous appelons \u00e0 ne pas r\u00e9pondre<\/a><\/p>\n\n\n\n<p><a href=\"https:\/\/hebergement.universite-paris-saclay.fr\/fsu-psud\/2023\/05\/04\/le-projet-de-la-presidence-la-fin-de-luniversite\">Le projet de la pr\u00e9sidence, la fin de l&rsquo;Universit\u00e9<\/a><\/p>\n\n\n\n<p><a href=\"https:\/\/hebergement.universite-paris-saclay.fr\/fsu-psud\/2023\/05\/09\/pour-un-premier-mai-massif\/\">Pour un premier mai massif !<\/a><\/p>\n\n\n\n<p><a href=\"https:\/\/hebergement.universite-paris-saclay.fr\/fsu-psud\/2023\/05\/09\/soutien-aux-familles-roms-du-nord-essonne\/\">Soutien aux familles Roms du Nord Essonne<\/a><\/p>\n\n\n\n<p><a href=\"https:\/\/hebergement.universite-paris-saclay.fr\/fsu-psud\/2023\/05\/09\/attention-inscription-non-automatique-sur-les-listes-electorales-pour-la-moitie-des-electeurs\/\">ATTENTION ! Inscription NON automatique sur les listes \u00e9lectorales pour la moiti\u00e9 des \u00e9lecteurs!<\/a><\/p>\n\n\n\n<p><a href=\"https:\/\/hebergement.universite-paris-saclay.fr\/fsu-psud\/2023\/05\/11\/soutien-aux-collegues-de-jean-monnet-qui-participent-au-mouvement-de-retention-de-notes\/\">Soutien aux coll\u00e8gues de Jean Monnet qui participent au mouvement de r\u00e9tention de notes<\/a><\/p>\n\n\n\n<p><a href=\"https:\/\/hebergement.universite-paris-saclay.fr\/fsu-psud\/2023\/05\/11\/non-a-la-precipitation-prenons-le-temps-de-reflechir-a-lavenir-de-luniversite\/\">Non \u00e0 la pr\u00e9cipitation, prenons le temps de r\u00e9fl\u00e9chir \u00e0 l&rsquo;avenir de l&rsquo;Universit\u00e9<\/a><\/p>\n\n\n\n<p><a href=\"https:\/\/hebergement.universite-paris-saclay.fr\/fsu-psud\/2023\/06\/04\/passage-au-grand-etablissement-pour-la-fac-des-sciences-cest-non\">Passage au grand \u00e9tablissement \u2013 pour la fac des sciences, c\u2019est non !<\/a><\/p>\n\n\n\n<p><a href=\"https:\/\/hebergement.universite-paris-saclay.fr\/fsu-psud\/2023\/06\/06\/manifestation-mardi-6-juin\/\">Manifestation Mardi 6 Juin<\/a><\/p>\n\n\n\n<p><a href=\"https:\/\/hebergement.universite-paris-saclay.fr\/fsu-psud\/2023\/06\/18\/entraves-administratives-a-la-recherche-au-cnrs\/\">Entraves administratives \u00e0 la recherche au CNRS<\/a><\/p>\n\n\n\n<p><a href=\"https:\/\/hebergement.universite-paris-saclay.fr\/fsu-psud\/2023\/07\/21\/grand-etablissement-non-a-la-precipitation-nous-avons-le-temps-prenons-le-pour-reflechir-ensemble\/\">Grand \u00e9tablissement &#8211; Non \u00e0 la pr\u00e9cipitation. Nous avons le temps, prenons le pour r\u00e9fl\u00e9chir ensemble<\/a><\/p>\n\n\n\n<p><a href=\"https:\/\/hebergement.universite-paris-saclay.fr\/fsu-psud\/2023\/07\/21\/notre-pays-est-en-deuil-et-en-colere\/\">Notre pays est en deuil et en col\u00e8re<\/a><\/p>\n\n\n\n<p><a href=\"https:\/\/hebergement.universite-paris-saclay.fr\/fsu-psud\/2023\/10\/02\/marche-unitaire-contre-les-violences-policieres-contre-le-racisme-systemique-et-pour-les-libertes-publiques\/\">Marche unitaire contre les violences polici\u00e8res, contre le racisme syst\u00e9mique et pour les libert\u00e9s publiques !<\/a><\/p>\n\n\n\n<p><a href=\"https:\/\/hebergement.universite-paris-saclay.fr\/fsu-psud\/2023\/10\/10\/manifestons-pour-le-logement-etudiant-a-paris-saclay\/\">Manifestons pour le logement \u00e9tudiant \u00e0 Paris-Saclay<\/a><\/p>\n\n\n\n<p><a href=\"https:\/\/hebergement.universite-paris-saclay.fr\/fsu-psud\/2023\/10\/10\/cnu-votez-et-faites-voter-pour-les-listes-snesup-fsu\/\">CNU : votez et faites voter pour les listes SNESup-FSU<\/a><\/p>\n\n\n\n<p><a href=\"https:\/\/hebergement.universite-paris-saclay.fr\/fsu-psud\/2023\/10\/12\/en-greve-le-13-octobre-pour-la-jeunesse-les-logements-etudiants-et-les-bourses-detudes-pour-legalite-femmes-hommes-les-emplois-et-les-salaires-les-pensions-et-les-minima-sociaux-pour-n\/\">En gr\u00e8ve le 13 octobre pour la jeunesse, les logements \u00e9tudiants et les bourses d\u2019\u00e9tudes, pour l&rsquo;\u00e9galit\u00e9 femmes\/hommes, les emplois et les salaires, les pensions et les minima sociaux, pour nos services publics, boucliers sociaux et environnementaux<\/a><\/p>\n\n\n\n<p><a href=\"https:\/\/hebergement.universite-paris-saclay.fr\/fsu-psud\/2023\/10\/31\/gaza-pour-un-cessez-le-feu-immediat\/\">Gaza : pour un cessez le feu imm\u00e9diat<\/a><\/p>\n\n\n\n<p><a href=\"https:\/\/hebergement.universite-paris-saclay.fr\/fsu-psud\/2023\/11\/23\/grand-etablissement-grosse-fatigue\/\">Grand \u00e9tablissement &#8211; Grosse fatigue<\/a><\/p>\n\n\n\n<p><a href=\"https:\/\/hebergement.universite-paris-saclay.fr\/fsu-psud\/2023\/11\/24\/contre-les-violences-faites-aux-femmes\/\">Contre les violences faites aux femmes<\/a><\/p>\n\n\n\n<p><a href=\"https:\/\/hebergement.universite-paris-saclay.fr\/fsu-psud\/2023\/12\/04\/grand-etablissement-ou-lon-oublie-les-ressources-humaines\/\">Grand \u00e9tablissement &#8211; O\u00f9 l&rsquo;on oublie les Ressources Humaines<\/a><\/p>\n\n\n\n<p><a href=\"https:\/\/hebergement.universite-paris-saclay.fr\/fsu-psud\/2023\/12\/18\/apres-le-vote-de-la-motion-de-rejet-manifester-pour-obtenir-le-retrait-de-la-loi-immigration\/\">Apr\u00e8s le vote de la motion de rejet, manifester&nbsp; pour obtenir le retrait de la loi immigration !<\/a><\/p>\n\n\n\n<p><a href=\"https:\/\/hebergement.universite-paris-saclay.fr\/fsu-psud\/2023\/12\/26\/loi-immigration-un-texte-qui-fait-honte-a-notre-histoire-et-qui-ferme-les-portes-de-luniversite\/\">Loi immigration : un texte qui fait honte \u00e0 notre histoire et qui ferme les portes de l\u2019universit\u00e9<\/a><\/p>\n","protected":false},"excerpt":{"rendered":"<p>Retraites : Non \u00e0 cette r\u00e9forme injuste et brutale Superprofits: signez la p\u00e9tition officielle au S\u00e9nat Pour les retraites, la justice sociale et \u00e9cologique Soutien \u00e0 Samuel Legris Mobilisation contre la r\u00e9forme des retraites &#8211; les rendez-vous \u00e0 Paris Saclay Une propagande bien peu respectueuse des droits des agent\u00b7es Mobilisation contre la r\u00e9forme des retraites &hellip; <\/p>\n<p class=\"link-more\"><a href=\"https:\/\/hebergement.universite-paris-saclay.fr\/fsu-psud\/publipostages-2023\/\" class=\"more-link\">Continuer la lecture<span class=\"screen-reader-text\"> de &laquo;&nbsp;Publipostages 2023&nbsp;&raquo;<\/span><\/a><\/p>\n","protected":false},"author":2,"featured_media":0,"parent":0,"menu_order":0,"comment_status":"closed","ping_status":"closed","template":"","meta":{"footnotes":""},"class_list":["post-657","page","type-page","status-publish","hentry"],"_links":{"self":[{"href":"https:\/\/hebergement.universite-paris-saclay.fr\/fsu-psud\/wp-json\/wp\/v2\/pages\/657","targetHints":{"allow":["GET"]}}],"collection":[{"href":"https:\/\/hebergement.universite-paris-saclay.fr\/fsu-psud\/wp-json\/wp\/v2\/pages"}],"about":[{"href":"https:\/\/hebergement.universite-paris-saclay.fr\/fsu-psud\/wp-json\/wp\/v2\/types\/page"}],"author":[{"embeddable":true,"href":"https:\/\/hebergement.universite-paris-saclay.fr\/fsu-psud\/wp-json\/wp\/v2\/users\/2"}],"replies":[{"embeddable":true,"href":"https:\/\/hebergement.universite-paris-saclay.fr\/fsu-psud\/wp-json\/wp\/v2\/comments?post=657"}],"version-history":[{"count":41,"href":"https:\/\/hebergement.universite-paris-saclay.fr\/fsu-psud\/wp-json\/wp\/v2\/pages\/657\/revisions"}],"predecessor-version":[{"id":854,"href":"https:\/\/hebergement.universite-paris-saclay.fr\/fsu-psud\/wp-json\/wp\/v2\/pages\/657\/revisions\/854"}],"wp:attachment":[{"href":"https:\/\/hebergement.universite-paris-saclay.fr\/fsu-psud\/wp-json\/wp\/v2\/media?parent=657"}],"curies":[{"name":"wp","href":"https:\/\/api.w.org\/{rel}","templated":true}]}}