{"id":77,"date":"2021-01-01T12:26:02","date_gmt":"2021-01-01T11:26:02","guid":{"rendered":"http:\/\/hebergement.universite-paris-saclay.fr\/fsu-psud\/?page_id=77"},"modified":"2021-01-01T17:18:15","modified_gmt":"2021-01-01T16:18:15","slug":"contact","status":"publish","type":"page","link":"https:\/\/hebergement.universite-paris-saclay.fr\/fsu-psud\/contact\/","title":{"rendered":"Contact"},"content":{"rendered":"\n<p>Pour nous contacter:<\/p>\n\n\n\n<p><a href=\"mailto:snasub-fsu.syndicat@universite-paris-saclay.fr\" data-type=\"mailto\">SNASUB<\/a> (Syndicat National de l\u2019Administration Scolaire, Universitaire et des Bibilioth\u00e8ques)<\/p>\n\n\n\n<p><a href=\"mailto:sncs-fsu.syndicat@universite-paris-saclay.fr\" data-type=\"mailto\">SNCS<\/a> (Syndicat National des Chercheurs Scientifiques)<\/p>\n\n\n\n<p><a href=\"mailto:bureau.fsu.universite-paris-sud@fsu-psud.ouvaton.org\" data-type=\"mailto\" data-id=\"mailto:bureau.fsu.universite-paris-sud@fsu-psud.ouvaton.org\">SNEP<\/a> (Syndicat National de l\u2019Education Physique)<\/p>\n\n\n\n<p><a href=\"mailto:snesup-fsu.syndicat@universite-paris-saclay.fr\" data-type=\"mailto\">SNESup<\/a> (Syndicat National de l\u2019Enseignement Sup\u00e9rieur)<\/p>\n\n\n\n<p> <\/p>\n\n\n\n<p>D&rsquo;autre part, une permanence syndicale est assur\u00e9e tous les vendredis de 12h30 \u00e0 13h30 au local syndical du campus d&rsquo;Orsay (b\u00e2t. 308).<\/p>\n","protected":false},"excerpt":{"rendered":"<p>Pour nous contacter: SNASUB (Syndicat National de l\u2019Administration Scolaire, Universitaire et des Bibilioth\u00e8ques) SNCS (Syndicat National des Chercheurs Scientifiques) SNEP (Syndicat National de l\u2019Education Physique) SNESup (Syndicat National de l\u2019Enseignement Sup\u00e9rieur) D&rsquo;autre part, une permanence syndicale est assur\u00e9e tous les vendredis de 12h30 \u00e0 13h30 au local syndical du campus d&rsquo;Orsay (b\u00e2t. 308).<\/p>\n","protected":false},"author":2,"featured_media":0,"parent":0,"menu_order":0,"comment_status":"closed","ping_status":"closed","template":"","meta":{"footnotes":""},"class_list":["post-77","page","type-page","status-publish","hentry"],"_links":{"self":[{"href":"https:\/\/hebergement.universite-paris-saclay.fr\/fsu-psud\/wp-json\/wp\/v2\/pages\/77","targetHints":{"allow":["GET"]}}],"collection":[{"href":"https:\/\/hebergement.universite-paris-saclay.fr\/fsu-psud\/wp-json\/wp\/v2\/pages"}],"about":[{"href":"https:\/\/hebergement.universite-paris-saclay.fr\/fsu-psud\/wp-json\/wp\/v2\/types\/page"}],"author":[{"embeddable":true,"href":"https:\/\/hebergement.universite-paris-saclay.fr\/fsu-psud\/wp-json\/wp\/v2\/users\/2"}],"replies":[{"embeddable":true,"href":"https:\/\/hebergement.universite-paris-saclay.fr\/fsu-psud\/wp-json\/wp\/v2\/comments?post=77"}],"version-history":[{"count":6,"href":"https:\/\/hebergement.universite-paris-saclay.fr\/fsu-psud\/wp-json\/wp\/v2\/pages\/77\/revisions"}],"predecessor-version":[{"id":101,"href":"https:\/\/hebergement.universite-paris-saclay.fr\/fsu-psud\/wp-json\/wp\/v2\/pages\/77\/revisions\/101"}],"wp:attachment":[{"href":"https:\/\/hebergement.universite-paris-saclay.fr\/fsu-psud\/wp-json\/wp\/v2\/media?parent=77"}],"curies":[{"name":"wp","href":"https:\/\/api.w.org\/{rel}","templated":true}]}}