{"id":83,"date":"2021-01-01T16:25:02","date_gmt":"2021-01-01T15:25:02","guid":{"rendered":"http:\/\/hebergement.u-psud.fr\/fsu-psud\/FSU\/?page_id=83"},"modified":"2021-02-25T15:51:44","modified_gmt":"2021-02-25T14:51:44","slug":"ca-cfvu-et-cr","status":"publish","type":"page","link":"https:\/\/hebergement.universite-paris-saclay.fr\/fsu-psud\/ca-cfvu-et-cr\/","title":{"rendered":"CA, CFVU et CR"},"content":{"rendered":"\n<p>Les syndicats de la FSU, ceux de la CGT ont constitu\u00e9 des listes aux \u00e9lections universitaires, incluant aussi des coll\u00e8gues non syndiqu\u00e9s. Ces listes se sont pr\u00e9sent\u00e9es sous le sigle \u00ab\u00a0Pour une Universit\u00e9 Humaniste, D\u00e9mocratique et \u00c9cologique\u00a0\u00bb. Les \u00e9lus, la profession de foi, les compte-rendus des \u00e9lus sont disponible sur le site d\u00e9di\u00e9 <a href=\"http:\/\/hebergement.universite-paris-saclay.fr\/UHDE\" target=\"_blank\" rel=\"noreferrer noopener\">UHDE<\/a>.<\/p>\n\n\n\n<p>Les membres \u00e9lus de ces conseils repr\u00e9sentent divers coll\u00e8ges tels que \u00e9tudiants, BIATSS, chercheurs et enseignants de rang A, chercheurs et enseignants-chercheurs de rang B, etc.<\/p>\n\n\n\n<p>Il y a aussi des membres nomm\u00e9s (ou \u00ab&nbsp;personnalit\u00e9s ext\u00e9rieures&nbsp;\u00bb, pour l&rsquo;instant minoritaires) repr\u00e9sentent les organismes (CNRS&#8230;), les collectivit\u00e9s territoriales (r\u00e9gion\u2026), une entreprise, un lyc\u00e9e\u2026 Dans la pratique ces membres nomm\u00e9s sont tr\u00e8s discrets et suivent g\u00e9n\u00e9ralement la ligne de la pr\u00e9sidence.<\/p>\n\n\n\n<p>Il y a enfin des membres invit\u00e9s, sans droit de vote, tels que des directeurs de composantes ou de services (doyens, directeurs IUT, direction ressources humaines&#8230;)<\/p>\n\n\n\n<p>Ces conseils se r\u00e9unissent parfois en \u00ab&nbsp;formation r\u00e9duite aux enseignants et assimil\u00e9s&nbsp;\u00bb (sans les BIATSS, \u00e9tudiants et personnalit\u00e9s ext\u00e9rieures) quand il s&rsquo;agit de d\u00e9cider des recrutements, promotion et primes des enseignants-chercheurs.<\/p>\n\n\n\n<p>Le Conseil d&rsquo;Administration (CA) est la principale instance. Elle \u00e9lit le\/la pr\u00e9sident\/e et prend la plupart des d\u00e9cisions importantes (budget global et r\u00e9partition vers les diff\u00e9rentes composantes&#8230;) en s&rsquo;appuyant souvent sur les avis des autres conseils.<\/p>\n\n\n\n<p>Le Conseil Acad\u00e9mique (CAc) organise les concours pour les primes, les promotions et les recrutement des enseignants-chercheurs. Il est d\u00e9cisionnaire sur ces recrutements, le CA ne peut changer l&rsquo;ordre d&rsquo;un classement vot\u00e9 en CAc (mais peut annuler le concours complet). Dans la plupart des autres cas, on r\u00e9unit s\u00e9par\u00e9ment ses deux commissions, CR et CFVU.<\/p>\n\n\n\n<p>La Commission Recherche (CR) du CAc d\u00e9cide de la r\u00e9partition du budget de la recherche entre les diff\u00e9rents laboratoires, de la cr\u00e9ation de nouveaux laboratoires, des appels \u00e0 projets recherche, des accords de coop\u00e9ration, de la politique de la biblioth\u00e8que vis \u00e0 vis des \u00e9diteurs de revues\u2026<\/p>\n\n\n\n<p>La Commission de la Formation et de la Vie \u00c9tudiante (CFVU) du CAc d\u00e9cide de l&rsquo;ouverture de nouvelles formations, des appels \u00e0 projets p\u00e9dagogiques, des subventions diverses \u00e0 la vie \u00e9tudiante, de la gestion de parcoursup\u2026<\/p>\n","protected":false},"excerpt":{"rendered":"<p>Les syndicats de la FSU, ceux de la CGT ont constitu\u00e9 des listes aux \u00e9lections universitaires, incluant aussi des coll\u00e8gues non syndiqu\u00e9s. Ces listes se sont pr\u00e9sent\u00e9es sous le sigle \u00ab\u00a0Pour une Universit\u00e9 Humaniste, D\u00e9mocratique et \u00c9cologique\u00a0\u00bb. Les \u00e9lus, la profession de foi, les compte-rendus des \u00e9lus sont disponible sur le site d\u00e9di\u00e9 UHDE. Les &hellip; <\/p>\n<p class=\"link-more\"><a href=\"https:\/\/hebergement.universite-paris-saclay.fr\/fsu-psud\/ca-cfvu-et-cr\/\" class=\"more-link\">Continuer la lecture<span class=\"screen-reader-text\"> de &laquo;&nbsp;CA, CFVU et CR&nbsp;&raquo;<\/span><\/a><\/p>\n","protected":false},"author":2,"featured_media":0,"parent":0,"menu_order":0,"comment_status":"closed","ping_status":"closed","template":"","meta":{"footnotes":""},"class_list":["post-83","page","type-page","status-publish","hentry"],"_links":{"self":[{"href":"https:\/\/hebergement.universite-paris-saclay.fr\/fsu-psud\/wp-json\/wp\/v2\/pages\/83","targetHints":{"allow":["GET"]}}],"collection":[{"href":"https:\/\/hebergement.universite-paris-saclay.fr\/fsu-psud\/wp-json\/wp\/v2\/pages"}],"about":[{"href":"https:\/\/hebergement.universite-paris-saclay.fr\/fsu-psud\/wp-json\/wp\/v2\/types\/page"}],"author":[{"embeddable":true,"href":"https:\/\/hebergement.universite-paris-saclay.fr\/fsu-psud\/wp-json\/wp\/v2\/users\/2"}],"replies":[{"embeddable":true,"href":"https:\/\/hebergement.universite-paris-saclay.fr\/fsu-psud\/wp-json\/wp\/v2\/comments?post=83"}],"version-history":[{"count":4,"href":"https:\/\/hebergement.universite-paris-saclay.fr\/fsu-psud\/wp-json\/wp\/v2\/pages\/83\/revisions"}],"predecessor-version":[{"id":286,"href":"https:\/\/hebergement.universite-paris-saclay.fr\/fsu-psud\/wp-json\/wp\/v2\/pages\/83\/revisions\/286"}],"wp:attachment":[{"href":"https:\/\/hebergement.universite-paris-saclay.fr\/fsu-psud\/wp-json\/wp\/v2\/media?parent=83"}],"curies":[{"name":"wp","href":"https:\/\/api.w.org\/{rel}","templated":true}]}}