{"id":85,"date":"2021-01-01T16:25:21","date_gmt":"2021-01-01T15:25:21","guid":{"rendered":"http:\/\/hebergement.u-psud.fr\/fsu-psud\/FSU\/?page_id=85"},"modified":"2021-01-01T17:53:14","modified_gmt":"2021-01-01T16:53:14","slug":"chsct-et-ct","status":"publish","type":"page","link":"https:\/\/hebergement.universite-paris-saclay.fr\/fsu-psud\/chsct-et-ct\/","title":{"rendered":"CHSCT et CT"},"content":{"rendered":"\n<p>Les syndicats de la FSU ont obtenu des \u00e9lus dans les Comit\u00e9 d&rsquo;Hygi\u00e8ne, de S\u00e9curit\u00e9 et des Condition de Travail ainsi que dans les CT de l&rsquo;universit\u00e9 Paris-Saclay et de ses composantes:<\/p>\n\n\n\n<p>CHSCT de l&rsquo;universit\u00e9<\/p>\n\n\n\n<p>CHSCT de la DR4 du CNRS<\/p>\n\n\n\n<p>CHSCT de la Facult\u00e9 des Sciences d&rsquo;Orsay<\/p>\n","protected":false},"excerpt":{"rendered":"<p>Les syndicats de la FSU ont obtenu des \u00e9lus dans les Comit\u00e9 d&rsquo;Hygi\u00e8ne, de S\u00e9curit\u00e9 et des Condition de Travail ainsi que dans les CT de l&rsquo;universit\u00e9 Paris-Saclay et de ses composantes: CHSCT de l&rsquo;universit\u00e9 CHSCT de la DR4 du CNRS CHSCT de la Facult\u00e9 des Sciences d&rsquo;Orsay<\/p>\n","protected":false},"author":2,"featured_media":0,"parent":0,"menu_order":0,"comment_status":"closed","ping_status":"closed","template":"","meta":{"footnotes":""},"class_list":["post-85","page","type-page","status-publish","hentry"],"_links":{"self":[{"href":"https:\/\/hebergement.universite-paris-saclay.fr\/fsu-psud\/wp-json\/wp\/v2\/pages\/85","targetHints":{"allow":["GET"]}}],"collection":[{"href":"https:\/\/hebergement.universite-paris-saclay.fr\/fsu-psud\/wp-json\/wp\/v2\/pages"}],"about":[{"href":"https:\/\/hebergement.universite-paris-saclay.fr\/fsu-psud\/wp-json\/wp\/v2\/types\/page"}],"author":[{"embeddable":true,"href":"https:\/\/hebergement.universite-paris-saclay.fr\/fsu-psud\/wp-json\/wp\/v2\/users\/2"}],"replies":[{"embeddable":true,"href":"https:\/\/hebergement.universite-paris-saclay.fr\/fsu-psud\/wp-json\/wp\/v2\/comments?post=85"}],"version-history":[{"count":3,"href":"https:\/\/hebergement.universite-paris-saclay.fr\/fsu-psud\/wp-json\/wp\/v2\/pages\/85\/revisions"}],"predecessor-version":[{"id":107,"href":"https:\/\/hebergement.universite-paris-saclay.fr\/fsu-psud\/wp-json\/wp\/v2\/pages\/85\/revisions\/107"}],"wp:attachment":[{"href":"https:\/\/hebergement.universite-paris-saclay.fr\/fsu-psud\/wp-json\/wp\/v2\/media?parent=85"}],"curies":[{"name":"wp","href":"https:\/\/api.w.org\/{rel}","templated":true}]}}