{"id":868,"date":"2024-02-12T14:54:27","date_gmt":"2024-02-12T13:54:27","guid":{"rendered":"http:\/\/hebergement.universite-paris-saclay.fr\/fsu-psud\/?page_id=868"},"modified":"2024-07-08T16:00:50","modified_gmt":"2024-07-08T14:00:50","slug":"publipostages-2024","status":"publish","type":"page","link":"https:\/\/hebergement.universite-paris-saclay.fr\/fsu-psud\/publipostages-2024\/","title":{"rendered":"Publipostages 2024"},"content":{"rendered":"\n<p><a href=\"https:\/\/hebergement.universite-paris-saclay.fr\/fsu-psud\/2024\/07\/08\/battre-lextreme-droite-et-gagner-le-progres-social\/\">Battre l\u2019extr\u00eame droite et gagner le progr\u00e8s social<\/a><\/p>\n\n\n\n<p><a href=\"https:\/\/hebergement.universite-paris-saclay.fr\/fsu-psud\/2024\/07\/03\/lettre-ouverte-a-sylvie-retailleau\/\">Lettre ouverte \u00e0 Sylvie Retailleau<\/a><\/p>\n\n\n\n<p><a href=\"https:\/\/hebergement.universite-paris-saclay.fr\/fsu-psud\/2024\/06\/29\/communique-des-elus-etudiants\/\">Communiqu\u00e9 des \u00e9lus \u00e9tudiants<\/a><\/p>\n\n\n\n<p><a href=\"https:\/\/hebergement.universite-paris-saclay.fr\/fsu-psud\/2024\/06\/29\/sauvons-leducation-la-recherche\/\">Sauvons l&rsquo;\u00e9ducation, la recherche !<\/a><\/p>\n\n\n\n<p><a href=\"https:\/\/hebergement.universite-paris-saclay.fr\/fsu-psud\/2024\/06\/25\/rencontre-avec-les-candidats-du-front-populaire\/\">Rencontre avec les candidats du Front Populaire<\/a><\/p>\n\n\n\n<p><a href=\"https:\/\/hebergement.universite-paris-saclay.fr\/fsu-psud\/2024\/06\/20\/apres-les-elections-universitaires\/\">Apr\u00e8s les \u00e9lections universitaires<\/a><\/p>\n\n\n\n<p><a href=\"https:\/\/hebergement.universite-paris-saclay.fr\/fsu-psud\/2024\/06\/12\/respectons-lexpression-democratique\/\">Respectons l&rsquo;expression d\u00e9mocratique !<\/a><\/p>\n\n\n\n<p><a href=\"https:\/\/hebergement.universite-paris-saclay.fr\/fsu-psud\/2024\/05\/28\/rejoignons-la-mobilisation-contre-le-choc-des-savoirs-le-25-mai-2\/\">Rejoignons la mobilisation contre le \u00ab&nbsp;Choc des savoirs&nbsp;\u00bb le 25 mai<\/a><\/p>\n\n\n\n<p><a href=\"https:\/\/hebergement.universite-paris-saclay.fr\/fsu-psud\/2024\/04\/30\/1er-mai-manifestation-14h30-republique\/\">1er mai &#8211;&nbsp;Manifestation &#8211; 14h30 R\u00e9publique<\/a><\/p>\n\n\n\n<p><a href=\"https:\/\/hebergement.universite-paris-saclay.fr\/fsu-psud\/2024\/04\/10\/4-avril-journee-blanche-nationale-organisee-par-le-collectif-384\/\">Journ\u00e9e Blanche Nationale organis\u00e9e par le Collectif 384<\/a><\/p>\n\n\n\n<p><a href=\"https:\/\/hebergement.universite-paris-saclay.fr\/fsu-psud\/2024\/03\/19\/pour-les-carrieres-et-les-remunerations-manifestation-mardi-19-mars-14h-luxembourg\/\">Pour les carri\u00e8res et les r\u00e9mun\u00e9rations<\/a><\/p>\n\n\n\n<p><a href=\"https:\/\/hebergement.universite-paris-saclay.fr\/fsu-psud\/2024\/03\/18\/pour-un-processus-democratique-de-nomination-du-conseil-dadministration-complet\/\">Pour un processus d\u00e9mocratique de nomination du Conseil d\u2019Administration complet<\/a><\/p>\n\n\n\n<p><a href=\"https:\/\/hebergement.universite-paris-saclay.fr\/fsu-psud\/2024\/03\/08\/8-mars-greve-feministe\/\">8 mars, gr\u00e8ve f\u00e9ministe<\/a><\/p>\n\n\n\n<p><a href=\"https:\/\/hebergement.universite-paris-saclay.fr\/fsu-psud\/2024\/02\/29\/le-conseil-dadministration-de-paris-saclay-se-declare-incapable-de-choisir-une-liste-de-personnalites-qualifiees-exterieures\/\">Le Conseil d&rsquo;Administration de Paris Saclay se d\u00e9clare incapable de choisir une liste de Personnalit\u00e9s Qualifi\u00e9es Ext\u00e9rieures<\/a><\/p>\n\n\n\n<p><a href=\"https:\/\/hebergement.universite-paris-saclay.fr\/fsu-psud\/2024\/02\/12\/elections-aux-conseils-centraux-un-desaveu-pour-la-presidence-actuelle\/\">\u00c9lections aux conseils centraux&nbsp;: Un d\u00e9saveu pour la pr\u00e9sidence actuelle<\/a><\/p>\n\n\n\n<p><a href=\"https:\/\/hebergement.universite-paris-saclay.fr\/fsu-psud\/2024\/05\/24\/rejoignons-la-mobilisation-contre-le-choc-des-savoirs-le-25-mai\">Rejoignons la mobilisation contre le \u00ab&nbsp;Choc des savoirs&nbsp;\u00bb le 25 mai<\/a><\/p>\n","protected":false},"excerpt":{"rendered":"<p>Battre l\u2019extr\u00eame droite et gagner le progr\u00e8s social Lettre ouverte \u00e0 Sylvie Retailleau Communiqu\u00e9 des \u00e9lus \u00e9tudiants Sauvons l&rsquo;\u00e9ducation, la recherche ! Rencontre avec les candidats du Front Populaire Apr\u00e8s les \u00e9lections universitaires Respectons l&rsquo;expression d\u00e9mocratique ! Rejoignons la mobilisation contre le \u00ab&nbsp;Choc des savoirs&nbsp;\u00bb le 25 mai 1er mai &#8211;&nbsp;Manifestation &#8211; 14h30 R\u00e9publique Journ\u00e9e &hellip; <\/p>\n<p class=\"link-more\"><a href=\"https:\/\/hebergement.universite-paris-saclay.fr\/fsu-psud\/publipostages-2024\/\" class=\"more-link\">Continuer la lecture<span class=\"screen-reader-text\"> de &laquo;&nbsp;Publipostages 2024&nbsp;&raquo;<\/span><\/a><\/p>\n","protected":false},"author":2,"featured_media":0,"parent":0,"menu_order":0,"comment_status":"closed","ping_status":"closed","template":"","meta":{"footnotes":""},"class_list":["post-868","page","type-page","status-publish","hentry"],"_links":{"self":[{"href":"https:\/\/hebergement.universite-paris-saclay.fr\/fsu-psud\/wp-json\/wp\/v2\/pages\/868","targetHints":{"allow":["GET"]}}],"collection":[{"href":"https:\/\/hebergement.universite-paris-saclay.fr\/fsu-psud\/wp-json\/wp\/v2\/pages"}],"about":[{"href":"https:\/\/hebergement.universite-paris-saclay.fr\/fsu-psud\/wp-json\/wp\/v2\/types\/page"}],"author":[{"embeddable":true,"href":"https:\/\/hebergement.universite-paris-saclay.fr\/fsu-psud\/wp-json\/wp\/v2\/users\/2"}],"replies":[{"embeddable":true,"href":"https:\/\/hebergement.universite-paris-saclay.fr\/fsu-psud\/wp-json\/wp\/v2\/comments?post=868"}],"version-history":[{"count":18,"href":"https:\/\/hebergement.universite-paris-saclay.fr\/fsu-psud\/wp-json\/wp\/v2\/pages\/868\/revisions"}],"predecessor-version":[{"id":933,"href":"https:\/\/hebergement.universite-paris-saclay.fr\/fsu-psud\/wp-json\/wp\/v2\/pages\/868\/revisions\/933"}],"wp:attachment":[{"href":"https:\/\/hebergement.universite-paris-saclay.fr\/fsu-psud\/wp-json\/wp\/v2\/media?parent=868"}],"curies":[{"name":"wp","href":"https:\/\/api.w.org\/{rel}","templated":true}]}}