{"id":935,"date":"2025-02-03T14:24:56","date_gmt":"2025-02-03T13:24:56","guid":{"rendered":"http:\/\/hebergement.universite-paris-saclay.fr\/fsu-psud\/?page_id=935"},"modified":"2026-01-30T15:46:16","modified_gmt":"2026-01-30T14:46:16","slug":"publipostages-2025","status":"publish","type":"page","link":"https:\/\/hebergement.universite-paris-saclay.fr\/fsu-psud\/publipostages-2025\/","title":{"rendered":"Publipostages 2025"},"content":{"rendered":"\n<p><a href=\"https:\/\/hebergement.universite-paris-saclay.fr\/fsu-psud\/2026\/01\/30\/futur-de-paris-saclay-vote-des-elus-uhde\/\">Futur de Paris Saclay &#8211; Vote des \u00e9lus UHDE<\/a><\/p>\n\n\n\n<p><a href=\"https:\/\/hebergement.universite-paris-saclay.fr\/fsu-psud\/2026\/01\/30\/mardi-2-decembre-contre-lausterite-toutes-et-tous-mobilise\u00b7es-pour-un-budget-de-justice-sociale-fiscale-et-environnementale\/\">Contre l&rsquo;aust\u00e9rit\u00e9, toutes et tous mobilis\u00e9\u00b7es pour un budget de justice sociale, fiscale et environnementale !<\/a><\/p>\n\n\n\n<p><a href=\"https:\/\/hebergement.universite-paris-saclay.fr\/fsu-psud\/2026\/01\/30\/lettre-ouverte-des-presidents-des-universites-devry-et-duvsq\/\">Lettre ouverte des pr\u00e9sidents des Universit\u00e9s d&rsquo;Evry et d&rsquo;UVSQ<\/a><\/p>\n\n\n\n<p><a href=\"https:\/\/hebergement.universite-paris-saclay.fr\/fsu-psud\/2026\/01\/30\/manifestation-palestine-29-novembre-14h-republique\/\">Manifestation Palestine &#8211; 29 Novembre 14h R\u00e9publique<\/a><\/p>\n\n\n\n<p><a href=\"https:\/\/hebergement.universite-paris-saclay.fr\/fsu-psud\/2025\/11\/25\/contre-le-patriarcat-ni-oubli-ni-silence-marchons-contre-les-violences-le-25-novembre-2025\/\">Contre le patriarcat, ni oubli, ni silence, marchons contre les violences le 25 Novembre 2025<\/a><\/p>\n\n\n\n<p><a href=\"https:\/\/hebergement.universite-paris-saclay.fr\/fsu-psud\/2025\/09\/28\/assemblee-generale-le-29-greve-et-manifestation-le-2\">Assembl\u00e9e g\u00e9n\u00e9rale le 29 septembre, gr\u00e8ve et manifestation le 2 octobre<\/a><\/p>\n\n\n\n<p><a href=\"https:\/\/hebergement.universite-paris-saclay.fr\/fsu-psud\/2025\/09\/19\/le-distanciel-nest-pas-une-option-anti-greve\/\">Le distanciel n\u2019est pas une option anti-gr\u00e8ve<\/a><\/p>\n\n\n\n<p><a href=\"https:\/\/hebergement.universite-paris-saclay.fr\/fsu-psud\/2025\/09\/16\/toutes-et-tous-en-greve-et-dans-les-manifestations-le-18-septembre-pour-un-autre-budget-et-pour-lavenir-du-service-public-de-lesr\">Toutes et tous en gr\u00e8ve et dans les manifestations le 18 septembre pour un autre budget et pour l\u2019avenir du service public de l\u2019ESR !<\/a><\/p>\n\n\n\n<p><a href=\"https:\/\/hebergement.universite-paris-saclay.fr\/fsu-psud\/2025\/09\/12\/assemblee-generale-le-15-greve-et-manifestation-le-18\">Assembl\u00e9e g\u00e9n\u00e9rale le 15, gr\u00e8ve et manifestation le 18<\/a><\/p>\n\n\n\n<p><a href=\"https:\/\/hebergement.universite-paris-saclay.fr\/fsu-psud\/2025\/09\/05\/appel-a-la-mobilisation-le-10-septembre\">La seule dette est la dette environnementale ! Contre l&rsquo;aust\u00e9rit\u00e9 et Pour la justice sociale, rejoignons la mobilisation et la gr\u00e8ve le 10 septembre<\/a><\/p>\n\n\n\n<p><a href=\"https:\/\/hebergement.universite-paris-saclay.fr\/fsu-psud\/2025\/07\/18\/budget-francois-bayrou-sort-la-tronconneuse\/\">Budget : Fran\u00e7ois Bayrou sort la tron\u00e7onneuse<\/a><\/p>\n\n\n\n<p><a href=\"https:\/\/hebergement.universite-paris-saclay.fr\/fsu-psud\/2025\/07\/15\/une-decision-prise-au-ca-contre-lavis-de-la-majorite-des-elu%c2%b7e%c2%b7s\/\">Une d\u00e9cision prise au CA contre l&rsquo;avis de la majorit\u00e9 des \u00e9lu\u00b7e\u00b7s<\/a><\/p>\n\n\n\n<p><a href=\"https:\/\/hebergement.universite-paris-saclay.fr\/fsu-psud\/2025\/06\/02\/lutilisation-des-logiciels-libres-un-enjeu-ethique\/\">L&rsquo;utilisation des logiciels libres : un enjeu \u00e9thique<\/a><\/p>\n\n\n\n<p><a href=\"https:\/\/hebergement.universite-paris-saclay.fr\/fsu-psud\/2025\/05\/26\/pour-la-defense-des-prag-prce-plp-peps-pe\/\">Pour la d\u00e9fense des PRAG-PRCE-PLP-PEPS-PE<\/a><\/p>\n\n\n\n<p><a href=\"https:\/\/hebergement.universite-paris-saclay.fr\/fsu-psud\/2025\/05\/13\/austerite-dans-lesr-keylabs-infos-debat-lundi-19-mai-a-12h30-au-laboratoire-de-physique-des-solides\">Aust\u00e9rit\u00e9 dans l\u2019ESR, keylabs : infos-d\u00e9bat lundi 19 mai \u00e0 12h30 au Laboratoire de Physique des Solides<\/a><\/p>\n\n\n\n<p><a href=\"https:\/\/hebergement.universite-paris-saclay.fr\/fsu-psud\/2025\/05\/05\/logiciel-libre-ou-gafam-a-la-croisee-des-chemins\">Logiciel libre ou GAFAM \u2013 \u00c0 la crois\u00e9e des chemins<\/a><\/p>\n\n\n\n<p><a href=\"https:\/\/hebergement.universite-paris-saclay.fr\/fsu-psud\/2025\/04\/22\/nouveaux-statuts-paris-saclay-nous-voulons-une-vraie-concertation\/\">Nouveaux statuts Paris-Saclay: nous voulons une vraie concertation<\/a><\/p>\n\n\n\n<p><a href=\"https:\/\/hebergement.universite-paris-saclay.fr\/fsu-psud\/2025\/04\/10\/accreditation-des-diplomes\/\">Accr\u00e9ditation des dipl\u00f4mes<\/a><\/p>\n\n\n\n<p><a href=\"https:\/\/hebergement.universite-paris-saclay.fr\/fsu-psud\/2025\/04\/08\/stand-up-for-science-a-paris-saclay\/\">Stand Up For Science \u00e0 Paris Saclay<\/a><\/p>\n\n\n\n<p><a href=\"https:\/\/hebergement.universite-paris-saclay.fr\/fsu-psud\/2025\/04\/02\/stand-up-for-science-3-avril-et-apres\/\">Stand-Up For Science &#8211; 3 avril et apr\u00e8s<\/a><\/p>\n\n\n\n<p><a href=\"https:\/\/hebergement.universite-paris-saclay.fr\/fsu-psud\/2025\/03\/31\/universite-paris-saclay-un-projet-pour-notre-avenir-simple-efficace-et-respectueux-de-la-diversite\/\">Universit\u00e9 Paris Saclay : Un projet pour notre avenir : simple, efficace et respectueux de la diversit\u00e9.<\/a><\/p>\n\n\n\n<p><a href=\"https:\/\/hebergement.universite-paris-saclay.fr\/fsu-psud\/2025\/03\/11\/7-mars-stand-up-for-science\/\">7 mars &#8211; Stand Up For Science<\/a><\/p>\n\n\n\n<p><a href=\"https:\/\/hebergement.universite-paris-saclay.fr\/fsu-psud\/2025\/03\/11\/pour-les-droits-des-femmes-greve-et-manifestation-feministe\/\">Pour les droits des femmes &#8211; Gr\u00e8ve et manifestation f\u00e9ministe<\/a><\/p>\n\n\n\n<p><a href=\"https:\/\/hebergement.universite-paris-saclay.fr\/fsu-psud\/2025\/03\/11\/manifestation-solidarite-internationale-avec-la-palestine\/\">Manifestation Solidarit\u00e9 Internationale avec la Palestine<\/a><\/p>\n\n\n\n<p><a href=\"https:\/\/hebergement.universite-paris-saclay.fr\/fsu-psud\/2025\/02\/03\/assemblee-generale-jeudi-13-fevrier-12h-14h\/\">Assembl\u00e9e G\u00e9n\u00e9rale&nbsp;Jeudi 13 f\u00e9vrier 12h-14h<\/a><\/p>\n\n\n\n<p><a href=\"https:\/\/hebergement.universite-paris-saclay.fr\/fsu-psud\/2025\/02\/10\/assemblee-generale-jeudi-13-fevrier-12h15-bat-450-amphi-g4\/\">Assembl\u00e9e g\u00e9n\u00e9rale Jeudi 13 f\u00e9vrier &#8211; 12h15 (Bat 450 &#8211; Amphi G4)<\/a><\/p>\n\n\n\n<p><\/p>\n","protected":false},"excerpt":{"rendered":"<p>Futur de Paris Saclay &#8211; Vote des \u00e9lus UHDE Contre l&rsquo;aust\u00e9rit\u00e9, toutes et tous mobilis\u00e9\u00b7es pour un budget de justice sociale, fiscale et environnementale ! Lettre ouverte des pr\u00e9sidents des Universit\u00e9s d&rsquo;Evry et d&rsquo;UVSQ Manifestation Palestine &#8211; 29 Novembre 14h R\u00e9publique Contre le patriarcat, ni oubli, ni silence, marchons contre les violences le 25 Novembre &hellip; <\/p>\n<p class=\"link-more\"><a href=\"https:\/\/hebergement.universite-paris-saclay.fr\/fsu-psud\/publipostages-2025\/\" class=\"more-link\">Continuer la lecture<span class=\"screen-reader-text\"> de &laquo;&nbsp;Publipostages 2025&nbsp;&raquo;<\/span><\/a><\/p>\n","protected":false},"author":2,"featured_media":0,"parent":0,"menu_order":0,"comment_status":"closed","ping_status":"closed","template":"","meta":{"footnotes":""},"class_list":["post-935","page","type-page","status-publish","hentry"],"_links":{"self":[{"href":"https:\/\/hebergement.universite-paris-saclay.fr\/fsu-psud\/wp-json\/wp\/v2\/pages\/935","targetHints":{"allow":["GET"]}}],"collection":[{"href":"https:\/\/hebergement.universite-paris-saclay.fr\/fsu-psud\/wp-json\/wp\/v2\/pages"}],"about":[{"href":"https:\/\/hebergement.universite-paris-saclay.fr\/fsu-psud\/wp-json\/wp\/v2\/types\/page"}],"author":[{"embeddable":true,"href":"https:\/\/hebergement.universite-paris-saclay.fr\/fsu-psud\/wp-json\/wp\/v2\/users\/2"}],"replies":[{"embeddable":true,"href":"https:\/\/hebergement.universite-paris-saclay.fr\/fsu-psud\/wp-json\/wp\/v2\/comments?post=935"}],"version-history":[{"count":30,"href":"https:\/\/hebergement.universite-paris-saclay.fr\/fsu-psud\/wp-json\/wp\/v2\/pages\/935\/revisions"}],"predecessor-version":[{"id":1068,"href":"https:\/\/hebergement.universite-paris-saclay.fr\/fsu-psud\/wp-json\/wp\/v2\/pages\/935\/revisions\/1068"}],"wp:attachment":[{"href":"https:\/\/hebergement.universite-paris-saclay.fr\/fsu-psud\/wp-json\/wp\/v2\/media?parent=935"}],"curies":[{"name":"wp","href":"https:\/\/api.w.org\/{rel}","templated":true}]}}