{"id":114,"date":"2022-10-28T09:37:18","date_gmt":"2022-10-28T08:37:18","guid":{"rendered":"https:\/\/hebergement.universite-paris-saclay.fr\/inanomep\/?page_id=114"},"modified":"2025-07-08T15:01:35","modified_gmt":"2025-07-08T14:01:35","slug":"publications","status":"publish","type":"page","link":"https:\/\/hebergement.universite-paris-saclay.fr\/inanomep\/?page_id=114","title":{"rendered":"Publications"},"content":{"rendered":"\n<p class=\"has-vivid-green-cyan-color has-text-color has-medium-font-size\"><strong>Articles<\/strong><\/p>\n\n\n\n<ul><li><em>Effect of cations substitution in lead-free double perovskite Cs2AgBiBr6 solar cells<\/em>, N. Daem, A. Maho, P. Colson, G. Spronck, C. Malherbe, T.-H. Hoang, M.-N. Ghazzal, G. He, F. Lang, R. Cloots, J. Dewalque. <a href=\"https:\/\/doi.org\/10.1016\/j.nxmate.2025.100655\">Next Materials 8 (2025) 100655<\/a><\/li><li><em>Homogeneous Resonant Energy Transfer within Clusters of Monodisperse Colloidal Quantum Dots<\/em>, T. Noblet, J. Hottechamps, M. Erard, L. Dreesen<em>. <\/em><a rel=\"noreferrer noopener\" href=\"https:\/\/doi.org\/10.1021\/acs.jpcc.2c04177\" target=\"_blank\">The Journal of Physical Chemistry C 126 (2022) 15309<\/a><\/li><\/ul>\n\n\n\n<ul><li><em>Recent Advances in Linear and Nolinear Optics<\/em>. A special issue of Symmetry. Editeurs invit\u00e9s&nbsp;: C. Humbert, T. Noblet. (ISBN 978-3-0365-4117-4 (Hbk); ISBN 978-3-0365-4118-1 (PDF)), 168 pages, 2022 [<a rel=\"noreferrer noopener\" href=\"https:\/\/www.mdpi.com\/journal\/symmetry\/special_issues\/Recent_Advances_Linear_Nonlinear_Optics\" target=\"_blank\">doi<\/a>]<\/li><li>Editorial: Special Issue of Symmetry: \u201cRecent Advances in Linear and Nonlinear Optics\u201d. T. Noblet, C. Humbert, Symmetry 14, 495, 2022 [<a href=\"https:\/\/doi.org\/10.3390\/sym14030495\" target=\"_blank\" rel=\"noreferrer noopener\">doi<\/a>].<\/li><\/ul>\n\n\n\n<p class=\"has-vivid-green-cyan-color has-text-color has-medium-font-size\"><strong>Conf\u00e9rences<\/strong><\/p>\n\n\n\n<ul><li><em>MECAREACT Summer School 2025, Paris (France), 15-20 juin 2025<\/em>, Poster : \u00ab\u00a0Mechanistic insights into Hydrogen production on core-shell nanostructures using SFG spectroscopy coupled with electrochemistry\u00a0\u00bb, Z. Moghaddasi, J. Dewalque, G. Spronck, G. Barbillon, F. Pillier, V.D. Quach, A. Ranjbari, M. N. Ghazzal, C. Humbert. Poster intitul\u00e9 : \u00ab\u00a0Modelling of experimentally relevant CdnTem quantum dots nonlinear optoelectronic properties: from DFT to Machine Learning prediction\u00a0\u00bb. J. Grill, C. Humbert, C. Clavagu\u00e9ra.<\/li><li><em>The 10th International Conference on Gold science, Technology and its applications (GOLD 2025), San Sebastian (Espagne), 11-14 mai 2025,<\/em> Communication orale: \u00ab\u00a0AuNPs embedded in SiO2@TiO2 core-shells to boost H2 production: Optical and structural characterizations\u00a0\u00bb. Z. Moghaddasi, J. Dewalque, G. Spronck, G. Barbillon, F. Pillier, V.D. Quach, A. Ranjbari, M. N. Ghazzal, C. Humbert.<\/li><li><em>The 4th MOMENTOM International Congress, Orsay (France), 2-4 avril 2025<\/em>. Poster : \u00ab\u00a0Optical and structural characterization of core-shell nanomaterials (SiO2@TiO2@AuNPs and SiO2@AuNPs@TiO2) for H2 production\u00a0\u00bb. Z. Moghaddasi, J. Dewalque, G. Spronck, G. Barbillon, F. Pillier, V.D. Quach, A. Ranjbari, M. N. Ghazzal, C. Humbert.<\/li><li><em>Quantum Day Paris-Saclay, Orsay (France), 20 janvier 2025<\/em>. Poster : \u00ab\u00a0Immobilization effect on optical properties of quantum dots transferred from solution to surfaces probed by nonlinear optical spectroscopy\u00a0\u00bb, J. Grill, C. Humbert, C. Clavagu\u00e9ra.<\/li><li><em>GdR Plasmonique Active (Journ\u00e9es pl\u00e9ni\u00e8res), Paris (France), 2-3 octobre 2024<\/em>. Poster: \u201cOptical and structural characterization of core-shell nanomaterials (SiO2@TiO2@AuNPs and SiO2@AuNPs@TiO2) for H2 production\u201c, Z. Moghaddasi, J. Dewalque, G. Spronck, G. Barbillon, F. Pillier, V.-D. Quach, M. N. Ghazzal, A. Ranjbari, C. Humbert.<\/li><\/ul>\n\n\n\n<ul><li><em>GdR Or-Nano (Journ\u00e9es pl\u00e9ni\u00e8res), Montpellier, 29-31 mai 2024.<\/em> <ol><li>Poster: Synthesis and Characterization of SiO2@TiO2@AuNPs &amp; SiO2@AuNPs@TiO2 Core-Shell Nanomaterials Deposited on Glass\/FTOs Substrates for photo-electrocatalytic studies\u201d, Z, Moghaddasi, J. Dewalque, G. Spronck, V.-D. Quach, M. N. Ghazzal, A. Ranjbari, C. Humbert.<\/li><li><strong>Conf\u00e9rence invit\u00e9e: C. Humbert.<\/strong> \u201cShedding light on gold nanoparticles that make molecules dance\u201d.<\/li><\/ol><\/li><li><em>Ist Franco-Iberian Conference on Photochemistry, Lisbonne, Portugal, 10-13 septembre 2024.<\/em> Poster: \u201cOptical and structural characterization of core-shell nanomaterials (SiO2@TiO2@AuNPs and SiO2@AuNPs@TiO2) for H2 production\u201d, Z. Moghaddasi, J. Dewalque, G. Spronck, G. Barbillon, F. Pillier, V.-D. Quach, M. N. Ghazzal, A. Ranjbari, C. Humbert.<\/li><li><em>SolvATE2023: 6th Meeting of the SolvATE Network, 6-7 Novembre 2023, Nancy. <\/em>Poster: \u201cImmobilization effect on optical properties of quantum dots transferred from solution to surfaces probed by nonlinear optical spectroscopy\u201d, E. Boyer, C. Clavagu\u00e9ra, L. Pham Ba, A. Gayral, T. Noblet, L. Dreesen, C. Humbert.<\/li><li><em>JTMS 2023 : Journ\u00e9es \u00ab\u00a0Th\u00e9orie, Mod\u00e9lisation et Simulation\u00a0\u00bb, 17-18 Octobre 2023, Strasbourg<\/em>. Poster: \u201cImmobilization effect on optical properties of quantum dots transferred from solution to surfaces probed by nonlinear optical spectroscopy\u201d, E. Boyer, C. Clavagu\u00e9ra, L. Pham Ba, A. Gayral, T. Noblet, L. Dreesen, C. Humbert.<\/li><li><em>Quantum Day Paris-Saclay, 3 Octobre 2023, Orsay, France. <\/em>Poster: \u201cImmobilization effect on optical properties of quantum dots transferred from solution to surfaces probed by nonlinear optical spectroscopy\u201d, E. Boyer, C. Clavagu\u00e9ra, L. Pham Ba, A. Gayral, T. Noblet, L. Dreesen, C. Humbert.<\/li><\/ul>\n\n\n\n<ul><li><em>Journ\u00e9e Scientifique de la F\u00e9d\u00e9ration Chimie Physique Paris-Saclay, Orsay (France), 12 juillet 2023<\/em>. <ol><li><strong>Prix de la meilleure pr\u00e9sentation pour E. Boyer<\/strong>, \u00e9tudiante M2 CHIPS Paris-Saclay, intitul\u00e9e : \u00ab\u00a0Effet de l\u2019immobilisation des quantum dots sur les propri\u00e9t\u00e9s optiques transf\u00e9r\u00e9es de la solution aux surfaces sond\u00e9es par spectroscopie optique non lin\u00e9aire\u00a0\u00bb, E. Boyer, C. Clavagu\u00e9ra, L. Pham Ba, A. Gayral, T. Noblet, L. Dreesen, C. Humbert. <\/li><li>Poster : \u201cImmobilization effect on optical properties of quantum dots transferred from solution to surfaces probed by nonlinear optical spectroscopy\u201d, E. Boyer, C. Clavagu\u00e9ra, L. Pham Ba, A. Gayral, T. Noblet, L. Dreesen, C. Humbert.<\/li><\/ol><\/li><li><em>Congr\u00e8s G\u00e9n\u00e9ral des 150 ans de la Soci\u00e9t\u00e9 Fran\u00e7aise de Physique, 3-7 juillet 2023 (Paris). <\/em>Poster&nbsp;: \u201cImmobilization effect on optical properties of quantum dots transferred from solution to surfaces probed by nonlinear optical spectroscopy\u201d, E. Boyer, C. Clavagu\u00e9ra, L. Pham Ba, A. Gayral, T. Noblet, L. Dreesen, C. Humbert.<\/li><li><em>French, Swiss and German Conference on Photochemistry, Photophysics and Photosciences CP2P\u201923, 15-17 mai 2023 (Mulhouse). <\/em><ol><li><strong>Communication orale<\/strong>: \u201cQuantum efficiency of excitonic enhancement in nanosensors by rainbow nonlinear optical spectroscopy\u201d, L. Pham Ba, A. Piard, M. Erard, A. Gayral, T. Noblet, L. Dreesen, C. Humbert. <\/li><li>Poster: \u201cCritical factors driving foster resonant energy transfer between quantum dots\u201d, L. Dreesen, J. Hottechamps, T. Noblet.<\/li><\/ol><\/li><li><em><strong>S\u00e9minaire invit\u00e9 <\/strong>du groupe CPSysBio<\/em> (Orsay,1<sup>er<\/sup> avril 2022)&nbsp;: \u00ab\u00a0Etude des m\u00e9canismes d&rsquo;action d&rsquo;inhibiteurs potentiels sur l&rsquo;activit\u00e9 oxydante des leucocytes polymorphonucl\u00e9aires neutrophiles et de la my\u00e9loperoxydase\u00a0\u00bb, P. Nyssen (CESAM).<\/li><\/ul>\n","protected":false},"excerpt":{"rendered":"<p>Articles Effect of cations substitution in lead-free double perovskite Cs2AgBiBr6 solar cells, N. Daem, A. Maho, P. Colson, G. Spronck, C. Malherbe, T.-H. Hoang, M.-N. Ghazzal, G. He, F. Lang, &#8230;<\/p>\n","protected":false},"author":1,"featured_media":0,"parent":0,"menu_order":0,"comment_status":"closed","ping_status":"closed","template":"","meta":[],"_links":{"self":[{"href":"https:\/\/hebergement.universite-paris-saclay.fr\/inanomep\/index.php?rest_route=\/wp\/v2\/pages\/114"}],"collection":[{"href":"https:\/\/hebergement.universite-paris-saclay.fr\/inanomep\/index.php?rest_route=\/wp\/v2\/pages"}],"about":[{"href":"https:\/\/hebergement.universite-paris-saclay.fr\/inanomep\/index.php?rest_route=\/wp\/v2\/types\/page"}],"author":[{"embeddable":true,"href":"https:\/\/hebergement.universite-paris-saclay.fr\/inanomep\/index.php?rest_route=\/wp\/v2\/users\/1"}],"replies":[{"embeddable":true,"href":"https:\/\/hebergement.universite-paris-saclay.fr\/inanomep\/index.php?rest_route=%2Fwp%2Fv2%2Fcomments&post=114"}],"version-history":[{"count":13,"href":"https:\/\/hebergement.universite-paris-saclay.fr\/inanomep\/index.php?rest_route=\/wp\/v2\/pages\/114\/revisions"}],"predecessor-version":[{"id":175,"href":"https:\/\/hebergement.universite-paris-saclay.fr\/inanomep\/index.php?rest_route=\/wp\/v2\/pages\/114\/revisions\/175"}],"wp:attachment":[{"href":"https:\/\/hebergement.universite-paris-saclay.fr\/inanomep\/index.php?rest_route=%2Fwp%2Fv2%2Fmedia&parent=114"}],"curies":[{"name":"wp","href":"https:\/\/api.w.org\/{rel}","templated":true}]}}