{"id":2,"date":"2013-10-28T09:24:31","date_gmt":"2013-10-28T09:24:31","guid":{"rendered":"http:\/\/hebergement.u-psud.fr\/wptest\/?page_id=2"},"modified":"2024-12-19T18:11:46","modified_gmt":"2024-12-19T17:11:46","slug":"page-d-exemple","status":"publish","type":"page","link":"https:\/\/hebergement.universite-paris-saclay.fr\/inanomep\/","title":{"rendered":"Accueil"},"content":{"rendered":"\n<div class=\"wp-container-1 wp-block-buttons\"><\/div>\n\n\n\n<p class=\"has-text-align-left has-normal-font-size\">Le projet de recherche collaborative \u00ab <strong>INANOMEP<\/strong> \u00bb vise \u00e0 renforcer et structurer \u00e0 l\u2019\u00e9chelle de chaque Unit\u00e9 de Recherche partenaire fran\u00e7aise (<a href=\"https:\/\/www.icp.universite-paris-saclay.fr\/\" data-type=\"URL\" target=\"_blank\" rel=\"noreferrer noopener\">ICP: Institut de Chimie Physique<\/a>, <a href=\"https:\/\/www.universite-paris-saclay.fr\/\" target=\"_blank\" rel=\"noreferrer noopener\">Universit\u00e9 Paris-Saclay<\/a>, Orsay, France) et belge (<a href=\"https:\/\/www.cesam.uliege.be\/cms\/c_4262713\/fr\/cesam\" target=\"_blank\" rel=\"noreferrer noopener\">CESAM : Complex and Entangled Systems from Atoms to Materials<\/a>, <a href=\"https:\/\/www.uliege.be\/cms\/c_8699436\/fr\/uliege\" target=\"_blank\" rel=\"noreferrer noopener\">Universit\u00e9 de Li\u00e8ge<\/a>, Li\u00e8ge, Belgique) les collaborations scientifiques li\u00e9es au d\u00e9veloppement, \u00e0 la caract\u00e9risation et \u00e0 l&rsquo;exploitation de plateformes nanostructur\u00e9es comme entit\u00e9s favorables \u00e0 la reconnaissance (bio)mol\u00e9culaire de faibles quantit\u00e9s d\u2019analytes en solution (applications th\u00e9rapeutiques pour le diagnostic m\u00e9dical) et \u00e0 la production d\u2019esp\u00e8ces r\u00e9actives de l\u2019oxyg\u00e8ne (applications pour le traitement m\u00e9dical comme la th\u00e9rapie photodynamique) ou comme (photo)catalyseurs de r\u00e9actions chimiques d\u00e9gradant les polluants de l&rsquo;air ou de l&rsquo;eau ou encore comme constituants de dispositifs \u00e9lectrochromes. Pour ces applications, les propri\u00e9t\u00e9s physico-chimiques surfaciques des nanoparticules semi-conductrices (processus excitoniques, capteurs) et m\u00e9talliques (plasmonique, catalyseurs) doivent \u00eatre finement contr\u00f4l\u00e9es et optimis\u00e9es en vue de leur exploitation : r\u00f4le des ligands, coordination, activation des fonctions chimiques, reconnaissance mol\u00e9culaire cibl\u00e9e. Ce projet est soutenu financi\u00e8rement par le <a href=\"https:\/\/www.cnrs.fr\/\" target=\"_blank\" rel=\"noreferrer noopener\">CNRS<\/a> \u00e0 travers un <em>financement IRP<\/em> (International Research Project).<\/p>\n\n\n\n<div class=\"wp-container-5 wp-block-columns\">\n<div class=\"wp-container-2 wp-block-column\">\n<figure class=\"wp-block-image size-full is-resized\"><a href=\"https:\/\/hebergement.universite-paris-saclay.fr\/inanomep\/wp-content\/uploads\/2022\/04\/logo_ICP.jpg\"><img loading=\"lazy\" src=\"https:\/\/hebergement.universite-paris-saclay.fr\/inanomep\/wp-content\/uploads\/2022\/04\/logo_ICP.jpg\" alt=\"\" class=\"wp-image-88\" width=\"172\" height=\"131\"\/><\/a><\/figure>\n<\/div>\n\n\n\n<div class=\"wp-container-3 wp-block-column\">\n<figure class=\"wp-block-image size-full is-resized\"><a href=\"https:\/\/hebergement.universite-paris-saclay.fr\/inanomep\/wp-content\/uploads\/2022\/04\/Screenshot-2022-04-12-at-17.14.20.png\"><img loading=\"lazy\" src=\"https:\/\/hebergement.universite-paris-saclay.fr\/inanomep\/wp-content\/uploads\/2022\/04\/Screenshot-2022-04-12-at-17.14.20.png\" alt=\"\" class=\"wp-image-94\" width=\"259\" height=\"97\"\/><\/a><\/figure>\n<\/div>\n\n\n\n<div class=\"wp-container-4 wp-block-column\">\n<figure class=\"wp-block-image size-full is-resized\"><a href=\"https:\/\/hebergement.universite-paris-saclay.fr\/inanomep\/wp-content\/uploads\/2024\/12\/LOGO_CNRS_BLEU.png\"><img loading=\"lazy\" src=\"https:\/\/hebergement.universite-paris-saclay.fr\/inanomep\/wp-content\/uploads\/2024\/12\/LOGO_CNRS_BLEU.png\" alt=\"\" class=\"wp-image-151\" width=\"133\" height=\"130\" srcset=\"https:\/\/hebergement.universite-paris-saclay.fr\/inanomep\/wp-content\/uploads\/2024\/12\/LOGO_CNRS_BLEU.png 875w, https:\/\/hebergement.universite-paris-saclay.fr\/inanomep\/wp-content\/uploads\/2024\/12\/LOGO_CNRS_BLEU-300x296.png 300w, https:\/\/hebergement.universite-paris-saclay.fr\/inanomep\/wp-content\/uploads\/2024\/12\/LOGO_CNRS_BLEU-768x757.png 768w\" sizes=\"(max-width: 133px) 100vw, 133px\" \/><\/a><\/figure>\n<\/div>\n<\/div>\n\n\n\n<p><\/p>\n\n\n\n<div class=\"wp-container-8 wp-block-columns\">\n<div class=\"wp-container-6 wp-block-column\">\n<figure class=\"wp-block-image size-full is-resized\"><a href=\"https:\/\/hebergement.universite-paris-saclay.fr\/inanomep\/wp-content\/uploads\/2022\/04\/liege.png\"><img loading=\"lazy\" src=\"https:\/\/hebergement.universite-paris-saclay.fr\/inanomep\/wp-content\/uploads\/2022\/04\/liege.png\" alt=\"\" class=\"wp-image-92\" width=\"205\" height=\"89\" srcset=\"https:\/\/hebergement.universite-paris-saclay.fr\/inanomep\/wp-content\/uploads\/2022\/04\/liege.png 340w, https:\/\/hebergement.universite-paris-saclay.fr\/inanomep\/wp-content\/uploads\/2022\/04\/liege-300x131.png 300w\" sizes=\"(max-width: 205px) 100vw, 205px\" \/><\/a><\/figure>\n<\/div>\n\n\n\n<div class=\"wp-container-7 wp-block-column\">\n<figure class=\"wp-block-image size-full is-resized\"><a href=\"https:\/\/hebergement.universite-paris-saclay.fr\/inanomep\/wp-content\/uploads\/2022\/04\/UPSACLAY-2020-144.png\"><img loading=\"lazy\" src=\"https:\/\/hebergement.universite-paris-saclay.fr\/inanomep\/wp-content\/uploads\/2022\/04\/UPSACLAY-2020-144.png\" alt=\"\" class=\"wp-image-91\" width=\"228\" height=\"103\" srcset=\"https:\/\/hebergement.universite-paris-saclay.fr\/inanomep\/wp-content\/uploads\/2022\/04\/UPSACLAY-2020-144.png 356w, https:\/\/hebergement.universite-paris-saclay.fr\/inanomep\/wp-content\/uploads\/2022\/04\/UPSACLAY-2020-144-300x136.png 300w\" sizes=\"(max-width: 228px) 100vw, 228px\" \/><\/a><\/figure>\n\n\n\n<p><\/p>\n<\/div>\n<\/div>\n\n\n\n<p><\/p>\n","protected":false},"excerpt":{"rendered":"<p>Le projet de recherche collaborative \u00ab INANOMEP \u00bb vise \u00e0 renforcer et structurer \u00e0 l\u2019\u00e9chelle de chaque Unit\u00e9 de Recherche partenaire fran\u00e7aise (ICP: Institut de Chimie Physique, Universit\u00e9 Paris-Saclay, Orsay, &#8230;<\/p>\n","protected":false},"author":1,"featured_media":0,"parent":0,"menu_order":0,"comment_status":"closed","ping_status":"open","template":"","meta":[],"_links":{"self":[{"href":"https:\/\/hebergement.universite-paris-saclay.fr\/inanomep\/index.php?rest_route=\/wp\/v2\/pages\/2"}],"collection":[{"href":"https:\/\/hebergement.universite-paris-saclay.fr\/inanomep\/index.php?rest_route=\/wp\/v2\/pages"}],"about":[{"href":"https:\/\/hebergement.universite-paris-saclay.fr\/inanomep\/index.php?rest_route=\/wp\/v2\/types\/page"}],"author":[{"embeddable":true,"href":"https:\/\/hebergement.universite-paris-saclay.fr\/inanomep\/index.php?rest_route=\/wp\/v2\/users\/1"}],"replies":[{"embeddable":true,"href":"https:\/\/hebergement.universite-paris-saclay.fr\/inanomep\/index.php?rest_route=%2Fwp%2Fv2%2Fcomments&post=2"}],"version-history":[{"count":18,"href":"https:\/\/hebergement.universite-paris-saclay.fr\/inanomep\/index.php?rest_route=\/wp\/v2\/pages\/2\/revisions"}],"predecessor-version":[{"id":152,"href":"https:\/\/hebergement.universite-paris-saclay.fr\/inanomep\/index.php?rest_route=\/wp\/v2\/pages\/2\/revisions\/152"}],"wp:attachment":[{"href":"https:\/\/hebergement.universite-paris-saclay.fr\/inanomep\/index.php?rest_route=%2Fwp%2Fv2%2Fmedia&parent=2"}],"curies":[{"name":"wp","href":"https:\/\/api.w.org\/{rel}","templated":true}]}}