{"id":41,"date":"2022-04-12T12:26:34","date_gmt":"2022-04-12T11:26:34","guid":{"rendered":"https:\/\/hebergement.universite-paris-saclay.fr\/inanomep\/?page_id=41"},"modified":"2025-07-08T15:06:56","modified_gmt":"2025-07-08T14:06:56","slug":"axes-scientifiques","status":"publish","type":"page","link":"https:\/\/hebergement.universite-paris-saclay.fr\/inanomep\/?page_id=41","title":{"rendered":"Le projet"},"content":{"rendered":"\n<p class=\"has-vivid-green-cyan-color has-text-color has-medium-font-size\"><strong>(Bio)chemical sensing applications<\/strong><\/p>\n\n\n\n<p class=\"has-vivid-red-color has-text-color\" style=\"font-size:14px\"><strong>Th\u00e8ses<\/strong><\/p>\n\n\n\n<p>&#8211; <strong>Justin Grill <\/strong>(ICP), 2024-2027 (recrutement sur financement MITI CNRS li\u00e9 \u00e0 l\u2019IRP INANOMEP CNRS, contrat doctoral de droit public CNRS) : \u00ab\u00a0Mod\u00e9lisation spectroscopique avanc\u00e9e des propri\u00e9t\u00e9s optiques nonlin\u00e9aires Interfaciales de bo\u00eetes quantiques fonctionnalis\u00e9es\u00a0\u00bb. Direction : C. Clavagu\u00e9ra, Co-direction : C. Humbert.<\/p>\n\n\n\n<p>&#8211;<strong> Hyppolite Stassart <\/strong>(CESAM), 2024-2030 : \u00ab Study of the optical coupling between luminescent quantum dots and gold nanoparticles \u00bb. Direction : L. Dreesen.<\/p>\n\n\n\n<p>&#8211; <strong>Julie Hottechamps <\/strong>(CESAM) : \u00ab\u00a0Transfert d&rsquo;\u00e9nergie r\u00e9sonant entre nanoparticules semi-conductrices fluorescentes : de l&rsquo;ombre \u00e0 la lumi\u00e8re\u00a0\u00bb, soutenue le 19\/03\/2023. Direction : L. Dreesen.<\/p>\n\n\n\n<p class=\"has-vivid-red-color has-text-color\" style=\"font-size:14px\"><strong>Stages<\/strong><\/p>\n\n\n\n<p>&#8211; <strong>Emeline Boyer<\/strong> (5.5 mois du 1 f\u00e9vrier au 13 juillet 2023, Dir. C. Humbert et C. Clavagu\u00e9ra) : M2 Chimie Inorganique, Physique, et du Solide. Titre: \u201cUnderstanding the enhanced optical and chemical response at the surface of semiconducting nanosensors by advanced rainbow optical spectroscopy and molecular modelling\u201d.<\/p>\n\n\n\n<p>&#8211; <strong>Apolline Piard<\/strong> (6 semaines du 23 mai au 8 juillet 2022, Dir. C. Humbert) : L3 Double Dipl\u00f4me Physico-Chimie Mol\u00e9culaire. Titre&nbsp;: \u00ab&nbsp;Etude et caract\u00e9risation optique lin\u00e9aire et nonlin\u00e9aire arc-en-ciel de nanosenseurs \u00e0 haut rendement quantique&nbsp;\u00bb<\/p>\n\n\n\n<p>&#8211; <strong>Lich Pham-Ba<\/strong> (6 mois du 24 janvier au 24 juillet 2022, Dir.&nbsp;: C. Humbert) :&nbsp; M2 SERP Chem+ Paris-Saclay. Titre: \u201cStudy of the quantum efficiency of the excitonic optical amplification of nanosensors by linear and rainbow nonlinear optical spectroscopy\u201d<\/p>\n\n\n\n<p class=\"has-vivid-green-cyan-color has-text-color has-medium-font-size\"><strong>Photocatalysis under electrochemical control for H2 production<\/strong><\/p>\n\n\n\n<p class=\"has-vivid-red-color has-text-color\" style=\"font-size:14px\"><strong>Th\u00e8ses<\/strong><\/p>\n\n\n\n<p>&#8211; <strong>Zohreh Moghaddasi<\/strong>&nbsp;: (3 ans du 1<sup>er<\/sup> octobre 2023 au 30 septembre 2026, Dir. C. Humbert, M.N. Ghazzal, A. Ranjbari)&nbsp;: Financement via concours annuel EDOM Paris-Saclay. Ttire: \u201cStudy of the fundamental mechanisms of photoelectrocatalysis assisted surface chemical reactivity of core shell nanomaterials by nonlinear optical spectroscopy by two color sum frequency generation\u201d<\/p>\n\n\n\n<p class=\"has-vivid-red-color has-text-color\"><strong>Stages<\/strong><\/p>\n\n\n\n<p>&#8211; <strong>Sajad Berokhrokh <\/strong>: (6 mois en 2024&nbsp;; Dir. A. Ranjbari et J. Dewalque)&nbsp;: Master 2 Proc\u00e9d\u00e9s, Energie, Environnement. Titre:&nbsp;\u00ab&nbsp;Caract\u00e9risation \u00e9lectrochimique d\u2019\u00e9lectrodes transparentes \u00e0 quantit\u00e9 r\u00e9duite de platine destin\u00e9es \u00e0 la production d\u2019hydrog\u00e8ne vert \u00bb<\/p>\n\n\n\n<p>&#8211; <strong>Sajad Berokhrokh <\/strong>: (2 mois du 2 mai au 30 juin 2023,&nbsp;; Dir. A. Ranjbari et J. Dewalque)&nbsp;: M1 G\u00e9nie des proc\u00e9d\u00e9s et production. Titre:&nbsp;\u00ab&nbsp;Caract\u00e9risation des \u00e9lectrodes transparentes destin\u00e9es \u00e0 la r\u00e9duction de protons et production de H<sub>2<\/sub>&nbsp;\u00bb<\/p>\n\n\n\n<p class=\"has-vivid-green-cyan-color has-text-color has-medium-font-size\"><strong>Quantum Dots for efficient production of reactive oxygen species and photodynamic therapy<\/strong><\/p>\n","protected":false},"excerpt":{"rendered":"<p>(Bio)chemical sensing applications Th\u00e8ses &#8211; Justin Grill (ICP), 2024-2027 (recrutement sur financement MITI CNRS li\u00e9 \u00e0 l\u2019IRP INANOMEP CNRS, contrat doctoral de droit public CNRS) : \u00ab\u00a0Mod\u00e9lisation spectroscopique avanc\u00e9e des &#8230;<\/p>\n","protected":false},"author":1,"featured_media":0,"parent":0,"menu_order":0,"comment_status":"closed","ping_status":"closed","template":"","meta":[],"_links":{"self":[{"href":"https:\/\/hebergement.universite-paris-saclay.fr\/inanomep\/index.php?rest_route=\/wp\/v2\/pages\/41"}],"collection":[{"href":"https:\/\/hebergement.universite-paris-saclay.fr\/inanomep\/index.php?rest_route=\/wp\/v2\/pages"}],"about":[{"href":"https:\/\/hebergement.universite-paris-saclay.fr\/inanomep\/index.php?rest_route=\/wp\/v2\/types\/page"}],"author":[{"embeddable":true,"href":"https:\/\/hebergement.universite-paris-saclay.fr\/inanomep\/index.php?rest_route=\/wp\/v2\/users\/1"}],"replies":[{"embeddable":true,"href":"https:\/\/hebergement.universite-paris-saclay.fr\/inanomep\/index.php?rest_route=%2Fwp%2Fv2%2Fcomments&post=41"}],"version-history":[{"count":6,"href":"https:\/\/hebergement.universite-paris-saclay.fr\/inanomep\/index.php?rest_route=\/wp\/v2\/pages\/41\/revisions"}],"predecessor-version":[{"id":177,"href":"https:\/\/hebergement.universite-paris-saclay.fr\/inanomep\/index.php?rest_route=\/wp\/v2\/pages\/41\/revisions\/177"}],"wp:attachment":[{"href":"https:\/\/hebergement.universite-paris-saclay.fr\/inanomep\/index.php?rest_route=%2Fwp%2Fv2%2Fmedia&parent=41"}],"curies":[{"name":"wp","href":"https:\/\/api.w.org\/{rel}","templated":true}]}}