{"id":48,"date":"2022-04-12T12:32:55","date_gmt":"2022-04-12T11:32:55","guid":{"rendered":"https:\/\/hebergement.universite-paris-saclay.fr\/inanomep\/?page_id=48"},"modified":"2022-06-22T11:46:53","modified_gmt":"2022-06-22T10:46:53","slug":"consortium","status":"publish","type":"page","link":"https:\/\/hebergement.universite-paris-saclay.fr\/inanomep\/?page_id=48","title":{"rendered":"Consortium"},"content":{"rendered":"\n<p><a href=\"https:\/\/www.icp.universite-paris-saclay.fr\/\" data-type=\"URL\" data-id=\"https:\/\/www.icp.universite-paris-saclay.fr\/\">Institut de Chimie Physique<\/a>, <a href=\"https:\/\/www.cnrs.fr\/\" data-type=\"URL\" data-id=\"https:\/\/www.cnrs.fr\/\">CNRS<\/a>, <a href=\"https:\/\/www.universite-paris-saclay.fr\/\" data-type=\"URL\" data-id=\"https:\/\/www.universite-paris-saclay.fr\/\">Universit\u00e9 Paris-Saclay<\/a>, France<\/p>\n\n\n\n<p><a href=\"https:\/\/www.cesam.uliege.be\/cms\/c_4262713\/fr\/cesam\" data-type=\"URL\" data-id=\"https:\/\/www.cesam.uliege.be\/cms\/c_4262713\/fr\/cesam\">Complex and Entangled Systems from Atoms to Materials<\/a>, <a href=\"https:\/\/www.uliege.be\/cms\/c_8699436\/fr\/uliege\" data-type=\"URL\" data-id=\"https:\/\/www.uliege.be\/cms\/c_8699436\/fr\/uliege\">Universit\u00e9 de Li\u00e8ge<\/a>, Belgique<\/p>\n","protected":false},"excerpt":{"rendered":"<p>Institut de Chimie Physique, CNRS, Universit\u00e9 Paris-Saclay, France Complex and Entangled Systems from Atoms to Materials, Universit\u00e9 de Li\u00e8ge, Belgique<\/p>\n","protected":false},"author":1,"featured_media":0,"parent":0,"menu_order":0,"comment_status":"closed","ping_status":"closed","template":"","meta":[],"_links":{"self":[{"href":"https:\/\/hebergement.universite-paris-saclay.fr\/inanomep\/index.php?rest_route=\/wp\/v2\/pages\/48"}],"collection":[{"href":"https:\/\/hebergement.universite-paris-saclay.fr\/inanomep\/index.php?rest_route=\/wp\/v2\/pages"}],"about":[{"href":"https:\/\/hebergement.universite-paris-saclay.fr\/inanomep\/index.php?rest_route=\/wp\/v2\/types\/page"}],"author":[{"embeddable":true,"href":"https:\/\/hebergement.universite-paris-saclay.fr\/inanomep\/index.php?rest_route=\/wp\/v2\/users\/1"}],"replies":[{"embeddable":true,"href":"https:\/\/hebergement.universite-paris-saclay.fr\/inanomep\/index.php?rest_route=%2Fwp%2Fv2%2Fcomments&post=48"}],"version-history":[{"count":2,"href":"https:\/\/hebergement.universite-paris-saclay.fr\/inanomep\/index.php?rest_route=\/wp\/v2\/pages\/48\/revisions"}],"predecessor-version":[{"id":104,"href":"https:\/\/hebergement.universite-paris-saclay.fr\/inanomep\/index.php?rest_route=\/wp\/v2\/pages\/48\/revisions\/104"}],"wp:attachment":[{"href":"https:\/\/hebergement.universite-paris-saclay.fr\/inanomep\/index.php?rest_route=%2Fwp%2Fv2%2Fmedia&parent=48"}],"curies":[{"name":"wp","href":"https:\/\/api.w.org\/{rel}","templated":true}]}}