{"id":55,"date":"2022-04-12T12:37:48","date_gmt":"2022-04-12T11:37:48","guid":{"rendered":"https:\/\/hebergement.universite-paris-saclay.fr\/inanomep\/?page_id=55"},"modified":"2024-12-19T20:24:06","modified_gmt":"2024-12-19T19:24:06","slug":"actualites","status":"publish","type":"page","link":"https:\/\/hebergement.universite-paris-saclay.fr\/inanomep\/?page_id=55","title":{"rendered":"Actualit\u00e9s"},"content":{"rendered":"\n<p class=\"has-vivid-green-cyan-color has-text-color has-medium-font-size\"><strong>Atelier de travail INANOMEP\u00a0(13-14 mai 2024 \u2013 Orsay)<\/strong><\/p>\n\n\n\n<p><strong><span style=\"text-decoration: underline;\">Participants<\/span><\/strong>&nbsp;:<\/p>\n\n\n\n<p>ICP\u00a0(7 personnes) : S. Berokhrokh, C. Clavagu\u00e9ra, M. N. Ghazzal, C. Humbert, Z. Moghaddasi, A. Ranjbari, C. Sicard-Roselli<\/p>\n\n\n\n<p>CESAM (4 personnes)\u00a0: J. Dewalque, L. Dreesen, T. Noblet, J.-Y. Raty<\/p>\n\n\n\n<p>Point d\u2019\u00e9tape du projet. Pr\u00e9sentation de r\u00e9sultats scientifiques des diff\u00e9rents partenaires. Discussions et r\u00e9unions <\/p>\n\n\n\n<p class=\"has-vivid-green-cyan-color has-text-color has-medium-font-size\"><strong>Atelier de travail INANOMEP\u00a0(29-30 mai 2023 \u2013 Li\u00e8ge)<\/strong><\/p>\n\n\n\n<p><strong><span style=\"text-decoration: underline;\">Participants<\/span><\/strong>&nbsp;:<\/p>\n\n\n\n<p>ICP&nbsp;(4 personnes) : C. Clavagu\u00e9ra, C. Humbert, A. Ranjbari, C. Sicard-Roselli<\/p>\n\n\n\n<p>CESAM (7 personnes)&nbsp;: A. Debuigne, J. Dewalque, L. Dreesen, C. J\u00e9r\u00f4me, T. Noblet, D. Nguyen, J.-Y. Raty<\/p>\n\n\n\n<p>Point d\u2019\u00e9tape apr\u00e8s 18 mois de projet. Pr\u00e9sentation de r\u00e9sultats scientifiques des diff\u00e9rents partenaires. Discussions et r\u00e9unions par axe de recherche.<\/p>\n\n\n\n<figure class=\"wp-block-image size-large\"><a href=\"https:\/\/hebergement.universite-paris-saclay.fr\/inanomep\/wp-content\/uploads\/2023\/09\/P1000087-scaled.jpg\"><img loading=\"lazy\" width=\"1024\" height=\"768\" src=\"https:\/\/hebergement.universite-paris-saclay.fr\/inanomep\/wp-content\/uploads\/2023\/09\/P1000087-1024x768.jpg\" alt=\"\" class=\"wp-image-138\" srcset=\"https:\/\/hebergement.universite-paris-saclay.fr\/inanomep\/wp-content\/uploads\/2023\/09\/P1000087-1024x768.jpg 1024w, https:\/\/hebergement.universite-paris-saclay.fr\/inanomep\/wp-content\/uploads\/2023\/09\/P1000087-300x225.jpg 300w, https:\/\/hebergement.universite-paris-saclay.fr\/inanomep\/wp-content\/uploads\/2023\/09\/P1000087-768x576.jpg 768w, https:\/\/hebergement.universite-paris-saclay.fr\/inanomep\/wp-content\/uploads\/2023\/09\/P1000087-1536x1152.jpg 1536w, https:\/\/hebergement.universite-paris-saclay.fr\/inanomep\/wp-content\/uploads\/2023\/09\/P1000087-2048x1536.jpg 2048w\" sizes=\"(max-width: 1024px) 100vw, 1024px\" \/><\/a><\/figure>\n\n\n\n<p class=\"has-vivid-green-cyan-color has-text-color has-medium-font-size\"><strong>Atelier de travail INANOMEP (8-9 novembre 2022 &#8211; Orsay)<\/strong><\/p>\n\n\n\n<p><strong><span style=\"text-decoration: underline;\">Participants<\/span><\/strong>&nbsp;:<\/p>\n\n\n\n<p>CESAM (5 personnes)&nbsp;: J. Dewalque, L. Dreesen, T. Noblet, D. Nguyen, P. Nyssen<\/p>\n\n\n\n<p>ICP&nbsp;(7 personnes) : C. Clavagu\u00e9ra, M. Erard, M.N. Ghazzal, C. Humbert, A. Ranjbari, C. Sicard-Roselli, A. Tadjeddine<\/p>\n\n\n\n<p>&#8211; Visite, pr\u00e9sentation des groupes et plateaux techniques ICP associ\u00e9s&nbsp;au projet: <a rel=\"noreferrer noopener\" href=\"https:\/\/www.icp.universite-paris-saclay.fr\/groupes-scientifiques\/theosim\/\" target=\"_blank\">TheoSim<\/a>, <a rel=\"noreferrer noopener\" href=\"https:\/\/www.icp.universite-paris-saclay.fr\/temic\/\" target=\"_blank\">TEMiC<\/a> et <a rel=\"noreferrer noopener\" href=\"https:\/\/www.icp.universite-paris-saclay.fr\/groupes-scientifiques\/cpsysbio2\/\" target=\"_blank\">CPSys<\/a><a href=\"https:\/\/www.icp.universite-paris-saclay.fr\/groupes-scientifiques\/cpsysbio2\/\" target=\"_blank\" rel=\"noreferrer noopener\">B<\/a><a rel=\"noreferrer noopener\" href=\"https:\/\/www.icp.universite-paris-saclay.fr\/groupes-scientifiques\/cpsysbio2\/\" target=\"_blank\">io<\/a><\/p>\n\n\n\n<p>&#8211; Visite des plateformes ICP&nbsp;: <a href=\"https:\/\/www.icp.universite-paris-saclay.fr\/plateformes\/elyse\/\" target=\"_blank\" rel=\"noreferrer noopener\">ELYSE<\/a> (J.-P. Larbre), <a href=\"https:\/\/www.icp.universite-paris-saclay.fr\/plateformes\/plateaux-techniques\/\" target=\"_blank\" rel=\"noreferrer noopener\">Irradiateur panoramique<\/a> (C. Sicard-Roselli), <a href=\"https:\/\/www.icp.universite-paris-saclay.fr\/plateformes\/clio3\/\" target=\"_blank\" rel=\"noreferrer noopener\">CLIO<\/a>+<a href=\"https:\/\/www.icp.universite-paris-saclay.fr\/plateformes\/smas\/\" target=\"_blank\" rel=\"noreferrer noopener\">SMAS<\/a> (N. Jestin, G. van der Rest)<\/p>\n\n\n\n<p> <\/p>\n\n\n\n<p class=\"has-vivid-green-cyan-color has-text-color has-medium-font-size\"><strong>R\u00e9union de lancement du projet INANOMEP (17-18 mars 2022 &#8211; Li\u00e8ge)<\/strong><\/p>\n\n\n\n<p>Dans le cadre d\u2019un projet international de recherche impliquant l\u2019ICP et CESAM (Complex and Entangled Systems form Atoms to Materials, Universit\u00e9 de Li\u00e8ge), des chercheurs (C. Humbert, C. Clavaguera, A. Tadjeddine) et enseignants-chercheurs (C. Sicard-Roselli, M. Erard, A. Ranjbari, M.N. Ghazzal) se sont rendus \u00e0 Belgique sur le Campus scientifique du Sart-Tilman les 17 et 18 mars 2022 pour participer \u00e0 la r\u00e9union de lancement du projet INANOMEP (Innovative NANOstructured interface for MEdical and Photocatalytic applications).<\/p>\n\n\n\n<p>Ce projet soutenu financi\u00e8rement par le CNRS sur la p\u00e9riode 2022-2026, s\u2019inscrit dans le cadre du programme de coop\u00e9ration bilat\u00e9ral de l\u2019Institut National de Chimie du CNRS. INANOMEP s\u2019articule autour de 3 axes th\u00e9matiques de recherche ayant comme \u00e9l\u00e9ment commun les nanomat\u00e9riaux&nbsp;: application des nanomat\u00e9riaux \u00e0 la d\u00e9tection biochimique\/biologique (axe 1), Photocatalyse sous contr\u00f4le \u00e9lectrochimique pour la production d\u2019hydrog\u00e8ne (axe 2) et Exploitation des puits quantiques pour une production efficace des esp\u00e8ces r\u00e9actives de l&rsquo;oxyg\u00e8ne et pour la th\u00e9rapie photo-dynamique (axe 3).<\/p>\n\n\n\n<p>La journ\u00e9e du 17 mars a \u00e9t\u00e9 consacr\u00e9e \u00e0 la pr\u00e9sentation du contour et de l\u2019activit\u00e9 de recherche des diff\u00e9rentes \u00e9quipes de l\u2019ICP et de CESAM. La matin\u00e9e du vendredi 18 mars a permis aux membres de l\u2019ICP de visiter tous les laboratoires de CESAM et de leurs \u00e9quipements de pointe utilisables dans le cadre de la coop\u00e9ration. Le vendredi apr\u00e8s-midi a \u00e9t\u00e9 organis\u00e9 sous forme de 3 tables rondes, une par axe de recherche, afin d\u2019\u00e9laborer la mise en \u0153uvre concr\u00e8te des collaborations scientifiques.<\/p>\n\n\n\n<p>Cette premi\u00e8re r\u00e9union fructueuse a d\u00e9j\u00e0 permis de planifier des collaborations directes entre diff\u00e9rents coll\u00e8gues partenaires orc\u00e9ens et li\u00e8geois sur les 3 axes du projet INANOMEP.<\/p>\n\n\n\n<p><em>Coordinateur ICP&nbsp;:&nbsp; C. Humbert &#8211; Coordinateur CESAM&nbsp;: L. Dreesen<\/em><\/p>\n\n\n\n<p class=\"has-vivid-red-color has-text-color has-medium-font-size\"><strong>Partenaires institutionnels&nbsp;:<\/strong><\/p>\n\n\n\n<p><strong>France&nbsp;: CNRS et Universit\u00e9 Paris-Saclay \/ Belgique&nbsp;: F.R.S- FNRS et Universit\u00e9 de Li\u00e8ge<\/strong><\/p>\n\n\n\n<figure class=\"wp-block-image size-full\"><a href=\"https:\/\/hebergement.universite-paris-saclay.fr\/inanomep\/wp-content\/uploads\/2022\/04\/Photo_CESAM-ICP_web.png\"><img loading=\"lazy\" width=\"886\" height=\"591\" src=\"https:\/\/hebergement.universite-paris-saclay.fr\/inanomep\/wp-content\/uploads\/2022\/04\/Photo_CESAM-ICP_web.png\" alt=\"\" class=\"wp-image-56\" srcset=\"https:\/\/hebergement.universite-paris-saclay.fr\/inanomep\/wp-content\/uploads\/2022\/04\/Photo_CESAM-ICP_web.png 886w, https:\/\/hebergement.universite-paris-saclay.fr\/inanomep\/wp-content\/uploads\/2022\/04\/Photo_CESAM-ICP_web-300x200.png 300w, https:\/\/hebergement.universite-paris-saclay.fr\/inanomep\/wp-content\/uploads\/2022\/04\/Photo_CESAM-ICP_web-768x512.png 768w, https:\/\/hebergement.universite-paris-saclay.fr\/inanomep\/wp-content\/uploads\/2022\/04\/Photo_CESAM-ICP_web-624x416.png 624w\" sizes=\"(max-width: 886px) 100vw, 886px\" \/><\/a><\/figure>\n\n\n\n<p><span style=\"text-decoration: underline;\"><strong>Participants<\/strong><\/span> (de gauche \u00e0 droite): A. Ranjbari (Fr), M. Erard (Fr), J.-Y. Raty (Be), C. Clavaguera (Fr), M.N. Ghazzal (Fr), A. Maho (Be), T. Noblet (Be), D. Nguyen (Be), C. Sicard-Roselli (Fr), L. Dreesen (Be, Coordinateur), A. Tadjeddine (Fr), C. Humbert (Fr, Coordinateur), S. Dorbolo (Be), J. Hottechamps (Be), C. J\u00e9r\u00f4me (Be), P. Nyssen (Be).<\/p>\n","protected":false},"excerpt":{"rendered":"<p>Atelier de travail INANOMEP\u00a0(13-14 mai 2024 \u2013 Orsay) Participants&nbsp;: ICP\u00a0(7 personnes) : S. Berokhrokh, C. Clavagu\u00e9ra, M. N. Ghazzal, C. Humbert, Z. Moghaddasi, A. Ranjbari, C. Sicard-Roselli CESAM (4 personnes)\u00a0: &#8230;<\/p>\n","protected":false},"author":1,"featured_media":56,"parent":0,"menu_order":0,"comment_status":"closed","ping_status":"closed","template":"","meta":[],"_links":{"self":[{"href":"https:\/\/hebergement.universite-paris-saclay.fr\/inanomep\/index.php?rest_route=\/wp\/v2\/pages\/55"}],"collection":[{"href":"https:\/\/hebergement.universite-paris-saclay.fr\/inanomep\/index.php?rest_route=\/wp\/v2\/pages"}],"about":[{"href":"https:\/\/hebergement.universite-paris-saclay.fr\/inanomep\/index.php?rest_route=\/wp\/v2\/types\/page"}],"author":[{"embeddable":true,"href":"https:\/\/hebergement.universite-paris-saclay.fr\/inanomep\/index.php?rest_route=\/wp\/v2\/users\/1"}],"replies":[{"embeddable":true,"href":"https:\/\/hebergement.universite-paris-saclay.fr\/inanomep\/index.php?rest_route=%2Fwp%2Fv2%2Fcomments&post=55"}],"version-history":[{"count":13,"href":"https:\/\/hebergement.universite-paris-saclay.fr\/inanomep\/index.php?rest_route=\/wp\/v2\/pages\/55\/revisions"}],"predecessor-version":[{"id":159,"href":"https:\/\/hebergement.universite-paris-saclay.fr\/inanomep\/index.php?rest_route=\/wp\/v2\/pages\/55\/revisions\/159"}],"wp:featuredmedia":[{"embeddable":true,"href":"https:\/\/hebergement.universite-paris-saclay.fr\/inanomep\/index.php?rest_route=\/wp\/v2\/media\/56"}],"wp:attachment":[{"href":"https:\/\/hebergement.universite-paris-saclay.fr\/inanomep\/index.php?rest_route=%2Fwp%2Fv2%2Fmedia&parent=55"}],"curies":[{"name":"wp","href":"https:\/\/api.w.org\/{rel}","templated":true}]}}