{"id":19,"date":"2018-10-19T22:09:18","date_gmt":"2018-10-19T20:09:18","guid":{"rendered":"http:\/\/hebergement.u-psud.fr\/ingenierie.villebon-charpak\/?page_id=19"},"modified":"2020-02-20T17:50:53","modified_gmt":"2020-02-20T16:50:53","slug":"contact","status":"publish","type":"page","link":"https:\/\/hebergement.universite-paris-saclay.fr\/ingenierie.villebon-charpak\/contact\/","title":{"rendered":"Contact et liens"},"content":{"rendered":"\n<h2>Equipes enseignantes<\/h2>\n\n\n\n<p><strong>Fabienne Bernard<\/strong> est professeure agr\u00e9g\u00e9e \u00e0 l&rsquo;<a href=\"https:\/\/www.institutoptique.fr\/\">Institut d&rsquo;Optique graduate school<\/a>. Elle y intervient principalement dans les enseignements exp\u00e9rimentaux de photonique et d&rsquo;\u00e9lectronique. Elle est par ailleurs la responsable du&nbsp;&nbsp;<a href=\"http:\/\/lense.institutoptique.fr\">Laboratoire d&rsquo;Enseignement Exp\u00e9rimental (LEnsE) de l&rsquo;IOGS.<\/a>&nbsp; Fabienne.Bernard[at]institutoptique.fr. A l&rsquo;Institut Villebon-Georges Charpak elle intervient en L1 et en L3.<\/p>\n\n\n\n<p><strong>Fr\u00e9d\u00e9ric Bouquet<\/strong> est ma\u00eetre de conf\u00e9rences \u00e0 l&rsquo;Universit\u00e9 Paris-Saclay. Il intervient en L1 et en L2.<\/p>\n\n\n\n<p><strong>Anthony Juton<\/strong>&nbsp;est professeur agr\u00e9g\u00e9 \u00e0 l<a href=\"https:\/\/ens-paris-saclay.fr\">&lsquo;ENS Paris-Saclay<\/a>. anthony.juton[at]ens-paris-saclay.fr, il intervient en L3.<\/p>\n\n\n\n<p><strong>Samuel Tardieu<\/strong> est enseignant-chercheur \u00e0 <a href=\"https:\/\/www.telecom-paris.fr\/?gclid=Cj0KCQiA-bjyBRCcARIsAFboWg2zkIZ5z3tqGmrGFIGl4ztEQs5UzN2F2A_cvrdB6-lMRjjECy_DBgwaAoidEALw_wcB\">Telecom-Paris<\/a>. Il intervient dans l&rsquo;encadrement des projets en L3S6.<\/p>\n\n\n\n<p><strong>Jean-Charles Vanel<\/strong> est ing\u00e9nieur CNRS au <a href=\"https:\/\/portail.polytechnique.edu\/lpicm\/en\">Laboratoire de physique des interfaces et des couches minces<\/a>&nbsp; (CNRS &#8211; Ecole polytechnique), il intervient en L3.<\/p>\n\n\n\n<h2>Liens<\/h2>\n\n\n\n<p>Le <a href=\"http:\/\/opentp.fr\">&nbsp;site OpenTP <\/a><\/p>\n","protected":false},"excerpt":{"rendered":"<p>Equipes enseignantes Fabienne Bernard est professeure agr\u00e9g\u00e9e \u00e0 l&rsquo;Institut d&rsquo;Optique graduate school. Elle y intervient principalement dans les enseignements exp\u00e9rimentaux de photonique et d&rsquo;\u00e9lectronique. Elle est par ailleurs la responsable du&nbsp;&nbsp;Laboratoire d&rsquo;Enseignement Exp\u00e9rimental (LEnsE) de l&rsquo;IOGS.&nbsp; Fabienne.Bernard[at]institutoptique.fr. A l&rsquo;Institut Villebon-Georges<\/p>\n","protected":false},"author":1,"featured_media":0,"parent":0,"menu_order":0,"comment_status":"closed","ping_status":"closed","template":"","meta":[],"_links":{"self":[{"href":"https:\/\/hebergement.universite-paris-saclay.fr\/ingenierie.villebon-charpak\/wp-json\/wp\/v2\/pages\/19"}],"collection":[{"href":"https:\/\/hebergement.universite-paris-saclay.fr\/ingenierie.villebon-charpak\/wp-json\/wp\/v2\/pages"}],"about":[{"href":"https:\/\/hebergement.universite-paris-saclay.fr\/ingenierie.villebon-charpak\/wp-json\/wp\/v2\/types\/page"}],"author":[{"embeddable":true,"href":"https:\/\/hebergement.universite-paris-saclay.fr\/ingenierie.villebon-charpak\/wp-json\/wp\/v2\/users\/1"}],"replies":[{"embeddable":true,"href":"https:\/\/hebergement.universite-paris-saclay.fr\/ingenierie.villebon-charpak\/wp-json\/wp\/v2\/comments?post=19"}],"version-history":[{"count":10,"href":"https:\/\/hebergement.universite-paris-saclay.fr\/ingenierie.villebon-charpak\/wp-json\/wp\/v2\/pages\/19\/revisions"}],"predecessor-version":[{"id":733,"href":"https:\/\/hebergement.universite-paris-saclay.fr\/ingenierie.villebon-charpak\/wp-json\/wp\/v2\/pages\/19\/revisions\/733"}],"wp:attachment":[{"href":"https:\/\/hebergement.universite-paris-saclay.fr\/ingenierie.villebon-charpak\/wp-json\/wp\/v2\/media?parent=19"}],"curies":[{"name":"wp","href":"https:\/\/api.w.org\/{rel}","templated":true}]}}