{"id":502,"date":"2023-05-22T10:29:02","date_gmt":"2023-05-22T08:29:02","guid":{"rendered":"https:\/\/hebergement.universite-paris-saclay.fr\/jdse\/?page_id=502"},"modified":"2024-05-21T15:18:34","modified_gmt":"2024-05-21T13:18:34","slug":"information","status":"publish","type":"page","link":"https:\/\/hebergement.universite-paris-saclay.fr\/jdse\/jdse2023\/information\/","title":{"rendered":"Information"},"content":{"rendered":"\n<h2 class=\"wp-block-heading\" style=\"font-size:20px;font-style:normal;font-weight:900\">Date:<\/h2>\n\n\n\n<p style=\"margin-top:0;font-size:15px\">September 27-28<\/p>\n\n\n\n<h6 class=\"wp-block-heading\" style=\"margin-top:var(--wp--preset--spacing--50);font-size:20px;font-style:normal;font-weight:800;text-transform:capitalize\">Address: <\/h6>\n\n\n\n<p style=\"margin-top:0;font-size:15px;font-style:normal;font-weight:300\"><a rel=\"noreferrer noopener\" href=\"https:\/\/www.google.com\/url?q=https%3A%2F%2Fwww.imo.universite-paris-saclay.fr%2Fen%2F&amp;sa=D&amp;sntz=1&amp;usg=AOvVaw013U99WVq1BhVYPAOr7S1n\" target=\"_blank\">Laboratoire de Math\u00e9matiques d&rsquo;Orsay &#8211; Universit\u00e9 Paris-Saclay<\/a><\/p>\n\n\n\n<p style=\"margin-top:var(--wp--preset--spacing--20);margin-right:0;margin-bottom:0;margin-left:0;font-size:14px\">Amphi Yoccoz<br>B\u00e2timent 307, rue Michel Magat<br>Facult\u00e9 des Sciences d\u2019Orsay, Universit\u00e9 Paris-Saclay<br>F-91405 Orsay Cedex<\/p>\n\n\n\n<h6 class=\"wp-block-heading\" style=\"font-size:20px;font-style:normal;font-weight:800;text-transform:capitalize\">Transportation Tips <strong><font size=\"3.5px\">(via public transportation)\n<\/font>  <\/strong><\/h6>\n\n\n\n<p style=\"margin-top:0;font-size:15px\">RER B train, Orsay-Ville station.<\/p>\n\n\n\n<p style=\"margin-top:var(--wp--preset--spacing--20);margin-right:0;margin-bottom:0;margin-left:0;font-size:15px\">When coming from Paris, take the train in the direction of <strong>Saint Remy les Chevreuses<\/strong>. The trip will take around 40-50 minutes door to door.<\/p>\n\n\n\n<p style=\"margin-top:var(--wp--preset--spacing--30);margin-right:0;margin-bottom:0;margin-left:0;font-size:15px\">When you leave the station, head down the valley to <strong>Rue Elisa Desjobert<\/strong>. When you reach the bus station, turn left at <strong>Rue de Launay<\/strong> and walk to the entrance gates of the University. Then follow the path to the right which crosses the Yvette river. Building 307 is on the left just after the bridge.<\/p>\n\n\n\n<iframe src=\"https:\/\/www.google.com\/maps\/embed?pb=!1m14!1m8!1m3!1d2633.2673845887443!2d2.1758054!3d48.7003701!3m2!1i1024!2i768!4f13.1!3m3!1m2!1s0x47e678aa59b00521%3A0x2a87d22bdeb803d2!2s307%20Rue%20Michel%20Magat%2C%2091400%20Orsay!5e0!3m2!1sen!2sfr!4v1684753713770!5m2!1sen!2sfr\" width=\"600\" height=\"450\" style=\"border:0;\" allowfullscreen=\"\" loading=\"lazy\" referrerpolicy=\"no-referrer-when-downgrade\"><\/iframe>\n\n\n\n<h6 class=\"wp-block-heading\" style=\"font-size:20px;font-style:normal;font-weight:800;text-transform:capitalize\">Contact<\/h6>\n\n\n\n<p style=\"margin-top:0;font-size:15px\">If you have any questions, do not hesitate to contact us at&nbsp;<a href=\"mailto:marie.laveau@universite-paris-saclay.fr\"><strong>marie.laveau@universite-paris-saclay.fr<\/strong><\/a><\/p>\n","protected":false},"excerpt":{"rendered":"<p>Date: September 27-28 Address: Laboratoire de Math\u00e9matiques d&rsquo;Orsay &#8211; Universit\u00e9 Paris-Saclay Amphi YoccozB\u00e2timent 307, rue Michel MagatFacult\u00e9 des Sciences d\u2019Orsay, Universit\u00e9 Paris-SaclayF-91405 Orsay Cedex Transportation Tips (via public transportation) RER B train, Orsay-Ville station. When coming from Paris, take the train in the direction of Saint Remy les Chevreuses. The trip will take around 40-50 [&hellip;]<\/p>\n","protected":false},"author":1,"featured_media":0,"parent":681,"menu_order":0,"comment_status":"closed","ping_status":"closed","template":"jdse2023","meta":[],"_links":{"self":[{"href":"https:\/\/hebergement.universite-paris-saclay.fr\/jdse\/wp-json\/wp\/v2\/pages\/502"}],"collection":[{"href":"https:\/\/hebergement.universite-paris-saclay.fr\/jdse\/wp-json\/wp\/v2\/pages"}],"about":[{"href":"https:\/\/hebergement.universite-paris-saclay.fr\/jdse\/wp-json\/wp\/v2\/types\/page"}],"author":[{"embeddable":true,"href":"https:\/\/hebergement.universite-paris-saclay.fr\/jdse\/wp-json\/wp\/v2\/users\/1"}],"replies":[{"embeddable":true,"href":"https:\/\/hebergement.universite-paris-saclay.fr\/jdse\/wp-json\/wp\/v2\/comments?post=502"}],"version-history":[{"count":13,"href":"https:\/\/hebergement.universite-paris-saclay.fr\/jdse\/wp-json\/wp\/v2\/pages\/502\/revisions"}],"predecessor-version":[{"id":690,"href":"https:\/\/hebergement.universite-paris-saclay.fr\/jdse\/wp-json\/wp\/v2\/pages\/502\/revisions\/690"}],"up":[{"embeddable":true,"href":"https:\/\/hebergement.universite-paris-saclay.fr\/jdse\/wp-json\/wp\/v2\/pages\/681"}],"wp:attachment":[{"href":"https:\/\/hebergement.universite-paris-saclay.fr\/jdse\/wp-json\/wp\/v2\/media?parent=502"}],"curies":[{"name":"wp","href":"https:\/\/api.w.org\/{rel}","templated":true}]}}