{"id":346,"date":"2015-03-15T09:40:14","date_gmt":"2015-03-15T08:40:14","guid":{"rendered":"http:\/\/hebergement.u-psud.fr\/joovon\/?page_id=346"},"modified":"2023-06-28T15:07:30","modified_gmt":"2023-06-28T13:07:30","slug":"conferences","status":"publish","type":"page","link":"https:\/\/hebergement.universite-paris-saclay.fr\/joovon\/?page_id=346","title":{"rendered":"Conference Presentations"},"content":{"rendered":"\n<h3 class=\"wp-block-heading\">Invited talks<\/h3>\n\n\n\n<ol class=\"wp-block-list\" reversed>\n<li><em>Resonant skyrmion dynamics and spin wave generation in magnetic multilayers<\/em><br>International Workshop on Topological Structures, Mainz, Germany; 13-16 Sep 2022.<\/li>\n\n\n\n<li><em>Localised modes and spin wave focusing in synthetic antiferromagnets<\/em><br>12th International Conference on Advanced Materials and Devices (Hybrid), Jeju, Republic of Korea (Hybrid); 6-10 Dec 2021.<\/li>\n\n\n\n<li><em>Localised modes and spin wave focusing in synthetic antiferromagnets<\/em><br>AIM 2020-2021, Moena, Italy (Online); 13-16 Jun 2021.<\/li>\n\n\n\n<li><em>Nonlinear and stochatic dynamics of skyrmions in frustrated magnets<\/em><br>Intermag 2021, Lyon, France (Online); 26-30 Apr 2021.<\/li>\n\n\n\n<li><em>Skyrmiogenesis: Asymmetry in skyrmion-antiskyrmion pair production<\/em><br>CMD2020GEFES, Madrid, Spain (Online); 31 Aug &#8211; 4 Sep 2020.<\/li>\n\n\n\n<li><em>Chaos-based information processing with nanocontact vortex oscillators<\/em><br>French-US Symposium on Nanoelectronics, Paris, France; 25-27 Sep 2019.<\/li>\n\n\n\n<li><em>Spin wave power flow and caustics in thin films with Dzyaloshinskii-Moriya interactions<\/em><br>Magnonics 2019, Carovigno, Italy; 28 Jul &#8211; 1 Aug 2019.<\/li>\n\n\n\n<li><em>Skyrmion dynamics driven by spin-orbit torques<\/em><br>AIM 2018, La Thuile, Italy; 5-7 Feb&nbsp;2018.<\/li>\n\n\n\n<li><em>Nonreciprocal Spin Wave Power Flow and Caustics in Ultrathin Ferromagnets<\/em><br>62nd Conference on Magnetism and Magnetic Materials, Pittsburgh, USA; 6-10 Nov&nbsp;2017.<\/li>\n\n\n\n<li><em>Domain wall creep and current-driven skyrmion motion<\/em><br>International Workshop on Topological Structures in Ferroic Materials, Leeds, UK; 8-10 Aug&nbsp;2017.<\/li>\n\n\n\n<li><em>Spin wave caustics and channelling in chiral spin systems<\/em><br>2017 Spring Meeting \u2013 Deutsche Physikalische Gesellschaft, Dresden, Germany; 19-24 Mar&nbsp;2017.<\/li>\n\n\n\n<li><em>Chaotic dynamics in nanocontact vortex oscillators<\/em><br>Topological Patterns and Dynamics in Magnetic Elements and in Condensed Matter, Dresden,&nbsp;Germany; 27 Jun &#8211; 8 Jul 2016.<\/li>\n\n\n\n<li><em>Chaos and delayed feedback in nanocontact vortex oscillators<\/em><br>MOSAIC Workshop, Varberg,&nbsp;Sweden; 15-18 Jun 2016.<\/li>\n\n\n\n<li><em>Spin wave channelling in chiral spin textures<\/em><br>Controlling Magnetic Nanostructures, Konstanz,&nbsp;Germany; 23-25 Sep 2015.<\/li>\n\n\n\n<li><em>Spin wave dynamics in ultrathin magnetic films with chiral interactions<\/em><br>Spin-orbit&nbsp;coupling&nbsp;in surface or interface states, Spetses,&nbsp;Greece; 8-12 Jun 2015.<\/li>\n\n\n\n<li><em>Chaotic states in nanoscale magnetic vortex oscillators<\/em><br>International Workshop on Topological Structures in Ferroic Materials, Sydney, Australia; 19-22 May 2015.<\/li>\n\n\n\n<li><em>Nonreciprocal spin wave channeling in chiral spin textures driven by the Dzyaloshinskii-Moriya interaction<\/em><br>JSPS Symposium on Nanoscale Physics of Quantum Materials, Leeds, UK; 11-12 Aug&nbsp;2014.<\/li>\n\n\n\n<li><em>Nonreciprocal spin wave channeling in chiral spin textures driven by the Dzyaloshinskii-Moriya interaction<\/em><br>Spin Torques and Magnetic Solitons Workshop, G\u00f6teborg, Sweden; 6 Jun&nbsp;2014.<\/li>\n\n\n\n<li><em>Commensurability and chaos in magnetic vortex oscillations<\/em><br>2014 Spring Meeting \u2013 Deutsche Physikalische Gesellschaft, Dresden, Germany; 30 Mar&nbsp;&#8211; 4 Apr&nbsp;2014.<\/li>\n\n\n\n<li><em>Nonreciprocal spin-wave propagation in spin textures driven by the Dzyaloshinskii-Moriya interaction<\/em><br>Current-Driven Magnetisation Dynamics, Leeds, UK; 7-9 Jan&nbsp;2014.<\/li>\n\n\n\n<li><em>Commensurability and chaos in magnetic vortex oscillations<\/em><br>8th International Symposium on Metallic Multilayers, Kyoto, Japan; 19-24 May&nbsp;2013.<\/li>\n\n\n\n<li><em>Commensurability and chaos in magnetic vortex oscillations<\/em><br>Spin Dynamics in Nanomagnets, Seoul, Republic of Korea; 15-18 Jul&nbsp;2012.<\/li>\n\n\n\n<li><em>Commensurability and chaos in magnetic vortex oscillations<\/em><br>Spin Master Voice 2010, Villiers-le-Mahieu, France; 14-16 Dec&nbsp;2011.<\/li>\n\n\n\n<li><em>Vortex Oscillations in Magnetic Nanocontacts<\/em><br>Eastmag Conference, Ekaterinburg, Russian Federation; 28 June&nbsp;&#8211; 2 Jul,&nbsp;2010.<\/li>\n\n\n\n<li><em>Current-driven vortex dynamics in metallic nanocontacts<\/em><br>SPIE Optics+Photonics, San Diego, USA; 2-6 Aug&nbsp;2009.<\/li>\n\n\n\n<li><em>Current-driven vortex oscillations in metallic point-contact systems<\/em><br>2nd WUN International Conference on Spintronic Materials and Technology, Nanjing, China; 13-16 Jul 2008.<\/li>\n\n\n\n<li><em>Spin-transfer oscillators<\/em><br>DeGennesDays 2008,&nbsp;Coll\u00e8ge de France, Paris, France; 14-17 May&nbsp;2008.<\/li>\n\n\n\n<li><em>Current-driven vortex oscillations in metallic point-contacts<\/em><br>Intermag Conference 2008, Madrid, Spain; 4-8 May&nbsp;2008.<\/li>\n\n\n\n<li><em>Current-driven spin-wave eigenmodes in rectangular spin-valve nanopillars<\/em><br>6th IEEE International Symposium on Metallic Multilayers, Perth, Australia; 15-19 Oct 2007.<\/li>\n\n\n\n<li><em>Magnetic random access memories: Reliability and future challenges<\/em><br>Eurenet Conference, Paris, France; 6 Mar&nbsp;2007.<\/li>\n\n\n\n<li><em>La dynamique rapide des nanoaimants<\/em><br>S\u00e9minaire Daniel Dautreppe, Grenoble, France; 25-29 Sep&nbsp;2006.<\/li>\n\n\n\n<li><em>Current-driven magnetisation dynamics in spin-valve nanopillars<\/em><br>Spintronex 06, Paris, France; 5 Apr&nbsp;2006.<\/li>\n\n\n\n<li><em>Une nouvelle dynamique rapide des nano-aimants : la relaxation et le transfert de spin<\/em><br>14th Colloque Bouyssy, Orsay, France; 23-24 Feb&nbsp;2006.<\/li>\n\n\n\n<li>Current-driven magnetization dynamics in spin-valve nanopillars<br>1st Symposium on Nanoscience and Nanotechnology between Sanken and CNRS, Orsay, France; 12-13 Feb&nbsp;2006.<\/li>\n\n\n\n<li><em>Metallic spin transport on the nanoscale: From giant magnetoresistance to spin-momentum transfer<\/em><br>Physics for Large and Small Scales, Hanoi, Vietnam; 8-9 Jan&nbsp;2006.<\/li>\n<\/ol>\n\n\n\n<hr class=\"wp-block-separator has-css-opacity is-style-dots\"\/>\n\n\n\n<h3 class=\"wp-block-heading\">Regular contributions<\/h3>\n\n\n\n<ol class=\"wp-block-list\" reversed>\n<li><em>Pattern recognition in a magnon-scattering reservoir<\/em> (oral)<br>9eme Journ\u00e9es Complexit\u00e9 D\u00e9sordre, Paris, France; 19-20 Jun 2023.<\/li>\n\n\n\n<li><em>Resonant dynamics of three-dimensional skyrmionic textures in thin film multilayers<\/em> (oral)<br>Hysteresis Modeling and Micromagnetics 2023, Vienna, Austria; 5-7 Jun 2023.<\/li>\n\n\n\n<li><em>Mode-resolved micromagnetics simulations for nonlinear spin wave processes in confined systems<\/em> (poster)<br>Hysteresis Modeling and Micromagnetics 2023, Vienna, Austria; 5-7 Jun 2023.<\/li>\n\n\n\n<li><em>Annealing a skyrmion lattice with spin wave excitations<\/em><br>67th Annual Conference on Magnetism and Magnetic Materials, Minneapolis, USA (hybrid); 31 Oct &#8211; 4 Nov 2022.<\/li>\n\n\n\n<li><em>Anomalous thermal drift of skyrmions in frustrated magnets under spin-orbit torques<\/em><br>15th Joint MMM-Intermag Conference, New Orleans, USA (Hybrid); 10-14 Jan 2022.<\/li>\n\n\n\n<li><em>On quantifying the topological charge in micromagnetics using a lattice-based approach<\/em><br>Intermag 2021, Lyon, France (Virtual); 26-30 Apr 2021.<\/li>\n\n\n\n<li><em>Simulating Spin Wave Noise in Synthetic Antiferromagnetic Textures<\/em><br>65th Conference on Magnetism and Magnetic Materials (Virtual); 2-6 Nov 2020.<\/li>\n\n\n\n<li><em>Skyrmiogenesis: Skyrmion-antiskyrmion asymmetry from pair generation<\/em> (oral)<br>64th Conference on Magnetism and Magnetic Materials, Las Vegas (NV), USA; 4-8 Nov 2019.<\/li>\n\n\n\n<li><em>Nonlinear dynamics of spin-torque nano-oscillators with delayed feedback<\/em> (oral)<br>64th Conference on Magnetism and Magnetic Materials, Las Vegas (NV), USA; 4-8 Nov 2019.<\/li>\n\n\n\n<li><em>Skyrmiogenesis: Skyrmion-antiskyrmion asymmetry from pair generation<\/em> (oral)<br>10th International Symposium on Metallic Multilayers (MML), Madrid, Spain; 17-21 Jun 2019.<\/li>\n\n\n\n<li><em>Trochoidal motion and pair generation in skyrmion and antiskyrmion dynamics driven by spin-orbit torques<\/em> (poster)<br>19th Colloque Louis N\u00e9el, Toulouse, France; 14-17 May 2019.<\/li>\n\n\n\n<li><em>Trochoidal motion and pair generation in skyrmion and antiskyrmion dynamics driven by spin-orbit torques<\/em> (oral)<br>23rd International Colloquium on Magnetic Films and Surfaces, Santa Cruz CA, USA; 22-27 Jul 2018.<\/li>\n\n\n\n<li><em>Skyrmion and antiskyrmion dynamics in ultrathin ferromagnetic films driven by spin-orbit torques<\/em> (oral)<br>2018 Intermag Conference, Singapore; 23-27 Apr 2018.<\/li>\n\n\n\n<li><em>Current-driven skyrmion dynamics in disordered ultrathin films<\/em> (oral)<br>62nd Conference on Magnetism and Magnetic Materials, Pittsburgh, USA; 6-10 Nov 2017.<\/li>\n\n\n\n<li><em>Current-driven skyrmion dynamics in disordered ultrathin films<\/em> (poster)<br>2017 SKYMAG Workshop, Paris, France; 2-5 May 2017.<\/li>\n\n\n\n<li><em>Current-driven skyrmion dynamics in disordered ultrathin films<\/em> (poster)<br>2017 Intermag Conference, Dublin, Ireland; 24-28 Apr 2017.<\/li>\n\n\n\n<li><em>Spin wave power flow and caustics in ultrathin films with the Dzyaloshinskii-Moriya interaction and spin currents<\/em> (oral)<br>2017 Intermag Conference, Dublin, Ireland; 24-28 Apr 2017.<\/li>\n\n\n\n<li><em>Measurement of the exchange stiffness in ultrathin perpendicularly magnetized CoFeB layers<\/em> (oral)<br>13th Joint MMM-Intermag Conference, San Diego, USA; 11-15 Jan 2016.<\/li>\n\n\n\n<li><em>Skyrmion oscillators with inhomogeneous polarizers<\/em> (oral)<br>13th Joint MMM-Intermag Conference, San Diego, USA; 11-15 Jan 2016.<\/li>\n\n\n\n<li><em>Spin wave power flow in chiral magnetic systems<\/em> (oral)<br>13th Joint MMM-Intermag Conference, San Diego, USA; 11-15 Jan 2016.<\/li>\n\n\n\n<li><em>Spin waves in films, dots, and domain walls with Dzyaloshinskii-Moriya interactions<\/em> (oral)<br>58th Magnetism and Magnetic Materials Conference, Denver, USA; 4-8 Nov&nbsp;2013.<\/li>\n\n\n\n<li><em>Commensurate and incommensurate states in nanocontact vortex oscillations<\/em> (oral)<br>12th Joint MMM-Intermag Conference, Chicago, USA; 14-18 Jan&nbsp;2013.<\/li>\n\n\n\n<li><em>ns-scale magnetization reversal in (Ga,Mn)As using electrical field gating<\/em> (oral)<br>56th Conference on Magnetism and Magnetic Materials, Scottsdale, Arizona, USA; 30 Oct&nbsp;\u2013 3 Nov&nbsp;2011.<\/li>\n\n\n\n<li><em>Phase locking of gyrotropic oscillations and periodic core reversal in nanocontact vortex oscillators<\/em> (oral)<br>56th Magnetism and Magnetic Materials Conference, Scottsdate, Arizona, USA; 30 Oct&nbsp;&#8211; 3 Nov&nbsp;2011.<\/li>\n\n\n\n<li><em>Time-resolved measurements of vortex core reversal in vortex magnetic nanocontact oscillations<\/em> (oral)<br>55th Magnetism and Magnetic Materials Conference, Atlanta, USA; 14-18 Nov&nbsp;2010.<\/li>\n\n\n\n<li><em>Spin-wave contributions to current-driven domain wall motion<\/em> (oral)<br>11th Joint MMM-Intermag Conference, Washington, DC, USA; 14-18 Jan&nbsp;2010.<\/li>\n\n\n\n<li><em>Theory of the power spectrum of current-driven vortex oscillations in magnetic nanocontacts<\/em> (oral)<br>11th Joint MMM-Intermag Conference, Washington, DC, USA; 14-18 Jan&nbsp;2010.<\/li>\n\n\n\n<li><em>Spin-wave contributions to current-driven domain wall motion<\/em> (poster)<br>20th International Colloquium on Magnetic Films and Surfaces, Berlin, Germany; 20-24 Jul&nbsp;2009<\/li>\n\n\n\n<li><em>Fokker-Plank theory of stochastic dynamics of spin-torque auto-oscillators<\/em> (oral)<br>53rd Magnetism and Magnetic Materials Conference, Austin, Texas, USA&nbsp;; 10-14 Nov&nbsp;2008.<\/li>\n\n\n\n<li><em>Asymmetric lineshapes in spin-torque nano-oscillators near threshold<\/em> (oral)<br>2008 Intermag Conference, Madrid, Spain; 4-8 May&nbsp;2008.<\/li>\n\n\n\n<li><em>Stochastic theory of spin-torque oscillator linewidths<\/em> (poster)<br>11e Colloque Louis N\u00e9el, Lyon, France; 14-16 Mar&nbsp;2007.<\/li>\n\n\n\n<li><em>Mode-hopping of current-driven excitations in spin-valve point-contacts<\/em> (poster)<br>10th Joint MMM-Intermag Conference, Baltimore, USA; 7-11 Jan 2007.<\/li>\n\n\n\n<li><em>Stochastic theory of spin-transfer oscillator linewidths<\/em> (oral)<br>10th Joint MMM-Intermag Conference, Baltimore, USA; 7-11 Jan&nbsp;2007.<\/li>\n\n\n\n<li><em>Stochastic theory of spin-torque oscillator linewidths<\/em> (poster)<br>International Workshop on Spin Transfer, Nancy, France; 2-4 Oct&nbsp;2006.<\/li>\n\n\n\n<li><em>Narrow spectral lines in spin-transfer oscillators based on spin-valve nanopillars: Theory and Experiment<\/em> (poster)<br>French-US Workshop on Spintronics and Magnetic Nanostructures, Saint Pierre de Chartreuse, France; 12-14 Juin 2006.<\/li>\n\n\n\n<li><em>Commutation d\u2019un antiferromagn\u00e9tique synth\u00e9tique dans le r\u00e9gime pr\u00e9cessionel<\/em> (oral)<br>10e Colloque Louis N\u00e9el, Dourdan, France; 21-23 Sep&nbsp;2005.<\/li>\n\n\n\n<li><em>Hysteresis from antiferromagnetic domain wall processes in exchange-bias systems<\/em> (poster)<br>5th International Symposium on Metallic Multilayers, Boulder, USA; 7-11 Jun&nbsp;2004.<\/li>\n\n\n\n<li><em>Magnetization dynamics of spin-valves with spin-pumping<\/em> (oral)<br>5th International Symposium on Metallic Multilayers, Boulder, USA; 7-11 Jun&nbsp;2004.<\/li>\n\n\n\n<li><em>Dynamique de l\u2019aimantation en pr\u00e9sence du transfert de spin<\/em> (poster)<br>9e Colloque Louis N\u00e9el, Autrans, France ; 17-19 Mar&nbsp;2004.<\/li>\n\n\n\n<li><em>Probing magnetic order with heat capacity in exchange-biased structures<\/em> (poster)<br>4th International Symposium on Metallic Multilayers, Aachen, Germany&nbsp;; 24-29 Jun&nbsp;2001.<\/li>\n\n\n\n<li><em>Calculations of long-wavelength spin-waves in exchange-biased bilayers<\/em> (poster)<br>8th Joint MMM-Intermag Conference, San Antonio, USA&nbsp;; 7-11 Jan&nbsp;2001.<\/li>\n\n\n\n<li><em>The role of atomic defects in exchange-biased ferromagnetic\/antiferromagnetic bilayers<\/em> (poster)<br>8th Joint MMM-Intermag Conference, San Antonio, USA&nbsp;; 7-11 Jan&nbsp;2001.<\/li>\n\n\n\n<li><em>Exchange bias: interface imperfections and temperature dependence<\/em> (poster)<br>Joint Magnetics Workshop (UK), York, UK; 5-7 Jul&nbsp;1999.<\/li>\n<\/ol>\n<div class=\"post-meta\">Last modified 28\/06\/23<\/div>","protected":false},"excerpt":{"rendered":"<p>Invited talks Regular contributions Last modified 28\/06\/23<\/p>\n","protected":false},"author":1,"featured_media":0,"parent":0,"menu_order":0,"comment_status":"closed","ping_status":"open","template":"","meta":{"footnotes":""},"class_list":["post-346","page","type-page","status-publish","hentry"],"_links":{"self":[{"href":"https:\/\/hebergement.universite-paris-saclay.fr\/joovon\/index.php?rest_route=\/wp\/v2\/pages\/346","targetHints":{"allow":["GET"]}}],"collection":[{"href":"https:\/\/hebergement.universite-paris-saclay.fr\/joovon\/index.php?rest_route=\/wp\/v2\/pages"}],"about":[{"href":"https:\/\/hebergement.universite-paris-saclay.fr\/joovon\/index.php?rest_route=\/wp\/v2\/types\/page"}],"author":[{"embeddable":true,"href":"https:\/\/hebergement.universite-paris-saclay.fr\/joovon\/index.php?rest_route=\/wp\/v2\/users\/1"}],"replies":[{"embeddable":true,"href":"https:\/\/hebergement.universite-paris-saclay.fr\/joovon\/index.php?rest_route=%2Fwp%2Fv2%2Fcomments&post=346"}],"version-history":[{"count":47,"href":"https:\/\/hebergement.universite-paris-saclay.fr\/joovon\/index.php?rest_route=\/wp\/v2\/pages\/346\/revisions"}],"predecessor-version":[{"id":1214,"href":"https:\/\/hebergement.universite-paris-saclay.fr\/joovon\/index.php?rest_route=\/wp\/v2\/pages\/346\/revisions\/1214"}],"wp:attachment":[{"href":"https:\/\/hebergement.universite-paris-saclay.fr\/joovon\/index.php?rest_route=%2Fwp%2Fv2%2Fmedia&parent=346"}],"curies":[{"name":"wp","href":"https:\/\/api.w.org\/{rel}","templated":true}]}}