{"id":216,"date":"2024-05-22T17:02:36","date_gmt":"2024-05-22T15:02:36","guid":{"rendered":"https:\/\/hebergement.universite-paris-saclay.fr\/jwoc\/?page_id=216"},"modified":"2024-06-20T16:57:48","modified_gmt":"2024-06-20T14:57:48","slug":"2023-2","status":"publish","type":"page","link":"https:\/\/hebergement.universite-paris-saclay.fr\/jwoc\/2023-2\/","title":{"rendered":"JWOC 2023"},"content":{"rendered":"\n<div class=\"wp-block-group is-content-justification-center is-layout-constrained\">\n<h6>\n<style>\n.page-id-172 .header-image img {<br \/>\n    visibility: hidden;<br \/>\n}<\/p>\n<\/style>\n<\/h6>\n<\/div>\n\n\n\n<div class=\"wp-block-group alignwide is-content-justification-center is-layout-constrained\">\n<div class=\"wp-block-columns is-layout-flex wp-container-4\">\n<div class=\"wp-block-column is-layout-flow\">\n<figure class=\"wp-block-image alignright size-full is-resized\"><img decoding=\"async\" loading=\"lazy\" src=\"https:\/\/hebergement.universite-paris-saclay.fr\/jwoc\/wp-content\/uploads\/2023\/06\/ipparis_horizontal.png\" alt=\"\" class=\"wp-image-134\" width=\"511\" height=\"152\" srcset=\"https:\/\/hebergement.universite-paris-saclay.fr\/jwoc\/wp-content\/uploads\/2023\/06\/ipparis_horizontal.png 600w, https:\/\/hebergement.universite-paris-saclay.fr\/jwoc\/wp-content\/uploads\/2023\/06\/ipparis_horizontal-300x90.png 300w\" sizes=\"(max-width: 511px) 100vw, 511px\" \/><\/figure>\n<\/div>\n\n\n\n<div class=\"wp-block-column is-layout-flow\">\n<figure class=\"wp-block-image alignleft size-large is-resized\"><img decoding=\"async\" loading=\"lazy\" src=\"https:\/\/hebergement.universite-paris-saclay.fr\/jwoc\/wp-content\/uploads\/2023\/06\/Logo_UPS-1024x348.png\" alt=\"\" class=\"wp-image-135\" width=\"453\" height=\"154\" srcset=\"https:\/\/hebergement.universite-paris-saclay.fr\/jwoc\/wp-content\/uploads\/2023\/06\/Logo_UPS-1024x348.png 1024w, https:\/\/hebergement.universite-paris-saclay.fr\/jwoc\/wp-content\/uploads\/2023\/06\/Logo_UPS-300x102.png 300w, https:\/\/hebergement.universite-paris-saclay.fr\/jwoc\/wp-content\/uploads\/2023\/06\/Logo_UPS-768x261.png 768w, https:\/\/hebergement.universite-paris-saclay.fr\/jwoc\/wp-content\/uploads\/2023\/06\/Logo_UPS-1536x522.png 1536w, https:\/\/hebergement.universite-paris-saclay.fr\/jwoc\/wp-content\/uploads\/2023\/06\/Logo_UPS-2048x696.png 2048w\" sizes=\"(max-width: 453px) 100vw, 453px\" \/><\/figure>\n<\/div>\n<\/div>\n<\/div>\n\n\n\n<div class=\"wp-block-columns is-layout-flex wp-container-13\">\n<div class=\"wp-block-column is-layout-flow\" style=\"flex-basis:66.66%\">\n<h2 class=\"wp-block-heading\">JWOC 2023<\/h2>\n\n\n\n<p class=\"has-text-align-left\">The GS ISN and SIS (Universit\u00e9 Paris Saclay) and the ICE department organize on Friday, October 6, 2023 the 5th edition of the Junior Conference on Wireless and Optical Communications (JWOC), at T\u00e9l\u00e9com Paris, Amphith\u00e9\u00e2tre Rose Dieng Kuntz, Palaiseau.<\/p>\n\n\n\n<h2 class=\"wp-block-heading\">Registration Form<\/h2>\n\n\n\n<p>To attend the conference please register by filling the following (frama-)form: <a href=\"https:\/\/framaforms.org\/inscription-jwoc-2023-1693906828\" target=\"_blank\" rel=\"noreferrer noopener\">https:\/\/framaforms.org\/inscription-jwoc-2023-1693906828<\/a><\/p>\n\n\n\n<h2 class=\"wp-block-heading\">Technical Program<\/h2>\n\n\n\n<div class=\"wp-block-group is-vertical is-layout-flex wp-container-10\">\n<div class=\"wp-block-group is-vertical is-layout-flex wp-container-9\">\n<div class=\"wp-block-group is-vertical is-layout-flex wp-container-8\">\n<p><strong>08.30-09.00<\/strong> Reception<\/p>\n\n\n\n<p><strong>9.00-9.40<\/strong> Presentations<\/p>\n\n\n\n<ul>\n<li>Performance of a Photovoltaic Module for Energy Harvesting and Optical Wireless Communications, Oumar Cissoko<\/li>\n\n\n\n<li>Evolution of a chaotic waveform through fog, Alberto Breton<\/li>\n<\/ul>\n\n\n\n<p><strong>9.40-10.00 <\/strong> Coffee break<\/p>\n\n\n\n<p><strong>10.00-11.00<\/strong> Keynote Eleni Diamanti (More details bellow) <\/p>\n\n\n\n<p><strong>11.00-12.00<\/strong>  Keynote Aline Viana (More details bellow)<\/p>\n\n\n\n<div class=\"wp-block-group is-vertical is-layout-flex wp-container-6\">\n<p><strong>12.00-14.00<\/strong> Lunch Break<\/p>\n\n\n\n<p><strong>14.00-15.20<\/strong> Presentations<\/p>\n\n\n\n<ul>\n<li>Joint Symbol Detection, Channel Estimation and Phase Noise Estimation in the Presence of Amplifier Nonlinearities, Hugo Parmentier<\/li>\n\n\n\n<li>A novel energy-efficient physical layer encryption, Cl\u00e9ment Leroy<\/li>\n\n\n\n<li>ML-based Intrusion Detection Systems for In-vehicule Network Security<em>, Razan&nbsp;M<\/em>hanna<\/li>\n\n\n\n<li>Inverse Optimal Transport Regularized in the Fourier Domain<em>, Hassan&nbsp;Mohamad<\/em><\/li>\n<\/ul>\n<\/div>\n\n\n\n<div class=\"wp-block-group is-vertical is-layout-flex wp-container-7\">\n<p><strong>15.20-15.40<\/strong>  Coffee break<\/p>\n\n\n\n<p><strong>15.40-16.40<\/strong> Presentations <\/p>\n<\/div>\n<\/div>\n\n\n\n<ul>\n<li>Uplink Data Detection in 1-bit Quantized MIMO Systems with Perfect and Statistical CSI, Khodor Safa<\/li>\n\n\n\n<li>Adaptive Preconditioned Gradient Descent for Sketched Mixture Learning, Joseph Gabet<\/li>\n\n\n\n<li>Exploring the Efficacy of Deep Neural Networks for EEG-based Attention Level Classification, Nasim Bagheri<\/li>\n<\/ul>\n<\/div>\n\n\n\n<p><strong>16.40-17.00<\/strong> : Best presentation award<\/p>\n<\/div>\n<\/div>\n\n\n\n<div class=\"wp-block-column is-layout-flow\" style=\"flex-basis:33.33%\">\n<p> <\/p>\n\n\n\n<h3 class=\"wp-block-heading\">Important Dates<\/h3>\n\n\n\n<ul>\n<li>Submission Deadline: <strong><s>August, 25<\/s> September, 3<\/strong><\/li>\n\n\n\n<li>Notification of Acceptance: <strong><s>September, 9<\/s><\/strong> <strong>September, 16<\/strong><\/li>\n\n\n\n<li>Conference: <strong>October, 6<\/strong><\/li>\n<\/ul>\n\n\n\n<h3 class=\"wp-block-heading\">Junior Committee<\/h3>\n\n\n\n<ul>\n<li><strong>Julien B\u00e9guinot<\/strong>, PhD student at T\u00e9l\u00e9com Paris<\/li>\n\n\n\n<li><strong>Hamdi Friji<\/strong>, PhD student at CEA and T\u00e9l\u00e9com SudParis<\/li>\n\n\n\n<li><strong>Louis Tomczyk<\/strong>, PhD student at T\u00e9l\u00e9com Paris<\/li>\n<\/ul>\n\n\n\n<h3 class=\"wp-block-heading\">Local Arrangement<\/h3>\n\n\n\n<ul>\n<li><strong>Marie Laveau<\/strong>, Universit\u00e9 Paris Saclay<\/li>\n<\/ul>\n\n\n\n<h3 class=\"wp-block-heading\">Scientific Committee<\/h3>\n\n\n\n<ul>\n<li><strong>Elie Awwad<\/strong>, T\u00e9l\u00e9com Paris<\/li>\n\n\n\n<li><strong>Maxime Ferreira Da Costa<\/strong>, CentraleSup\u00e9lec <\/li>\n\n\n\n<li><strong>Michel Kieffer<\/strong>, Universit\u00e9 Paris Saclay<\/li>\n\n\n\n<li><strong>Mireille Sarkiss<\/strong>, T\u00e9l\u00e9com SudParis<\/li>\n<\/ul>\n<\/div>\n<\/div>\n\n\n\n<div class=\"wp-block-columns is-layout-flex wp-container-15\">\n<div class=\"wp-block-column is-layout-flow\">\n<h2 class=\"wp-block-heading\">Keynote Speaker<\/h2>\n\n\n\n<h4 class=\"wp-block-heading alignfull\">Eleni Diamanti: Secure communications in quantum networks (10h-11h)<\/h4>\n\n\n\n<p>Quantum technologies have the potential to improve in an unprecedented way the security and efficiency of communications in network infrastructures. We discuss the current landscape in quantum communication and cryptography, and focus in particular on recent photonic implementations, using encoding in discrete or continuous properties of light, of central quantum network protocols, enabling secret key distribution, verification of multiparty entanglement and transactions of quantum money, with security guarantees impossible to achieve with only classical resources. We also describe current challenges in this field and our efforts towards the miniaturization of the developed photonic systems, their integration into telecommunication network infrastructures, including with satellite links, as well as the practical demonstration of novel protocols featuring a quantum advantage for a wide range of tasks. These advances enrich the resources and applications of the emerging quantum networks that will play a central role in the context of future global-scale quantum-safe communications.<\/p>\n\n\n\n<h4 class=\"wp-block-heading\">Aline Viana: Habits in networking users\u2019 behaviors: human beauty and vulnerability (11h-12h)<\/h4>\n\n\n\n<p>Smart devices inherit their users&rsquo; dynamics and decision-making. With network intelligence being pushed at the edge, much closer to users, networking resource management is highly exposed and impacted by user behaviors.<br>We focus on users&rsquo; mobility behavior, which may render the location of the edge computation allocated for such users non-optimal in the long run. In particular, resources are wasted if provisioned to networking areas where the users will no more be closer. In contrast, more considerable geographical distances to remote areas might induce significant delays that many latency-sensitive applications will not tolerate. Unfortunately, current literature edge allocation approaches do not encompass mobile users\u2019 heterogeneous and uncertain behavior (i.e., where and when network resources will be needed or demanded) and do not consider the user&rsquo;s susceptibility to visit new and unexplored places. The history of movements of an individual who likes exploring recent locations provides a wrong estimation of her next move, harming anticipation of resource allocation at the edge.<\/p>\n\n\n\n<p>It has become thus inevitable for networking mobile services to accommodate the mobility of smart devices smartly, no matter how dynamic users are or how uncertain their movements are meant to be. Mobility accommodation refers to the anticipation of movements of devices, allowing the services and the communication systems proactively adapt to dynamic demands.<\/p>\n\n\n\n<p style=\"margin-top:0;margin-right:0;margin-bottom:0;margin-left:0\">In this context, I believe network resources must be just-in-time smartly allocated precisely where and when they must be. For this, the underlying mechanism and features explaining users&rsquo; mobility behaviors must be explicitly understood. This talk aims to get a sense of the daily mobility patterns of individuals by interpreting and explaining related mobility tendencies and discussing the involved beauty and vulnerabilities of such tendencies. I claim such understanding has to be considered from the conception of networking solutions.<\/p>\n<\/div>\n<\/div>\n\n\n\n<div class=\"wp-block-columns is-layout-flex wp-container-17\">\n<div class=\"wp-block-column is-layout-flow\" style=\"flex-basis:100%\"><\/div>\n<\/div>\n","protected":false},"excerpt":{"rendered":"<p>JWOC 2023 The GS ISN and SIS (Universit\u00e9 Paris Saclay) and the ICE department organize on Friday, October 6, 2023 the 5th edition of the Junior Conference on Wireless and Optical Communications (JWOC), at T\u00e9l\u00e9com Paris, Amphith\u00e9\u00e2tre Rose Dieng Kuntz, Palaiseau. Registration Form To attend the conference please register by filling the following (frama-)form: https:\/\/framaforms.org\/inscription-jwoc-2023-1693906828 [&hellip;]<\/p>\n","protected":false},"author":4,"featured_media":0,"parent":0,"menu_order":0,"comment_status":"closed","ping_status":"closed","template":"customized_banner","meta":[],"_links":{"self":[{"href":"https:\/\/hebergement.universite-paris-saclay.fr\/jwoc\/wp-json\/wp\/v2\/pages\/216"}],"collection":[{"href":"https:\/\/hebergement.universite-paris-saclay.fr\/jwoc\/wp-json\/wp\/v2\/pages"}],"about":[{"href":"https:\/\/hebergement.universite-paris-saclay.fr\/jwoc\/wp-json\/wp\/v2\/types\/page"}],"author":[{"embeddable":true,"href":"https:\/\/hebergement.universite-paris-saclay.fr\/jwoc\/wp-json\/wp\/v2\/users\/4"}],"replies":[{"embeddable":true,"href":"https:\/\/hebergement.universite-paris-saclay.fr\/jwoc\/wp-json\/wp\/v2\/comments?post=216"}],"version-history":[{"count":7,"href":"https:\/\/hebergement.universite-paris-saclay.fr\/jwoc\/wp-json\/wp\/v2\/pages\/216\/revisions"}],"predecessor-version":[{"id":255,"href":"https:\/\/hebergement.universite-paris-saclay.fr\/jwoc\/wp-json\/wp\/v2\/pages\/216\/revisions\/255"}],"wp:attachment":[{"href":"https:\/\/hebergement.universite-paris-saclay.fr\/jwoc\/wp-json\/wp\/v2\/media?parent=216"}],"curies":[{"name":"wp","href":"https:\/\/api.w.org\/{rel}","templated":true}]}}