{"id":211,"date":"2014-06-01T16:28:05","date_gmt":"2014-06-01T15:28:05","guid":{"rendered":"http:\/\/hebergement.u-psud.fr\/l3papp\/?page_id=211"},"modified":"2023-05-22T22:02:13","modified_gmt":"2023-05-22T21:02:13","slug":"ondes-matiere-et-rayonnement-pratiques-et-methodes-experimentales","status":"publish","type":"page","link":"https:\/\/hebergement.universite-paris-saclay.fr\/l3papp\/?page_id=211","title":{"rendered":"Ondes, mati\u00e8re et rayonnement : pratiques et m\u00e9thodes exp\u00e9rimentales"},"content":{"rendered":"<p><em> Module exp\u00e9rimental centr\u00e9 sur les ondes \u00e9lectromagn\u00e9tiques et faisant appel aux connaissances acquises dans plusieurs cours fondamentaux (m\u00e9canique quantique, \u00e9lectromagn\u00e9tisme, physique statistique, math\u00e9matiques, optique\u2026..).<br \/>UE obligatoire du S6 de 5 ECTS : 32 h de tps, 8 h de cours<\/em><\/p>\n<p><strong>Enseignants<\/strong><\/p>\n<p><em>TP Rayons X et RMN<\/em>\u00a0 \u00a0\u00a0<a href=\"https:\/\/www.lps.u-psud.fr\/index.php?page=pageperso&amp;nom=BERT&amp;prenom=Fabrice\" target=\"_blank\" rel=\"noopener noreferrer\">Fabrice Bert<\/a>,<a href=\"https:\/\/www.lps.u-psud.fr\/annuaire.php?lang=fr&amp;Action=Perso&amp;Nom=ZEGHAL&amp;Prenom=Mehdi&amp;Rech=3&amp;id_article=183&amp;Retour=\" target=\"_blank\" rel=\"noopener noreferrer\">\u00a0<\/a>\u00a0<a href=\"https:\/\/www.lps.u-psud.fr\/index.php?page=pageperso&amp;nom=WZIETEK&amp;prenom=Pawel\" target=\"_blank\" rel=\"noopener noreferrer\">Pawel Wzietek<\/a>,\u00a0<a href=\"https:\/\/www.lps.u-psud.fr\/index.php?page=pageperso&amp;nom=ZEGHAL&amp;prenom=Mehdi\" target=\"_blank\" rel=\"noopener noreferrer\">Mehdi Zeghal<\/a><br \/><em>TP Optique<\/em>\u00a0 \u00a0 \u00a0 \u00a0 \u00a0 \u00a0 \u00a0 \u00a0 \u00a0 \u00a0 \u00a0 \u00a0 Alexandra Fragola<br \/><em>TP Hyper-fr\u00e9quences<\/em>\u00a0 \u00a0 <a href=\"http:\/\/www.ief.u-psud.fr\/IEF\/IEF.nsf\/CROQ_CVzerounian.html\" target=\"_blank\" rel=\"noopener noreferrer\">Nicolas Zerounian<\/a><br \/><em>TP Filtrage spatial<\/em>\u00a0 \u00a0 \u00a0 \u00a0 \u00a0 \u00a0Fran\u00e7ois Glotin<\/p>\n<p><strong>Programme\u00a0\u00a0<\/strong><\/p>\n<p align=\"justify\">Les ondes \u00e9lectromagn\u00e9tiques seront \u00e9tudi\u00e9es par diff\u00e9rents dispositifs dans une tr\u00e8s large gamme de fr\u00e9quences (X, visible, hyperfr\u00e9quences, RMN).<br \/>Les exp\u00e9riences illustreront la production, la propagation, les caract\u00e9ristiques des ondes \u00e9lectromagn\u00e9tiques ainsi que l&rsquo;\u00e9tude des ph\u00e9nom\u00e8nes d\u2019interaction du rayonnement avec la mati\u00e8re.<br \/>Au niveau des exp\u00e9riences, on s&rsquo;attachera \u00e0 souligner l&rsquo;unit\u00e9 des ph\u00e9nom\u00e8nes physiques sous-jacents d&rsquo;un TP \u00e0 l&rsquo;autre, et on s&rsquo;efforcera en particulier de mettre en \u00e9vidence le passage de l\u2019interpr\u00e9tation classique \u00e0 l\u2019interpr\u00e9tation quantique des ph\u00e9nom\u00e8nes observ\u00e9s.<br \/>Outre les aspects purement fondamentaux, cet enseignement pratique permettra aux \u00e9tudiants de se familiariser avec des techniques exp\u00e9rimentales largement r\u00e9pandues dans les laboratoires de recherche ou d\u2019analyse industriels ainsi que dans le secteur m\u00e9dical (imagerie).<\/p>\n<p style=\"text-align: justify;\">Les TP seront propos\u00e9s en s\u00e9ances de demi-journ\u00e9es ou de journ\u00e9es enti\u00e8res \u00e9ventuellement pr\u00e9c\u00e9d\u00e9es d&rsquo;un expos\u00e9 introductif.<br \/>Les \u00e9tudiants choisissent 7 ou 8 TP selon leurs choix d&rsquo;options et pr\u00e9f\u00e9rences, parmi : 2 Tps sur la production et l\u2019analyse des rayons X, 2 Tps de R\u00e9sonance Magn\u00e9tique Nucl\u00e9aire, 2 Tps sur les hyperfr\u00e9quences, 2 Tps d\u2019Optique dans le visible, 1 TP fibres optiques, 1 TP filtrage spatiale et strioscopie.<\/p>\n<p><strong>Ouvrages conseill\u00e9s<\/strong><\/p>\n<p><strong>\u00a0Documents<\/strong><\/p>\n<p>\u00a0<a href=\"http:\/\/hebergement.u-psud.fr\/l3papp\/wp-content\/uploads\/2019\/01\/Aide_IgorTP-RMN.pdf\">Aide Igor Pro : TP RMN<\/a><\/p>\n<p><a href=\"http:\/\/hebergement.u-psud.fr\/l3papp\/wp-content\/uploads\/2019\/02\/InstallationIgorPro.pdf\">Installation IgorPro\u00a0<\/a>\u00a0\u00a0\u00a0\u00a0\u00a0\u00a0\u00a0\u00a0\u00a0\u00a0\u00a0\u00a0\u00a0\u00a0\u00a0\u00a0\u00a0 \u00a0 <a href=\"http:\/\/hebergement.u-psud.fr\/l3papp\/wp-content\/uploads\/2019\/02\/Aide_Igor_TPRX_2019.pdf\">Aide Igor Pro : Tp RX<\/a> \u00a0\u00a0\u00a0\u00a0\u00a0\u00a0\u00a0\u00a0\u00a0\u00a0\u00a0\u00a0\u00a0\u00a0\u00a0\u00a0\u00a0\u00a0\u00a0\u00a0\u00a0\u00a0\u00a0\u00a0\u00a0\u00a0\u00a0\u00a0\u00a0\u00a0\u00a0\u00a0\u00a0\u00a0\u00a0\u00a0\u00a0\u00a0 <a href=\"http:\/\/hebergement.u-psud.fr\/l3papp\/wp-content\/uploads\/2019\/01\/RX_diaporama_2019.pdf\">Cours RX<\/a><\/p>\n<p><a href=\"https:\/\/hebergement.universite-paris-saclay.fr\/l3papp\/wp-content\/uploads\/2022\/09\/Poly-TP-HF.pdf\">Poly TP HF<\/a> 2021-2022<\/p>\n<p><a href=\"https:\/\/hebergement.universite-paris-saclay.fr\/l3papp\/wp-content\/uploads\/2022\/09\/poly_OMR_optique_2022.pdf\">poly_OMR_optique_2022<\/a><\/p>\n<p><strong>Annales<\/strong><\/p>\n<p><a href=\"https:\/\/hebergement.universite-paris-saclay.fr\/l3papp\/wp-content\/uploads\/2019\/04\/OMR2018.pdf\">Examen OMR 2017\/2018<\/a><br \/><a href=\"https:\/\/hebergement.universite-paris-saclay.fr\/l3papp\/wp-content\/uploads\/2017\/04\/exam_OMR_optique_2014-15.pdf\" rel=\"\">Examen OMR optique 2014-15<\/a><br \/><a href=\"https:\/\/hebergement.universite-paris-saclay.fr\/l3papp\/wp-content\/uploads\/2017\/04\/exam_OMR_optique_2015-16.pdf\" rel=\"\">Examen OMR optique 2015-16<\/a><\/p>\n\n\n<p><\/p>\n","protected":false},"excerpt":{"rendered":"<p>Module exp\u00e9rimental centr\u00e9 sur les ondes \u00e9lectromagn\u00e9tiques et faisant appel aux connaissances acquises dans plusieurs cours fondamentaux (m\u00e9canique quantique, \u00e9lectromagn\u00e9tisme, physique statistique, math\u00e9matiques, optique\u2026..).UE obligatoire du S6 de 5 ECTS : 32 h de tps, 8 h de cours Enseignants TP Rayons X et RMN\u00a0 \u00a0\u00a0Fabrice Bert,\u00a0\u00a0Pawel Wzietek,\u00a0Mehdi ZeghalTP Optique\u00a0 \u00a0 \u00a0 \u00a0 \u00a0 \u00a0 &hellip; <a href=\"https:\/\/hebergement.universite-paris-saclay.fr\/l3papp\/?page_id=211\" class=\"more-link\">Continuer la lecture de <span class=\"screen-reader-text\">Ondes, mati\u00e8re et rayonnement : pratiques et m\u00e9thodes exp\u00e9rimentales<\/span>  <span class=\"meta-nav\">&rarr;<\/span><\/a><\/p>\n","protected":false},"author":1,"featured_media":0,"parent":0,"menu_order":0,"comment_status":"closed","ping_status":"open","template":"","meta":{"footnotes":""},"class_list":["post-211","page","type-page","status-publish","hentry"],"_links":{"self":[{"href":"https:\/\/hebergement.universite-paris-saclay.fr\/l3papp\/index.php?rest_route=\/wp\/v2\/pages\/211","targetHints":{"allow":["GET"]}}],"collection":[{"href":"https:\/\/hebergement.universite-paris-saclay.fr\/l3papp\/index.php?rest_route=\/wp\/v2\/pages"}],"about":[{"href":"https:\/\/hebergement.universite-paris-saclay.fr\/l3papp\/index.php?rest_route=\/wp\/v2\/types\/page"}],"author":[{"embeddable":true,"href":"https:\/\/hebergement.universite-paris-saclay.fr\/l3papp\/index.php?rest_route=\/wp\/v2\/users\/1"}],"replies":[{"embeddable":true,"href":"https:\/\/hebergement.universite-paris-saclay.fr\/l3papp\/index.php?rest_route=%2Fwp%2Fv2%2Fcomments&post=211"}],"version-history":[{"count":77,"href":"https:\/\/hebergement.universite-paris-saclay.fr\/l3papp\/index.php?rest_route=\/wp\/v2\/pages\/211\/revisions"}],"predecessor-version":[{"id":6850,"href":"https:\/\/hebergement.universite-paris-saclay.fr\/l3papp\/index.php?rest_route=\/wp\/v2\/pages\/211\/revisions\/6850"}],"wp:attachment":[{"href":"https:\/\/hebergement.universite-paris-saclay.fr\/l3papp\/index.php?rest_route=%2Fwp%2Fv2%2Fmedia&parent=211"}],"curies":[{"name":"wp","href":"https:\/\/api.w.org\/{rel}","templated":true}]}}