{"id":214,"date":"2014-06-01T16:31:05","date_gmt":"2014-06-01T15:31:05","guid":{"rendered":"http:\/\/hebergement.u-psud.fr\/l3papp\/?page_id=214"},"modified":"2023-09-04T16:18:34","modified_gmt":"2023-09-04T15:18:34","slug":"production-et-transport-guide-denergie-electromagnetique","status":"publish","type":"page","link":"https:\/\/hebergement.universite-paris-saclay.fr\/l3papp\/?page_id=214","title":{"rendered":"Electromagn\u00e9tisme IV"},"content":{"rendered":"<p><em style=\"color: #2b2b2b; line-height: 1.5;\">UE obligatoire du S5 de 4 ECTS : \u00a022 h de cours et 22 h de TD<\/em><\/p>\n<p><strong>Enseignants<\/strong><\/p>\n<p><em>Cours<\/em>\u00a0 \u00a0 \u00a0 \u00a0 \u00a0 <a href=\"https:\/\/annuaire.ijclab.in2p3.fr\/7634-10524\/francois-glotin\">Fran\u00e7ois Glotin<\/a> et <a href=\"https:\/\/www.cnrs.fr\/fr\/personne\/fabian-zomer\">Fabian Zomer<\/a><br \/><em> Groupe A<\/em> \u00a0 <a href=\"http:\/\/hebergement.universite-paris-saclay.fr\/laserix\/contacts\/david-ros\/\">David Ros<\/a><br \/><em>Groupe B\u00a0 \u00a0<\/em><a href=\"https:\/\/www.lumin.universite-paris-saclay.fr\/en\/node\/131\">Pierre Verlot<\/a><br \/><em>Groupe C \u00a0 <\/em><a href=\"https:\/\/annuaire.ijclab.in2p3.fr\/7634-10524\/francois-glotin\">Fran\u00e7ois Glotin<\/a><br \/><em>Groupe D\u00a0\u00a0 <\/em><a href=\"https:\/\/hebergement.universite-paris-saclay.fr\/l3papp\/laurent.verstraete@u-psud.fr\">Laurent Verstraete<\/a><br \/><em>DD-PC<\/em>\u00a0 \u00a0 \u00a0 \u00a0 <a href=\"http:\/\/hebergement.universite-paris-saclay.fr\/laserix\/contacts\/sophie-kazamias\/\">Sophie Kazamias<\/a><\/p>\n<p><strong>Programme\u00a0<\/strong><\/p>\n<ul>\n<li>Rappels sur les \u00e9quations de Maxwell dans le vide, ondes \u00e9lectromagn\u00e9tiques, polarisation, vecteur de Poynting, dispersion<\/li>\n<li>Rayonnement : potentiels retard\u00e9s, \u00e9mission par un dip\u00f4le \u00e9lectrique oscillant, antennes<\/li>\n<li>Guidage par des conducteurs : guide d&rsquo;onde rectangulaire ou cylindrique ; cavit\u00e9s r\u00e9sonnantes<\/li>\n<li>Guidage par des di\u00e9lectriques : fibre optique<\/li>\n<\/ul>\n\n\n<p><\/p>\n","protected":false},"excerpt":{"rendered":"<p>UE obligatoire du S5 de 4 ECTS : \u00a022 h de cours et 22 h de TD Enseignants Cours\u00a0 \u00a0 \u00a0 \u00a0 \u00a0 Fran\u00e7ois Glotin et Fabian Zomer Groupe A \u00a0 David RosGroupe B\u00a0 \u00a0Pierre VerlotGroupe C \u00a0 Fran\u00e7ois GlotinGroupe D\u00a0\u00a0 Laurent VerstraeteDD-PC\u00a0 \u00a0 \u00a0 \u00a0 Sophie Kazamias Programme\u00a0 Rappels sur les \u00e9quations de Maxwell &hellip; <a href=\"https:\/\/hebergement.universite-paris-saclay.fr\/l3papp\/?page_id=214\" class=\"more-link\">Continuer la lecture de <span class=\"screen-reader-text\">Electromagn\u00e9tisme IV<\/span>  <span class=\"meta-nav\">&rarr;<\/span><\/a><\/p>\n","protected":false},"author":1,"featured_media":0,"parent":0,"menu_order":0,"comment_status":"closed","ping_status":"open","template":"","meta":{"footnotes":""},"class_list":["post-214","page","type-page","status-publish","hentry"],"_links":{"self":[{"href":"https:\/\/hebergement.universite-paris-saclay.fr\/l3papp\/index.php?rest_route=\/wp\/v2\/pages\/214","targetHints":{"allow":["GET"]}}],"collection":[{"href":"https:\/\/hebergement.universite-paris-saclay.fr\/l3papp\/index.php?rest_route=\/wp\/v2\/pages"}],"about":[{"href":"https:\/\/hebergement.universite-paris-saclay.fr\/l3papp\/index.php?rest_route=\/wp\/v2\/types\/page"}],"author":[{"embeddable":true,"href":"https:\/\/hebergement.universite-paris-saclay.fr\/l3papp\/index.php?rest_route=\/wp\/v2\/users\/1"}],"replies":[{"embeddable":true,"href":"https:\/\/hebergement.universite-paris-saclay.fr\/l3papp\/index.php?rest_route=%2Fwp%2Fv2%2Fcomments&post=214"}],"version-history":[{"count":150,"href":"https:\/\/hebergement.universite-paris-saclay.fr\/l3papp\/index.php?rest_route=\/wp\/v2\/pages\/214\/revisions"}],"predecessor-version":[{"id":6907,"href":"https:\/\/hebergement.universite-paris-saclay.fr\/l3papp\/index.php?rest_route=\/wp\/v2\/pages\/214\/revisions\/6907"}],"wp:attachment":[{"href":"https:\/\/hebergement.universite-paris-saclay.fr\/l3papp\/index.php?rest_route=%2Fwp%2Fv2%2Fmedia&parent=214"}],"curies":[{"name":"wp","href":"https:\/\/api.w.org\/{rel}","templated":true}]}}