{"id":216,"date":"2014-06-01T16:32:36","date_gmt":"2014-06-01T15:32:36","guid":{"rendered":"http:\/\/hebergement.u-psud.fr\/l3papp\/?page_id=216"},"modified":"2023-12-18T10:49:49","modified_gmt":"2023-12-18T09:49:49","slug":"milieux-dielectriques-et-magnetiques","status":"publish","type":"page","link":"https:\/\/hebergement.universite-paris-saclay.fr\/l3papp\/?page_id=216","title":{"rendered":"Milieux di\u00e9lectriques et magn\u00e9tiques"},"content":{"rendered":"<p><em>UE obligatoire du S6 de 4 ECTS \u00a0: 20 h de cours, 20 h de tds<\/em><\/p>\n<p><strong>Enseignants<\/strong><\/p>\n<p><em> Cours<\/em>\u00a0 \u00a0 \u00a0 \u00a0 \u00a0 \u00a0 \u00a0 \u00a0 \u00a0 Hanna Enriquez<br \/><em>TD Groupe A<\/em>\u00a0 \u00a0 Pablo Sesma<br \/><em>TD Groupe B<\/em>\u00a0 \u00a0 Cyril Dauphin<br \/><em>TD Groupe C\u00a0\u00a0\u00a0<\/em> Joao Marques<em><br \/>TD Groupe D\u00a0\u00a0<\/em>\u00a0 Hanna Enriquez<em><br \/><\/em><em>DL-PC <\/em>\u00a0 \u00a0\u00a0\u00a0\u00a0\u00a0\u00a0\u00a0\u00a0\u00a0\u00a0 \u00a0 \u00a0\u00a0 Marcello Civelli<\/p>\n<p><strong>Programme<\/strong><\/p>\n<ul>\n<li>Rappels d&rsquo;\u00e9lectrostatique<\/li>\n<li>Milieux di\u00e9lectriques\u00a0: aspects macroscopiques et microscopiques<\/li>\n<li>Propagation d&rsquo;une onde \u00e9lectromagn\u00e9tique dans un milieu di\u00e9lectrique lin\u00e9aire et isotrope\u00a0: dispersion, absorption<\/li>\n<li>Milieux aimant\u00e9s\u00a0: aspects macroscopiques et microscopiques<\/li>\n<li>Applications<\/li>\n<\/ul>\n\n\n<p><\/p>\n","protected":false},"excerpt":{"rendered":"<p>UE obligatoire du S6 de 4 ECTS \u00a0: 20 h de cours, 20 h de tds Enseignants Cours\u00a0 \u00a0 \u00a0 \u00a0 \u00a0 \u00a0 \u00a0 \u00a0 \u00a0 Hanna EnriquezTD Groupe A\u00a0 \u00a0 Pablo SesmaTD Groupe B\u00a0 \u00a0 Cyril DauphinTD Groupe C\u00a0\u00a0\u00a0 Joao MarquesTD Groupe D\u00a0\u00a0\u00a0 Hanna EnriquezDL-PC \u00a0 \u00a0\u00a0\u00a0\u00a0\u00a0\u00a0\u00a0\u00a0\u00a0\u00a0 \u00a0 \u00a0\u00a0 Marcello Civelli Programme Rappels d&rsquo;\u00e9lectrostatique &hellip; <a href=\"https:\/\/hebergement.universite-paris-saclay.fr\/l3papp\/?page_id=216\" class=\"more-link\">Continuer la lecture de <span class=\"screen-reader-text\">Milieux di\u00e9lectriques et magn\u00e9tiques<\/span>  <span class=\"meta-nav\">&rarr;<\/span><\/a><\/p>\n","protected":false},"author":1,"featured_media":0,"parent":0,"menu_order":0,"comment_status":"closed","ping_status":"open","template":"","meta":{"footnotes":""},"class_list":["post-216","page","type-page","status-publish","hentry"],"_links":{"self":[{"href":"https:\/\/hebergement.universite-paris-saclay.fr\/l3papp\/index.php?rest_route=\/wp\/v2\/pages\/216","targetHints":{"allow":["GET"]}}],"collection":[{"href":"https:\/\/hebergement.universite-paris-saclay.fr\/l3papp\/index.php?rest_route=\/wp\/v2\/pages"}],"about":[{"href":"https:\/\/hebergement.universite-paris-saclay.fr\/l3papp\/index.php?rest_route=\/wp\/v2\/types\/page"}],"author":[{"embeddable":true,"href":"https:\/\/hebergement.universite-paris-saclay.fr\/l3papp\/index.php?rest_route=\/wp\/v2\/users\/1"}],"replies":[{"embeddable":true,"href":"https:\/\/hebergement.universite-paris-saclay.fr\/l3papp\/index.php?rest_route=%2Fwp%2Fv2%2Fcomments&post=216"}],"version-history":[{"count":155,"href":"https:\/\/hebergement.universite-paris-saclay.fr\/l3papp\/index.php?rest_route=\/wp\/v2\/pages\/216\/revisions"}],"predecessor-version":[{"id":7019,"href":"https:\/\/hebergement.universite-paris-saclay.fr\/l3papp\/index.php?rest_route=\/wp\/v2\/pages\/216\/revisions\/7019"}],"wp:attachment":[{"href":"https:\/\/hebergement.universite-paris-saclay.fr\/l3papp\/index.php?rest_route=%2Fwp%2Fv2%2Fmedia&parent=216"}],"curies":[{"name":"wp","href":"https:\/\/api.w.org\/{rel}","templated":true}]}}