{"id":218,"date":"2014-06-01T16:32:56","date_gmt":"2014-06-01T15:32:56","guid":{"rendered":"http:\/\/hebergement.u-psud.fr\/l3papp\/?page_id=218"},"modified":"2023-12-18T10:53:20","modified_gmt":"2023-12-18T09:53:20","slug":"optique-appliquee","status":"publish","type":"page","link":"https:\/\/hebergement.universite-paris-saclay.fr\/l3papp\/?page_id=218","title":{"rendered":"Optique appliqu\u00e9e"},"content":{"rendered":"<p><em>UE obligatoire du S6 de 4 ECTS : 20 h de cours, 20 h de tds <\/em><\/p>\n<p><strong>Enseignants<br \/>\n<\/strong><\/p>\n<p><em> Cours<\/em>\u00a0 \u00a0 \u00a0 \u00a0 \u00a0 \u00a0 \u00a0 \u00a0 \u00a0\u00a0 Alexandra Fragola<br \/>\n<em>TD Groupe A<\/em>\u00a0 \u00a0 <em>Fran\u00e7ois Glotin<\/em><br \/>\n<em>TD Groupe B<\/em>\u00a0\u00a0 <em>Laurent Verstraete<\/em><br \/>\n<em>TD Groupe C \u00a0<\/em>\u00a0 <em>David Ros<\/em><br \/>\n<em>TD Groupe D\u00a0\u00a0 Pierre<\/em> <em>Billaud<br \/>\n<\/em><em>TD DL-PC \u00a0\u00a0 \u00a0\u00a0 \u00a0<\/em> <em>Alexandra Fragola<br \/>\n<\/em><\/p>\n<p><strong>Programme\u00a0\u00a0<\/strong><\/p>\n<p><em> Dispositifs interf\u00e9rom\u00e9triques <\/em><br \/>\n&#8211; Ph\u00e9nom\u00e8ne d\u2019interf\u00e9rence, notion de coh\u00e9rence spatiale et temporelle. R\u00e9alisation pratique d\u2019un interf\u00e9rom\u00e8tre. Interf\u00e9rom\u00e8tres \u00e0 division de front d\u2019onde et d\u2019amplitude. Etude de cas : interf\u00e9rom\u00e8tre de Michelson, interf\u00e9rom\u00e8tre \u00e0 ondes multiples.<br \/>\n&#8211; Tomographie par coh\u00e9rence optique (OCT).<br \/>\n&#8211; R\u00e9seau de Bragg dans des fibres, principe et technique de fabrication.<\/p>\n<p><em>Diffraction <\/em><br \/>\n&#8211; Principe de Huygens-Fresnel, diffraction de Fresnel et Fraunhofer, transform\u00e9e de Fourier, filtrage spatial.<br \/>\n&#8211; R\u00e9seau de diffraction, application aux spectrom\u00e8tres.<br \/>\n&#8211; Senseurs de front d\u2019onde.<br \/>\n&#8211; Microscopie \u00e0 contraste de phase.<\/p>\n<p><em> R\u00e9solution d\u2019un instrument d\u2019optique <\/em><br \/>\n&#8211; Approche p\u00e9destre de la notion de limite de diffraction d\u2019un syst\u00e8me optique, de r\u00e9ponse impulsionnelle et fr\u00e9quentielle d\u2019un syst\u00e8me optique.<br \/>\n&#8211; Importance pratique en microscopique.<\/p>\n<p><em> Polarisation <\/em><br \/>\n&#8211; Origine de la polarisation, production de lumi\u00e8re polaris\u00e9e. Milieux bir\u00e9fringents, lames quart d\u2019onde et demi-ondes. Polarisation circulaire et elliptique.<br \/>\n&#8211; Cristaux liquides, modulateurs spatiaux de phase et d\u2019intensit\u00e9.<br \/>\n&#8211; Modulation electro-optique : cellule de Pockels.<\/p>\n<p><strong>\u00a0<\/strong><\/p>\n<p><strong>\u00a0<\/strong><\/p>\n<p><strong>\u00a0<\/strong><\/p>\n","protected":false},"excerpt":{"rendered":"<p>UE obligatoire du S6 de 4 ECTS : 20 h de cours, 20 h de tds Enseignants Cours\u00a0 \u00a0 \u00a0 \u00a0 \u00a0 \u00a0 \u00a0 \u00a0 \u00a0\u00a0 Alexandra Fragola TD Groupe A\u00a0 \u00a0 Fran\u00e7ois Glotin TD Groupe B\u00a0\u00a0 Laurent Verstraete TD Groupe C \u00a0\u00a0 David Ros TD Groupe D\u00a0\u00a0 Pierre Billaud TD DL-PC \u00a0\u00a0 \u00a0\u00a0 \u00a0 &hellip; <a href=\"https:\/\/hebergement.universite-paris-saclay.fr\/l3papp\/?page_id=218\" class=\"more-link\">Continuer la lecture de <span class=\"screen-reader-text\">Optique appliqu\u00e9e<\/span>  <span class=\"meta-nav\">&rarr;<\/span><\/a><\/p>\n","protected":false},"author":1,"featured_media":0,"parent":0,"menu_order":0,"comment_status":"closed","ping_status":"open","template":"","meta":{"footnotes":""},"class_list":["post-218","page","type-page","status-publish","hentry"],"_links":{"self":[{"href":"https:\/\/hebergement.universite-paris-saclay.fr\/l3papp\/index.php?rest_route=\/wp\/v2\/pages\/218","targetHints":{"allow":["GET"]}}],"collection":[{"href":"https:\/\/hebergement.universite-paris-saclay.fr\/l3papp\/index.php?rest_route=\/wp\/v2\/pages"}],"about":[{"href":"https:\/\/hebergement.universite-paris-saclay.fr\/l3papp\/index.php?rest_route=\/wp\/v2\/types\/page"}],"author":[{"embeddable":true,"href":"https:\/\/hebergement.universite-paris-saclay.fr\/l3papp\/index.php?rest_route=\/wp\/v2\/users\/1"}],"replies":[{"embeddable":true,"href":"https:\/\/hebergement.universite-paris-saclay.fr\/l3papp\/index.php?rest_route=%2Fwp%2Fv2%2Fcomments&post=218"}],"version-history":[{"count":87,"href":"https:\/\/hebergement.universite-paris-saclay.fr\/l3papp\/index.php?rest_route=\/wp\/v2\/pages\/218\/revisions"}],"predecessor-version":[{"id":7023,"href":"https:\/\/hebergement.universite-paris-saclay.fr\/l3papp\/index.php?rest_route=\/wp\/v2\/pages\/218\/revisions\/7023"}],"wp:attachment":[{"href":"https:\/\/hebergement.universite-paris-saclay.fr\/l3papp\/index.php?rest_route=%2Fwp%2Fv2%2Fmedia&parent=218"}],"curies":[{"name":"wp","href":"https:\/\/api.w.org\/{rel}","templated":true}]}}