{"id":226,"date":"2014-06-01T16:34:58","date_gmt":"2014-06-01T15:34:58","guid":{"rendered":"http:\/\/hebergement.u-psud.fr\/l3papp\/?page_id=226"},"modified":"2023-09-06T09:24:10","modified_gmt":"2023-09-06T08:24:10","slug":"mathematiques-pour-la-physique-i","status":"publish","type":"page","link":"https:\/\/hebergement.universite-paris-saclay.fr\/l3papp\/?page_id=226","title":{"rendered":"M\u00e9thodes math\u00e9matiques pour la physique I"},"content":{"rendered":"<p style=\"text-align: justify;\"><em>UE obligatoire du S5 de 4 ECTS : 22 h de cours, 22 h de TD. <\/em><\/p>\n<p><strong>Enseignants<\/strong><\/p>\n<p><em>Cours<\/em> \u00a0\u00a0\u00a0\u00a0\u00a0\u00a0\u00a0\u00a0\u00a0\u00a0\u00a0\u00a0\u00a0\u00a0\u00a0 <a href=\"https:\/\/www.lps.u-psud.fr\/index.php?page=pageperso&amp;nom=ABRAMOVICI&amp;prenom=Gilles\" target=\"_blank\" rel=\"noopener noreferrer\">Gilles Abramovici<\/a>\u00a0 et <a href=\"http:\/\/www.limsi.fr\/Annuaire\/infos?id=wietze\" target=\"_blank\" rel=\"noopener noreferrer\"> Wietze Herreman<\/a><br \/>\n<em> TD Groupe A<\/em>\u00a0 Laurent Verstraete<br \/>\n<em> TD Groupe B\u00a0 <\/em>Ladislas Wierzchalek<br \/>\n<em> TD Groupe C\u00a0<\/em>\u00a0 <a href=\"daniele.nutarelli@u-psud.fr\">Daniele Nutarelli<\/a><br \/>\n<em> TD Groupe D<\/em>\u00a0 <a href=\"http:\/\/www.limsi.fr\/Annuaire\/infos?id=wietze\" target=\"_blank\" rel=\"noopener noreferrer\">Wietze Herreman<\/a><br \/>\nDD-PC\u00a0 \u00a0 \u00a0 \u00a0 \u00a0 \u00a0 \u00a0 \u00a0 <a href=\"https:\/\/www.lps.u-psud.fr\/index.php?page=pageperso&amp;nom=ABRAMOVICI&amp;prenom=Gilles\" target=\"_blank\" rel=\"noopener noreferrer\">Gilles Abramovici<\/a><\/p>\n<p><strong> Programme<\/strong><\/p>\n<ul>\n<li style=\"list-style-type: none;\">\n<ul>\n<li class=\"\">Alg\u00e8bre lin\u00e9aire, espaces vectoriels de dimension finie et infinie<\/li>\n<\/ul>\n<\/li>\n<\/ul>\n<ul>\n<li style=\"list-style-type: none;\">\n<ul>\n<li class=\"\">Syst\u00e8mes d\u2019\u00e9quations diff\u00e9rentielles et introduction aux \u00e9quations aux d\u00e9riv\u00e9es partielles<\/li>\n<\/ul>\n<\/li>\n<\/ul>\n<ul>\n<li class=\"\"><del>Compl\u00e9ments d\u2019int\u00e9gration et transform\u00e9e de Fourier au sens des fonctions.<\/del> (-&gt; 2eme semestre)<\/li>\n<\/ul>\n<p><strong>Ouvrages conseill\u00e9s<\/strong><\/p>\n<p>&#8211; <em> Math\u00e9matiques pour la physique et les physiciens <\/em>, 4e \u00e9dition, Walter Appel, H &amp; K \u00e9ditions, 2008<br \/>\n&#8211; <em> Outils math\u00e9matiques \u00e0 l\u2019usage des scientifiques et des ing\u00e9nieurs <\/em>, Elie Belorizky, EDP Sciences, 2007<\/p>\n<p><strong>Documents &#8211; voir les version \u00e0 jour sur e-campus<\/strong><\/p>\n<p><a href=\"http:\/\/hebergement.u-psud.fr\/l3papp\/wp-content\/uploads\/2019\/09\/coursmath1.pdf\">Cours version 2019-2020<\/a><\/p>\n","protected":false},"excerpt":{"rendered":"<p>UE obligatoire du S5 de 4 ECTS : 22 h de cours, 22 h de TD. Enseignants Cours \u00a0\u00a0\u00a0\u00a0\u00a0\u00a0\u00a0\u00a0\u00a0\u00a0\u00a0\u00a0\u00a0\u00a0\u00a0 Gilles Abramovici\u00a0 et Wietze Herreman TD Groupe A\u00a0 Laurent Verstraete TD Groupe B\u00a0 Ladislas Wierzchalek TD Groupe C\u00a0\u00a0 Daniele Nutarelli TD Groupe D\u00a0 Wietze Herreman DD-PC\u00a0 \u00a0 \u00a0 \u00a0 \u00a0 \u00a0 \u00a0 \u00a0 Gilles Abramovici Programme &hellip; <a href=\"https:\/\/hebergement.universite-paris-saclay.fr\/l3papp\/?page_id=226\" class=\"more-link\">Continuer la lecture de <span class=\"screen-reader-text\">M\u00e9thodes math\u00e9matiques pour la physique I<\/span>  <span class=\"meta-nav\">&rarr;<\/span><\/a><\/p>\n","protected":false},"author":1,"featured_media":0,"parent":0,"menu_order":0,"comment_status":"closed","ping_status":"open","template":"","meta":{"footnotes":""},"class_list":["post-226","page","type-page","status-publish","hentry"],"_links":{"self":[{"href":"https:\/\/hebergement.universite-paris-saclay.fr\/l3papp\/index.php?rest_route=\/wp\/v2\/pages\/226","targetHints":{"allow":["GET"]}}],"collection":[{"href":"https:\/\/hebergement.universite-paris-saclay.fr\/l3papp\/index.php?rest_route=\/wp\/v2\/pages"}],"about":[{"href":"https:\/\/hebergement.universite-paris-saclay.fr\/l3papp\/index.php?rest_route=\/wp\/v2\/types\/page"}],"author":[{"embeddable":true,"href":"https:\/\/hebergement.universite-paris-saclay.fr\/l3papp\/index.php?rest_route=\/wp\/v2\/users\/1"}],"replies":[{"embeddable":true,"href":"https:\/\/hebergement.universite-paris-saclay.fr\/l3papp\/index.php?rest_route=%2Fwp%2Fv2%2Fcomments&post=226"}],"version-history":[{"count":103,"href":"https:\/\/hebergement.universite-paris-saclay.fr\/l3papp\/index.php?rest_route=\/wp\/v2\/pages\/226\/revisions"}],"predecessor-version":[{"id":6919,"href":"https:\/\/hebergement.universite-paris-saclay.fr\/l3papp\/index.php?rest_route=\/wp\/v2\/pages\/226\/revisions\/6919"}],"wp:attachment":[{"href":"https:\/\/hebergement.universite-paris-saclay.fr\/l3papp\/index.php?rest_route=%2Fwp%2Fv2%2Fmedia&parent=226"}],"curies":[{"name":"wp","href":"https:\/\/api.w.org\/{rel}","templated":true}]}}